{"id":99736,"date":"2024-12-30T18:55:48","date_gmt":"2024-12-30T16:55:48","guid":{"rendered":"https:\/\/csstudio.caesarstone.ca\/?page_id=99736"},"modified":"2024-12-30T18:55:50","modified_gmt":"2024-12-30T16:55:50","slug":"solutions-de-comptoir-durables-les-avantages-environnementaux-du-quartz-et-de-la-porcelaine","status":"publish","type":"page","link":"https:\/\/csstudio.caesarstone.ca\/fr\/solutions-de-comptoir-durables-les-avantages-environnementaux-du-quartz-et-de-la-porcelaine\/","title":{"rendered":"Solutions de comptoir durables\u00a0: Les avantages environnementaux du quartz et de la porcelaine"},"content":{"rendered":"\n<p>L\u2019approche en mati\u00e8re de conception de domicile a \u00e9volu\u00e9 au fil des ann\u00e9es, et aujourd\u2019hui, les propri\u00e9taires accordent une plus grande importance \u00e0 l\u2019origine et \u00e0 l\u2019impact environnemental des mat\u00e9riaux qu\u2019ils choisissent. Si la durabilit\u00e9 est devenue une priorit\u00e9, la qu\u00eate de surfaces haut de gamme, de toute beaut\u00e9, demeure inchang\u00e9e.<\/p>\n\n\n\n<p>Chez Caesarstone, nous sommes d\u00e9termin\u00e9s \u00e0 d\u00e9montrer que les choix durables peuvent coexister avec le design \u00e9l\u00e9gant.<\/p>\n\n\n\n<p>C\u2019est pourquoi nous avons relev\u00e9 le d\u00e9fi d\u2019int\u00e9grer des pratiques durables dans nos offres et de proposer des choix responsables, attrayants pour les consommateurs soucieux de l\u2019environnement. Nos comptoirs d\u00e9montrent qu\u2019il n\u2019est pas n\u00e9cessaire de sacrifier la durabilit\u00e9 et l\u2019attrait visuel dans notre qu\u00eate d\u2019une plan\u00e8te plus verte.<\/p>\n\n\n\n<h2 class=\"wp-block-heading\"><strong>Avantages environnementaux des comptoirs en quartz et en porcelaine de Caesarstone<\/strong><\/h2>\n\n\n\n<p>En int\u00e9grant nos surfaces en quartz et en porcelaine dans vos projets de design, vous offrirez des avantages notables \u00e0 vos clients et \u00e0 l\u2019environnement.<\/p>\n\n\n\n<figure class=\"wp-block-image size-full\"><img loading=\"lazy\" decoding=\"async\" width=\"1024\" height=\"646\" src=\"https:\/\/studio.caesarstoneus.com\/wp-content\/uploads\/2024\/12\/580_Fume_Render1_6000x4500_RGB_240124_D-1024x646-1.jpg\" alt=\"\" class=\"wp-image-99737\" srcset=\"https:\/\/studio.caesarstoneus.com\/wp-content\/uploads\/2024\/12\/580_Fume_Render1_6000x4500_RGB_240124_D-1024x646-1.jpg 1024w, https:\/\/studio.caesarstoneus.com\/wp-content\/uploads\/2024\/12\/580_Fume_Render1_6000x4500_RGB_240124_D-1024x646-1-300x189.jpg 300w, https:\/\/studio.caesarstoneus.com\/wp-content\/uploads\/2024\/12\/580_Fume_Render1_6000x4500_RGB_240124_D-1024x646-1-768x485.jpg 768w\" sizes=\"auto, (max-width: 1024px) 100vw, 1024px\" \/><\/figure>\n\n\n\n<p class=\"has-text-align-center\"><a href=\"https:\/\/csstudio.caesarstone.ca\/fr\/catalogue\/580-fume\/\">580 Fume<\/a><\/p>\n\n\n\n<h3 class=\"wp-block-heading\"><strong>1. Utilisation efficace des ressources<\/strong><\/h3>\n\n\n\n<p>Les comptoirs en quartz de Caesarstone sont fabriqu\u00e9s \u00e0 partir d\u2019un des min\u00e9raux les plus abondants sur la terre. Compos\u00e9es de jusqu\u2019\u00e0 90&nbsp;% de quartz naturel, ces surfaces r\u00e9duisent consid\u00e9rablement les besoins en ressources non renouvelables. L\u2019utilisation de mat\u00e9riaux largement disponibles aide \u00e0 r\u00e9duire au minimum l\u2019\u00e9puisement des ressources rares et favorise un processus de production plus durable.<\/p>\n\n\n\n<p>Pour leur part, les comptoirs en porcelaine se composent principalement d\u2019argile, de feldspath et d\u2019autres min\u00e9raux naturels. En comparaison avec les comptoirs traditionnels, la production de ces surfaces n\u00e9cessite moins de mati\u00e8res premi\u00e8res, ce qui contribue \u00e0 l\u2019utilisation efficiente des ressources. Cette s\u00e9lection r\u00e9fl\u00e9chie de mat\u00e9riaux s\u2019inscrit dans le cadre des efforts qui visent \u00e0 pr\u00e9server les ressources naturelles de la plan\u00e8te, dans le monde entier.<\/p>\n\n\n\n<h3 class=\"wp-block-heading\"><strong>2. Fabrication \u00e9co\u00e9nerg\u00e9tique<\/strong><\/h3>\n\n\n\n<p>L\u2019approche de Caesarstone en mati\u00e8re de production de comptoirs en quartz et en porcelaine est ax\u00e9e sur l\u2019efficacit\u00e9 \u00e9nerg\u00e9tique. Chez Caesarstone, nous privil\u00e9gions les pratiques durables tout au long du processus, de la collecte des mati\u00e8res premi\u00e8res \u00e0 la livraison du produit fini.<\/p>\n\n\n\n<p>Nos proc\u00e9d\u00e9s de production du quartz sont optimis\u00e9s pour r\u00e9duire \u00e0 la fois le gaspillage et la consommation d\u2019\u00e9nergie. Nos comptoirs en porcelaine, qui sont cuits \u00e0 haute temp\u00e9rature pour une r\u00e9sistance et une durabilit\u00e9 accrues, sont fabriqu\u00e9s au moyen d\u2019un four \u00e9co\u00e9nerg\u00e9tique qui aide \u00e0 r\u00e9duire l\u2019empreinte carbone globale.<\/p>\n\n\n\n<p>L\u2019engagement de Caesarstone en mati\u00e8re d\u2019efficacit\u00e9 \u00e9nerg\u00e9tique fait en sorte de r\u00e9duire au minimum l\u2019impact environnemental de nos processus.<\/p>\n\n\n\n<h3 class=\"wp-block-heading\"><strong>3. Long\u00e9vit\u00e9 et durabilit\u00e9<\/strong><\/h3>\n\n\n\n<p>Gr\u00e2ce \u00e0 leur durabilit\u00e9 remarquable, les comptoirs en quartz et en porcelaine de Caesarstone sont un choix durable. Ces surfaces sont con\u00e7ues pour pouvoir \u00eatre utilis\u00e9es tous les jours et r\u00e9sister aux \u00e9gratignures, aux taches, aux chocs et \u00e0 la chaleur. Les comptoirs en porcelaine r\u00e9sistent aux dommages caus\u00e9s par les produits chimiques m\u00e9nagers, \u00e0 l\u2019exposition aux rayons UV et \u00e0 l\u2019usure g\u00e9n\u00e9rale.<\/p>\n\n\n\n<p>En raison de leur durabilit\u00e9, le quartz et la porcelaine conservent leur fonctionnalit\u00e9 et leur \u00e9l\u00e9gance pendant des ann\u00e9es, et ce, m\u00eame si les tendances en mati\u00e8re de design int\u00e9rieur changent. Ces mat\u00e9riaux r\u00e9silients, qui r\u00e9sistent \u00e0 l\u2019\u00e9preuve du temps, permettent de r\u00e9duire consid\u00e9rablement la demande de nouvelles ressources et le gaspillage au fil du temps.<\/p>\n\n\n\n<h3 class=\"wp-block-heading\"><strong>4. Recyclabilit\u00e9<\/strong><\/h3>\n\n\n\n<p>Les comptoirs en quartz et en porcelaine peuvent \u00eatre recycl\u00e9s \u00e0 la fin de leur dur\u00e9e de vie impressionnante. Il est possible de casser les surfaces en quartz et de leur donner une nouvelle dans d\u2019autres applications, tandis que la porcelaine peut \u00eatre broy\u00e9e et transform\u00e9e en mati\u00e8re premi\u00e8re pour de nouveaux produits.<\/p>\n\n\n\n<p>L\u2019engagement de Caesarstone \u00e0 l\u2019\u00e9gard de la durabilit\u00e9 va plus loin que l\u2019\u00e9laboration de surfaces durables. En mettant l\u2019accent sur la recyclabilit\u00e9 de nos comptoirs, nous r\u00e9duisons l\u2019impact environnemental bien apr\u00e8s que ces produits cessent d\u2019\u00eatre utilis\u00e9s. Cette approche favorise un cycle d\u2019utilisation des mat\u00e9riaux qui s\u2019appuie sur la r\u00e9utilisation et le recyclage continus.<\/p>\n\n\n\n<h3 class=\"wp-block-heading\"><strong>5. R\u00e9duction des \u00e9missions et s\u00e9curit\u00e9 des mat\u00e9riaux<\/strong><\/h3>\n\n\n\n<p>Caesarstone fabrique ses comptoirs de quartz et de porcelaine en mettant l\u2019accent sur la sant\u00e9 et la s\u00e9curit\u00e9 des utilisateurs. Les proc\u00e9d\u00e9s de fabrication sont assujettis \u00e0 des normes environnementales strictes, ce qui r\u00e9duit de fa\u00e7on significative l\u2019utilisation de produits chimiques nocifs. Par cons\u00e9quent, nos comptoirs sont exempts de substances toxiques, ce qui favorise la r\u00e9duction au minimum des \u00e9missions de compos\u00e9s organiques volatils (COV), et par cons\u00e9quent, une atmosph\u00e8re int\u00e9rieure plus saine.<\/p>\n\n\n\n<p>De plus, les caract\u00e9ristiques naturelles non poreuses du quartz et de la porcelaine offrent des avantages suppl\u00e9mentaires pour la sant\u00e9. Ces caract\u00e9ristiques rendent les surfaces r\u00e9sistantes \u00e0 la moisissure et aux bact\u00e9ries, qui peuvent poser des risques pour la sant\u00e9 dans les domiciles. Les comptoirs Caesarstone ont \u00e9galement re\u00e7u la certification Greenguard Gold et HPD, ce qui confirme leur conformit\u00e9 aux normes rigoureuses de qualit\u00e9 de l\u2019air int\u00e9rieur.<\/p>\n\n\n\n<figure class=\"wp-block-image size-full is-resized\"><img loading=\"lazy\" decoding=\"async\" width=\"800\" height=\"600\" src=\"https:\/\/studio.caesarstoneus.com\/wp-content\/uploads\/2024\/12\/6046_MoorlandFog_Render1_6000x4500_RGB_170523-1.jpg\" alt=\"6046 moorland\" class=\"wp-image-99739\" style=\"width:820px;height:auto\" srcset=\"https:\/\/studio.caesarstoneus.com\/wp-content\/uploads\/2024\/12\/6046_MoorlandFog_Render1_6000x4500_RGB_170523-1.jpg 800w, https:\/\/studio.caesarstoneus.com\/wp-content\/uploads\/2024\/12\/6046_MoorlandFog_Render1_6000x4500_RGB_170523-1-300x225.jpg 300w, https:\/\/studio.caesarstoneus.com\/wp-content\/uploads\/2024\/12\/6046_MoorlandFog_Render1_6000x4500_RGB_170523-1-768x576.jpg 768w\" sizes=\"auto, (max-width: 800px) 100vw, 800px\" \/><\/figure>\n\n\n\n<p class=\"has-text-align-center\"><a href=\"https:\/\/csstudio.caesarstone.ca\/fr\/catalogue\/6046-moorland-fog\/\">6046 Moorland Fog<\/a><\/p>\n\n\n\n<h2 class=\"wp-block-heading\"><strong>Choisir le bon design de comptoir<\/strong><\/h2>\n\n\n\n<p>Afin de choisir le bon comptoir pour votre projet, il est essentiel de trouver un \u00e9quilibre entre fonctionnalit\u00e9, style et consid\u00e9rations environnementales. Voici quelques facteurs cruciaux qui vous aideront \u00e0 faire votre choix\u00a0:<\/p>\n\n\n\n<ul class=\"wp-block-list\">\n<li><strong>Utilisation<\/strong>\u00a0: \u00c9valuez la fr\u00e9quence et l\u2019intensit\u00e9 avec lesquelles le comptoir sera utilis\u00e9. Le quartz est extr\u00eamement durable et est parfait pour les cuisines tr\u00e8s utilis\u00e9es, tandis que la r\u00e9sistance aux rayons UV de la porcelaine en fait un excellent choix pour une utilisation \u00e0 l\u2019ext\u00e9rieur.<\/li>\n\n\n\n<li><strong>Ambiance de la pi\u00e8ce\u00a0:<\/strong> R\u00e9fl\u00e9chissez \u00e0 la fa\u00e7on dont le mod\u00e8le s\u00e9lectionn\u00e9 contrastera avec les autres \u00e9l\u00e9ments de la pi\u00e8ce ou les mettra en valeur. Les teintes plus fonc\u00e9es peuvent cr\u00e9er un effet audacieux et spectaculaire, tandis que les nuances plus l\u00e9g\u00e8res peuvent s\u2019harmoniser magnifiquement avec une esth\u00e9tique minimaliste.<\/li>\n\n\n\n<li>Pr\u00e9f\u00e9rences en mati\u00e8re de design\u00a0: Le quartz et la porcelaine se pr\u00e9sentent dans un large \u00e9ventail de couleurs et de finis. R\u00e9fl\u00e9chissez \u00e0 votre concept g\u00e9n\u00e9ral et personnalisez vos surfaces pour qu\u2019elles s\u2019harmonisent parfaitement avec votre th\u00e8me.<\/li>\n\n\n\n<li>Entretien\u00a0: Les deux n\u00e9cessitent un entretien minimal et un nettoyage simple, effectu\u00e9 de fa\u00e7on r\u00e9guli\u00e8re. Leur nature non poreuse aide les propri\u00e9taires \u00e0 conserver leurs surfaces en excellente condition avec un effort minimal.<\/li>\n\n\n\n<li><strong>Garantie et soutien<\/strong>\u00a0: Vous devez toujours passer en revue la garantie du fabricant. Caesarstone fournit des garanties compl\u00e8tes qui vous offrent la tranquillit\u00e9 d\u2019esprit et vous assurent une satisfaction durable.<\/li>\n<\/ul>\n\n\n\n<h3 class=\"wp-block-heading\"><strong>Principaux points \u00e0 retenir<\/strong><\/h3>\n\n\n\n<p>Les comptoirs en quartz et en porcelaine de Caesarstone sont un choix intelligent tant au niveau du style que de la durabilit\u00e9. Avec nos mod\u00e8les soucieux de l\u2019environnement, vous pouvez rehausser l\u2019esth\u00e9tique et la fonctionnalit\u00e9 de vos espaces, tout en ayant un impact positif sur l\u2019environnement.<\/p>\n\n\n\n<p>Parcourez le vaste \u00e9ventail de comptoirs en quartz et en porcelaine de Caesarstone. Nos offres vous permettront de donner vie \u00e0 leur vision, qu\u2019il s\u2019agisse de cuisines, de salles de bains ou autres, tout en r\u00e9duisant au minimum leur empreinte \u00e9cologique. Adoptez la conception innovatrice de cuisines, gr\u00e2ce \u00e0 des surfaces spectaculaires sur le plan visuel tout en \u00e9tant respectueuses de la plan\u00e8te.<\/p>\n\n\n\n<p>Consultez notre catalogue de couleurs et <a href=\"https:\/\/www.caesarstone.ca\/fr\/countertops\/\">commandez vos \u00e9chantillons gratuits<\/a> d\u00e8s aujourd\u2019hui.<\/p>\n\n\n\n<div class=\"wp-block-buttons is-content-justification-center is-layout-flex wp-container-core-buttons-is-layout-16018d1d wp-block-buttons-is-layout-flex\">\n<div class=\"wp-block-button\"><a class=\"wp-block-button__link wp-element-button\" href=\"https:\/\/csstudio.caesarstone.ca\/fr\/catalogue\/\">Commander des \u00e9chantillons<\/a><\/div>\n<\/div>\n","protected":false},"excerpt":{"rendered":"<p>L\u2019approche en mati\u00e8re de conception de domicile a \u00e9volu\u00e9 au fil des ann\u00e9es, et aujourd\u2019hui, les propri\u00e9taires accordent une plus grande importance \u00e0 l\u2019origine et \u00e0 l\u2019impact environnemental des mat\u00e9riaux qu\u2019ils choisissent. Si la durabilit\u00e9 est devenue une priorit\u00e9, la qu\u00eate de surfaces haut de gamme, de toute beaut\u00e9, demeure inchang\u00e9e. Chez Caesarstone, nous sommes [&hellip;]<\/p>\n","protected":false},"author":11170,"featured_media":99206,"parent":0,"menu_order":0,"comment_status":"closed","ping_status":"closed","template":"","meta":{"_acf_changed":false,"footnotes":""},"class_list":["post-99736","page","type-page","status-publish","has-post-thumbnail","hentry"],"acf":[],"yoast_head":"<!-- This site is optimized with the Yoast SEO Premium plugin v26.6 (Yoast SEO v26.6) - https:\/\/yoast.com\/wordpress\/plugins\/seo\/ -->\n<title>Solutions de comptoir durables\u00a0: Les avantages environnementaux du quartz et de la porcelaine | Canada Pro<\/title>\n<meta name=\"robots\" content=\"index, follow, max-snippet:-1, max-image-preview:large, max-video-preview:-1\" \/>\n<link rel=\"canonical\" href=\"https:\/\/csstudio.caesarstone.ca\/fr\/solutions-de-comptoir-durables-les-avantages-environnementaux-du-quartz-et-de-la-porcelaine\/\" \/>\n<meta property=\"og:locale\" content=\"fr_CA\" \/>\n<meta property=\"og:type\" content=\"article\" \/>\n<meta property=\"og:title\" content=\"Solutions de comptoir durables\u00a0: Les avantages environnementaux du quartz et de la porcelaine\" \/>\n<meta property=\"og:description\" content=\"L\u2019approche en mati\u00e8re de conception de domicile a \u00e9volu\u00e9 au fil des ann\u00e9es, et aujourd\u2019hui, les propri\u00e9taires accordent une plus grande importance \u00e0 l\u2019origine et \u00e0 l\u2019impact environnemental des mat\u00e9riaux qu\u2019ils choisissent. Si la durabilit\u00e9 est devenue une priorit\u00e9, la qu\u00eate de surfaces haut de gamme, de toute beaut\u00e9, demeure inchang\u00e9e. Chez Caesarstone, nous sommes [&hellip;]\" \/>\n<meta property=\"og:url\" content=\"https:\/\/csstudio.caesarstone.ca\/fr\/solutions-de-comptoir-durables-les-avantages-environnementaux-du-quartz-et-de-la-porcelaine\/\" \/>\n<meta property=\"og:site_name\" content=\"Canada Pro\" \/>\n<meta property=\"article:modified_time\" content=\"2024-12-30T16:55:50+00:00\" \/>\n<meta property=\"og:image\" content=\"https:\/\/studio.caesarstoneus.com\/wp-content\/uploads\/2020\/12\/6046_MoorlandFog_Render1_6000x4500_RGB_170523-1.jpg\" \/>\n\t<meta property=\"og:image:width\" content=\"800\" \/>\n\t<meta property=\"og:image:height\" content=\"600\" \/>\n\t<meta property=\"og:image:type\" content=\"image\/jpeg\" \/>\n<meta name=\"twitter:card\" content=\"summary_large_image\" \/>\n<script type=\"application\/ld+json\" class=\"yoast-schema-graph\">{\"@context\":\"https:\/\/schema.org\",\"@graph\":[{\"@type\":\"WebPage\",\"@id\":\"https:\/\/csstudio.caesarstone.ca\/fr\/solutions-de-comptoir-durables-les-avantages-environnementaux-du-quartz-et-de-la-porcelaine\/\",\"url\":\"https:\/\/csstudio.caesarstone.ca\/fr\/solutions-de-comptoir-durables-les-avantages-environnementaux-du-quartz-et-de-la-porcelaine\/\",\"name\":\"Solutions de comptoir durables\u00a0: Les avantages environnementaux du quartz et de la porcelaine | Canada Pro\",\"isPartOf\":{\"@id\":\"https:\/\/csstudio.caesarstone.ca\/fr\/#website\"},\"primaryImageOfPage\":{\"@id\":\"https:\/\/csstudio.caesarstone.ca\/fr\/solutions-de-comptoir-durables-les-avantages-environnementaux-du-quartz-et-de-la-porcelaine\/#primaryimage\"},\"image\":{\"@id\":\"https:\/\/csstudio.caesarstone.ca\/fr\/solutions-de-comptoir-durables-les-avantages-environnementaux-du-quartz-et-de-la-porcelaine\/#primaryimage\"},\"thumbnailUrl\":\"https:\/\/studio.caesarstoneus.com\/wp-content\/uploads\/2020\/12\/6046_MoorlandFog_Render1_6000x4500_RGB_170523-1.jpg\",\"datePublished\":\"2024-12-30T16:55:48+00:00\",\"dateModified\":\"2024-12-30T16:55:50+00:00\",\"breadcrumb\":{\"@id\":\"https:\/\/csstudio.caesarstone.ca\/fr\/solutions-de-comptoir-durables-les-avantages-environnementaux-du-quartz-et-de-la-porcelaine\/#breadcrumb\"},\"inLanguage\":\"fr-CA\",\"potentialAction\":[{\"@type\":\"ReadAction\",\"target\":[\"https:\/\/csstudio.caesarstone.ca\/fr\/solutions-de-comptoir-durables-les-avantages-environnementaux-du-quartz-et-de-la-porcelaine\/\"]}]},{\"@type\":\"ImageObject\",\"inLanguage\":\"fr-CA\",\"@id\":\"https:\/\/csstudio.caesarstone.ca\/fr\/solutions-de-comptoir-durables-les-avantages-environnementaux-du-quartz-et-de-la-porcelaine\/#primaryimage\",\"url\":\"https:\/\/studio.caesarstoneus.com\/wp-content\/uploads\/2020\/12\/6046_MoorlandFog_Render1_6000x4500_RGB_170523-1.jpg\",\"contentUrl\":\"https:\/\/studio.caesarstoneus.com\/wp-content\/uploads\/2020\/12\/6046_MoorlandFog_Render1_6000x4500_RGB_170523-1.jpg\",\"width\":800,\"height\":600,\"caption\":\"6046_MoorlandFog_Render1_6000x4500_RGB_170523\"},{\"@type\":\"BreadcrumbList\",\"@id\":\"https:\/\/csstudio.caesarstone.ca\/fr\/solutions-de-comptoir-durables-les-avantages-environnementaux-du-quartz-et-de-la-porcelaine\/#breadcrumb\",\"itemListElement\":[{\"@type\":\"ListItem\",\"position\":1,\"name\":\"Home\",\"item\":\"https:\/\/csstudio.caesarstone.ca\/fr\/\"},{\"@type\":\"ListItem\",\"position\":2,\"name\":\"Solutions de comptoir durables\u00a0: Les avantages environnementaux du quartz et de la porcelaine\"}]},{\"@type\":\"WebSite\",\"@id\":\"https:\/\/csstudio.caesarstone.ca\/fr\/#website\",\"url\":\"https:\/\/csstudio.caesarstone.ca\/fr\/\",\"name\":\"Canada Pro\",\"description\":\"Life in Stone\",\"potentialAction\":[{\"@type\":\"SearchAction\",\"target\":{\"@type\":\"EntryPoint\",\"urlTemplate\":\"https:\/\/csstudio.caesarstone.ca\/fr\/?s={search_term_string}\"},\"query-input\":{\"@type\":\"PropertyValueSpecification\",\"valueRequired\":true,\"valueName\":\"search_term_string\"}}],\"inLanguage\":\"fr-CA\"}]}<\/script>\n<!-- \/ Yoast SEO Premium plugin. -->","yoast_head_json":{"title":"Solutions de comptoir durables\u00a0: Les avantages environnementaux du quartz et de la porcelaine | Canada Pro","robots":{"index":"index","follow":"follow","max-snippet":"max-snippet:-1","max-image-preview":"max-image-preview:large","max-video-preview":"max-video-preview:-1"},"canonical":"https:\/\/csstudio.caesarstone.ca\/fr\/solutions-de-comptoir-durables-les-avantages-environnementaux-du-quartz-et-de-la-porcelaine\/","og_locale":"fr_CA","og_type":"article","og_title":"Solutions de comptoir durables\u00a0: Les avantages environnementaux du quartz et de la porcelaine","og_description":"L\u2019approche en mati\u00e8re de conception de domicile a \u00e9volu\u00e9 au fil des ann\u00e9es, et aujourd\u2019hui, les propri\u00e9taires accordent une plus grande importance \u00e0 l\u2019origine et \u00e0 l\u2019impact environnemental des mat\u00e9riaux qu\u2019ils choisissent. Si la durabilit\u00e9 est devenue une priorit\u00e9, la qu\u00eate de surfaces haut de gamme, de toute beaut\u00e9, demeure inchang\u00e9e. Chez Caesarstone, nous sommes [&hellip;]","og_url":"https:\/\/csstudio.caesarstone.ca\/fr\/solutions-de-comptoir-durables-les-avantages-environnementaux-du-quartz-et-de-la-porcelaine\/","og_site_name":"Canada Pro","article_modified_time":"2024-12-30T16:55:50+00:00","og_image":[{"width":800,"height":600,"url":"https:\/\/studio.caesarstoneus.com\/wp-content\/uploads\/2020\/12\/6046_MoorlandFog_Render1_6000x4500_RGB_170523-1.jpg","type":"image\/jpeg"}],"twitter_card":"summary_large_image","schema":{"@context":"https:\/\/schema.org","@graph":[{"@type":"WebPage","@id":"https:\/\/csstudio.caesarstone.ca\/fr\/solutions-de-comptoir-durables-les-avantages-environnementaux-du-quartz-et-de-la-porcelaine\/","url":"https:\/\/csstudio.caesarstone.ca\/fr\/solutions-de-comptoir-durables-les-avantages-environnementaux-du-quartz-et-de-la-porcelaine\/","name":"Solutions de comptoir durables\u00a0: Les avantages environnementaux du quartz et de la porcelaine | Canada Pro","isPartOf":{"@id":"https:\/\/csstudio.caesarstone.ca\/fr\/#website"},"primaryImageOfPage":{"@id":"https:\/\/csstudio.caesarstone.ca\/fr\/solutions-de-comptoir-durables-les-avantages-environnementaux-du-quartz-et-de-la-porcelaine\/#primaryimage"},"image":{"@id":"https:\/\/csstudio.caesarstone.ca\/fr\/solutions-de-comptoir-durables-les-avantages-environnementaux-du-quartz-et-de-la-porcelaine\/#primaryimage"},"thumbnailUrl":"https:\/\/studio.caesarstoneus.com\/wp-content\/uploads\/2020\/12\/6046_MoorlandFog_Render1_6000x4500_RGB_170523-1.jpg","datePublished":"2024-12-30T16:55:48+00:00","dateModified":"2024-12-30T16:55:50+00:00","breadcrumb":{"@id":"https:\/\/csstudio.caesarstone.ca\/fr\/solutions-de-comptoir-durables-les-avantages-environnementaux-du-quartz-et-de-la-porcelaine\/#breadcrumb"},"inLanguage":"fr-CA","potentialAction":[{"@type":"ReadAction","target":["https:\/\/csstudio.caesarstone.ca\/fr\/solutions-de-comptoir-durables-les-avantages-environnementaux-du-quartz-et-de-la-porcelaine\/"]}]},{"@type":"ImageObject","inLanguage":"fr-CA","@id":"https:\/\/csstudio.caesarstone.ca\/fr\/solutions-de-comptoir-durables-les-avantages-environnementaux-du-quartz-et-de-la-porcelaine\/#primaryimage","url":"https:\/\/studio.caesarstoneus.com\/wp-content\/uploads\/2020\/12\/6046_MoorlandFog_Render1_6000x4500_RGB_170523-1.jpg","contentUrl":"https:\/\/studio.caesarstoneus.com\/wp-content\/uploads\/2020\/12\/6046_MoorlandFog_Render1_6000x4500_RGB_170523-1.jpg","width":800,"height":600,"caption":"6046_MoorlandFog_Render1_6000x4500_RGB_170523"},{"@type":"BreadcrumbList","@id":"https:\/\/csstudio.caesarstone.ca\/fr\/solutions-de-comptoir-durables-les-avantages-environnementaux-du-quartz-et-de-la-porcelaine\/#breadcrumb","itemListElement":[{"@type":"ListItem","position":1,"name":"Home","item":"https:\/\/csstudio.caesarstone.ca\/fr\/"},{"@type":"ListItem","position":2,"name":"Solutions de comptoir durables\u00a0: Les avantages environnementaux du quartz et de la porcelaine"}]},{"@type":"WebSite","@id":"https:\/\/csstudio.caesarstone.ca\/fr\/#website","url":"https:\/\/csstudio.caesarstone.ca\/fr\/","name":"Canada Pro","description":"Life in Stone","potentialAction":[{"@type":"SearchAction","target":{"@type":"EntryPoint","urlTemplate":"https:\/\/csstudio.caesarstone.ca\/fr\/?s={search_term_string}"},"query-input":{"@type":"PropertyValueSpecification","valueRequired":true,"valueName":"search_term_string"}}],"inLanguage":"fr-CA"}]}},"_links":{"self":[{"href":"https:\/\/csstudio.caesarstone.ca\/fr\/wp-json\/wp\/v2\/pages\/99736","targetHints":{"allow":["GET"]}}],"collection":[{"href":"https:\/\/csstudio.caesarstone.ca\/fr\/wp-json\/wp\/v2\/pages"}],"about":[{"href":"https:\/\/csstudio.caesarstone.ca\/fr\/wp-json\/wp\/v2\/types\/page"}],"author":[{"embeddable":true,"href":"https:\/\/csstudio.caesarstone.ca\/fr\/wp-json\/wp\/v2\/users\/11170"}],"replies":[{"embeddable":true,"href":"https:\/\/csstudio.caesarstone.ca\/fr\/wp-json\/wp\/v2\/comments?post=99736"}],"version-history":[{"count":1,"href":"https:\/\/csstudio.caesarstone.ca\/fr\/wp-json\/wp\/v2\/pages\/99736\/revisions"}],"predecessor-version":[{"id":99741,"href":"https:\/\/csstudio.caesarstone.ca\/fr\/wp-json\/wp\/v2\/pages\/99736\/revisions\/99741"}],"wp:featuredmedia":[{"embeddable":true,"href":"https:\/\/csstudio.caesarstone.ca\/fr\/wp-json\/wp\/v2\/media\/99206"}],"wp:attachment":[{"href":"https:\/\/csstudio.caesarstone.ca\/fr\/wp-json\/wp\/v2\/media?parent=99736"}],"curies":[{"name":"wp","href":"https:\/\/api.w.org\/{rel}","templated":true}]}}