{"id":99652,"date":"2024-12-11T00:43:21","date_gmt":"2024-12-10T22:43:21","guid":{"rendered":"https:\/\/csstudio.caesarstone.ca\/?page_id=99652"},"modified":"2024-12-11T00:43:22","modified_gmt":"2024-12-10T22:43:22","slug":"caesarstone-studio-le-centre-de-ressources-par-excellence-pour-les-architectes-et-les-designers-dinterieur","status":"publish","type":"page","link":"https:\/\/csstudio.caesarstone.ca\/fr\/caesarstone-studio-le-centre-de-ressources-par-excellence-pour-les-architectes-et-les-designers-dinterieur\/","title":{"rendered":"Caesarstone Studio\u00a0: Le centre de ressources par excellence pour les architectes et les designers d\u2019int\u00e9rieur"},"content":{"rendered":"\n<p>Une conception judicieuse peut changer compl\u00e8tement la perception d\u2019une pi\u00e8ce. L\u2019apparence esth\u00e9tique et r\u00e9fl\u00e9chie des am\u00e9nagements a une influence sur l\u2019humeur des gens, sur l\u2019ambiance et sur l\u2019atmosph\u00e8re g\u00e9n\u00e9rale d\u2019un int\u00e9rieur. La fonctionnalit\u00e9 importe tout autant, car elle joue un r\u00f4le en mati\u00e8re de confort, de s\u00e9curit\u00e9 et de convivialit\u00e9. Que vous soyez architecte, designer ou sp\u00e9cialiste en conception int\u00e9rieure, vous devez minutieusement planifier chaque d\u00e9tail pour concr\u00e9tiser votre vision.<\/p>\n\n\n\n<p>Servez-vous des outils adapt\u00e9s de CS Studio pour concr\u00e9tiser facilement votre vision. CS Studio offre \u00e0 port\u00e9e de main des possibilit\u00e9s de conception infinies, des ressources compl\u00e8tes ainsi que tous les outils essentiels, ce qui en fait la solution par excellence pour transformer les concepts en am\u00e9nagements int\u00e9rieurs extraordinaires.<\/p>\n\n\n\n<h2 class=\"wp-block-heading\">Qu\u2019est-ce que Caesarstone&nbsp;Studio?<\/h2>\n\n\n\n<p>Planifiez. Sp\u00e9cifiez. Cr\u00e9ez. Voil\u00e0 le processus simple que CS Studio propose aux designers d\u2019int\u00e9rieur, y compris les designers de cuisines et de salles de bain, les architectes et toutes les personnes qui veulent des solutions conceptuelles de qualit\u00e9 professionnelle.<\/p>\n\n\n\n<p>Caesarstone, l\u2019un des principaux fournisseurs de comptoirs en quartz de qualit\u00e9 sup\u00e9rieure, a mis au point un centre de ressources complet pour inspirer les designers et leur donner les outils n\u00e9cessaires. CS Studio offre une mine d\u2019inspiration cr\u00e9ative, d\u2019options de mat\u00e9riaux et d\u2019assistance technique, le tout centralis\u00e9 dans une seule et m\u00eame plateforme.<\/p>\n\n\n\n<p>CS Studio propose un large \u00e9ventail de textures, de couleurs et de concepts d\u2019am\u00e9nagement pour les espaces r\u00e9sidentiels et commerciaux et met ainsi \u00e0 la disposition des designers tous les \u00e9l\u00e9ments n\u00e9cessaires pour concr\u00e9tiser leurs id\u00e9es. La plateforme offre des ressources qui sugg\u00e8rent aux designers des \u00e9l\u00e9ments esth\u00e9tiques et fonctionnels pour la r\u00e9alisation de superbes am\u00e9nagements. CS Studio met \u00e0 la disposition des designers tous les outils n\u00e9cessaires pour leur permettre d\u2019exploiter pleinement leur potentiel cr\u00e9atif.<\/p>\n\n\n\n<h2 class=\"wp-block-heading\">\u00c0 quoi s\u2019attendre sur CS Studio?<\/h2>\n\n\n\n<p>Notre studio propose plusieurs outils, ressources et produits pour aider les designers \u00e0 transformer des concepts en v\u00e9ritables solutions d\u2019am\u00e9nagement. Voici quelques-unes des principales caract\u00e9ristiques du site Web&nbsp;:<\/p>\n\n\n\n<ul class=\"wp-block-list\">\n<li><strong>Commande d\u2019\u00e9chantillons&nbsp;: <\/strong>Les designers peuvent explorer le catalogue \u00e9toff\u00e9 de mod\u00e8les haut de gamme de Caesarstone. Les personnes inscrites peuvent recevoir jusqu\u2019\u00e0 quatre \u00e9chantillons gratuits afin de voir en personne de superbes mod\u00e8les en quartz, en porcelaine ainsi que des surfaces min\u00e9rales.<\/li>\n<\/ul>\n\n\n\n<ul class=\"wp-block-list\">\n<li><strong>Fichiers tridimensionnels&nbsp;: <\/strong>Vous pouvez explorer et t\u00e9l\u00e9charger les ressources num\u00e9riques de Caesarstone, qui sont compatibles avec la plupart des logiciels de l\u2019industrie. Ces ressources s\u2019int\u00e8grent facilement dans des rendus d\u2019image et des simulations de projets r\u00e9alistes, ce qui permet \u00e0 votre client\u00e8le de visualiser votre concept d\u2019am\u00e9nagement, et ce, d\u00e8s son \u00e9laboration.&nbsp;&nbsp;&nbsp;&nbsp;<\/li>\n\n\n\n<li><strong>Certifications&nbsp;: <\/strong>De plus en plus de propri\u00e9taires souhaitent un int\u00e9rieur qui refl\u00e8te leurs valeurs et leurs qualit\u00e9s personnelles. Que vous privil\u00e9giez l\u2019aspect \u00e9cologique d\u2019un am\u00e9nagement ou le respect les r\u00e9glementations du secteur, l\u2019acc\u00e8s aux certifications de Caesarstone vous assure de pouvoir satisfaire aux attentes de votre client\u00e8le.<\/li>\n\n\n\n<li><strong>Centre de planification&nbsp;:<\/strong> Le centre de planification est une ressource inestimable pour les designers et offre tous les outils n\u00e9cessaires pour concr\u00e9tiser parfaitement et compl\u00e8tement les id\u00e9es de conception. Les designers peuvent se servir de mod\u00e8les, d\u2019id\u00e9es d\u00e9co et d\u2019outils exclusifs pour am\u00e9liorer l\u2019exp\u00e9rience immersive de la conception d\u2019int\u00e9rieurs, plut\u00f4t que de se limiter \u00e0 la s\u00e9lection de comptoirs.<\/li>\n\n\n\n<li><strong>Fiches techniques&nbsp;:<\/strong> Vous pouvez remplir une fiche technique pratique pour vos conceptions de comptoirs, qui comprend tous les d\u00e9tails techniques essentiels susceptibles d\u2019avoir une incidence sur le r\u00e9sultat du projet.<\/li>\n<\/ul>\n\n\n\n<h2 class=\"wp-block-heading\">Pourquoi l\u2019utiliser?<\/h2>\n\n\n\n<p>D\u00e9couvrez pourquoi les designers et les sp\u00e9cialistes de l\u2019industrie qui souhaitent concevoir des am\u00e9nagements exceptionnels font confiance \u00e0 CS Studio&nbsp;:<\/p>\n\n\n\n<ul class=\"wp-block-list\">\n<li><strong>Outils pratiques&nbsp;:<\/strong> Utilisez des outils qui rationalisent le processus de conception et am\u00e9liorent la planification des projets. Les designers peuvent se servir des mod\u00e8les d\u2019am\u00e9nagement pour t\u00e9l\u00e9charger des fichiers 3D pour exp\u00e9rimenter et jouer avec diff\u00e9rentes id\u00e9es afin de r\u00e9aliser des conceptions parfaites.<\/li>\n\n\n\n<li><strong>Ressources judicieuses&nbsp;:<\/strong> CS Studio offre une multitude de ressources utiles aux designers, ind\u00e9pendamment de leur niveau d\u2019exp\u00e9rience. Les designers ont \u00e0 port\u00e9e de main tous les \u00e9l\u00e9ments n\u00e9cessaires, y compris des images haute r\u00e9solution, des fiches techniques d\u00e9taill\u00e9es sur les produits, des certifications et des sources d\u2019inspiration en mati\u00e8re de d\u00e9coration.&nbsp;&nbsp;<\/li>\n\n\n\n<li><strong>Conseils avis\u00e9s&nbsp;:<\/strong> Caesarstone offre des services d\u2019assistance complets pour les aspects techniques et esth\u00e9tiques de la conception. Que vous ayez besoin d\u2019aide concernant les outils ou les fiches techniques des produits ou que vous souhaitiez des recommandations en mati\u00e8re de d\u00e9coration, les sp\u00e9cialistes de CS Studio peuvent vous offrir des conseils personnalis\u00e9s \u00e0 chaque \u00e9tape du processus.<\/li>\n\n\n\n<li><strong>\u00c9chantillons de surface gratuits&nbsp;: <\/strong>H\u00e9sitez-vous \u00e0 choisir une couleur ou un ton particulier parmi les mod\u00e8les offerts en ligne? CS Studio peut exp\u00e9dier des \u00e9chantillons \u00e0 votre domicile pour vous permettre de d\u00e9couvrir en personne la beaut\u00e9 des mod\u00e8les Caesarstone. Les personnes inscrites peuvent recevoir jusqu\u2019\u00e0 quatre \u00e9chantillons gratuits \u00e0 leur domicile.<\/li>\n\n\n\n<li><strong>Promotions exclusives&nbsp;: <\/strong>Profitez de promotions exclusives sur les mod\u00e8les Caesarstone les plus populaires. Ces promotions peuvent inclure des remises sur les produits et des offres sp\u00e9ciales pour les commandes en gros. Profitez de prix concurrentiels sur des surfaces de qualit\u00e9 sup\u00e9rieure.<\/li>\n<\/ul>\n\n\n\n<h2 class=\"wp-block-heading\">Inscrivez-vous \u00e0 CS Studio et concr\u00e9tisez vos projets<\/h2>\n\n\n\n<p>CS Studio n\u2019est pas qu\u2019un simple centre de ressources, il permet de r\u00e9aliser le plein potentiel de vos projets de conception. Pour satisfaire \u00e0 la client\u00e8le et aux propri\u00e9taires qui aspirent \u00e0 am\u00e9liorer judicieusement leur int\u00e9rieur, CS Studio propose une solution compl\u00e8te en un seul endroit pour donner vie \u00e0 leur vision cr\u00e9ative.<\/p>\n\n\n\n<p><a href=\"https:\/\/csstudio.caesarstone.ca\/fr\/\">Adh\u00e9rez<\/a> \u00e0 CS Studio pour b\u00e9n\u00e9ficier d\u2019offres sp\u00e9ciales, de r\u00e9ductions et d\u2019autres avantages exclusifs. Vous pouvez \u00e9galement <a href=\"https:\/\/csstudio.caesarstone.ca\/fr\/catalogue\/\">consulter notre s\u00e9lection de couleurs<\/a> et commander des \u00e9chantillons d\u00e8s aujourd\u2019hui.<\/p>\n\n\n\n<div class=\"wp-block-buttons is-content-justification-center is-layout-flex wp-container-core-buttons-is-layout-16018d1d wp-block-buttons-is-layout-flex\">\n<div class=\"wp-block-button\"><a class=\"wp-block-button__link wp-element-button\" href=\"https:\/\/csstudio.caesarstone.ca\/fr\/catalogue\/\">Commander des \u00e9chantillons<\/a><\/div>\n<\/div>\n","protected":false},"excerpt":{"rendered":"<p>Une conception judicieuse peut changer compl\u00e8tement la perception d\u2019une pi\u00e8ce. L\u2019apparence esth\u00e9tique et r\u00e9fl\u00e9chie des am\u00e9nagements a une influence sur l\u2019humeur des gens, sur l\u2019ambiance et sur l\u2019atmosph\u00e8re g\u00e9n\u00e9rale d\u2019un int\u00e9rieur. La fonctionnalit\u00e9 importe tout autant, car elle joue un r\u00f4le en mati\u00e8re de confort, de s\u00e9curit\u00e9 et de convivialit\u00e9. Que vous soyez architecte, designer [&hellip;]<\/p>\n","protected":false},"author":11170,"featured_media":99254,"parent":0,"menu_order":0,"comment_status":"closed","ping_status":"closed","template":"","meta":{"_acf_changed":false,"footnotes":""},"class_list":["post-99652","page","type-page","status-publish","has-post-thumbnail","hentry"],"acf":[],"yoast_head":"<!-- This site is optimized with the Yoast SEO Premium plugin v26.6 (Yoast SEO v26.6) - https:\/\/yoast.com\/wordpress\/plugins\/seo\/ -->\n<title>Caesarstone Studio\u00a0: Le centre de ressources par excellence pour les architectes et les designers d\u2019int\u00e9rieur | Canada Pro<\/title>\n<meta name=\"robots\" content=\"index, follow, max-snippet:-1, max-image-preview:large, max-video-preview:-1\" \/>\n<link rel=\"canonical\" href=\"https:\/\/csstudio.caesarstone.ca\/fr\/caesarstone-studio-le-centre-de-ressources-par-excellence-pour-les-architectes-et-les-designers-dinterieur\/\" \/>\n<meta property=\"og:locale\" content=\"fr_CA\" \/>\n<meta property=\"og:type\" content=\"article\" \/>\n<meta property=\"og:title\" content=\"Caesarstone Studio\u00a0: Le centre de ressources par excellence pour les architectes et les designers d\u2019int\u00e9rieur\" \/>\n<meta property=\"og:description\" content=\"Une conception judicieuse peut changer compl\u00e8tement la perception d\u2019une pi\u00e8ce. L\u2019apparence esth\u00e9tique et r\u00e9fl\u00e9chie des am\u00e9nagements a une influence sur l\u2019humeur des gens, sur l\u2019ambiance et sur l\u2019atmosph\u00e8re g\u00e9n\u00e9rale d\u2019un int\u00e9rieur. La fonctionnalit\u00e9 importe tout autant, car elle joue un r\u00f4le en mati\u00e8re de confort, de s\u00e9curit\u00e9 et de convivialit\u00e9. Que vous soyez architecte, designer [&hellip;]\" \/>\n<meta property=\"og:url\" content=\"https:\/\/csstudio.caesarstone.ca\/fr\/caesarstone-studio-le-centre-de-ressources-par-excellence-pour-les-architectes-et-les-designers-dinterieur\/\" \/>\n<meta property=\"og:site_name\" content=\"Canada Pro\" \/>\n<meta property=\"article:modified_time\" content=\"2024-12-10T22:43:22+00:00\" \/>\n<meta property=\"og:image\" content=\"https:\/\/studio.caesarstoneus.com\/wp-content\/uploads\/2020\/12\/5100_VanillaNoir_Architect_GIF_OpenFile-2.jpg\" \/>\n\t<meta property=\"og:image:width\" content=\"1200\" \/>\n\t<meta property=\"og:image:height\" content=\"800\" \/>\n\t<meta property=\"og:image:type\" content=\"image\/jpeg\" \/>\n<meta name=\"twitter:card\" content=\"summary_large_image\" \/>\n<script type=\"application\/ld+json\" class=\"yoast-schema-graph\">{\"@context\":\"https:\/\/schema.org\",\"@graph\":[{\"@type\":\"WebPage\",\"@id\":\"https:\/\/csstudio.caesarstone.ca\/fr\/caesarstone-studio-le-centre-de-ressources-par-excellence-pour-les-architectes-et-les-designers-dinterieur\/\",\"url\":\"https:\/\/csstudio.caesarstone.ca\/fr\/caesarstone-studio-le-centre-de-ressources-par-excellence-pour-les-architectes-et-les-designers-dinterieur\/\",\"name\":\"Caesarstone Studio\u00a0: Le centre de ressources par excellence pour les architectes et les designers d\u2019int\u00e9rieur | Canada Pro\",\"isPartOf\":{\"@id\":\"https:\/\/csstudio.caesarstone.ca\/fr\/#website\"},\"primaryImageOfPage\":{\"@id\":\"https:\/\/csstudio.caesarstone.ca\/fr\/caesarstone-studio-le-centre-de-ressources-par-excellence-pour-les-architectes-et-les-designers-dinterieur\/#primaryimage\"},\"image\":{\"@id\":\"https:\/\/csstudio.caesarstone.ca\/fr\/caesarstone-studio-le-centre-de-ressources-par-excellence-pour-les-architectes-et-les-designers-dinterieur\/#primaryimage\"},\"thumbnailUrl\":\"https:\/\/studio.caesarstoneus.com\/wp-content\/uploads\/2020\/12\/5100_VanillaNoir_Architect_GIF_OpenFile-2.jpg\",\"datePublished\":\"2024-12-10T22:43:21+00:00\",\"dateModified\":\"2024-12-10T22:43:22+00:00\",\"breadcrumb\":{\"@id\":\"https:\/\/csstudio.caesarstone.ca\/fr\/caesarstone-studio-le-centre-de-ressources-par-excellence-pour-les-architectes-et-les-designers-dinterieur\/#breadcrumb\"},\"inLanguage\":\"fr-CA\",\"potentialAction\":[{\"@type\":\"ReadAction\",\"target\":[\"https:\/\/csstudio.caesarstone.ca\/fr\/caesarstone-studio-le-centre-de-ressources-par-excellence-pour-les-architectes-et-les-designers-dinterieur\/\"]}]},{\"@type\":\"ImageObject\",\"inLanguage\":\"fr-CA\",\"@id\":\"https:\/\/csstudio.caesarstone.ca\/fr\/caesarstone-studio-le-centre-de-ressources-par-excellence-pour-les-architectes-et-les-designers-dinterieur\/#primaryimage\",\"url\":\"https:\/\/studio.caesarstoneus.com\/wp-content\/uploads\/2020\/12\/5100_VanillaNoir_Architect_GIF_OpenFile-2.jpg\",\"contentUrl\":\"https:\/\/studio.caesarstoneus.com\/wp-content\/uploads\/2020\/12\/5100_VanillaNoir_Architect_GIF_OpenFile-2.jpg\",\"width\":1200,\"height\":800},{\"@type\":\"BreadcrumbList\",\"@id\":\"https:\/\/csstudio.caesarstone.ca\/fr\/caesarstone-studio-le-centre-de-ressources-par-excellence-pour-les-architectes-et-les-designers-dinterieur\/#breadcrumb\",\"itemListElement\":[{\"@type\":\"ListItem\",\"position\":1,\"name\":\"Home\",\"item\":\"https:\/\/csstudio.caesarstone.ca\/fr\/\"},{\"@type\":\"ListItem\",\"position\":2,\"name\":\"Caesarstone Studio\u00a0: Le centre de ressources par excellence pour les architectes et les designers d\u2019int\u00e9rieur\"}]},{\"@type\":\"WebSite\",\"@id\":\"https:\/\/csstudio.caesarstone.ca\/fr\/#website\",\"url\":\"https:\/\/csstudio.caesarstone.ca\/fr\/\",\"name\":\"Canada Pro\",\"description\":\"Life in Stone\",\"potentialAction\":[{\"@type\":\"SearchAction\",\"target\":{\"@type\":\"EntryPoint\",\"urlTemplate\":\"https:\/\/csstudio.caesarstone.ca\/fr\/?s={search_term_string}\"},\"query-input\":{\"@type\":\"PropertyValueSpecification\",\"valueRequired\":true,\"valueName\":\"search_term_string\"}}],\"inLanguage\":\"fr-CA\"}]}<\/script>\n<!-- \/ Yoast SEO Premium plugin. -->","yoast_head_json":{"title":"Caesarstone Studio\u00a0: Le centre de ressources par excellence pour les architectes et les designers d\u2019int\u00e9rieur | Canada Pro","robots":{"index":"index","follow":"follow","max-snippet":"max-snippet:-1","max-image-preview":"max-image-preview:large","max-video-preview":"max-video-preview:-1"},"canonical":"https:\/\/csstudio.caesarstone.ca\/fr\/caesarstone-studio-le-centre-de-ressources-par-excellence-pour-les-architectes-et-les-designers-dinterieur\/","og_locale":"fr_CA","og_type":"article","og_title":"Caesarstone Studio\u00a0: Le centre de ressources par excellence pour les architectes et les designers d\u2019int\u00e9rieur","og_description":"Une conception judicieuse peut changer compl\u00e8tement la perception d\u2019une pi\u00e8ce. L\u2019apparence esth\u00e9tique et r\u00e9fl\u00e9chie des am\u00e9nagements a une influence sur l\u2019humeur des gens, sur l\u2019ambiance et sur l\u2019atmosph\u00e8re g\u00e9n\u00e9rale d\u2019un int\u00e9rieur. La fonctionnalit\u00e9 importe tout autant, car elle joue un r\u00f4le en mati\u00e8re de confort, de s\u00e9curit\u00e9 et de convivialit\u00e9. Que vous soyez architecte, designer [&hellip;]","og_url":"https:\/\/csstudio.caesarstone.ca\/fr\/caesarstone-studio-le-centre-de-ressources-par-excellence-pour-les-architectes-et-les-designers-dinterieur\/","og_site_name":"Canada Pro","article_modified_time":"2024-12-10T22:43:22+00:00","og_image":[{"width":1200,"height":800,"url":"https:\/\/studio.caesarstoneus.com\/wp-content\/uploads\/2020\/12\/5100_VanillaNoir_Architect_GIF_OpenFile-2.jpg","type":"image\/jpeg"}],"twitter_card":"summary_large_image","schema":{"@context":"https:\/\/schema.org","@graph":[{"@type":"WebPage","@id":"https:\/\/csstudio.caesarstone.ca\/fr\/caesarstone-studio-le-centre-de-ressources-par-excellence-pour-les-architectes-et-les-designers-dinterieur\/","url":"https:\/\/csstudio.caesarstone.ca\/fr\/caesarstone-studio-le-centre-de-ressources-par-excellence-pour-les-architectes-et-les-designers-dinterieur\/","name":"Caesarstone Studio\u00a0: Le centre de ressources par excellence pour les architectes et les designers d\u2019int\u00e9rieur | Canada Pro","isPartOf":{"@id":"https:\/\/csstudio.caesarstone.ca\/fr\/#website"},"primaryImageOfPage":{"@id":"https:\/\/csstudio.caesarstone.ca\/fr\/caesarstone-studio-le-centre-de-ressources-par-excellence-pour-les-architectes-et-les-designers-dinterieur\/#primaryimage"},"image":{"@id":"https:\/\/csstudio.caesarstone.ca\/fr\/caesarstone-studio-le-centre-de-ressources-par-excellence-pour-les-architectes-et-les-designers-dinterieur\/#primaryimage"},"thumbnailUrl":"https:\/\/studio.caesarstoneus.com\/wp-content\/uploads\/2020\/12\/5100_VanillaNoir_Architect_GIF_OpenFile-2.jpg","datePublished":"2024-12-10T22:43:21+00:00","dateModified":"2024-12-10T22:43:22+00:00","breadcrumb":{"@id":"https:\/\/csstudio.caesarstone.ca\/fr\/caesarstone-studio-le-centre-de-ressources-par-excellence-pour-les-architectes-et-les-designers-dinterieur\/#breadcrumb"},"inLanguage":"fr-CA","potentialAction":[{"@type":"ReadAction","target":["https:\/\/csstudio.caesarstone.ca\/fr\/caesarstone-studio-le-centre-de-ressources-par-excellence-pour-les-architectes-et-les-designers-dinterieur\/"]}]},{"@type":"ImageObject","inLanguage":"fr-CA","@id":"https:\/\/csstudio.caesarstone.ca\/fr\/caesarstone-studio-le-centre-de-ressources-par-excellence-pour-les-architectes-et-les-designers-dinterieur\/#primaryimage","url":"https:\/\/studio.caesarstoneus.com\/wp-content\/uploads\/2020\/12\/5100_VanillaNoir_Architect_GIF_OpenFile-2.jpg","contentUrl":"https:\/\/studio.caesarstoneus.com\/wp-content\/uploads\/2020\/12\/5100_VanillaNoir_Architect_GIF_OpenFile-2.jpg","width":1200,"height":800},{"@type":"BreadcrumbList","@id":"https:\/\/csstudio.caesarstone.ca\/fr\/caesarstone-studio-le-centre-de-ressources-par-excellence-pour-les-architectes-et-les-designers-dinterieur\/#breadcrumb","itemListElement":[{"@type":"ListItem","position":1,"name":"Home","item":"https:\/\/csstudio.caesarstone.ca\/fr\/"},{"@type":"ListItem","position":2,"name":"Caesarstone Studio\u00a0: Le centre de ressources par excellence pour les architectes et les designers d\u2019int\u00e9rieur"}]},{"@type":"WebSite","@id":"https:\/\/csstudio.caesarstone.ca\/fr\/#website","url":"https:\/\/csstudio.caesarstone.ca\/fr\/","name":"Canada Pro","description":"Life in Stone","potentialAction":[{"@type":"SearchAction","target":{"@type":"EntryPoint","urlTemplate":"https:\/\/csstudio.caesarstone.ca\/fr\/?s={search_term_string}"},"query-input":{"@type":"PropertyValueSpecification","valueRequired":true,"valueName":"search_term_string"}}],"inLanguage":"fr-CA"}]}},"_links":{"self":[{"href":"https:\/\/csstudio.caesarstone.ca\/fr\/wp-json\/wp\/v2\/pages\/99652","targetHints":{"allow":["GET"]}}],"collection":[{"href":"https:\/\/csstudio.caesarstone.ca\/fr\/wp-json\/wp\/v2\/pages"}],"about":[{"href":"https:\/\/csstudio.caesarstone.ca\/fr\/wp-json\/wp\/v2\/types\/page"}],"author":[{"embeddable":true,"href":"https:\/\/csstudio.caesarstone.ca\/fr\/wp-json\/wp\/v2\/users\/11170"}],"replies":[{"embeddable":true,"href":"https:\/\/csstudio.caesarstone.ca\/fr\/wp-json\/wp\/v2\/comments?post=99652"}],"version-history":[{"count":4,"href":"https:\/\/csstudio.caesarstone.ca\/fr\/wp-json\/wp\/v2\/pages\/99652\/revisions"}],"predecessor-version":[{"id":99656,"href":"https:\/\/csstudio.caesarstone.ca\/fr\/wp-json\/wp\/v2\/pages\/99652\/revisions\/99656"}],"wp:featuredmedia":[{"embeddable":true,"href":"https:\/\/csstudio.caesarstone.ca\/fr\/wp-json\/wp\/v2\/media\/99254"}],"wp:attachment":[{"href":"https:\/\/csstudio.caesarstone.ca\/fr\/wp-json\/wp\/v2\/media?parent=99652"}],"curies":[{"name":"wp","href":"https:\/\/api.w.org\/{rel}","templated":true}]}}