{"id":99374,"date":"2024-08-01T19:49:17","date_gmt":"2024-08-01T16:49:17","guid":{"rendered":"https:\/\/csstudio.caesarstone.ca\/?page_id=99374"},"modified":"2024-09-10T19:48:35","modified_gmt":"2024-09-10T16:48:35","slug":"avantages-des-surfaces-caesarstone-dans-les-espaces-commerciaux","status":"publish","type":"page","link":"https:\/\/csstudio.caesarstone.ca\/fr\/avantages-des-surfaces-caesarstone-dans-les-espaces-commerciaux\/","title":{"rendered":"Avantages des surfaces Caesarstone dans les espaces commerciaux"},"content":{"rendered":"\n<p>Les espaces commerciaux sont des environnements o\u00f9 les entreprises souhaitent impressionner les gens qui les visitent, la client\u00e8le et le personnel. L\u2019esth\u00e9tique est un aspect primordial pour cr\u00e9er une premi\u00e8re impression positive et am\u00e9liorer l\u2019image de marque globale dans ces endroits.<\/p>\n\n\n\n<p>En outre, la durabilit\u00e9 est l\u2019un des facteurs les plus importants dans la conception d\u2019espaces commerciaux. Ces zones sont souvent tr\u00e8s fr\u00e9quent\u00e9es et utilis\u00e9es par un grand nombre de personnes, il est donc essentiel de choisir des mat\u00e9riaux qui maintiendront au fil du temps l\u2019apparence impeccable et la fonctionnalit\u00e9 de l\u2019espace.<\/p>\n\n\n\n<p>Les surfaces Caesarstone offrent une solution id\u00e9ale en alliant esth\u00e9tisme et durabilit\u00e9, ce qui contribue \u00e0 cr\u00e9er une atmosph\u00e8re raffin\u00e9e et professionnelle. Nous discutons ci-dessous des raisons qui font des surfaces Caesarstone un choix parfait pour les \u00e9tablissements commerciaux.<\/p>\n\n\n\n<h2 class=\"wp-block-heading\">Une durabilit\u00e9 qui r\u00e9siste aux exigences commerciales<\/h2>\n\n\n\n<p>Les \u00e9tablissements commerciaux tr\u00e8s achaland\u00e9s comme les restaurants, les h\u00f4tels et les immeubles \u00e0 bureaux endurent une usure consid\u00e9rable. La r\u00e9silience est une priorit\u00e9 absolue \u00e0 ces endroits, car les surfaces doivent r\u00e9sister \u00e0 une utilisation constante tout en gardant une apparence impeccable.&nbsp;<\/p>\n\n\n\n<p>Les surfaces en porcelaine de Caesarstone, comme <a href=\"https:\/\/www.caesarstone.ca\/fr\/countertops\/543-marenstone\/\"><strong>Marenstone<\/strong><\/a> et <a href=\"https:\/\/www.caesarstone.ca\/fr\/countertops\/508-isobellia\/\"><strong>Isobellia<\/strong><\/a>, sont con\u00e7ues pour une durabilit\u00e9 exceptionnelle. Ces surfaces sont tr\u00e8s r\u00e9sistantes aux \u00e9gratignures, aux taches et \u00e0 la chaleur, ce qui pr\u00e9serve leur \u00e9tat impeccable m\u00eame en cas d\u2019usage intensif.<\/p>\n\n\n\n<figure class=\"wp-block-image size-full\"><img loading=\"lazy\" decoding=\"async\" width=\"1024\" height=\"768\" src=\"https:\/\/studio.caesarstoneus.com\/wp-content\/uploads\/2024\/08\/543-marenstone-commercial-space.jpg\" alt=\"543 marenstone-commercial space\" class=\"wp-image-99368\" srcset=\"https:\/\/studio.caesarstoneus.com\/wp-content\/uploads\/2024\/08\/543-marenstone-commercial-space.jpg 1024w, https:\/\/studio.caesarstoneus.com\/wp-content\/uploads\/2024\/08\/543-marenstone-commercial-space-300x225.jpg 300w, https:\/\/studio.caesarstoneus.com\/wp-content\/uploads\/2024\/08\/543-marenstone-commercial-space-768x576.jpg 768w\" sizes=\"auto, (max-width: 1024px) 100vw, 1024px\" \/><\/figure>\n\n\n\n<p class=\"has-text-align-center\"><a href=\"https:\/\/www.caesarstone.ca\/fr\/countertops\/543-marenstone\/\">543 Marenstone<\/a><\/p>\n\n\n\n<p>La porcelaine est reconnue pour sa duret\u00e9 et sa densit\u00e9, ce qui contribue \u00e0 ses caract\u00e9ristiques de r\u00e9silience. Contrairement \u00e0 la pierre naturelle, les surfaces en porcelaine sont non poreuses, ce qui r\u00e9duit le risque de taches et en facilite le nettoyage et l\u2019entretien. Cette qualit\u00e9 est particuli\u00e8rement avantageuse dans les zones tr\u00e8s achaland\u00e9es comme les restaurants, les h\u00f4tels et les espaces commerciaux, o\u00f9 les surfaces sont constamment expos\u00e9es \u00e0 des dommages potentiels.<\/p>\n\n\n\n<h2 class=\"wp-block-heading\">Polyvalence esth\u00e9tique pour une excellence en mati\u00e8re de design<\/h2>\n\n\n\n<p>La collection Porcelaine de Caesarstone offre toute une gamme de designs qui satisfont \u00e0 diff\u00e9rentes pr\u00e9f\u00e9rences esth\u00e9tiques. De l\u2019aspect chic et moderne de <a href=\"https:\/\/www.caesarstone.ca\/fr\/countertops\/mosstone\/\"><strong>Mosstone<\/strong><\/a> \u00e0 l\u2019\u00e9l\u00e9gance classique de <a href=\"https:\/\/www.caesarstone.ca\/fr\/countertops\/marbannova\/\"><strong>Marbannova<\/strong><\/a>, il y a un design qui convient \u00e0 chaque espace commercial. Ces surfaces imitent la beaut\u00e9 de la pierre naturelle et offrent une apparence luxueuse sans les probl\u00e8mes d\u2019entretien associ\u00e9s aux mat\u00e9riaux naturels.<\/p>\n\n\n\n<figure class=\"wp-block-image\"><img decoding=\"async\" src=\"https:\/\/lh7-rt.googleusercontent.com\/docsz\/AD_4nXderLz43-u4WxpnmFJ1IsFTmg7nsifbQbMQww09lNKQoeVrIGCcDNBRkAj9lKRk9PjXgmvZj2AvSvyo3DFHlVm6SK27XP4F_-3g5z05A0jxThNV8o8gLj5ZQGx69epfL4_CoXzNHPaPTAoelpqx7oWhwRM?key=B0cxfbQg9FYpNjXFq2q0pQ\" alt=\"\" \/><\/figure>\n\n\n\n<p class=\"has-text-align-center\"><a href=\"https:\/\/www.caesarstone.ca\/fr\/countertops\/mosstone\/\">542 Mosstone<\/a><\/p>\n\n\n\n<p>La polyvalence des designs de Caesarstone vous permet de cr\u00e9er des espaces coh\u00e9rents et visuellement attrayants. Que vous visiez un style contemporain et minimaliste ou un aspect opulent, plus traditionnel, les surfaces Caesarstone offrent une toile parfaite. La couleur et le motif coh\u00e9rents des designs assurent une installation harmonieuse et int\u00e9gr\u00e9e, ce qui rehausse l\u2019esth\u00e9tisme global d\u2019un espace.<\/p>\n\n\n\n<h2 class=\"wp-block-heading\">Choix durables pour un design responsable<\/h2>\n\n\n\n<p>La durabilit\u00e9 est un facteur cl\u00e9 dans le march\u00e9 d\u2019aujourd\u2019hui sensibilis\u00e9 \u00e0 l\u2019environnement. Cela signifie que l\u2019on \u00e9vite les mat\u00e9riaux synth\u00e9tiques non renouvelables en choisissant plut\u00f4t des surfaces durables qui r\u00e9duisent votre impact environnemental global.<\/p>\n\n\n\n<p>Les surfaces en porcelaine de Caesarstone refl\u00e8tent cet engagement avec des surfaces fabriqu\u00e9es \u00e0 l\u2019aide de processus et de mat\u00e9riaux durables. Leur caract\u00e8re durable et r\u00e9sistant \u00e0 l\u2019usure signifie qu\u2019elles ont un cycle de vie plus long, ce qui r\u00e9duit la n\u00e9cessit\u00e9 de les remplacer fr\u00e9quemment. Cela permet d\u2019\u00e9conomiser les ressources et de r\u00e9duire les d\u00e9chets, ce qui correspond aux objectifs de conception et de construction durables.<\/p>\n\n\n\n<h2 class=\"wp-block-heading\">Faible entretien pour des environnements occup\u00e9s<\/h2>\n\n\n\n<p>La porcelaine n\u2019a besoin que de tr\u00e8s peu d\u2019entretien en raison de sa nature non poreuse. Elle n\u2019absorbe pas les liquides et est r\u00e9sistante aux bact\u00e9ries et aux moisissures, ce qui en fait la solution sanitaire id\u00e9ale pour les endroits sujets aux d\u00e9versements.<\/p>\n\n\n\n<p>Le nettoyage et l\u2019entretien sont plus simples puisque les surfaces en porcelaine de Caesarstone ne n\u00e9cessitent pas d\u2019\u00e9tanch\u00e9isation ou de cirage. Les surfaces en porcelaine sont faciles d\u2019entretien, ce qui vous permet d\u2019\u00e9conomiser grandement au fil du temps. Ces qualit\u00e9s font de Caesarstone un choix \u00e9conomique pour les projets commerciaux.&nbsp;<\/p>\n\n\n\n<h2 class=\"wp-block-heading\">R\u00e9sistance accrue aux taches et aux produits chimiques<\/h2>\n\n\n\n<p>Incorporer des surfaces en porcelaine peut vous aider \u00e0 prot\u00e9ger votre espace commercial contre les dommages caus\u00e9s par la chaleur extr\u00eame et les d\u00e9versements de produits chimiques.&nbsp;<\/p>\n\n\n\n<p>Les surfaces en porcelaine sont fabriqu\u00e9es \u00e0 une haute temp\u00e9rature de plus de 2&nbsp;000&nbsp;\u00b0F et peuvent r\u00e9sister \u00e0 des temp\u00e9ratures allant de 1&nbsp;200 \u00e0 2&nbsp;000&nbsp;\u00b0F. Leur <a href=\"https:\/\/www.caesarstone.ca\/fr\/blog\/are-porcelain-countertops-heat-resistant\/#:~:text=La%20fabrication%20de%20la%20porcelaine%20se%20fait\">excellente r\u00e9sistance thermique<\/a> permet de veiller \u00e0 ce qu\u2019elles ne br\u00fblent pas, ne d\u00e9gagent pas de fum\u00e9e et n\u2019\u00e9mettent pas de substances nocives m\u00eame apr\u00e8s avoir \u00e9t\u00e9 expos\u00e9es \u00e0 des po\u00eales et casseroles chaudes dans les cuisines commerciales.&nbsp;<\/p>\n\n\n\n<p>En outre, elles sont r\u00e9sistantes aux taches et aux dommages caus\u00e9s par les produits chimiques m\u00e9nagers et les produits de nettoyage industriels, ce qui les rend ad\u00e9quates pour les espaces qui exigent des protocoles de nettoyage rigoureux. Cette r\u00e9silience permet de veiller \u00e0 ce que les surfaces restent belles et fonctionnelles en toutes circonstances.<\/p>\n\n\n\n<h2 class=\"wp-block-heading\">Coh\u00e9rence et adaptation du design<\/h2>\n\n\n\n<p>Les espaces commerciaux n\u00e9cessitent des designs qui attirent l\u2019attention des clients. Cependant, pour les projets commerciaux importants, assurer la coh\u00e9rence du design pour l\u2019harmoniser \u00e0 votre identit\u00e9 de marque constitue souvent une priorit\u00e9 absolue.&nbsp;<\/p>\n\n\n\n<p>Le vaste catalogue de surfaces en porcelaine de Caesarstone vous aide \u00e0 atteindre vos objectifs en mati\u00e8re de design gr\u00e2ce \u00e0 toute une gamme de couleurs, y compris des palettes fonc\u00e9es, p\u00e2les et neutres ainsi que diverses pigmentations et teintes. Ces surfaces peuvent aussi \u00eatre adapt\u00e9es pour imiter la pierre naturelle ou inclure des d\u00e9tails, motifs et textures complexes qui fournissent une toile de fond riche pour tout projet commercial.<\/p>\n\n\n\n<p>Caesarstone donne une possibilit\u00e9 d\u2019adaptation qui permet aux designers d\u2019adapter les surfaces aux exigences particuli\u00e8res d\u2019un projet. Qu\u2019il s\u2019agisse d\u2019une couleur, d\u2019un motif ou d\u2019un fini unique, nos designs permettent aux designers de cr\u00e9er des visuels \u00e9poustouflants qui correspondent \u00e0 leur vision.<\/p>\n\n\n\n<h2 class=\"wp-block-heading\">Transformer votre espace commercial et cr\u00e9er une impression durable<\/h2>\n\n\n\n<p>Choisir des surfaces Caesarstone pour vos projets commerciaux vous permet d\u2019investir dans la qualit\u00e9, la durabilit\u00e9 et la polyvalence esth\u00e9tique. Notre collection Porcelain offre toute une gamme d\u2019avantages qui satisfont aux exigences particuli\u00e8res des espaces commerciaux, ce qui en fait un choix id\u00e9al pour les architectes et les designers d\u2019int\u00e9rieur.&nbsp;<\/p>\n\n\n\n<p>Avec Caesarstone, vous pouvez transformer tout espace commercial en environnement magnifique qui cr\u00e9e une impression durable sur vos clients et vos invit\u00e9s.Explorez notre <a href=\"https:\/\/www.caesarstone.ca\/fr\/countertops\/\">catalogue de couleurs<\/a> et commandez des \u00e9chantillons d\u00e8s aujourd\u2019hui pour voir comment Caesarstone peut am\u00e9liorer votre prochain projet.<\/p>\n\n\n\n<div class=\"wp-block-buttons is-content-justification-center is-layout-flex wp-container-core-buttons-is-layout-16018d1d wp-block-buttons-is-layout-flex\">\n<div class=\"wp-block-button\"><a class=\"wp-block-button__link wp-element-button\" href=\"https:\/\/csstudio.caesarstone.ca\/fr\/catalogue\/\">Commander des \u00e9chantillons<\/a><\/div>\n<\/div>\n","protected":false},"excerpt":{"rendered":"<p>Les espaces commerciaux sont des environnements o\u00f9 les entreprises souhaitent impressionner les gens qui les visitent, la client\u00e8le et le personnel. L\u2019esth\u00e9tique est un aspect primordial pour cr\u00e9er une premi\u00e8re impression positive et am\u00e9liorer l\u2019image de marque globale dans ces endroits. En outre, la durabilit\u00e9 est l\u2019un des facteurs les plus importants dans la conception [&hellip;]<\/p>\n","protected":false},"author":5844,"featured_media":99369,"parent":0,"menu_order":0,"comment_status":"closed","ping_status":"closed","template":"","meta":{"_acf_changed":false,"footnotes":""},"class_list":["post-99374","page","type-page","status-publish","has-post-thumbnail","hentry"],"acf":[],"yoast_head":"<!-- This site is optimized with the Yoast SEO Premium plugin v26.6 (Yoast SEO v26.6) - https:\/\/yoast.com\/wordpress\/plugins\/seo\/ -->\n<title>Avantages des surfaces Caesarstone dans les espaces commerciaux<\/title>\n<meta name=\"description\" content=\"D\u00e9couvrez comment les surfaces Caesarstone allient esth\u00e9tique et durabilit\u00e9 pour les espaces commerciaux. Id\u00e9ales pour les zones \u00e0 fort passage, elles r\u00e9sistent \u00e0 la chaleur, aux rayures et aux taches. Explorez d\u00e8s maintenant !\" \/>\n<meta name=\"robots\" content=\"index, follow, max-snippet:-1, max-image-preview:large, max-video-preview:-1\" \/>\n<link rel=\"canonical\" href=\"https:\/\/csstudio.caesarstone.ca\/fr\/avantages-des-surfaces-caesarstone-dans-les-espaces-commerciaux\/\" \/>\n<meta property=\"og:locale\" content=\"fr_CA\" \/>\n<meta property=\"og:type\" content=\"article\" \/>\n<meta property=\"og:title\" content=\"Avantages des surfaces Caesarstone dans les espaces commerciaux\" \/>\n<meta property=\"og:description\" content=\"D\u00e9couvrez comment les surfaces Caesarstone allient esth\u00e9tique et durabilit\u00e9 pour les espaces commerciaux. Id\u00e9ales pour les zones \u00e0 fort passage, elles r\u00e9sistent \u00e0 la chaleur, aux rayures et aux taches. Explorez d\u00e8s maintenant !\" \/>\n<meta property=\"og:url\" content=\"https:\/\/csstudio.caesarstone.ca\/fr\/avantages-des-surfaces-caesarstone-dans-les-espaces-commerciaux\/\" \/>\n<meta property=\"og:site_name\" content=\"Canada Pro\" \/>\n<meta property=\"article:modified_time\" content=\"2024-09-10T16:48:35+00:00\" \/>\n<meta property=\"og:image\" content=\"https:\/\/studio.caesarstoneus.com\/wp-content\/uploads\/2024\/08\/543-marenstone-commercial-space.jpg\" \/>\n\t<meta property=\"og:image:width\" content=\"1024\" \/>\n\t<meta property=\"og:image:height\" content=\"768\" \/>\n\t<meta property=\"og:image:type\" content=\"image\/jpeg\" \/>\n<meta name=\"twitter:card\" content=\"summary_large_image\" \/>\n<script type=\"application\/ld+json\" class=\"yoast-schema-graph\">{\"@context\":\"https:\/\/schema.org\",\"@graph\":[{\"@type\":\"WebPage\",\"@id\":\"https:\/\/csstudio.caesarstone.ca\/fr\/avantages-des-surfaces-caesarstone-dans-les-espaces-commerciaux\/\",\"url\":\"https:\/\/csstudio.caesarstone.ca\/fr\/avantages-des-surfaces-caesarstone-dans-les-espaces-commerciaux\/\",\"name\":\"Avantages des surfaces Caesarstone dans les espaces commerciaux\",\"isPartOf\":{\"@id\":\"https:\/\/csstudio.caesarstone.ca\/fr\/#website\"},\"primaryImageOfPage\":{\"@id\":\"https:\/\/csstudio.caesarstone.ca\/fr\/avantages-des-surfaces-caesarstone-dans-les-espaces-commerciaux\/#primaryimage\"},\"image\":{\"@id\":\"https:\/\/csstudio.caesarstone.ca\/fr\/avantages-des-surfaces-caesarstone-dans-les-espaces-commerciaux\/#primaryimage\"},\"thumbnailUrl\":\"https:\/\/studio.caesarstoneus.com\/wp-content\/uploads\/2024\/08\/543-marenstone-commercial-space.jpg\",\"datePublished\":\"2024-08-01T16:49:17+00:00\",\"dateModified\":\"2024-09-10T16:48:35+00:00\",\"description\":\"D\u00e9couvrez comment les surfaces Caesarstone allient esth\u00e9tique et durabilit\u00e9 pour les espaces commerciaux. Id\u00e9ales pour les zones \u00e0 fort passage, elles r\u00e9sistent \u00e0 la chaleur, aux rayures et aux taches. Explorez d\u00e8s maintenant !\",\"breadcrumb\":{\"@id\":\"https:\/\/csstudio.caesarstone.ca\/fr\/avantages-des-surfaces-caesarstone-dans-les-espaces-commerciaux\/#breadcrumb\"},\"inLanguage\":\"fr-CA\",\"potentialAction\":[{\"@type\":\"ReadAction\",\"target\":[\"https:\/\/csstudio.caesarstone.ca\/fr\/avantages-des-surfaces-caesarstone-dans-les-espaces-commerciaux\/\"]}]},{\"@type\":\"ImageObject\",\"inLanguage\":\"fr-CA\",\"@id\":\"https:\/\/csstudio.caesarstone.ca\/fr\/avantages-des-surfaces-caesarstone-dans-les-espaces-commerciaux\/#primaryimage\",\"url\":\"https:\/\/studio.caesarstoneus.com\/wp-content\/uploads\/2024\/08\/543-marenstone-commercial-space.jpg\",\"contentUrl\":\"https:\/\/studio.caesarstoneus.com\/wp-content\/uploads\/2024\/08\/543-marenstone-commercial-space.jpg\",\"width\":1024,\"height\":768,\"caption\":\"543 marenstone-commercial space\"},{\"@type\":\"BreadcrumbList\",\"@id\":\"https:\/\/csstudio.caesarstone.ca\/fr\/avantages-des-surfaces-caesarstone-dans-les-espaces-commerciaux\/#breadcrumb\",\"itemListElement\":[{\"@type\":\"ListItem\",\"position\":1,\"name\":\"Home\",\"item\":\"https:\/\/csstudio.caesarstone.ca\/fr\/\"},{\"@type\":\"ListItem\",\"position\":2,\"name\":\"Avantages des surfaces Caesarstone dans les espaces commerciaux\"}]},{\"@type\":\"WebSite\",\"@id\":\"https:\/\/csstudio.caesarstone.ca\/fr\/#website\",\"url\":\"https:\/\/csstudio.caesarstone.ca\/fr\/\",\"name\":\"Canada Pro\",\"description\":\"Life in Stone\",\"potentialAction\":[{\"@type\":\"SearchAction\",\"target\":{\"@type\":\"EntryPoint\",\"urlTemplate\":\"https:\/\/csstudio.caesarstone.ca\/fr\/?s={search_term_string}\"},\"query-input\":{\"@type\":\"PropertyValueSpecification\",\"valueRequired\":true,\"valueName\":\"search_term_string\"}}],\"inLanguage\":\"fr-CA\"}]}<\/script>\n<!-- \/ Yoast SEO Premium plugin. -->","yoast_head_json":{"title":"Avantages des surfaces Caesarstone dans les espaces commerciaux","description":"D\u00e9couvrez comment les surfaces Caesarstone allient esth\u00e9tique et durabilit\u00e9 pour les espaces commerciaux. Id\u00e9ales pour les zones \u00e0 fort passage, elles r\u00e9sistent \u00e0 la chaleur, aux rayures et aux taches. Explorez d\u00e8s maintenant !","robots":{"index":"index","follow":"follow","max-snippet":"max-snippet:-1","max-image-preview":"max-image-preview:large","max-video-preview":"max-video-preview:-1"},"canonical":"https:\/\/csstudio.caesarstone.ca\/fr\/avantages-des-surfaces-caesarstone-dans-les-espaces-commerciaux\/","og_locale":"fr_CA","og_type":"article","og_title":"Avantages des surfaces Caesarstone dans les espaces commerciaux","og_description":"D\u00e9couvrez comment les surfaces Caesarstone allient esth\u00e9tique et durabilit\u00e9 pour les espaces commerciaux. Id\u00e9ales pour les zones \u00e0 fort passage, elles r\u00e9sistent \u00e0 la chaleur, aux rayures et aux taches. Explorez d\u00e8s maintenant !","og_url":"https:\/\/csstudio.caesarstone.ca\/fr\/avantages-des-surfaces-caesarstone-dans-les-espaces-commerciaux\/","og_site_name":"Canada Pro","article_modified_time":"2024-09-10T16:48:35+00:00","og_image":[{"width":1024,"height":768,"url":"https:\/\/studio.caesarstoneus.com\/wp-content\/uploads\/2024\/08\/543-marenstone-commercial-space.jpg","type":"image\/jpeg"}],"twitter_card":"summary_large_image","schema":{"@context":"https:\/\/schema.org","@graph":[{"@type":"WebPage","@id":"https:\/\/csstudio.caesarstone.ca\/fr\/avantages-des-surfaces-caesarstone-dans-les-espaces-commerciaux\/","url":"https:\/\/csstudio.caesarstone.ca\/fr\/avantages-des-surfaces-caesarstone-dans-les-espaces-commerciaux\/","name":"Avantages des surfaces Caesarstone dans les espaces commerciaux","isPartOf":{"@id":"https:\/\/csstudio.caesarstone.ca\/fr\/#website"},"primaryImageOfPage":{"@id":"https:\/\/csstudio.caesarstone.ca\/fr\/avantages-des-surfaces-caesarstone-dans-les-espaces-commerciaux\/#primaryimage"},"image":{"@id":"https:\/\/csstudio.caesarstone.ca\/fr\/avantages-des-surfaces-caesarstone-dans-les-espaces-commerciaux\/#primaryimage"},"thumbnailUrl":"https:\/\/studio.caesarstoneus.com\/wp-content\/uploads\/2024\/08\/543-marenstone-commercial-space.jpg","datePublished":"2024-08-01T16:49:17+00:00","dateModified":"2024-09-10T16:48:35+00:00","description":"D\u00e9couvrez comment les surfaces Caesarstone allient esth\u00e9tique et durabilit\u00e9 pour les espaces commerciaux. Id\u00e9ales pour les zones \u00e0 fort passage, elles r\u00e9sistent \u00e0 la chaleur, aux rayures et aux taches. Explorez d\u00e8s maintenant !","breadcrumb":{"@id":"https:\/\/csstudio.caesarstone.ca\/fr\/avantages-des-surfaces-caesarstone-dans-les-espaces-commerciaux\/#breadcrumb"},"inLanguage":"fr-CA","potentialAction":[{"@type":"ReadAction","target":["https:\/\/csstudio.caesarstone.ca\/fr\/avantages-des-surfaces-caesarstone-dans-les-espaces-commerciaux\/"]}]},{"@type":"ImageObject","inLanguage":"fr-CA","@id":"https:\/\/csstudio.caesarstone.ca\/fr\/avantages-des-surfaces-caesarstone-dans-les-espaces-commerciaux\/#primaryimage","url":"https:\/\/studio.caesarstoneus.com\/wp-content\/uploads\/2024\/08\/543-marenstone-commercial-space.jpg","contentUrl":"https:\/\/studio.caesarstoneus.com\/wp-content\/uploads\/2024\/08\/543-marenstone-commercial-space.jpg","width":1024,"height":768,"caption":"543 marenstone-commercial space"},{"@type":"BreadcrumbList","@id":"https:\/\/csstudio.caesarstone.ca\/fr\/avantages-des-surfaces-caesarstone-dans-les-espaces-commerciaux\/#breadcrumb","itemListElement":[{"@type":"ListItem","position":1,"name":"Home","item":"https:\/\/csstudio.caesarstone.ca\/fr\/"},{"@type":"ListItem","position":2,"name":"Avantages des surfaces Caesarstone dans les espaces commerciaux"}]},{"@type":"WebSite","@id":"https:\/\/csstudio.caesarstone.ca\/fr\/#website","url":"https:\/\/csstudio.caesarstone.ca\/fr\/","name":"Canada Pro","description":"Life in Stone","potentialAction":[{"@type":"SearchAction","target":{"@type":"EntryPoint","urlTemplate":"https:\/\/csstudio.caesarstone.ca\/fr\/?s={search_term_string}"},"query-input":{"@type":"PropertyValueSpecification","valueRequired":true,"valueName":"search_term_string"}}],"inLanguage":"fr-CA"}]}},"_links":{"self":[{"href":"https:\/\/csstudio.caesarstone.ca\/fr\/wp-json\/wp\/v2\/pages\/99374","targetHints":{"allow":["GET"]}}],"collection":[{"href":"https:\/\/csstudio.caesarstone.ca\/fr\/wp-json\/wp\/v2\/pages"}],"about":[{"href":"https:\/\/csstudio.caesarstone.ca\/fr\/wp-json\/wp\/v2\/types\/page"}],"author":[{"embeddable":true,"href":"https:\/\/csstudio.caesarstone.ca\/fr\/wp-json\/wp\/v2\/users\/5844"}],"replies":[{"embeddable":true,"href":"https:\/\/csstudio.caesarstone.ca\/fr\/wp-json\/wp\/v2\/comments?post=99374"}],"version-history":[{"count":3,"href":"https:\/\/csstudio.caesarstone.ca\/fr\/wp-json\/wp\/v2\/pages\/99374\/revisions"}],"predecessor-version":[{"id":99430,"href":"https:\/\/csstudio.caesarstone.ca\/fr\/wp-json\/wp\/v2\/pages\/99374\/revisions\/99430"}],"wp:featuredmedia":[{"embeddable":true,"href":"https:\/\/csstudio.caesarstone.ca\/fr\/wp-json\/wp\/v2\/media\/99369"}],"wp:attachment":[{"href":"https:\/\/csstudio.caesarstone.ca\/fr\/wp-json\/wp\/v2\/media?parent=99374"}],"curies":[{"name":"wp","href":"https:\/\/api.w.org\/{rel}","templated":true}]}}