{"id":99356,"date":"2024-07-30T20:30:16","date_gmt":"2024-07-30T17:30:16","guid":{"rendered":"https:\/\/csstudio.caesarstone.ca\/?page_id=99356"},"modified":"2024-08-14T15:48:15","modified_gmt":"2024-08-14T12:48:15","slug":"concevoir-en-jouant-avec-leclairage-pour-rehausser-les-surfaces-caesarstone","status":"publish","type":"page","link":"https:\/\/csstudio.caesarstone.ca\/fr\/concevoir-en-jouant-avec-leclairage-pour-rehausser-les-surfaces-caesarstone\/","title":{"rendered":"Concevoir en jouant avec l\u2019\u00e9clairage\u00a0: pour rehausser les surfaces Caesarstone"},"content":{"rendered":"\n<p>La synergie entre les surfaces et l\u2019\u00e9clairage est essentielle pour concevoir des int\u00e9rieurs sophistiqu\u00e9s. Les pierres en quartz \u00e9blouissantes de Caesarstone offrent des possibilit\u00e9s infinies pour cr\u00e9er des effets visuels uniques. Toutefois, l\u2019\u00e9clairage d\u2019un environnement joue un r\u00f4le unique pour rassembler tous les \u00e9l\u00e9ments de votre pi\u00e8ce pour cr\u00e9er un design coh\u00e9rent.<\/p>\n\n\n\n<p>En comprenant comment l\u2019\u00e9clairage influence l\u2019apparence des comptoirs et d\u2019autres \u00e9l\u00e9ments, les architectes et designers d\u2019int\u00e9rieur peuvent rehausser leur vision pour l\u2019attrait esth\u00e9tique d\u2019un espace.&nbsp;<\/p>\n\n\n\n<h2 class=\"wp-block-heading\">Comprendre l\u2019\u00e9clairage et les designs de comptoirs<\/h2>\n\n\n\n<p>Le fini d\u2019un comptoir Caesarstone peut avoir une incidence sur son interaction avec la lumi\u00e8re. Les surfaces polies r\u00e9fl\u00e9chissent davantage la lumi\u00e8re, ce qui cr\u00e9e un style sophistiqu\u00e9 et lustr\u00e9 qui s\u2019agence bien aux designs luxueux. En revanche, les finis en b\u00e9ton donnent un aspect plus sobre et moderne \u00e0 la surface et la lumi\u00e8re fait ressortir leur texture.&nbsp;<\/p>\n\n\n\n<p>Les designs de Caesarstone imitent la pierre naturelle, avec ses propri\u00e9t\u00e9s r\u00e9fl\u00e9chissantes et l\u00e9g\u00e8rement translucides, qui rendent les designs particuli\u00e8rement sensibles \u00e0 la lumi\u00e8re, ce qui ouvre la porte \u00e0 diverses avenues cr\u00e9atives.<\/p>\n\n\n\n<figure class=\"wp-block-image size-full\"><img loading=\"lazy\" decoding=\"async\" width=\"1024\" height=\"576\" src=\"https:\/\/studio.caesarstoneus.com\/wp-content\/uploads\/2024\/07\/4043-primordia-french.jpg\" alt=\"\" class=\"wp-image-99358\" srcset=\"https:\/\/studio.caesarstoneus.com\/wp-content\/uploads\/2024\/07\/4043-primordia-french.jpg 1024w, https:\/\/studio.caesarstoneus.com\/wp-content\/uploads\/2024\/07\/4043-primordia-french-300x169.jpg 300w, https:\/\/studio.caesarstoneus.com\/wp-content\/uploads\/2024\/07\/4043-primordia-french-768x432.jpg 768w\" sizes=\"auto, (max-width: 1024px) 100vw, 1024px\" \/><\/figure>\n\n\n\n<p class=\"has-text-align-center\"><a href=\"https:\/\/csstudio.caesarstone.ca\/fr\/catalogue\/4043-primordia\/\">4043 Primordia<\/a><\/p>\n\n\n\n<h2 class=\"wp-block-heading\">Ab\u00e9c\u00e9daire de la conception en fonction de l\u2019\u00e9clairage<\/h2>\n\n\n\n<p>On se sert de trois types principaux d\u2019\u00e9clairage pour le design&nbsp;: l\u2019\u00e9clairage ambiant, direct et d\u2019accentuation.&nbsp;<\/p>\n\n\n\n<h3 class=\"wp-block-heading\">\u00c9clairage ambiant<\/h3>\n\n\n\n<p>L\u2019\u00e9clairage ambiant donne \u00e0 un espace ses atmosph\u00e8re et ambiance g\u00e9n\u00e9rales. Il peut donner \u00e0 une cuisine une ambiance chaleureuse et d\u00e9tendue parfaite pour les domiciles familiaux ou encore un air plus moderne qui rappelle celui d\u2019une cuisine professionnelle.&nbsp;<\/p>\n\n\n\n<p>Un \u00e9clairage doux et diffus peut accentuer la texture et le motif d\u2019un comptoir sans cr\u00e9er d\u2019ombres trop intenses. Par exemple, un lustre bien situ\u00e9 ou un luminaire mont\u00e9 au plafond peut projeter une lueur constante qui fait ressortir les veinures ou d\u00e9tails complexes d\u2019un design de Caesarstone.<\/p>\n\n\n\n<h3 class=\"wp-block-heading\">\u00c9clairage direct<\/h3>\n\n\n\n<p>L\u2019\u00e9clairage direct est essentiel dans les endroits comme les cuisines et les salles de bain, o\u00f9 l\u2019on m\u00e8ne des activit\u00e9s qui n\u00e9cessitent de la pr\u00e9cision. Des bandes \u00e0 DEL sous les armoires ou des luminaires suspendus au-dessus d\u2019un \u00eelot fournissent l\u2019\u00e9clairage n\u00e9cessaire et rehaussent la surface au-dessous.&nbsp;<\/p>\n\n\n\n<p>Pour les designs de Caesarstone plus p\u00e2les, l\u2019\u00e9clairage direct peut rehausser leur aspect brillant et propre et donner \u00e0 la cuisine un air plus ouvert et spacieux. Inversement, l\u2019\u00e9clairage direct peut cr\u00e9er un contraste saisissant pour les tons plus fonc\u00e9s, en leur donnant de la profondeur et de l\u2019intensit\u00e9.<\/p>\n\n\n\n<h3 class=\"wp-block-heading\">\u00c9clairage d\u2019accentuation<\/h3>\n\n\n\n<p>L\u2019\u00e9clairage d\u2019accentuation attire l\u2019attention sur des \u00e9l\u00e9ments particuliers et transforme les surfaces en points d\u2019attraction. Utilisez des luminaires encastr\u00e9s ou muraux ou encore des spots pour mettre en valeur les caract\u00e9ristiques du design de comptoir que vous avez choisi. Par exemple, un spot dirig\u00e9 sur un dosseret peut le faire reluire et souligner sa beaut\u00e9 immacul\u00e9e et son fini lisse.<\/p>\n\n\n\n<h2 class=\"wp-block-heading\">Exp\u00e9rimenter avec la temp\u00e9rature des lumi\u00e8res<\/h2>\n\n\n\n<p>La temp\u00e9rature des lumi\u00e8res, qui se mesure en kelvins (K), varie des tons chauds (2&nbsp;000 \u00e0 3&nbsp;000&nbsp;K) \u00e0 froids (4&nbsp;000 \u00e0 6&nbsp;000&nbsp;K). La temp\u00e9rature des lumi\u00e8res peut influencer consid\u00e9rablement l\u2019apparence des surfaces Caesarstone&nbsp;:<\/p>\n\n\n\n<ul class=\"wp-block-list\">\n<li><strong>\u00c9clairage chaud&nbsp;: <\/strong>Rappelant un coucher de soleil, l\u2019\u00e9clairage chaud rehausse les tons chauds des surfaces Caesarstone pour cr\u00e9er une atmosph\u00e8re chaleureuse et invitante. Ce type d\u2019\u00e9clairage est id\u00e9al pour les salons ou les chambres \u00e0 coucher, o\u00f9 une ambiance d\u00e9tendue est pr\u00e9f\u00e9rable.<\/li>\n<\/ul>\n\n\n\n<ul class=\"wp-block-list\">\n<li><strong>\u00c9clairage froid&nbsp;:<\/strong> Tout comme la lumi\u00e8re du jour, l\u2019\u00e9clairage froid peut mettre en vedette les lignes nettes et pures des designs Caesarstone, en particulier ceux ayant des nuances grises ou bleues. L\u2019\u00e9clairage froid fonctionne bien dans les cuisines contemporaines, les salles de bain et les espaces de travail pour cr\u00e9er un environnement brillant et \u00e9nergisant.<\/li>\n\n\n\n<li><strong>Lumi\u00e8re naturelle&nbsp;: <\/strong>\u00c0 environ 3&nbsp;500&nbsp;K, l\u2019\u00e9clairage naturel offre un ton \u00e9quilibr\u00e9 et polyvalent qui peut compl\u00e9menter divers designs Caesarstone. On peut l\u2019utiliser dans toutes les pi\u00e8ces, ce qui en fait un choix id\u00e9al pour les espaces o\u00f9 l\u2019ambiance de l\u2019\u00e9clairage doit \u00eatre adaptable.<\/li>\n<\/ul>\n\n\n\n<figure class=\"wp-block-image size-full\"><img loading=\"lazy\" decoding=\"async\" width=\"1024\" height=\"683\" src=\"https:\/\/studio.caesarstoneus.com\/wp-content\/uploads\/2024\/07\/501-Snowdrift-image.jpg\" alt=\"501 Snowdrift image\" class=\"wp-image-99352\" srcset=\"https:\/\/studio.caesarstoneus.com\/wp-content\/uploads\/2024\/07\/501-Snowdrift-image.jpg 1024w, https:\/\/studio.caesarstoneus.com\/wp-content\/uploads\/2024\/07\/501-Snowdrift-image-300x200.jpg 300w, https:\/\/studio.caesarstoneus.com\/wp-content\/uploads\/2024\/07\/501-Snowdrift-image-768x512.jpg 768w\" sizes=\"auto, (max-width: 1024px) 100vw, 1024px\" \/><\/figure>\n\n\n\n<p class=\"has-text-align-center\"><a href=\"https:\/\/www.caesarstone.ca\/countertops\/501-snowdrift\/\">501 Snowdrift<\/a><\/p>\n\n\n\n<h2 class=\"wp-block-heading\">Incidence de l\u2019\u00e9clairage sur la dynamique de la pi\u00e8ce<\/h2>\n\n\n\n<p>En plus des principes fondamentaux des types et temp\u00e9ratures d\u2019\u00e9clairage, il est essentiel de comprendre l\u2019incidence plus large de l\u2019\u00e9clairage sur une pi\u00e8ce. Voici certaines fa\u00e7ons dont l\u2019\u00e9clairage peut transformer un espace&nbsp;:<\/p>\n\n\n\n<h3 class=\"wp-block-heading\">Cr\u00e9er l\u2019ambiance et le ton<\/h3>\n\n\n\n<p>L\u2019\u00e9clairage est un outil puissant pour cr\u00e9er l\u2019ambiance d\u2019une pi\u00e8ce. Un \u00e9clairage chaud et doux cr\u00e9e un environnement relaxant et intime, id\u00e9al pour les salons et les chambres \u00e0 coucher. D\u2019autre part, un \u00e9clairage clair et froid peut stimuler un espace, ce qui le rend parfait pour les cuisines et les bureaux \u00e0 domicile. Ces tons peuvent \u00eatre compl\u00e9t\u00e9s par des comptoirs Caesarstone aux tons assortis ou compl\u00e9mentaires.&nbsp;<\/p>\n\n\n\n<h3 class=\"wp-block-heading\">\u00c9clairage intuitif et fonctionnel<\/h3>\n\n\n\n<p>L\u2019\u00e9clairage fonctionnel est essentiel dans les endroits o\u00f9 l\u2019on r\u00e9alise des t\u00e2ches particuli\u00e8res, par exemple la cuisson, la lecture ou le travail. Un \u00e9clairage direct appropri\u00e9 r\u00e9duit la fatigue visuelle et am\u00e9liore l\u2019efficacit\u00e9. Par exemple, de l\u2019\u00e9clairage sous les armoires de cuisine peut fournir un \u00e9clairage cibl\u00e9 sur les comptoirs pour que l\u2019espace de travail soit bien \u00e9clair\u00e9.&nbsp;<\/p>\n\n\n\n<h3 class=\"wp-block-heading\">Mettre en valeur les accents&nbsp;<\/h3>\n\n\n\n<p>Les spots ainsi que les luminaires encastr\u00e9s et muraux peuvent permettre de mettre en valeur les \u00e9l\u00e9ments architecturaux, les \u0153uvres d\u2019art ou les mat\u00e9riaux cl\u00e9s. Pour les surfaces Caesarstone, l\u2019\u00e9clairage d\u2019accentuation peut faire ressortir les veinures, textures et variations de couleur uniques et transformer un comptoir ou un dosseret en points d\u2019attraction.&nbsp;<\/p>\n\n\n\n<h3 class=\"wp-block-heading\">Cr\u00e9er une ambiance visuelle spacieuse<\/h3>\n\n\n\n<p>L\u2019\u00e9clairage peut avoir une incidence sur la grandeur per\u00e7ue d\u2019une pi\u00e8ce. Les espaces bien \u00e9clair\u00e9s semblent g\u00e9n\u00e9ralement plus grands et plus ouverts tandis que les espaces mal \u00e9clair\u00e9s peuvent sembler petits et exigus. Installer les lumi\u00e8res de fa\u00e7on strat\u00e9gique pour \u00e9liminer les coins sombres et utiliser les surfaces r\u00e9fl\u00e9chissantes peut cr\u00e9er un sentiment de grandeur.&nbsp;<\/p>\n\n\n\n<h2 class=\"wp-block-heading\">Techniques d\u2019\u00e9clairage cr\u00e9atives<\/h2>\n\n\n\n<p>Vos techniques d\u2019\u00e9clairage peuvent rehausser davantage l\u2019allure de vos espaces. Voici certaines techniques d\u2019\u00e9clairage cr\u00e9atives populaires&nbsp;:<\/p>\n\n\n\n<ul class=\"wp-block-list\">\n<li><strong>\u00c9clairage en contre-jour&nbsp;: <\/strong>Lumi\u00e8res install\u00e9es derri\u00e8re une surface pour cr\u00e9er un effet lumineux. Utilisez cette technique pour vos comptoirs et dosserets pour mettre l\u2019accent sur le design que vous avez choisi.<\/li>\n\n\n\n<li><strong>\u00c9clairage superpos\u00e9&nbsp;: <\/strong>Combine l\u2019\u00e9clairage ambiant, direct et d\u2019accentuation pour cr\u00e9er un plan d\u2019\u00e9clairage bien \u00e9quilibr\u00e9 et polyvalent.<\/li>\n\n\n\n<li><strong>DEL \u00e0 couleur changeante&nbsp;: <\/strong>De nombreux luminaires offrent des solutions d\u2019\u00e9clairage polyvalentes. Par exemple, certaines lumi\u00e8res \u00e0 DEL peuvent changer entre des tons blancs chauds, froids et neutres. D\u2019autres peuvent changer de couleur pour correspondre \u00e0 l\u2019ambiance. Il s\u2019agit d\u2019une technique efficace dans les espaces commerciaux ou les domiciles contemporains o\u00f9 l&lt;on doit ajuster l\u2019\u00e9clairage pour convenir \u00e0 l\u2019ambiance de diverses occasions.&nbsp;<\/li>\n<\/ul>\n\n\n\n<h2 class=\"wp-block-heading\">Ajouter les designs Caesarstone \u00e0 votre prochain projet<\/h2>\n\n\n\n<p>Concevoir en fonction de la lumi\u00e8re est un art et une science. En comprenant les principes de l\u2019\u00e9clairage et en exp\u00e9rimentant avec diverses techniques, vous pouvez exploiter le plein potentiel de chaque \u00e9l\u00e9ment de votre espace, y compris les designs Caesarstone. <a href=\"https:\/\/csstudio.caesarstone.ca\/catalogue\/\">Consultez le catalogue de couleurs<\/a> et commandez des \u00e9chantillons d\u00e8s aujourd\u2019hui.<\/p>\n\n\n\n<div class=\"wp-block-buttons is-content-justification-center is-layout-flex wp-container-core-buttons-is-layout-16018d1d wp-block-buttons-is-layout-flex\">\n<div class=\"wp-block-button\"><a class=\"wp-block-button__link wp-element-button\" href=\"https:\/\/csstudio.caesarstone.ca\/fr\/catalogue\/\">Commander des \u00e9chantillons<\/a><\/div>\n<\/div>\n","protected":false},"excerpt":{"rendered":"<p>La synergie entre les surfaces et l\u2019\u00e9clairage est essentielle pour concevoir des int\u00e9rieurs sophistiqu\u00e9s. Les pierres en quartz \u00e9blouissantes de Caesarstone offrent des possibilit\u00e9s infinies pour cr\u00e9er des effets visuels uniques. Toutefois, l\u2019\u00e9clairage d\u2019un environnement joue un r\u00f4le unique pour rassembler tous les \u00e9l\u00e9ments de votre pi\u00e8ce pour cr\u00e9er un design coh\u00e9rent. En comprenant comment [&hellip;]<\/p>\n","protected":false},"author":5844,"featured_media":99352,"parent":0,"menu_order":0,"comment_status":"closed","ping_status":"closed","template":"","meta":{"_acf_changed":false,"footnotes":""},"class_list":["post-99356","page","type-page","status-publish","has-post-thumbnail","hentry"],"acf":[],"yoast_head":"<!-- This site is optimized with the Yoast SEO Premium plugin v26.6 (Yoast SEO v26.6) - https:\/\/yoast.com\/wordpress\/plugins\/seo\/ -->\n<title>Concevoir en jouant avec l\u2019\u00e9clairage\u00a0: pour rehausser les surfaces Caesarstone<\/title>\n<meta name=\"description\" content=\"D\u00e9couvrez comment les surfaces en quartz polyvalentes de Caesarstone am\u00e9liorent votre design int\u00e9rieur gr\u00e2ce \u00e0 un \u00e9clairage parfait. Apprenez comment les finitions polies, b\u00e9ton et naturelles interagissent avec l&#039;\u00e9clairage ambiant, de t\u00e2che et d&#039;accent pour cr\u00e9er des espaces coh\u00e9rents et magnifiques. \u00c9levez vos projets avec des conseils d&#039;experts en \u00e9clairage et d\u00e9bloquez des possibilit\u00e9s de design infinies.\" \/>\n<meta name=\"robots\" content=\"index, follow, max-snippet:-1, max-image-preview:large, max-video-preview:-1\" \/>\n<link rel=\"canonical\" href=\"https:\/\/csstudio.caesarstone.ca\/fr\/concevoir-en-jouant-avec-leclairage-pour-rehausser-les-surfaces-caesarstone\/\" \/>\n<meta property=\"og:locale\" content=\"fr_CA\" \/>\n<meta property=\"og:type\" content=\"article\" \/>\n<meta property=\"og:title\" content=\"Concevoir en jouant avec l\u2019\u00e9clairage\u00a0: pour rehausser les surfaces Caesarstone\" \/>\n<meta property=\"og:description\" content=\"D\u00e9couvrez comment les surfaces en quartz polyvalentes de Caesarstone am\u00e9liorent votre design int\u00e9rieur gr\u00e2ce \u00e0 un \u00e9clairage parfait. Apprenez comment les finitions polies, b\u00e9ton et naturelles interagissent avec l&#039;\u00e9clairage ambiant, de t\u00e2che et d&#039;accent pour cr\u00e9er des espaces coh\u00e9rents et magnifiques. \u00c9levez vos projets avec des conseils d&#039;experts en \u00e9clairage et d\u00e9bloquez des possibilit\u00e9s de design infinies.\" \/>\n<meta property=\"og:url\" content=\"https:\/\/csstudio.caesarstone.ca\/fr\/concevoir-en-jouant-avec-leclairage-pour-rehausser-les-surfaces-caesarstone\/\" \/>\n<meta property=\"og:site_name\" content=\"Canada Pro\" \/>\n<meta property=\"article:modified_time\" content=\"2024-08-14T12:48:15+00:00\" \/>\n<meta property=\"og:image\" content=\"https:\/\/studio.caesarstoneus.com\/wp-content\/uploads\/2024\/07\/501-Snowdrift-image.jpg\" \/>\n\t<meta property=\"og:image:width\" content=\"1024\" \/>\n\t<meta property=\"og:image:height\" content=\"683\" \/>\n\t<meta property=\"og:image:type\" content=\"image\/jpeg\" \/>\n<meta name=\"twitter:card\" content=\"summary_large_image\" \/>\n<script type=\"application\/ld+json\" class=\"yoast-schema-graph\">{\"@context\":\"https:\/\/schema.org\",\"@graph\":[{\"@type\":\"WebPage\",\"@id\":\"https:\/\/csstudio.caesarstone.ca\/fr\/concevoir-en-jouant-avec-leclairage-pour-rehausser-les-surfaces-caesarstone\/\",\"url\":\"https:\/\/csstudio.caesarstone.ca\/fr\/concevoir-en-jouant-avec-leclairage-pour-rehausser-les-surfaces-caesarstone\/\",\"name\":\"Concevoir en jouant avec l\u2019\u00e9clairage\u00a0: pour rehausser les surfaces Caesarstone\",\"isPartOf\":{\"@id\":\"https:\/\/csstudio.caesarstone.ca\/fr\/#website\"},\"primaryImageOfPage\":{\"@id\":\"https:\/\/csstudio.caesarstone.ca\/fr\/concevoir-en-jouant-avec-leclairage-pour-rehausser-les-surfaces-caesarstone\/#primaryimage\"},\"image\":{\"@id\":\"https:\/\/csstudio.caesarstone.ca\/fr\/concevoir-en-jouant-avec-leclairage-pour-rehausser-les-surfaces-caesarstone\/#primaryimage\"},\"thumbnailUrl\":\"https:\/\/studio.caesarstoneus.com\/wp-content\/uploads\/2024\/07\/501-Snowdrift-image.jpg\",\"datePublished\":\"2024-07-30T17:30:16+00:00\",\"dateModified\":\"2024-08-14T12:48:15+00:00\",\"description\":\"D\u00e9couvrez comment les surfaces en quartz polyvalentes de Caesarstone am\u00e9liorent votre design int\u00e9rieur gr\u00e2ce \u00e0 un \u00e9clairage parfait. Apprenez comment les finitions polies, b\u00e9ton et naturelles interagissent avec l'\u00e9clairage ambiant, de t\u00e2che et d'accent pour cr\u00e9er des espaces coh\u00e9rents et magnifiques. \u00c9levez vos projets avec des conseils d'experts en \u00e9clairage et d\u00e9bloquez des possibilit\u00e9s de design infinies.\",\"breadcrumb\":{\"@id\":\"https:\/\/csstudio.caesarstone.ca\/fr\/concevoir-en-jouant-avec-leclairage-pour-rehausser-les-surfaces-caesarstone\/#breadcrumb\"},\"inLanguage\":\"fr-CA\",\"potentialAction\":[{\"@type\":\"ReadAction\",\"target\":[\"https:\/\/csstudio.caesarstone.ca\/fr\/concevoir-en-jouant-avec-leclairage-pour-rehausser-les-surfaces-caesarstone\/\"]}]},{\"@type\":\"ImageObject\",\"inLanguage\":\"fr-CA\",\"@id\":\"https:\/\/csstudio.caesarstone.ca\/fr\/concevoir-en-jouant-avec-leclairage-pour-rehausser-les-surfaces-caesarstone\/#primaryimage\",\"url\":\"https:\/\/studio.caesarstoneus.com\/wp-content\/uploads\/2024\/07\/501-Snowdrift-image.jpg\",\"contentUrl\":\"https:\/\/studio.caesarstoneus.com\/wp-content\/uploads\/2024\/07\/501-Snowdrift-image.jpg\",\"width\":1024,\"height\":683,\"caption\":\"501 Snowdrift image\"},{\"@type\":\"BreadcrumbList\",\"@id\":\"https:\/\/csstudio.caesarstone.ca\/fr\/concevoir-en-jouant-avec-leclairage-pour-rehausser-les-surfaces-caesarstone\/#breadcrumb\",\"itemListElement\":[{\"@type\":\"ListItem\",\"position\":1,\"name\":\"Home\",\"item\":\"https:\/\/csstudio.caesarstone.ca\/fr\/\"},{\"@type\":\"ListItem\",\"position\":2,\"name\":\"Concevoir en jouant avec l\u2019\u00e9clairage\u00a0: pour rehausser les surfaces Caesarstone\"}]},{\"@type\":\"WebSite\",\"@id\":\"https:\/\/csstudio.caesarstone.ca\/fr\/#website\",\"url\":\"https:\/\/csstudio.caesarstone.ca\/fr\/\",\"name\":\"Canada Pro\",\"description\":\"Life in Stone\",\"potentialAction\":[{\"@type\":\"SearchAction\",\"target\":{\"@type\":\"EntryPoint\",\"urlTemplate\":\"https:\/\/csstudio.caesarstone.ca\/fr\/?s={search_term_string}\"},\"query-input\":{\"@type\":\"PropertyValueSpecification\",\"valueRequired\":true,\"valueName\":\"search_term_string\"}}],\"inLanguage\":\"fr-CA\"}]}<\/script>\n<!-- \/ Yoast SEO Premium plugin. -->","yoast_head_json":{"title":"Concevoir en jouant avec l\u2019\u00e9clairage\u00a0: pour rehausser les surfaces Caesarstone","description":"D\u00e9couvrez comment les surfaces en quartz polyvalentes de Caesarstone am\u00e9liorent votre design int\u00e9rieur gr\u00e2ce \u00e0 un \u00e9clairage parfait. Apprenez comment les finitions polies, b\u00e9ton et naturelles interagissent avec l'\u00e9clairage ambiant, de t\u00e2che et d'accent pour cr\u00e9er des espaces coh\u00e9rents et magnifiques. \u00c9levez vos projets avec des conseils d'experts en \u00e9clairage et d\u00e9bloquez des possibilit\u00e9s de design infinies.","robots":{"index":"index","follow":"follow","max-snippet":"max-snippet:-1","max-image-preview":"max-image-preview:large","max-video-preview":"max-video-preview:-1"},"canonical":"https:\/\/csstudio.caesarstone.ca\/fr\/concevoir-en-jouant-avec-leclairage-pour-rehausser-les-surfaces-caesarstone\/","og_locale":"fr_CA","og_type":"article","og_title":"Concevoir en jouant avec l\u2019\u00e9clairage\u00a0: pour rehausser les surfaces Caesarstone","og_description":"D\u00e9couvrez comment les surfaces en quartz polyvalentes de Caesarstone am\u00e9liorent votre design int\u00e9rieur gr\u00e2ce \u00e0 un \u00e9clairage parfait. Apprenez comment les finitions polies, b\u00e9ton et naturelles interagissent avec l'\u00e9clairage ambiant, de t\u00e2che et d'accent pour cr\u00e9er des espaces coh\u00e9rents et magnifiques. \u00c9levez vos projets avec des conseils d'experts en \u00e9clairage et d\u00e9bloquez des possibilit\u00e9s de design infinies.","og_url":"https:\/\/csstudio.caesarstone.ca\/fr\/concevoir-en-jouant-avec-leclairage-pour-rehausser-les-surfaces-caesarstone\/","og_site_name":"Canada Pro","article_modified_time":"2024-08-14T12:48:15+00:00","og_image":[{"width":1024,"height":683,"url":"https:\/\/studio.caesarstoneus.com\/wp-content\/uploads\/2024\/07\/501-Snowdrift-image.jpg","type":"image\/jpeg"}],"twitter_card":"summary_large_image","schema":{"@context":"https:\/\/schema.org","@graph":[{"@type":"WebPage","@id":"https:\/\/csstudio.caesarstone.ca\/fr\/concevoir-en-jouant-avec-leclairage-pour-rehausser-les-surfaces-caesarstone\/","url":"https:\/\/csstudio.caesarstone.ca\/fr\/concevoir-en-jouant-avec-leclairage-pour-rehausser-les-surfaces-caesarstone\/","name":"Concevoir en jouant avec l\u2019\u00e9clairage\u00a0: pour rehausser les surfaces Caesarstone","isPartOf":{"@id":"https:\/\/csstudio.caesarstone.ca\/fr\/#website"},"primaryImageOfPage":{"@id":"https:\/\/csstudio.caesarstone.ca\/fr\/concevoir-en-jouant-avec-leclairage-pour-rehausser-les-surfaces-caesarstone\/#primaryimage"},"image":{"@id":"https:\/\/csstudio.caesarstone.ca\/fr\/concevoir-en-jouant-avec-leclairage-pour-rehausser-les-surfaces-caesarstone\/#primaryimage"},"thumbnailUrl":"https:\/\/studio.caesarstoneus.com\/wp-content\/uploads\/2024\/07\/501-Snowdrift-image.jpg","datePublished":"2024-07-30T17:30:16+00:00","dateModified":"2024-08-14T12:48:15+00:00","description":"D\u00e9couvrez comment les surfaces en quartz polyvalentes de Caesarstone am\u00e9liorent votre design int\u00e9rieur gr\u00e2ce \u00e0 un \u00e9clairage parfait. Apprenez comment les finitions polies, b\u00e9ton et naturelles interagissent avec l'\u00e9clairage ambiant, de t\u00e2che et d'accent pour cr\u00e9er des espaces coh\u00e9rents et magnifiques. \u00c9levez vos projets avec des conseils d'experts en \u00e9clairage et d\u00e9bloquez des possibilit\u00e9s de design infinies.","breadcrumb":{"@id":"https:\/\/csstudio.caesarstone.ca\/fr\/concevoir-en-jouant-avec-leclairage-pour-rehausser-les-surfaces-caesarstone\/#breadcrumb"},"inLanguage":"fr-CA","potentialAction":[{"@type":"ReadAction","target":["https:\/\/csstudio.caesarstone.ca\/fr\/concevoir-en-jouant-avec-leclairage-pour-rehausser-les-surfaces-caesarstone\/"]}]},{"@type":"ImageObject","inLanguage":"fr-CA","@id":"https:\/\/csstudio.caesarstone.ca\/fr\/concevoir-en-jouant-avec-leclairage-pour-rehausser-les-surfaces-caesarstone\/#primaryimage","url":"https:\/\/studio.caesarstoneus.com\/wp-content\/uploads\/2024\/07\/501-Snowdrift-image.jpg","contentUrl":"https:\/\/studio.caesarstoneus.com\/wp-content\/uploads\/2024\/07\/501-Snowdrift-image.jpg","width":1024,"height":683,"caption":"501 Snowdrift image"},{"@type":"BreadcrumbList","@id":"https:\/\/csstudio.caesarstone.ca\/fr\/concevoir-en-jouant-avec-leclairage-pour-rehausser-les-surfaces-caesarstone\/#breadcrumb","itemListElement":[{"@type":"ListItem","position":1,"name":"Home","item":"https:\/\/csstudio.caesarstone.ca\/fr\/"},{"@type":"ListItem","position":2,"name":"Concevoir en jouant avec l\u2019\u00e9clairage\u00a0: pour rehausser les surfaces Caesarstone"}]},{"@type":"WebSite","@id":"https:\/\/csstudio.caesarstone.ca\/fr\/#website","url":"https:\/\/csstudio.caesarstone.ca\/fr\/","name":"Canada Pro","description":"Life in Stone","potentialAction":[{"@type":"SearchAction","target":{"@type":"EntryPoint","urlTemplate":"https:\/\/csstudio.caesarstone.ca\/fr\/?s={search_term_string}"},"query-input":{"@type":"PropertyValueSpecification","valueRequired":true,"valueName":"search_term_string"}}],"inLanguage":"fr-CA"}]}},"_links":{"self":[{"href":"https:\/\/csstudio.caesarstone.ca\/fr\/wp-json\/wp\/v2\/pages\/99356","targetHints":{"allow":["GET"]}}],"collection":[{"href":"https:\/\/csstudio.caesarstone.ca\/fr\/wp-json\/wp\/v2\/pages"}],"about":[{"href":"https:\/\/csstudio.caesarstone.ca\/fr\/wp-json\/wp\/v2\/types\/page"}],"author":[{"embeddable":true,"href":"https:\/\/csstudio.caesarstone.ca\/fr\/wp-json\/wp\/v2\/users\/5844"}],"replies":[{"embeddable":true,"href":"https:\/\/csstudio.caesarstone.ca\/fr\/wp-json\/wp\/v2\/comments?post=99356"}],"version-history":[{"count":5,"href":"https:\/\/csstudio.caesarstone.ca\/fr\/wp-json\/wp\/v2\/pages\/99356\/revisions"}],"predecessor-version":[{"id":99409,"href":"https:\/\/csstudio.caesarstone.ca\/fr\/wp-json\/wp\/v2\/pages\/99356\/revisions\/99409"}],"wp:featuredmedia":[{"embeddable":true,"href":"https:\/\/csstudio.caesarstone.ca\/fr\/wp-json\/wp\/v2\/media\/99352"}],"wp:attachment":[{"href":"https:\/\/csstudio.caesarstone.ca\/fr\/wp-json\/wp\/v2\/media?parent=99356"}],"curies":[{"name":"wp","href":"https:\/\/api.w.org\/{rel}","templated":true}]}}