{"id":97432,"date":"2024-03-01T00:19:49","date_gmt":"2024-02-29T22:19:49","guid":{"rendered":"https:\/\/csstudio.caesarstone.ca\/?page_id=97432"},"modified":"2024-03-01T00:19:52","modified_gmt":"2024-02-29T22:19:52","slug":"meilleures-configurations-de-conception-de-cuisine-pour-un-meilleur-flux-de-travail","status":"publish","type":"page","link":"https:\/\/csstudio.caesarstone.ca\/fr\/meilleures-configurations-de-conception-de-cuisine-pour-un-meilleur-flux-de-travail\/","title":{"rendered":"Meilleures Configurations de Conception de Cuisine pour un Meilleur Flux de Travail"},"content":{"rendered":"\n<p>Tu te retrouves \u00e0 te cogner dans des affaires (ou des gens) en essayant de cuisiner dans ta cuisine? Si c&rsquo;est le cas, t&rsquo;as peut-\u00eatre besoin d&rsquo;un nouveau plan d&rsquo;am\u00e9nagement de cuisine. Que tu sois partant pour une r\u00e9no compl\u00e8te ou juste pour d\u00e9placer discr\u00e8tement quelques \u00e9lectros, les configurations de cuisine qu&rsquo;on va te pr\u00e9senter dans ce post vont te donner plein d&rsquo;id\u00e9es.<\/p>\n\n\n\n<h2 class=\"wp-block-heading\"><strong>Options d&rsquo;Am\u00e9nagement de Cuisine<\/strong><\/h2>\n\n\n\n<h3 class=\"wp-block-heading\"><em>Configurations de Cuisine avec un \u00celot<\/em><\/h3>\n\n\n\n<p>Peu importe le style (ou la taille) de ta cuisine, un \u00eelot peut offrir un look super et une fonctionnalit\u00e9 g\u00e9niale \u2013 tant que tu l&rsquo;int\u00e8gres bien dans l&rsquo;espace.<\/p>\n\n\n\n<p>Les plans de cuisine avec un \u00eelot peuvent inclure ce qui suit.<\/p>\n\n\n\n<h4 class=\"wp-block-heading\"><em>Pullman (Mono paroi)<\/em><\/h4>\n\n\n\n<p>Les cuisines mono parois sont super populaires dans les condos et les p&rsquo;tites maisons. Ajouter un \u00eelot qui court parall\u00e8le \u00e0 ton comptoir principal peut cr\u00e9er l&rsquo;impression d&rsquo;une cuisine de coursive. C&rsquo;est la disposition id\u00e9ale pour g\u00e9rer le flux dans une cuisine monoparoi, pas instinctive \u00e0 naviguer.<\/p>\n\n\n\n<h4 class=\"wp-block-heading\"><em>Cuisine de Coursive<\/em><\/h4>\n\n\n\n<p>Si tu as une cuisine de coursive, tu te demandes peut-\u00eatre o\u00f9 tu pourrais ajouter un \u00eelot. M\u00eame si les espaces les plus serr\u00e9s ne peuvent pas int\u00e9grer un \u00eelot en respectant la r\u00e8gle des \u00ab\u00a0<a href=\"https:\/\/www.houzz.com\/magazine\/how-much-room-do-you-need-for-a-kitchen-island-stsetivw-vs~52264430\">trois pieds de d\u00e9gagement<\/a>\u00ab\u00a0, tu peux quand m\u00eame \u00eatre cr\u00e9atif et caser un \u00eelot. Beaucoup de designers y arrivent avec un \u00eelot de cuisine \u00ab\u00a0portatif\u00a0\u00bb. Une table \u00e9troite peut faire l&rsquo;affaire, te permettant de la bouger quand t&rsquo;en as besoin. Pour que l&rsquo;\u00eelot ait l&rsquo;air voulu, utilise les m\u00eames comptoirs en quartz que pour tes comptoirs principaux.<\/p>\n\n\n\n<h4 class=\"wp-block-heading\"><em>En L<\/em><\/h4>\n\n\n\n<p>Dans les cuisines en forme de L, les \u00ab\u00a0\u00eelots\u00a0\u00bb prennent souvent la forme de p\u00e9ninsules. Tu peux voir \u00e7a comme un \u00ab\u00a0\u00eelot connect\u00e9\u00a0\u00bb, un peu bizarre \u00e0 dire, mais c&rsquo;est super pratique. Une p\u00e9ninsule transforme ta cuisine en L en une cuisine en U. C&rsquo;est l&rsquo;endroit parfait pour s&rsquo;asseoir et \u00e7a peut donner \u00e0 ta cuisine une atmosph\u00e8re tr\u00e8s accueillante.<\/p>\n\n\n\n<h4 class=\"wp-block-heading\"><em>Ferm\u00e9e (en Fer \u00e0 Cheval)<\/em><\/h4>\n\n\n\n<p>Un \u00eelot au centre de ta cuisine en fer \u00e0 cheval peut aider \u00e0 \u00e9viter que l&rsquo;espace paraisse trop intimidant. C&rsquo;est aussi super pour diriger le flux dans la cuisine. C&rsquo;est aussi la disposition id\u00e9ale si t&rsquo;aimes recevoir des invit\u00e9s en cuisinant. Tes invit\u00e9s peuvent s&rsquo;asseoir confortablement \u00e0 l&rsquo;\u00eelot et communiquer facilement avec toi.<\/p>\n\n\n\n<h4 class=\"wp-block-heading\"><em>Assurer le Flux dans la Cuisine avec le \u00ab\u00a0Triangle\u00a0\u00bb<\/em><\/h4>\n\n\n\n<p>Le \u00ab\u00a0triangle de travail de cuisine\u00a0\u00bb est une philosophie de design qui se concentre sur trois zones : le four, l&rsquo;\u00e9vier et le r\u00e9frig\u00e9rateur. Selon cette philosophie (et comme beaucoup qui en sont fans peuvent en t\u00e9moigner), ces \u00e9l\u00e9ments doivent \u00eatre plac\u00e9s dans un triangle imaginaire. Tous les c\u00f4t\u00e9s du triangle devraient avoir une longueur d&rsquo;au moins quatre pieds et ne devraient pas d\u00e9passer neuf pieds. Cela les place \u00e0 une distance appropri\u00e9e pour travailler confortablement dans la cuisine.<\/p>\n\n\n\n<h2 class=\"wp-block-heading\"><strong>Choisir la Configuration de Cuisine Id\u00e9ale<\/strong><\/h2>\n\n\n\n<p>Plus haut, on a d\u00e9crit ce que les designers consid\u00e8rent comme les meilleures configurations de cuisine. Pour r\u00e9sumer, ce sont :<\/p>\n\n\n\n<ul class=\"wp-block-list\">\n<li>Mono paroi<\/li>\n\n\n\n<li>Cuisine de Coursive<\/li>\n\n\n\n<li>En L<\/li>\n\n\n\n<li>Ferm\u00e9e (en Fer \u00e0 Cheval)<\/li>\n<\/ul>\n\n\n\n<p>Dans cette section, on va te donner quelques conseils pour choisir la meilleure configuration de cuisine pour toi parmi les \u00e9l\u00e9ments ci-dessus ou n&rsquo;importe quelles autres options que tu pourrais envisager.<\/p>\n\n\n\n<h3 class=\"wp-block-heading\"><em>Mise sur la Fonctionnalit\u00e9<\/em><\/h3>\n\n\n\n<p>Bien qu&rsquo;il y ait beaucoup de types de configurations de cuisine qui ont l&rsquo;air impressionnants dans les magazines et en ligne, \u00e7a vaut pas la peine de les consid\u00e9rer si elles n&rsquo;augmentent pas la fonctionnalit\u00e9 de ta cuisine. Quelques questions \u00e0 te poser avant de redessiner la configuration de ta cuisine incluent les suivantes.<\/p>\n\n\n\n<h4 class=\"wp-block-heading\"><em>Quel est ton style de vie?<\/em><\/h4>\n\n\n\n<p>T&rsquo;as une grande famille? Tu re\u00e7ois souvent des invit\u00e9s? Si l&rsquo;une de ces choses est vraie, tu pourrais vouloir envisager une configuration qui am\u00e9liore ta capacit\u00e9 \u00e0 recevoir dans ta cuisine.<\/p>\n\n\n\n<p>Si, par contre, tu vis seul et n&rsquo;es pas du genre \u00e0 recevoir, \u00e7a va influencer quels plans de configuration de cuisine ont du sens pour toi.<\/p>\n\n\n\n<h4 class=\"wp-block-heading\"><em>Quels appareils as-tu vraiment besoin?<\/em><\/h4>\n\n\n\n<p>Avec tant de choses \u00e0 prendre en compte quand il s&rsquo;agit de refaire la configuration de ta cuisine, c&rsquo;est facile de n\u00e9gliger les questions les plus basiques. Par exemple, beaucoup supposent simplement qu&rsquo;ils doivent inclure un lave-vaisselle dans leur plan de cuisine parce que, ben, c&rsquo;est ce qu&rsquo;on a dans les cuisines, non?<\/p>\n\n\n\n<p>Cependant, tu peux lib\u00e9rer beaucoup d&rsquo;espace pour des aspects plus importants de ta cuisine de r\u00eave en renon\u00e7ant \u00e0 des appareils que tu n&rsquo;utiliseras pas souvent, voire jamais. Le lave-vaisselle est l&rsquo;un des coupables les plus courants \u00e0 cet \u00e9gard.<\/p>\n\n\n\n<h4 class=\"wp-block-heading\"><em>Suis-je pr\u00eat \u00e0 engager un architecte?<\/em><\/h4>\n\n\n\n<p>Si les types de configurations de cuisine que tu envisages impliquent des changements substantiels au plan de ta maison, \u00e7a serait intelligent de consulter un architecte. Les experts recommandent sp\u00e9cialement de le faire si tu d\u00e9penses plus de 5% de la valeur de ta maison pour la r\u00e9novation, ce qui peut facilement \u00eatre le cas si tu vas \u00e0 fond dans ta r\u00e9no.<\/p>\n\n\n\n<h4 class=\"wp-block-heading\"><em>\u00c9tablir un Budget<\/em><\/h4>\n\n\n\n<p>Ton budget aura probablement une plus grande influence sur la configuration de conception de ta cuisine que tout autre facteur. Il est recommand\u00e9 de ne pas laisser le co\u00fbt de la r\u00e9novation de ta cuisine d\u00e9passer de 5% \u00e0 15% de la valeur de revente de ta maison si tu esp\u00e8res tirer un profit de l&rsquo;\u00e9preuve.<\/p>\n\n\n\n<p>D\u00e9placer tes conduites de plomberie, lignes \u00e9lectriques et murs va tous ajouter consid\u00e9rablement \u00e0 tes co\u00fbts, mais \u00e7a peut en valoir la peine si tu con\u00e7ois vraiment ta maison pour la vie et que tu as les moyens.<\/p>\n\n\n\n<h2 class=\"wp-block-heading\"><strong>Planificateur de Configuration de Cuisine: Utilisez le Visualiseur Caesarstone pour l&rsquo;Inspiration<\/strong><\/h2>\n\n\n\n<p>Un planificateur de configuration de cuisine est essentiel pour t&rsquo;aider \u00e0 visualiser \u00e0 quoi la pi\u00e8ce va r\u00e9ellement ressembler. On t&rsquo;invite \u00e0 d\u00e9couvrir le visualiseur de cuisine Caesarstone, con\u00e7u pour t&rsquo;aider \u00e0 choisir parmi les nombreux types de surfaces disponibles. Tu peux commencer \u00e0 assortir les couleurs de tes plans de travail, de ton sol et de tes murs tout en voyant aussi comment diverses surfaces Caesarstone se pr\u00e9sentent dans diff\u00e9rents contextes.<\/p>\n\n\n\n<p>Une fois que tu as trouv\u00e9 une surface en quartz qui te pla\u00eet, contacte l&rsquo;un de nos emplacements Caesarstone pour commencer \u00e0 concr\u00e9tiser ta cuisine de r\u00eave.<\/p>\n\n\n\n<h2 class=\"wp-block-heading\"><strong>Foire aux Questions<\/strong><\/h2>\n\n\n\n<h3 class=\"wp-block-heading\"><em>Comment concevez-vous la disposition d&rsquo;une cuisine?<\/em><\/h3>\n\n\n\n<p>Notre outil de configuration de cuisine est principalement con\u00e7u pour que tu puisses exp\u00e9rimenter avec diff\u00e9rentes surfaces et couleurs.&nbsp;<\/p>\n\n\n\n<p>Si tu veux jouer avec la disposition elle-m\u00eame, kitchenplanner.net est l&rsquo;une des options gratuites populaires. Si tu travailles avec un designer d&rsquo;int\u00e9rieur, ils auront acc\u00e8s \u00e0 des outils premium qui peuvent t&rsquo;aider \u00e0 cr\u00e9er et visualiser la disposition de mani\u00e8re plus d\u00e9taill\u00e9e.<\/p>\n\n\n\n<h3 class=\"wp-block-heading\"><em>Quels sont les six types de configurations de cuisine?<\/em><\/h3>\n\n\n\n<p>Six des configurations de cuisine les plus populaires sont:<\/p>\n\n\n\n<ul class=\"wp-block-list\">\n<li>En L<\/li>\n\n\n\n<li>En U<\/li>\n\n\n\n<li>Cuisine de coursive<\/li>\n\n\n\n<li>Monoparoi<\/li>\n\n\n\n<li>P\u00e9ninsule<\/li>\n\n\n\n<li>Deux \u00eelots<\/li>\n<\/ul>\n\n\n\n<p>Cela dit, ce ne sont de loin pas les seules configurations de cuisine. De nombreux designers cr\u00e9ent \u00e9galement des configurations personnalis\u00e9es.<\/p>\n\n\n\n<h3 class=\"wp-block-heading\"><em>Quels sont les meilleurs principes de conception et de disposition pour une cuisine?<\/em><\/h3>\n\n\n\n<p>Le triangle de travail de cuisine est le principe que tu entendras probablement le plus souvent. Un autre principe populaire est celui connu sous le nom de \u00ab\u00a0Les 4 Quadrants\u00a0\u00bb. Il se concentre sur quatre zones: cuisson, rangement, garde-manger et salle \u00e0 manger. La zone de cuisson englobe g\u00e9n\u00e9ralement la cuisini\u00e8re et la zone de pr\u00e9paration des aliments.&nbsp;<\/p>\n\n\n\n<p>La zone de rangement est l&rsquo;endroit o\u00f9 tu trouveras la vaisselle, les contenants, les couverts, le lave-vaisselle et l&rsquo;\u00e9vier. La zone de garde-manger est l&rsquo;endroit o\u00f9 tu stockeras les aliments et se trouve g\u00e9n\u00e9ralement \u00e0 la p\u00e9riph\u00e9rie de la cuisine ou pr\u00e8s du r\u00e9frig\u00e9rateur. La zone de salle \u00e0 manger devrait cr\u00e9er un espace s\u00e9par\u00e9 pour s&rsquo;asseoir et profiter de tes repas.<\/p>\n","protected":false},"excerpt":{"rendered":"<p>Tu te retrouves \u00e0 te cogner dans des affaires (ou des gens) en essayant de cuisiner dans ta cuisine? Si c&rsquo;est le cas, t&rsquo;as peut-\u00eatre besoin d&rsquo;un nouveau plan d&rsquo;am\u00e9nagement de cuisine. Que tu sois partant pour une r\u00e9no compl\u00e8te ou juste pour d\u00e9placer discr\u00e8tement quelques \u00e9lectros, les configurations de cuisine qu&rsquo;on va te pr\u00e9senter [&hellip;]<\/p>\n","protected":false},"author":5844,"featured_media":97437,"parent":0,"menu_order":0,"comment_status":"closed","ping_status":"closed","template":"","meta":{"_acf_changed":false,"footnotes":""},"class_list":["post-97432","page","type-page","status-publish","has-post-thumbnail","hentry"],"acf":[],"yoast_head":"<!-- This site is optimized with the Yoast SEO Premium plugin v26.6 (Yoast SEO v26.6) - https:\/\/yoast.com\/wordpress\/plugins\/seo\/ -->\n<title>Meilleures Configurations de Conception de Cuisine pour un Meilleur Flux de Travail | Canada Pro<\/title>\n<meta name=\"robots\" content=\"index, follow, max-snippet:-1, max-image-preview:large, max-video-preview:-1\" \/>\n<link rel=\"canonical\" href=\"https:\/\/csstudio.caesarstone.ca\/fr\/meilleures-configurations-de-conception-de-cuisine-pour-un-meilleur-flux-de-travail\/\" \/>\n<meta property=\"og:locale\" content=\"fr_CA\" \/>\n<meta property=\"og:type\" content=\"article\" \/>\n<meta property=\"og:title\" content=\"Meilleures Configurations de Conception de Cuisine pour un Meilleur Flux de Travail\" \/>\n<meta property=\"og:description\" content=\"Tu te retrouves \u00e0 te cogner dans des affaires (ou des gens) en essayant de cuisiner dans ta cuisine? Si c&rsquo;est le cas, t&rsquo;as peut-\u00eatre besoin d&rsquo;un nouveau plan d&rsquo;am\u00e9nagement de cuisine. Que tu sois partant pour une r\u00e9no compl\u00e8te ou juste pour d\u00e9placer discr\u00e8tement quelques \u00e9lectros, les configurations de cuisine qu&rsquo;on va te pr\u00e9senter [&hellip;]\" \/>\n<meta property=\"og:url\" content=\"https:\/\/csstudio.caesarstone.ca\/fr\/meilleures-configurations-de-conception-de-cuisine-pour-un-meilleur-flux-de-travail\/\" \/>\n<meta property=\"og:site_name\" content=\"Canada Pro\" \/>\n<meta property=\"article:modified_time\" content=\"2024-02-29T22:19:52+00:00\" \/>\n<meta property=\"og:image\" content=\"https:\/\/studio.caesarstoneus.com\/wp-content\/uploads\/2024\/03\/4033_Rugged-Concrete_render-1920X1080.jpg\" \/>\n\t<meta property=\"og:image:width\" content=\"1920\" \/>\n\t<meta property=\"og:image:height\" content=\"1080\" \/>\n\t<meta property=\"og:image:type\" content=\"image\/jpeg\" \/>\n<meta name=\"twitter:card\" content=\"summary_large_image\" \/>\n<script type=\"application\/ld+json\" class=\"yoast-schema-graph\">{\"@context\":\"https:\/\/schema.org\",\"@graph\":[{\"@type\":\"WebPage\",\"@id\":\"https:\/\/csstudio.caesarstone.ca\/fr\/meilleures-configurations-de-conception-de-cuisine-pour-un-meilleur-flux-de-travail\/\",\"url\":\"https:\/\/csstudio.caesarstone.ca\/fr\/meilleures-configurations-de-conception-de-cuisine-pour-un-meilleur-flux-de-travail\/\",\"name\":\"Meilleures Configurations de Conception de Cuisine pour un Meilleur Flux de Travail | Canada Pro\",\"isPartOf\":{\"@id\":\"https:\/\/csstudio.caesarstone.ca\/fr\/#website\"},\"primaryImageOfPage\":{\"@id\":\"https:\/\/csstudio.caesarstone.ca\/fr\/meilleures-configurations-de-conception-de-cuisine-pour-un-meilleur-flux-de-travail\/#primaryimage\"},\"image\":{\"@id\":\"https:\/\/csstudio.caesarstone.ca\/fr\/meilleures-configurations-de-conception-de-cuisine-pour-un-meilleur-flux-de-travail\/#primaryimage\"},\"thumbnailUrl\":\"https:\/\/studio.caesarstoneus.com\/wp-content\/uploads\/2024\/03\/4033_Rugged-Concrete_render-1920X1080.jpg\",\"datePublished\":\"2024-02-29T22:19:49+00:00\",\"dateModified\":\"2024-02-29T22:19:52+00:00\",\"breadcrumb\":{\"@id\":\"https:\/\/csstudio.caesarstone.ca\/fr\/meilleures-configurations-de-conception-de-cuisine-pour-un-meilleur-flux-de-travail\/#breadcrumb\"},\"inLanguage\":\"fr-CA\",\"potentialAction\":[{\"@type\":\"ReadAction\",\"target\":[\"https:\/\/csstudio.caesarstone.ca\/fr\/meilleures-configurations-de-conception-de-cuisine-pour-un-meilleur-flux-de-travail\/\"]}]},{\"@type\":\"ImageObject\",\"inLanguage\":\"fr-CA\",\"@id\":\"https:\/\/csstudio.caesarstone.ca\/fr\/meilleures-configurations-de-conception-de-cuisine-pour-un-meilleur-flux-de-travail\/#primaryimage\",\"url\":\"https:\/\/studio.caesarstoneus.com\/wp-content\/uploads\/2024\/03\/4033_Rugged-Concrete_render-1920X1080.jpg\",\"contentUrl\":\"https:\/\/studio.caesarstoneus.com\/wp-content\/uploads\/2024\/03\/4033_Rugged-Concrete_render-1920X1080.jpg\",\"width\":1920,\"height\":1080,\"caption\":\"Best Kitchen\"},{\"@type\":\"BreadcrumbList\",\"@id\":\"https:\/\/csstudio.caesarstone.ca\/fr\/meilleures-configurations-de-conception-de-cuisine-pour-un-meilleur-flux-de-travail\/#breadcrumb\",\"itemListElement\":[{\"@type\":\"ListItem\",\"position\":1,\"name\":\"Home\",\"item\":\"https:\/\/csstudio.caesarstone.ca\/fr\/\"},{\"@type\":\"ListItem\",\"position\":2,\"name\":\"Meilleures Configurations de Conception de Cuisine pour un Meilleur Flux de Travail\"}]},{\"@type\":\"WebSite\",\"@id\":\"https:\/\/csstudio.caesarstone.ca\/fr\/#website\",\"url\":\"https:\/\/csstudio.caesarstone.ca\/fr\/\",\"name\":\"Canada Pro\",\"description\":\"Life in Stone\",\"potentialAction\":[{\"@type\":\"SearchAction\",\"target\":{\"@type\":\"EntryPoint\",\"urlTemplate\":\"https:\/\/csstudio.caesarstone.ca\/fr\/?s={search_term_string}\"},\"query-input\":{\"@type\":\"PropertyValueSpecification\",\"valueRequired\":true,\"valueName\":\"search_term_string\"}}],\"inLanguage\":\"fr-CA\"}]}<\/script>\n<!-- \/ Yoast SEO Premium plugin. -->","yoast_head_json":{"title":"Meilleures Configurations de Conception de Cuisine pour un Meilleur Flux de Travail | Canada Pro","robots":{"index":"index","follow":"follow","max-snippet":"max-snippet:-1","max-image-preview":"max-image-preview:large","max-video-preview":"max-video-preview:-1"},"canonical":"https:\/\/csstudio.caesarstone.ca\/fr\/meilleures-configurations-de-conception-de-cuisine-pour-un-meilleur-flux-de-travail\/","og_locale":"fr_CA","og_type":"article","og_title":"Meilleures Configurations de Conception de Cuisine pour un Meilleur Flux de Travail","og_description":"Tu te retrouves \u00e0 te cogner dans des affaires (ou des gens) en essayant de cuisiner dans ta cuisine? Si c&rsquo;est le cas, t&rsquo;as peut-\u00eatre besoin d&rsquo;un nouveau plan d&rsquo;am\u00e9nagement de cuisine. Que tu sois partant pour une r\u00e9no compl\u00e8te ou juste pour d\u00e9placer discr\u00e8tement quelques \u00e9lectros, les configurations de cuisine qu&rsquo;on va te pr\u00e9senter [&hellip;]","og_url":"https:\/\/csstudio.caesarstone.ca\/fr\/meilleures-configurations-de-conception-de-cuisine-pour-un-meilleur-flux-de-travail\/","og_site_name":"Canada Pro","article_modified_time":"2024-02-29T22:19:52+00:00","og_image":[{"width":1920,"height":1080,"url":"https:\/\/studio.caesarstoneus.com\/wp-content\/uploads\/2024\/03\/4033_Rugged-Concrete_render-1920X1080.jpg","type":"image\/jpeg"}],"twitter_card":"summary_large_image","schema":{"@context":"https:\/\/schema.org","@graph":[{"@type":"WebPage","@id":"https:\/\/csstudio.caesarstone.ca\/fr\/meilleures-configurations-de-conception-de-cuisine-pour-un-meilleur-flux-de-travail\/","url":"https:\/\/csstudio.caesarstone.ca\/fr\/meilleures-configurations-de-conception-de-cuisine-pour-un-meilleur-flux-de-travail\/","name":"Meilleures Configurations de Conception de Cuisine pour un Meilleur Flux de Travail | Canada Pro","isPartOf":{"@id":"https:\/\/csstudio.caesarstone.ca\/fr\/#website"},"primaryImageOfPage":{"@id":"https:\/\/csstudio.caesarstone.ca\/fr\/meilleures-configurations-de-conception-de-cuisine-pour-un-meilleur-flux-de-travail\/#primaryimage"},"image":{"@id":"https:\/\/csstudio.caesarstone.ca\/fr\/meilleures-configurations-de-conception-de-cuisine-pour-un-meilleur-flux-de-travail\/#primaryimage"},"thumbnailUrl":"https:\/\/studio.caesarstoneus.com\/wp-content\/uploads\/2024\/03\/4033_Rugged-Concrete_render-1920X1080.jpg","datePublished":"2024-02-29T22:19:49+00:00","dateModified":"2024-02-29T22:19:52+00:00","breadcrumb":{"@id":"https:\/\/csstudio.caesarstone.ca\/fr\/meilleures-configurations-de-conception-de-cuisine-pour-un-meilleur-flux-de-travail\/#breadcrumb"},"inLanguage":"fr-CA","potentialAction":[{"@type":"ReadAction","target":["https:\/\/csstudio.caesarstone.ca\/fr\/meilleures-configurations-de-conception-de-cuisine-pour-un-meilleur-flux-de-travail\/"]}]},{"@type":"ImageObject","inLanguage":"fr-CA","@id":"https:\/\/csstudio.caesarstone.ca\/fr\/meilleures-configurations-de-conception-de-cuisine-pour-un-meilleur-flux-de-travail\/#primaryimage","url":"https:\/\/studio.caesarstoneus.com\/wp-content\/uploads\/2024\/03\/4033_Rugged-Concrete_render-1920X1080.jpg","contentUrl":"https:\/\/studio.caesarstoneus.com\/wp-content\/uploads\/2024\/03\/4033_Rugged-Concrete_render-1920X1080.jpg","width":1920,"height":1080,"caption":"Best Kitchen"},{"@type":"BreadcrumbList","@id":"https:\/\/csstudio.caesarstone.ca\/fr\/meilleures-configurations-de-conception-de-cuisine-pour-un-meilleur-flux-de-travail\/#breadcrumb","itemListElement":[{"@type":"ListItem","position":1,"name":"Home","item":"https:\/\/csstudio.caesarstone.ca\/fr\/"},{"@type":"ListItem","position":2,"name":"Meilleures Configurations de Conception de Cuisine pour un Meilleur Flux de Travail"}]},{"@type":"WebSite","@id":"https:\/\/csstudio.caesarstone.ca\/fr\/#website","url":"https:\/\/csstudio.caesarstone.ca\/fr\/","name":"Canada Pro","description":"Life in Stone","potentialAction":[{"@type":"SearchAction","target":{"@type":"EntryPoint","urlTemplate":"https:\/\/csstudio.caesarstone.ca\/fr\/?s={search_term_string}"},"query-input":{"@type":"PropertyValueSpecification","valueRequired":true,"valueName":"search_term_string"}}],"inLanguage":"fr-CA"}]}},"_links":{"self":[{"href":"https:\/\/csstudio.caesarstone.ca\/fr\/wp-json\/wp\/v2\/pages\/97432","targetHints":{"allow":["GET"]}}],"collection":[{"href":"https:\/\/csstudio.caesarstone.ca\/fr\/wp-json\/wp\/v2\/pages"}],"about":[{"href":"https:\/\/csstudio.caesarstone.ca\/fr\/wp-json\/wp\/v2\/types\/page"}],"author":[{"embeddable":true,"href":"https:\/\/csstudio.caesarstone.ca\/fr\/wp-json\/wp\/v2\/users\/5844"}],"replies":[{"embeddable":true,"href":"https:\/\/csstudio.caesarstone.ca\/fr\/wp-json\/wp\/v2\/comments?post=97432"}],"version-history":[{"count":1,"href":"https:\/\/csstudio.caesarstone.ca\/fr\/wp-json\/wp\/v2\/pages\/97432\/revisions"}],"predecessor-version":[{"id":97439,"href":"https:\/\/csstudio.caesarstone.ca\/fr\/wp-json\/wp\/v2\/pages\/97432\/revisions\/97439"}],"wp:featuredmedia":[{"embeddable":true,"href":"https:\/\/csstudio.caesarstone.ca\/fr\/wp-json\/wp\/v2\/media\/97437"}],"wp:attachment":[{"href":"https:\/\/csstudio.caesarstone.ca\/fr\/wp-json\/wp\/v2\/media?parent=97432"}],"curies":[{"name":"wp","href":"https:\/\/api.w.org\/{rel}","templated":true}]}}