{"id":95061,"date":"2023-06-20T17:04:36","date_gmt":"2023-06-20T14:04:36","guid":{"rendered":"https:\/\/csstudio.caesarstone.ca\/warranty\/"},"modified":"2025-06-25T18:29:53","modified_gmt":"2025-06-25T15:29:53","slug":"garantie-a-vie","status":"publish","type":"page","link":"https:\/\/csstudio.caesarstone.ca\/fr\/garantie-a-vie\/","title":{"rendered":"Garantie \u00e0 vie"},"content":{"rendered":"","protected":false},"excerpt":{"rendered":"","protected":false},"author":5,"featured_media":0,"parent":0,"menu_order":0,"comment_status":"closed","ping_status":"closed","template":"templates\/warranty-pro.php","meta":{"_acf_changed":false,"footnotes":""},"class_list":["post-95061","page","type-page","status-publish","hentry"],"acf":[],"yoast_head":"<!-- This site is optimized with the Yoast SEO Premium plugin v26.6 (Yoast SEO v26.6) - https:\/\/yoast.com\/wordpress\/plugins\/seo\/ -->\n<title>Garantie des comptoirs Caesarstone | Canada Pro<\/title>\n<meta name=\"description\" content=\"S\u00e9curisez votre conception avec la garantie \u00e0 vie Caesarstone. D\u00e9couvrez l&#039;assurance de long\u00e9vit\u00e9 et d&#039;excellence pour vos surfaces en quartz.\" \/>\n<meta name=\"robots\" content=\"index, follow, max-snippet:-1, max-image-preview:large, max-video-preview:-1\" \/>\n<link rel=\"canonical\" href=\"https:\/\/csstudio.caesarstone.ca\/fr\/garantie-a-vie\/\" \/>\n<meta property=\"og:locale\" content=\"fr_CA\" \/>\n<meta property=\"og:type\" content=\"article\" \/>\n<meta property=\"og:title\" content=\"Garantie \u00e0 vie\" \/>\n<meta property=\"og:description\" content=\"S\u00e9curisez votre conception avec la garantie \u00e0 vie Caesarstone. D\u00e9couvrez l&#039;assurance de long\u00e9vit\u00e9 et d&#039;excellence pour vos surfaces en quartz.\" \/>\n<meta property=\"og:url\" content=\"https:\/\/csstudio.caesarstone.ca\/fr\/garantie-a-vie\/\" \/>\n<meta property=\"og:site_name\" content=\"Canada Pro\" \/>\n<meta property=\"article:modified_time\" content=\"2025-06-25T15:29:53+00:00\" \/>\n<meta name=\"twitter:card\" content=\"summary_large_image\" \/>\n<script type=\"application\/ld+json\" class=\"yoast-schema-graph\">{\"@context\":\"https:\/\/schema.org\",\"@graph\":[{\"@type\":\"WebPage\",\"@id\":\"https:\/\/csstudio.caesarstone.ca\/fr\/garantie-a-vie\/\",\"url\":\"https:\/\/csstudio.caesarstone.ca\/fr\/garantie-a-vie\/\",\"name\":\"Garantie des comptoirs Caesarstone | Canada Pro\",\"isPartOf\":{\"@id\":\"https:\/\/csstudio.caesarstone.ca\/fr\/#website\"},\"datePublished\":\"2023-06-20T14:04:36+00:00\",\"dateModified\":\"2025-06-25T15:29:53+00:00\",\"description\":\"S\u00e9curisez votre conception avec la garantie \u00e0 vie Caesarstone. D\u00e9couvrez l'assurance de long\u00e9vit\u00e9 et d'excellence pour vos surfaces en quartz.\",\"breadcrumb\":{\"@id\":\"https:\/\/csstudio.caesarstone.ca\/fr\/garantie-a-vie\/#breadcrumb\"},\"inLanguage\":\"fr-CA\",\"potentialAction\":[{\"@type\":\"ReadAction\",\"target\":[\"https:\/\/csstudio.caesarstone.ca\/fr\/garantie-a-vie\/\"]}]},{\"@type\":\"BreadcrumbList\",\"@id\":\"https:\/\/csstudio.caesarstone.ca\/fr\/garantie-a-vie\/#breadcrumb\",\"itemListElement\":[{\"@type\":\"ListItem\",\"position\":1,\"name\":\"Home\",\"item\":\"https:\/\/csstudio.caesarstone.ca\/fr\/\"},{\"@type\":\"ListItem\",\"position\":2,\"name\":\"Garantie \u00e0 vie\"}]},{\"@type\":\"WebSite\",\"@id\":\"https:\/\/csstudio.caesarstone.ca\/fr\/#website\",\"url\":\"https:\/\/csstudio.caesarstone.ca\/fr\/\",\"name\":\"Canada Pro\",\"description\":\"Life in Stone\",\"potentialAction\":[{\"@type\":\"SearchAction\",\"target\":{\"@type\":\"EntryPoint\",\"urlTemplate\":\"https:\/\/csstudio.caesarstone.ca\/fr\/?s={search_term_string}\"},\"query-input\":{\"@type\":\"PropertyValueSpecification\",\"valueRequired\":true,\"valueName\":\"search_term_string\"}}],\"inLanguage\":\"fr-CA\"}]}<\/script>\n<!-- \/ Yoast SEO Premium plugin. -->","yoast_head_json":{"title":"Garantie des comptoirs Caesarstone | Canada Pro","description":"S\u00e9curisez votre conception avec la garantie \u00e0 vie Caesarstone. D\u00e9couvrez l'assurance de long\u00e9vit\u00e9 et d'excellence pour vos surfaces en quartz.","robots":{"index":"index","follow":"follow","max-snippet":"max-snippet:-1","max-image-preview":"max-image-preview:large","max-video-preview":"max-video-preview:-1"},"canonical":"https:\/\/csstudio.caesarstone.ca\/fr\/garantie-a-vie\/","og_locale":"fr_CA","og_type":"article","og_title":"Garantie \u00e0 vie","og_description":"S\u00e9curisez votre conception avec la garantie \u00e0 vie Caesarstone. D\u00e9couvrez l'assurance de long\u00e9vit\u00e9 et d'excellence pour vos surfaces en quartz.","og_url":"https:\/\/csstudio.caesarstone.ca\/fr\/garantie-a-vie\/","og_site_name":"Canada Pro","article_modified_time":"2025-06-25T15:29:53+00:00","twitter_card":"summary_large_image","schema":{"@context":"https:\/\/schema.org","@graph":[{"@type":"WebPage","@id":"https:\/\/csstudio.caesarstone.ca\/fr\/garantie-a-vie\/","url":"https:\/\/csstudio.caesarstone.ca\/fr\/garantie-a-vie\/","name":"Garantie des comptoirs Caesarstone | Canada Pro","isPartOf":{"@id":"https:\/\/csstudio.caesarstone.ca\/fr\/#website"},"datePublished":"2023-06-20T14:04:36+00:00","dateModified":"2025-06-25T15:29:53+00:00","description":"S\u00e9curisez votre conception avec la garantie \u00e0 vie Caesarstone. D\u00e9couvrez l'assurance de long\u00e9vit\u00e9 et d'excellence pour vos surfaces en quartz.","breadcrumb":{"@id":"https:\/\/csstudio.caesarstone.ca\/fr\/garantie-a-vie\/#breadcrumb"},"inLanguage":"fr-CA","potentialAction":[{"@type":"ReadAction","target":["https:\/\/csstudio.caesarstone.ca\/fr\/garantie-a-vie\/"]}]},{"@type":"BreadcrumbList","@id":"https:\/\/csstudio.caesarstone.ca\/fr\/garantie-a-vie\/#breadcrumb","itemListElement":[{"@type":"ListItem","position":1,"name":"Home","item":"https:\/\/csstudio.caesarstone.ca\/fr\/"},{"@type":"ListItem","position":2,"name":"Garantie \u00e0 vie"}]},{"@type":"WebSite","@id":"https:\/\/csstudio.caesarstone.ca\/fr\/#website","url":"https:\/\/csstudio.caesarstone.ca\/fr\/","name":"Canada Pro","description":"Life in Stone","potentialAction":[{"@type":"SearchAction","target":{"@type":"EntryPoint","urlTemplate":"https:\/\/csstudio.caesarstone.ca\/fr\/?s={search_term_string}"},"query-input":{"@type":"PropertyValueSpecification","valueRequired":true,"valueName":"search_term_string"}}],"inLanguage":"fr-CA"}]}},"_links":{"self":[{"href":"https:\/\/csstudio.caesarstone.ca\/fr\/wp-json\/wp\/v2\/pages\/95061","targetHints":{"allow":["GET"]}}],"collection":[{"href":"https:\/\/csstudio.caesarstone.ca\/fr\/wp-json\/wp\/v2\/pages"}],"about":[{"href":"https:\/\/csstudio.caesarstone.ca\/fr\/wp-json\/wp\/v2\/types\/page"}],"author":[{"embeddable":true,"href":"https:\/\/csstudio.caesarstone.ca\/fr\/wp-json\/wp\/v2\/users\/5"}],"replies":[{"embeddable":true,"href":"https:\/\/csstudio.caesarstone.ca\/fr\/wp-json\/wp\/v2\/comments?post=95061"}],"version-history":[{"count":8,"href":"https:\/\/csstudio.caesarstone.ca\/fr\/wp-json\/wp\/v2\/pages\/95061\/revisions"}],"predecessor-version":[{"id":100709,"href":"https:\/\/csstudio.caesarstone.ca\/fr\/wp-json\/wp\/v2\/pages\/95061\/revisions\/100709"}],"wp:attachment":[{"href":"https:\/\/csstudio.caesarstone.ca\/fr\/wp-json\/wp\/v2\/media?parent=95061"}],"curies":[{"name":"wp","href":"https:\/\/api.w.org\/{rel}","templated":true}]}}