{"id":94812,"date":"2023-06-14T11:57:43","date_gmt":"2023-06-14T08:57:43","guid":{"rendered":"https:\/\/csstudio.caesarstone.ca\/?page_id=94812"},"modified":"2023-06-14T11:57:44","modified_gmt":"2023-06-14T08:57:44","slug":"developpement-durable-et-environnement","status":"publish","type":"page","link":"https:\/\/csstudio.caesarstone.ca\/fr\/developpement-durable-et-environnement\/","title":{"rendered":"D\u00e9veloppement durable et environnement"},"content":{"rendered":"\n<p>Caesarstone \u00e0 coeur le d\u00e9veloppement durable et l\u2019environnement. Cette attitude \u00e9coresponsable s\u2019\u00e9tend de la fabrication jusqu\u2019au produit _ nal; d\u2019ailleurs, plusieurs nouvelles couleurs comprennent des mat\u00e9riaux recycl\u00e9s. Nous tenons aussi \u00e0 cr\u00e9er des produits durableset faciles d\u2019entretien qui favorisent la creation d\u2019environnements sains et une utilisation am\u00e9lior\u00e9e des ressources mat\u00e9rielles.<\/p>\n\n\n\n<p><strong>Conformit\u00e9 \u00e0 la norme NSF 51<\/strong><\/p>\n\n\n\n<p>Les surfaces en quartz Caesarstone sont conformes \u00e0 la norme de salubrit\u00e9 NSF 51 de l\u2019International Health and Safety Foundation, ce qui garantit qu\u2019elles sont s\u00e9curitaires dans tous les environnements alimentaires. Comme elles sont non poreuses, les surfaces freinent la croissance des moisissures, ce qui les rend hygi\u00e9niques.<\/p>\n\n\n\n<p><strong>D\u00e9claration sanitaire de produit<\/strong><\/p>\n\n\n\n<p>La d\u00e9claration sanitaire de produit (HPD) donne un portrait complet des produits chimiques<\/p>\n\n\n\n<p>potentiellement nocifs d\u2019un produit en comparant ses composants \u00e0 des listes de dangerosit\u00e9s prioritaires de GreenScreen for Safer Chemicals et \u00e0 celles d\u2019autres agences gouvernementales.<\/p>\n\n\n\n<p><strong>mindful MATERIALS<\/strong><\/p>\n\n\n\n<p>mindful MATERIALS (mM) est une plateforme gratuite qui rassemble des renseignements<\/p>\n\n\n\n<p>concernant les e_ ets sur la sant\u00e9 humaine et sur l\u2019environnement de produits d\u2019importants fabricants, v\u00e9ri_ \u00e9s par des experts d\u00e9vou\u00e9s \u00e0 faciliter la prise de d\u00e9cisions \u00e9clair\u00e9es. Les produits Caesarstone sont maintenant dans le r\u00e9pertoire mindful MATERIALS.<\/p>\n\n\n\n<p><strong>GREENGUARD<\/strong><\/p>\n\n\n\n<p>Les surfaces Caesarstone r\u00e9pondent aux exigences de l\u2019organisme am\u00e9ricain GREENGUARD Environmental Institute, qui v\u00e9ri e principalement qu\u2019elles r\u00e9pondent aux normes les plus strictes quant aux \u00e9missions dans l\u2019air int\u00e9rieur.<\/p>\n\n\n\n<p><strong>Homologation ISO 140001 et 9001<\/strong><\/p>\n\n\n\n<p>Caesarstone fut le premier fabricant de surfaces en quartz \u00e0 recevoir l\u2019homologation<\/p>\n\n\n\n<p>ISO 14001 et 9001 pour les syst\u00e8mes de management environnemental, qui a \u00e9t\u00e9 accord\u00e9e \u00e0 ses installations de fabrication outre-mer.<\/p>\n\n\n\n<p><strong>Certi_ cation LEED<\/strong><\/p>\n\n\n\n<p>Les surfaces en quartz Caesarstone peuvent contribuer \u00e0 l\u2019obtention de la certi_ cation LEED<\/p>\n\n\n\n<p>d\u2019un projet dans quatre cat\u00e9gories.<\/p>\n","protected":false},"excerpt":{"rendered":"<p>Caesarstone \u00e0 coeur le d\u00e9veloppement durable et l\u2019environnement. Cette attitude \u00e9coresponsable s\u2019\u00e9tend de la fabrication jusqu\u2019au produit _ nal; d\u2019ailleurs, plusieurs nouvelles couleurs comprennent des mat\u00e9riaux recycl\u00e9s. Nous tenons aussi \u00e0 cr\u00e9er des produits durableset faciles d\u2019entretien qui favorisent la creation d\u2019environnements sains et une utilisation am\u00e9lior\u00e9e des ressources mat\u00e9rielles. Conformit\u00e9 \u00e0 la norme NSF [&hellip;]<\/p>\n","protected":false},"author":7,"featured_media":91245,"parent":0,"menu_order":0,"comment_status":"closed","ping_status":"closed","template":"","meta":{"_acf_changed":false,"footnotes":""},"class_list":["post-94812","page","type-page","status-publish","has-post-thumbnail","hentry"],"acf":[],"yoast_head":"<!-- This site is optimized with the Yoast SEO Premium plugin v26.6 (Yoast SEO v26.6) - https:\/\/yoast.com\/wordpress\/plugins\/seo\/ -->\n<title>D\u00e9veloppement durable et environnement | Canada Pro<\/title>\n<meta name=\"robots\" content=\"index, follow, max-snippet:-1, max-image-preview:large, max-video-preview:-1\" \/>\n<link rel=\"canonical\" href=\"https:\/\/www.caesarstone.ca\/fr\/blog\/developpement-durable-et-environnement\/\" \/>\n<meta property=\"og:locale\" content=\"fr_CA\" \/>\n<meta property=\"og:type\" content=\"article\" \/>\n<meta property=\"og:title\" content=\"D\u00e9veloppement durable et environnement\" \/>\n<meta property=\"og:description\" content=\"Caesarstone \u00e0 coeur le d\u00e9veloppement durable et l\u2019environnement. Cette attitude \u00e9coresponsable s\u2019\u00e9tend de la fabrication jusqu\u2019au produit _ nal; d\u2019ailleurs, plusieurs nouvelles couleurs comprennent des mat\u00e9riaux recycl\u00e9s. Nous tenons aussi \u00e0 cr\u00e9er des produits durableset faciles d\u2019entretien qui favorisent la creation d\u2019environnements sains et une utilisation am\u00e9lior\u00e9e des ressources mat\u00e9rielles. Conformit\u00e9 \u00e0 la norme NSF [&hellip;]\" \/>\n<meta property=\"og:url\" content=\"https:\/\/www.caesarstone.ca\/fr\/blog\/developpement-durable-et-environnement\/\" \/>\n<meta property=\"og:site_name\" content=\"Canada Pro\" \/>\n<meta property=\"article:modified_time\" content=\"2023-06-14T08:57:44+00:00\" \/>\n<meta property=\"og:image\" content=\"https:\/\/studio.caesarstoneus.com\/wp-content\/uploads\/2021\/05\/1920_1080-man.jpg\" \/>\n\t<meta property=\"og:image:width\" content=\"1200\" \/>\n\t<meta property=\"og:image:height\" content=\"675\" \/>\n\t<meta property=\"og:image:type\" content=\"image\/jpeg\" \/>\n<meta name=\"twitter:card\" content=\"summary_large_image\" \/>\n<script type=\"application\/ld+json\" class=\"yoast-schema-graph\">{\"@context\":\"https:\/\/schema.org\",\"@graph\":[{\"@type\":\"WebPage\",\"@id\":\"https:\/\/csstudio.caesarstone.ca\/fr\/developpement-durable-et-environnement\/\",\"url\":\"https:\/\/www.caesarstone.ca\/fr\/blog\/developpement-durable-et-environnement\/\",\"name\":\"D\u00e9veloppement durable et environnement | Canada Pro\",\"isPartOf\":{\"@id\":\"https:\/\/csstudio.caesarstone.ca\/fr\/#website\"},\"primaryImageOfPage\":{\"@id\":\"https:\/\/www.caesarstone.ca\/fr\/blog\/developpement-durable-et-environnement\/#primaryimage\"},\"image\":{\"@id\":\"https:\/\/www.caesarstone.ca\/fr\/blog\/developpement-durable-et-environnement\/#primaryimage\"},\"thumbnailUrl\":\"https:\/\/studio.caesarstoneus.com\/wp-content\/uploads\/2021\/05\/1920_1080-man.jpg\",\"datePublished\":\"2023-06-14T08:57:43+00:00\",\"dateModified\":\"2023-06-14T08:57:44+00:00\",\"breadcrumb\":{\"@id\":\"https:\/\/www.caesarstone.ca\/fr\/blog\/developpement-durable-et-environnement\/#breadcrumb\"},\"inLanguage\":\"fr-CA\",\"potentialAction\":[{\"@type\":\"ReadAction\",\"target\":[\"https:\/\/www.caesarstone.ca\/fr\/blog\/developpement-durable-et-environnement\/\"]}]},{\"@type\":\"ImageObject\",\"inLanguage\":\"fr-CA\",\"@id\":\"https:\/\/www.caesarstone.ca\/fr\/blog\/developpement-durable-et-environnement\/#primaryimage\",\"url\":\"https:\/\/studio.caesarstoneus.com\/wp-content\/uploads\/2021\/05\/1920_1080-man.jpg\",\"contentUrl\":\"https:\/\/studio.caesarstoneus.com\/wp-content\/uploads\/2021\/05\/1920_1080-man.jpg\",\"width\":1200,\"height\":675},{\"@type\":\"BreadcrumbList\",\"@id\":\"https:\/\/www.caesarstone.ca\/fr\/blog\/developpement-durable-et-environnement\/#breadcrumb\",\"itemListElement\":[{\"@type\":\"ListItem\",\"position\":1,\"name\":\"Home\",\"item\":\"https:\/\/csstudio.caesarstone.ca\/fr\/\"},{\"@type\":\"ListItem\",\"position\":2,\"name\":\"D\u00e9veloppement durable et environnement\"}]},{\"@type\":\"WebSite\",\"@id\":\"https:\/\/csstudio.caesarstone.ca\/fr\/#website\",\"url\":\"https:\/\/csstudio.caesarstone.ca\/fr\/\",\"name\":\"Canada Pro\",\"description\":\"Life in Stone\",\"potentialAction\":[{\"@type\":\"SearchAction\",\"target\":{\"@type\":\"EntryPoint\",\"urlTemplate\":\"https:\/\/csstudio.caesarstone.ca\/fr\/?s={search_term_string}\"},\"query-input\":{\"@type\":\"PropertyValueSpecification\",\"valueRequired\":true,\"valueName\":\"search_term_string\"}}],\"inLanguage\":\"fr-CA\"}]}<\/script>\n<!-- \/ Yoast SEO Premium plugin. -->","yoast_head_json":{"title":"D\u00e9veloppement durable et environnement | Canada Pro","robots":{"index":"index","follow":"follow","max-snippet":"max-snippet:-1","max-image-preview":"max-image-preview:large","max-video-preview":"max-video-preview:-1"},"canonical":"https:\/\/www.caesarstone.ca\/fr\/blog\/developpement-durable-et-environnement\/","og_locale":"fr_CA","og_type":"article","og_title":"D\u00e9veloppement durable et environnement","og_description":"Caesarstone \u00e0 coeur le d\u00e9veloppement durable et l\u2019environnement. Cette attitude \u00e9coresponsable s\u2019\u00e9tend de la fabrication jusqu\u2019au produit _ nal; d\u2019ailleurs, plusieurs nouvelles couleurs comprennent des mat\u00e9riaux recycl\u00e9s. Nous tenons aussi \u00e0 cr\u00e9er des produits durableset faciles d\u2019entretien qui favorisent la creation d\u2019environnements sains et une utilisation am\u00e9lior\u00e9e des ressources mat\u00e9rielles. Conformit\u00e9 \u00e0 la norme NSF [&hellip;]","og_url":"https:\/\/www.caesarstone.ca\/fr\/blog\/developpement-durable-et-environnement\/","og_site_name":"Canada Pro","article_modified_time":"2023-06-14T08:57:44+00:00","og_image":[{"width":1200,"height":675,"url":"https:\/\/studio.caesarstoneus.com\/wp-content\/uploads\/2021\/05\/1920_1080-man.jpg","type":"image\/jpeg"}],"twitter_card":"summary_large_image","schema":{"@context":"https:\/\/schema.org","@graph":[{"@type":"WebPage","@id":"https:\/\/csstudio.caesarstone.ca\/fr\/developpement-durable-et-environnement\/","url":"https:\/\/www.caesarstone.ca\/fr\/blog\/developpement-durable-et-environnement\/","name":"D\u00e9veloppement durable et environnement | Canada Pro","isPartOf":{"@id":"https:\/\/csstudio.caesarstone.ca\/fr\/#website"},"primaryImageOfPage":{"@id":"https:\/\/www.caesarstone.ca\/fr\/blog\/developpement-durable-et-environnement\/#primaryimage"},"image":{"@id":"https:\/\/www.caesarstone.ca\/fr\/blog\/developpement-durable-et-environnement\/#primaryimage"},"thumbnailUrl":"https:\/\/studio.caesarstoneus.com\/wp-content\/uploads\/2021\/05\/1920_1080-man.jpg","datePublished":"2023-06-14T08:57:43+00:00","dateModified":"2023-06-14T08:57:44+00:00","breadcrumb":{"@id":"https:\/\/www.caesarstone.ca\/fr\/blog\/developpement-durable-et-environnement\/#breadcrumb"},"inLanguage":"fr-CA","potentialAction":[{"@type":"ReadAction","target":["https:\/\/www.caesarstone.ca\/fr\/blog\/developpement-durable-et-environnement\/"]}]},{"@type":"ImageObject","inLanguage":"fr-CA","@id":"https:\/\/www.caesarstone.ca\/fr\/blog\/developpement-durable-et-environnement\/#primaryimage","url":"https:\/\/studio.caesarstoneus.com\/wp-content\/uploads\/2021\/05\/1920_1080-man.jpg","contentUrl":"https:\/\/studio.caesarstoneus.com\/wp-content\/uploads\/2021\/05\/1920_1080-man.jpg","width":1200,"height":675},{"@type":"BreadcrumbList","@id":"https:\/\/www.caesarstone.ca\/fr\/blog\/developpement-durable-et-environnement\/#breadcrumb","itemListElement":[{"@type":"ListItem","position":1,"name":"Home","item":"https:\/\/csstudio.caesarstone.ca\/fr\/"},{"@type":"ListItem","position":2,"name":"D\u00e9veloppement durable et environnement"}]},{"@type":"WebSite","@id":"https:\/\/csstudio.caesarstone.ca\/fr\/#website","url":"https:\/\/csstudio.caesarstone.ca\/fr\/","name":"Canada Pro","description":"Life in Stone","potentialAction":[{"@type":"SearchAction","target":{"@type":"EntryPoint","urlTemplate":"https:\/\/csstudio.caesarstone.ca\/fr\/?s={search_term_string}"},"query-input":{"@type":"PropertyValueSpecification","valueRequired":true,"valueName":"search_term_string"}}],"inLanguage":"fr-CA"}]}},"_links":{"self":[{"href":"https:\/\/csstudio.caesarstone.ca\/fr\/wp-json\/wp\/v2\/pages\/94812","targetHints":{"allow":["GET"]}}],"collection":[{"href":"https:\/\/csstudio.caesarstone.ca\/fr\/wp-json\/wp\/v2\/pages"}],"about":[{"href":"https:\/\/csstudio.caesarstone.ca\/fr\/wp-json\/wp\/v2\/types\/page"}],"author":[{"embeddable":true,"href":"https:\/\/csstudio.caesarstone.ca\/fr\/wp-json\/wp\/v2\/users\/7"}],"replies":[{"embeddable":true,"href":"https:\/\/csstudio.caesarstone.ca\/fr\/wp-json\/wp\/v2\/comments?post=94812"}],"version-history":[{"count":2,"href":"https:\/\/csstudio.caesarstone.ca\/fr\/wp-json\/wp\/v2\/pages\/94812\/revisions"}],"predecessor-version":[{"id":94814,"href":"https:\/\/csstudio.caesarstone.ca\/fr\/wp-json\/wp\/v2\/pages\/94812\/revisions\/94814"}],"wp:featuredmedia":[{"embeddable":true,"href":"https:\/\/csstudio.caesarstone.ca\/fr\/wp-json\/wp\/v2\/media\/91245"}],"wp:attachment":[{"href":"https:\/\/csstudio.caesarstone.ca\/fr\/wp-json\/wp\/v2\/media?parent=94812"}],"curies":[{"name":"wp","href":"https:\/\/api.w.org\/{rel}","templated":true}]}}