{"id":94808,"date":"2023-06-14T11:38:56","date_gmt":"2023-06-14T08:38:56","guid":{"rendered":"https:\/\/csstudio.caesarstone.ca\/?page_id=94808"},"modified":"2023-06-14T11:38:57","modified_gmt":"2023-06-14T08:38:57","slug":"creer-la-salle-de-bains-a-aire-ouverte-parfaite","status":"publish","type":"page","link":"https:\/\/csstudio.caesarstone.ca\/fr\/creer-la-salle-de-bains-a-aire-ouverte-parfaite\/","title":{"rendered":"Cr\u00e9er la salle de bains \u00e0 aire ouverte parfaite"},"content":{"rendered":"\n<p>Les tendances en mati\u00e8re de d\u00e9coration int\u00e9rieure \u00e9voluent constamment et les options sont de plus en plus nombreuses pour les projets de r\u00e9novation et de r\u00e9am\u00e9nagement.<\/p>\n\n\n\n<p>L\u2019une des plus r\u00e9centes tendances en mati\u00e8re de salles de bains dans les espaces r\u00e9sidentiels est celle des salles de bains \u00e0 aire ouverte. Les salles de bains \u00e0 aire ouverte gagnent en popularit\u00e9 gr\u00e2ce \u00e0 leur esth\u00e9tique luxueuse et spacieuse.<\/p>\n\n\n\n<p>Voici quelques id\u00e9es cl\u00e9s que les propri\u00e9taires peuvent utiliser pour cr\u00e9er la salle de bains \u00e0 aire ouverte parfaite.<\/p>\n\n\n\n<h2 class=\"wp-block-heading\">Qu\u2019est-ce qu\u2019une salle de bains \u00e0 aire ouverte et pourquoi est-ce de plus en plus populaire?<\/h2>\n\n\n\n<p>Les salles de bains \u00e0 aire ouverte (\u00e9galement appel\u00e9es \u00ab salles de bains humides \u00bb) ne s\u00e9parent pas le secteur de la douche du reste de la salle de bains. Au contraire, ces salles de bains profitent de l\u2019espace suppl\u00e9mentaire en faisant la transition entre la douche et l<a href=\"https:\/\/www.caesarstone.ca\/fr\/blog\/13-idees-de-meuble-lavabo-qui-valent-leur-pesant-dor\/\">e meuble-lavabo<\/a>. Cela permet d\u2019obtenir une salle de bains minimaliste, mais spacieuse.<\/p>\n\n\n\n<p>Comme aucune structure ne divise cet espace, une fluidit\u00e9 absolue domine la salle de bains. Bien s\u00fbr, dans ce cas, tous les mat\u00e9riaux doivent \u00eatre \u00e9tanches \u00e0 l\u2019eau, car les surfaces sont toutes de m\u00eame niveau.<\/p>\n\n\n\n<h2 class=\"wp-block-heading\">Utilisation du quartz dans une salle de bains \u00e0 aire ouverte<\/h2>\n\n\n\n<p>Une salle de bains \u00e0 aire ouverte est un espace personnel \u00e0 la fois confortable et esth\u00e9tique.<\/p>\n\n\n\n<p>Son concept spacieux g\u00e9n\u00e8re une fluidit\u00e9 \u00e9quilibr\u00e9e (comme dans le feng shui) gr\u00e2ce \u00e0 son utilisation efficace de l\u2019espace. De plus, sa conception lumineuse et a\u00e9r\u00e9e cr\u00e9e un espace de salle de bains pour les propri\u00e9taires qui recherchent un environnement relaxant, simple et soign\u00e9 pour se d\u00e9tendre apr\u00e8s une longue journ\u00e9e de travail.<\/p>\n\n\n\n<p>Une porte en verre minimaliste et une douche \u00e0 aire ouverte donnent aux propri\u00e9taires la possibilit\u00e9 de compl\u00e9ter l\u2019espace avec des \u00e9l\u00e9ments suppl\u00e9mentaires. Par exemple, ils peuvent ajouter des \u00e9tag\u00e8res et des comptoirs de lavabo assortis au d\u00e9cor. Le r\u00e9sultat est un endroit propre et sans obstacle, qui ajoute \u00e0 l\u2019esth\u00e9tique minimaliste de l\u2019espace.<\/p>\n\n\n\n<p>Pour cr\u00e9er une salle de bains minimaliste de style nordique, un concept ouvert ne suffit pas. Les propri\u00e9taires peuvent obtenir un effet optimal en choisissant des surfaces, une d\u00e9coration et des accessoires appropri\u00e9s.<\/p>\n\n\n\n<p>En ce qui concerne les comptoirs, le&nbsp;<a href=\"https:\/\/www.caesarstone.ca\/fr\/vantages-du-quartz\/\">quartz<\/a>&nbsp;peut cr\u00e9er un look contemporain gr\u00e2ce \u00e0 ses caract\u00e9ristiques \u00e9l\u00e9gantes et \u00e9pur\u00e9es. L\u2019utilisation de quartz de qualit\u00e9 sup\u00e9rieure \u00e0 plusieurs endroits peut g\u00e9n\u00e9rer un look \u00e9pur\u00e9 et homog\u00e8ne.<\/p>\n\n\n\n<p>Par exemple, les propri\u00e9taires qui souhaitent des comptoirs de couleur fonc\u00e9e peuvent opter pour un produit comme le&nbsp;<a href=\"https:\/\/www.caesarstone.ca\/catalog\/5810-black-tempal\/\">5810 Black Tempal<\/a>&nbsp;de Caesarstone, de la collection Metropolitan. Le 5810 Black Tempal offre une texture anthracite qui peut s\u2019ajouter \u00e0 n\u2019importe quelle salle de bains \u00e0 aire ouverte, ou presque.<\/p>\n\n\n\n<p>La&nbsp;<a href=\"https:\/\/www.caesarstone.ca\/fr\/the-pebbles-collection\/\">collection Pebbles de Caesarstone<\/a>&nbsp;pr\u00e9sente une vari\u00e9t\u00e9 de produits inspir\u00e9s par la nature qui rehaussent les salles de bains en les rendant plus esth\u00e9tiques.<\/p>\n\n\n\n<p>Pour une apparence plus l\u00e9g\u00e8re, le\u00a0<a href=\"https:\/\/www.caesarstone.ca\/fr\/catalog\/1001-riverlet\/\">1001 Riverlet<\/a>\u00a0est une option formidable. Le 1001 Riverlet est souvent utilis\u00e9 pour cr\u00e9er un effet doux qui attire davantage de lumi\u00e8re dans les salles de bains \u00e0 aire ouverte en raison de sa finition polie et \u00e9pur\u00e9e.<\/p>\n\n\n\n<figure class=\"wp-block-image size-large\"><img loading=\"lazy\" decoding=\"async\" width=\"1024\" height=\"576\" src=\"https:\/\/studio.caesarstoneus.com\/wp-content\/uploads\/2020\/12\/5130_Cosmopolitan-White_render_cu-1920X1080-1024x576.jpg\" alt=\"\" class=\"wp-image-89476\" srcset=\"https:\/\/studio.caesarstoneus.com\/wp-content\/uploads\/2020\/12\/5130_Cosmopolitan-White_render_cu-1920X1080-1024x576.jpg 1024w, https:\/\/studio.caesarstoneus.com\/wp-content\/uploads\/2020\/12\/5130_Cosmopolitan-White_render_cu-1920X1080-300x169.jpg 300w, https:\/\/studio.caesarstoneus.com\/wp-content\/uploads\/2020\/12\/5130_Cosmopolitan-White_render_cu-1920X1080-768x432.jpg 768w, https:\/\/studio.caesarstoneus.com\/wp-content\/uploads\/2020\/12\/5130_Cosmopolitan-White_render_cu-1920X1080-1536x864.jpg 1536w, https:\/\/studio.caesarstoneus.com\/wp-content\/uploads\/2020\/12\/5130_Cosmopolitan-White_render_cu-1920X1080.jpg 1920w\" sizes=\"auto, (max-width: 1024px) 100vw, 1024px\" \/><figcaption class=\"wp-element-caption\"><a href=\"https:\/\/www.caesarstone.ca\/fr\/catalog\/5130-cosmopolitan-white\/\">5130 Cosmopolitan White<\/a><\/figcaption><\/figure>\n\n\n\n<p>Le&nbsp;<a href=\"https:\/\/www.caesarstone.ca\/fr\/catalog\/1141-pure-white\/\">1141 Pure White<\/a>&nbsp;de Caesarstone se caract\u00e9rise par des couleurs et des tons doux, ce qui en fait un excellent choix pour les salles de bains \u00e0 aire ouverte. Le 1141 Pure White est une option populaire qui peut donner un sentiment neutre et subtil \u00e0 la plupart des salles de bains.<\/p>\n\n\n\n<p>Un autre \u00e9l\u00e9ment cl\u00e9 du design de la salle de bains ouverte est la robinetterie contemporaine au design \u00e9l\u00e9gant en m\u00e9tal dor\u00e9 ou argent\u00e9. De plus, les luminaires de style industriel peuvent contribuer positivement \u00e0 cette salle de bains \u00e0 aire ouverte minimaliste.<\/p>\n\n\n\n<h2 class=\"wp-block-heading\">Quels sont les avantages d\u2019une salle de bains \u00e0 aire ouverte?<\/h2>\n\n\n\n<p>Il existe plusieurs avantages \u00e0 une salle de bains \u00e0 aire ouverte. En effet, un petit espace peut ainsi para\u00eetre plus grand et plus ouvert.<\/p>\n\n\n\n<p>Cela peut \u00eatre particuli\u00e8rement utile dans une salle de bains principale \u00e0 aire ouverte, o\u00f9 l\u2019espace adjacent \u00e0 la chambre \u00e0 coucher est souvent la priorit\u00e9 dans la maison.<\/p>\n\n\n\n<p>La conception d\u2019une salle de bains ouverte n\u2019est pas compliqu\u00e9e; il y a plusieurs choses que vous pouvez faire pour cr\u00e9er un espace coh\u00e9rent et homog\u00e8ne. Il est m\u00eame possible de choisir<\/p>\n\n\n\n<p>un seul type de carrelage pour l\u2019ensemble de la salle de bains et de cr\u00e9er une disposition uniforme.<\/p>\n\n\n\n<p>Les salles de bains \u00e0 aire ouverte peuvent \u00eatre plus faciles \u00e0 nettoyer et \u00e0 entretenir. Il y a moins d\u2019endroits cach\u00e9s et de recoins o\u00f9 la salet\u00e9 et la poussi\u00e8re peuvent s\u2019accumuler, et la disposition ouverte permet d\u2019acc\u00e9der facilement partout.<\/p>\n\n\n\n<p>Un autre avantage d\u2019une salle de bains \u00e0 aire ouverte est sa luminosit\u00e9. Comme il n\u2019y a pas de murs ni de portes dans cet espace, la lumi\u00e8re du soleil peut y p\u00e9n\u00e9trer et apporter une touche de fra\u00eecheur tout en offrant une meilleure ventilation.<\/p>\n\n\n\n<figure class=\"wp-block-image size-large\"><img loading=\"lazy\" decoding=\"async\" width=\"1024\" height=\"800\" src=\"https:\/\/studio.caesarstoneus.com\/wp-content\/uploads\/2021\/05\/5212_Taj-Royale_5212_Taj_Royal_render_cu-1024x800.jpg\" alt=\"\" class=\"wp-image-91170\" srcset=\"https:\/\/studio.caesarstoneus.com\/wp-content\/uploads\/2021\/05\/5212_Taj-Royale_5212_Taj_Royal_render_cu-1024x800.jpg 1024w, https:\/\/studio.caesarstoneus.com\/wp-content\/uploads\/2021\/05\/5212_Taj-Royale_5212_Taj_Royal_render_cu-300x234.jpg 300w, https:\/\/studio.caesarstoneus.com\/wp-content\/uploads\/2021\/05\/5212_Taj-Royale_5212_Taj_Royal_render_cu-768x600.jpg 768w, https:\/\/studio.caesarstoneus.com\/wp-content\/uploads\/2021\/05\/5212_Taj-Royale_5212_Taj_Royal_render_cu.jpg 1298w\" sizes=\"auto, (max-width: 1024px) 100vw, 1024px\" \/><figcaption class=\"wp-element-caption\"><a href=\"https:\/\/www.caesarstone.ca\/fr\/catalog\/5212-taj-royale\/\">5212 Taj Royale<\/a><\/figcaption><\/figure>\n\n\n\n<h2 class=\"wp-block-heading\">Diff\u00e9rents styles pour les salles de bains \u00e0 aire ouverte<\/h2>\n\n\n\n<p>Diff\u00e9rents \u00e9l\u00e9ments de design peuvent ajouter diverses caract\u00e9ristiques \u00e0 la fonctionnalit\u00e9 et \u00e0 l\u2019esth\u00e9tique des salles de bains. L\u2019utilisation de carreaux \u00e0 motifs g\u00e9om\u00e9triques, de parois de douche en verre ou d\u2019un rev\u00eatement de sol uniforme peut contribuer \u00e0 l\u2019atmosph\u00e8re contemporaine d\u2019une salle de bains \u00e0 aire ouverte, en particulier lorsque l\u2019on utilise des comptoirs en quartz dans cet espace.<\/p>\n\n\n\n<h3 class=\"wp-block-heading\">Des parois de douche en verre<\/h3>\n\n\n\n<p>Les cabines de douche sans rebord sont un \u00e9l\u00e9ment important de ce concept de salle de bains \u00e0 aire ouverte, et elles peuvent donner aux propri\u00e9taires l\u2019impression d\u2019\u00eatre dans un spa sans pour autant quitter le confort de leur maison.<\/p>\n\n\n\n<p>Un concept de douche ouverte compos\u00e9 de panneaux sans cadre minimisera le sentiment de s\u00e9paration entre les diff\u00e9rentes zones de la salle de bains. De plus, il ajoute de la texture et de la fluidit\u00e9, puisqu\u2019il permet de combiner la douche et le sol de la salle de bains.<\/p>\n\n\n\n<h3 class=\"wp-block-heading\">Des carreaux \u00e0 motif g\u00e9om\u00e9trique<\/h3>\n\n\n\n<p>Les propri\u00e9taires peuvent assortir des carreaux aux formes et aux motifs g\u00e9om\u00e9triques \u00e0 plusieurs types de comptoirs en quartz. C\u2019est une excellente fa\u00e7on d\u2019exprimer leur sens du style unique.<\/p>\n\n\n\n<p>\u00c9tant donn\u00e9 qu\u2019une salle de bains \u00e0 aire ouverte se pr\u00e9sente mieux avec des couleurs contemporaines, les propri\u00e9taires devraient envisager d\u2019utiliser des mat\u00e9riaux apaisants comme le\u00a0<a href=\"https:\/\/www.caesarstone.ca\/fr\/catalog\/5151-empira-white\/\">5151 Empira White<\/a>\u00a0de Caesarstone. L\u2019association du quartz Caesarstone de haute qualit\u00e9 \u00e0 des carreaux hexagonaux de couleur p\u00e2le peut \u00eatre tout \u00e0 fait remarquable.<\/p>\n\n\n\n<figure class=\"wp-block-image size-large\"><img loading=\"lazy\" decoding=\"async\" width=\"1024\" height=\"576\" src=\"https:\/\/studio.caesarstoneus.com\/wp-content\/uploads\/2021\/09\/5143_White-Attica_5143_White_Attica-render-1200x675-1-1024x576.jpg\" alt=\"\" class=\"wp-image-92441\" srcset=\"https:\/\/studio.caesarstoneus.com\/wp-content\/uploads\/2021\/09\/5143_White-Attica_5143_White_Attica-render-1200x675-1-1024x576.jpg 1024w, https:\/\/studio.caesarstoneus.com\/wp-content\/uploads\/2021\/09\/5143_White-Attica_5143_White_Attica-render-1200x675-1-300x169.jpg 300w, https:\/\/studio.caesarstoneus.com\/wp-content\/uploads\/2021\/09\/5143_White-Attica_5143_White_Attica-render-1200x675-1-768x432.jpg 768w, https:\/\/studio.caesarstoneus.com\/wp-content\/uploads\/2021\/09\/5143_White-Attica_5143_White_Attica-render-1200x675-1.jpg 1200w\" sizes=\"auto, (max-width: 1024px) 100vw, 1024px\" \/><figcaption class=\"wp-element-caption\"><a href=\"https:\/\/www.caesarstone.ca\/fr\/catalog\/5143-white-attica\/\">5143 White Attica<\/a><\/figcaption><\/figure>\n\n\n\n<h3 class=\"wp-block-heading\">Un carrelage uniforme<\/h3>\n\n\n\n<p>On peut choisir diff\u00e9rents mat\u00e9riaux de sol pour diff\u00e9rents secteurs, mais dans ce cas, choisir le mauvais type de carrelage pour une salle de bains peut donner un aspect surcharg\u00e9. C\u2019est<\/p>\n\n\n\n<p>pourquoi le choix d\u2019un seul type de carrelage pour l\u2019ensemble de la salle de bains, surtout dans une palette de couleurs monochromes, apporte une touche luxueuse et sophistiqu\u00e9e.<\/p>\n\n\n\n<p>Les propri\u00e9taires qui souhaitent utiliser un type et une couleur de carrelage uniforme peuvent opter pour un produit en quartz de style traditionnel pour leurs comptoirs, comme le&nbsp;<a href=\"https:\/\/www.caesarstone.ca\/fr\/catalog\/1006-agger-grey\/\">1006 Agger Grey<\/a>&nbsp;de Caesarstone qui offre un m\u00e9lange parfait d\u2019\u00e9l\u00e9gance et de subtilit\u00e9. Voil\u00e0 un excellent compl\u00e9ment \u00e0 une salle de bains moderne \u00e0 aire ouverte.<\/p>\n\n\n\n<h2 class=\"wp-block-heading\">Cr\u00e9er la salle de bains \u00e0 aire ouverte parfaite \u2013 Conclusion<\/h2>\n\n\n\n<p>Les propri\u00e9taires qui h\u00e9sitent entre une disposition traditionnelle et une salle de bains \u00e0 aire ouverte devraient essayer cette option contemporaine minimaliste.<\/p>\n\n\n\n<p>Avec son concept frais et \u00e9pur\u00e9, la salle de bains \u00e0 aire ouverte permet d\u2019exploiter au mieux l\u2019espace et apporte une touche de style nordique gr\u00e2ce \u00e0 son esth\u00e9tique \u00e9pur\u00e9e. Cette disposition donne \u00e9galement aux propri\u00e9taires une occasion parfaite d\u2019exprimer leurs go\u00fbts personnels.<\/p>\n\n\n\n<div class=\"wp-block-buttons is-content-justification-center is-layout-flex wp-container-core-buttons-is-layout-16018d1d wp-block-buttons-is-layout-flex\">\n<div class=\"wp-block-button is-style-outline is-style-outline--1\"><a class=\"wp-block-button__link wp-element-button\" href=\"https:\/\/csstudio.caesarstone.ca\/caesarstone-samples\/\" style=\"border-radius:3px\" target=\"_blank\" rel=\"noreferrer noopener\">Commander Des \u00c9chantillons<\/a><\/div>\n<\/div>\n","protected":false},"excerpt":{"rendered":"<p>Les tendances en mati\u00e8re de d\u00e9coration int\u00e9rieure \u00e9voluent constamment et les options sont de plus en plus nombreuses pour les projets de r\u00e9novation et de r\u00e9am\u00e9nagement. L\u2019une des plus r\u00e9centes tendances en mati\u00e8re de salles de bains dans les espaces r\u00e9sidentiels est celle des salles de bains \u00e0 aire ouverte. Les salles de bains \u00e0 [&hellip;]<\/p>\n","protected":false},"author":7,"featured_media":94809,"parent":0,"menu_order":0,"comment_status":"closed","ping_status":"closed","template":"","meta":{"_acf_changed":false,"footnotes":""},"class_list":["post-94808","page","type-page","status-publish","has-post-thumbnail","hentry"],"acf":[],"yoast_head":"<!-- This site is optimized with the Yoast SEO Premium plugin v26.6 (Yoast SEO v26.6) - https:\/\/yoast.com\/wordpress\/plugins\/seo\/ -->\n<title>Cr\u00e9er la salle de bains \u00e0 aire ouverte parfaite | Canada Pro<\/title>\n<meta name=\"robots\" content=\"index, follow, max-snippet:-1, max-image-preview:large, max-video-preview:-1\" \/>\n<link rel=\"canonical\" href=\"https:\/\/www.caesarstone.ca\/fr\/blog\/creer-la-salle-de-bains-a-aire-ouverte-parfaite\/\" \/>\n<meta property=\"og:locale\" content=\"fr_CA\" \/>\n<meta property=\"og:type\" content=\"article\" \/>\n<meta property=\"og:title\" content=\"Cr\u00e9er la salle de bains \u00e0 aire ouverte parfaite\" \/>\n<meta property=\"og:description\" content=\"Les tendances en mati\u00e8re de d\u00e9coration int\u00e9rieure \u00e9voluent constamment et les options sont de plus en plus nombreuses pour les projets de r\u00e9novation et de r\u00e9am\u00e9nagement. L\u2019une des plus r\u00e9centes tendances en mati\u00e8re de salles de bains dans les espaces r\u00e9sidentiels est celle des salles de bains \u00e0 aire ouverte. Les salles de bains \u00e0 [&hellip;]\" \/>\n<meta property=\"og:url\" content=\"https:\/\/www.caesarstone.ca\/fr\/blog\/creer-la-salle-de-bains-a-aire-ouverte-parfaite\/\" \/>\n<meta property=\"og:site_name\" content=\"Canada Pro\" \/>\n<meta property=\"article:modified_time\" content=\"2023-06-14T08:38:57+00:00\" \/>\n<meta property=\"og:image\" content=\"https:\/\/studio.caesarstoneus.com\/wp-content\/uploads\/2023\/06\/farmhouse-kitchen-and-dining-room-768x576-1.jpg\" \/>\n\t<meta property=\"og:image:width\" content=\"768\" \/>\n\t<meta property=\"og:image:height\" content=\"576\" \/>\n\t<meta property=\"og:image:type\" content=\"image\/jpeg\" \/>\n<meta name=\"twitter:card\" content=\"summary_large_image\" \/>\n<script type=\"application\/ld+json\" class=\"yoast-schema-graph\">{\"@context\":\"https:\/\/schema.org\",\"@graph\":[{\"@type\":\"WebPage\",\"@id\":\"https:\/\/csstudio.caesarstone.ca\/fr\/creer-la-salle-de-bains-a-aire-ouverte-parfaite\/\",\"url\":\"https:\/\/www.caesarstone.ca\/fr\/blog\/creer-la-salle-de-bains-a-aire-ouverte-parfaite\/\",\"name\":\"Cr\u00e9er la salle de bains \u00e0 aire ouverte parfaite | Canada Pro\",\"isPartOf\":{\"@id\":\"https:\/\/csstudio.caesarstone.ca\/fr\/#website\"},\"primaryImageOfPage\":{\"@id\":\"https:\/\/www.caesarstone.ca\/fr\/blog\/creer-la-salle-de-bains-a-aire-ouverte-parfaite\/#primaryimage\"},\"image\":{\"@id\":\"https:\/\/www.caesarstone.ca\/fr\/blog\/creer-la-salle-de-bains-a-aire-ouverte-parfaite\/#primaryimage\"},\"thumbnailUrl\":\"https:\/\/studio.caesarstoneus.com\/wp-content\/uploads\/2023\/06\/farmhouse-kitchen-and-dining-room-768x576-1.jpg\",\"datePublished\":\"2023-06-14T08:38:56+00:00\",\"dateModified\":\"2023-06-14T08:38:57+00:00\",\"breadcrumb\":{\"@id\":\"https:\/\/www.caesarstone.ca\/fr\/blog\/creer-la-salle-de-bains-a-aire-ouverte-parfaite\/#breadcrumb\"},\"inLanguage\":\"fr-CA\",\"potentialAction\":[{\"@type\":\"ReadAction\",\"target\":[\"https:\/\/www.caesarstone.ca\/fr\/blog\/creer-la-salle-de-bains-a-aire-ouverte-parfaite\/\"]}]},{\"@type\":\"ImageObject\",\"inLanguage\":\"fr-CA\",\"@id\":\"https:\/\/www.caesarstone.ca\/fr\/blog\/creer-la-salle-de-bains-a-aire-ouverte-parfaite\/#primaryimage\",\"url\":\"https:\/\/studio.caesarstoneus.com\/wp-content\/uploads\/2023\/06\/farmhouse-kitchen-and-dining-room-768x576-1.jpg\",\"contentUrl\":\"https:\/\/studio.caesarstoneus.com\/wp-content\/uploads\/2023\/06\/farmhouse-kitchen-and-dining-room-768x576-1.jpg\",\"width\":768,\"height\":576,\"caption\":\"farmhouse-kitchen\"},{\"@type\":\"BreadcrumbList\",\"@id\":\"https:\/\/www.caesarstone.ca\/fr\/blog\/creer-la-salle-de-bains-a-aire-ouverte-parfaite\/#breadcrumb\",\"itemListElement\":[{\"@type\":\"ListItem\",\"position\":1,\"name\":\"Home\",\"item\":\"https:\/\/csstudio.caesarstone.ca\/fr\/\"},{\"@type\":\"ListItem\",\"position\":2,\"name\":\"Cr\u00e9er la salle de bains \u00e0 aire ouverte parfaite\"}]},{\"@type\":\"WebSite\",\"@id\":\"https:\/\/csstudio.caesarstone.ca\/fr\/#website\",\"url\":\"https:\/\/csstudio.caesarstone.ca\/fr\/\",\"name\":\"Canada Pro\",\"description\":\"Life in Stone\",\"potentialAction\":[{\"@type\":\"SearchAction\",\"target\":{\"@type\":\"EntryPoint\",\"urlTemplate\":\"https:\/\/csstudio.caesarstone.ca\/fr\/?s={search_term_string}\"},\"query-input\":{\"@type\":\"PropertyValueSpecification\",\"valueRequired\":true,\"valueName\":\"search_term_string\"}}],\"inLanguage\":\"fr-CA\"}]}<\/script>\n<!-- \/ Yoast SEO Premium plugin. -->","yoast_head_json":{"title":"Cr\u00e9er la salle de bains \u00e0 aire ouverte parfaite | Canada Pro","robots":{"index":"index","follow":"follow","max-snippet":"max-snippet:-1","max-image-preview":"max-image-preview:large","max-video-preview":"max-video-preview:-1"},"canonical":"https:\/\/www.caesarstone.ca\/fr\/blog\/creer-la-salle-de-bains-a-aire-ouverte-parfaite\/","og_locale":"fr_CA","og_type":"article","og_title":"Cr\u00e9er la salle de bains \u00e0 aire ouverte parfaite","og_description":"Les tendances en mati\u00e8re de d\u00e9coration int\u00e9rieure \u00e9voluent constamment et les options sont de plus en plus nombreuses pour les projets de r\u00e9novation et de r\u00e9am\u00e9nagement. L\u2019une des plus r\u00e9centes tendances en mati\u00e8re de salles de bains dans les espaces r\u00e9sidentiels est celle des salles de bains \u00e0 aire ouverte. Les salles de bains \u00e0 [&hellip;]","og_url":"https:\/\/www.caesarstone.ca\/fr\/blog\/creer-la-salle-de-bains-a-aire-ouverte-parfaite\/","og_site_name":"Canada Pro","article_modified_time":"2023-06-14T08:38:57+00:00","og_image":[{"width":768,"height":576,"url":"https:\/\/studio.caesarstoneus.com\/wp-content\/uploads\/2023\/06\/farmhouse-kitchen-and-dining-room-768x576-1.jpg","type":"image\/jpeg"}],"twitter_card":"summary_large_image","schema":{"@context":"https:\/\/schema.org","@graph":[{"@type":"WebPage","@id":"https:\/\/csstudio.caesarstone.ca\/fr\/creer-la-salle-de-bains-a-aire-ouverte-parfaite\/","url":"https:\/\/www.caesarstone.ca\/fr\/blog\/creer-la-salle-de-bains-a-aire-ouverte-parfaite\/","name":"Cr\u00e9er la salle de bains \u00e0 aire ouverte parfaite | Canada Pro","isPartOf":{"@id":"https:\/\/csstudio.caesarstone.ca\/fr\/#website"},"primaryImageOfPage":{"@id":"https:\/\/www.caesarstone.ca\/fr\/blog\/creer-la-salle-de-bains-a-aire-ouverte-parfaite\/#primaryimage"},"image":{"@id":"https:\/\/www.caesarstone.ca\/fr\/blog\/creer-la-salle-de-bains-a-aire-ouverte-parfaite\/#primaryimage"},"thumbnailUrl":"https:\/\/studio.caesarstoneus.com\/wp-content\/uploads\/2023\/06\/farmhouse-kitchen-and-dining-room-768x576-1.jpg","datePublished":"2023-06-14T08:38:56+00:00","dateModified":"2023-06-14T08:38:57+00:00","breadcrumb":{"@id":"https:\/\/www.caesarstone.ca\/fr\/blog\/creer-la-salle-de-bains-a-aire-ouverte-parfaite\/#breadcrumb"},"inLanguage":"fr-CA","potentialAction":[{"@type":"ReadAction","target":["https:\/\/www.caesarstone.ca\/fr\/blog\/creer-la-salle-de-bains-a-aire-ouverte-parfaite\/"]}]},{"@type":"ImageObject","inLanguage":"fr-CA","@id":"https:\/\/www.caesarstone.ca\/fr\/blog\/creer-la-salle-de-bains-a-aire-ouverte-parfaite\/#primaryimage","url":"https:\/\/studio.caesarstoneus.com\/wp-content\/uploads\/2023\/06\/farmhouse-kitchen-and-dining-room-768x576-1.jpg","contentUrl":"https:\/\/studio.caesarstoneus.com\/wp-content\/uploads\/2023\/06\/farmhouse-kitchen-and-dining-room-768x576-1.jpg","width":768,"height":576,"caption":"farmhouse-kitchen"},{"@type":"BreadcrumbList","@id":"https:\/\/www.caesarstone.ca\/fr\/blog\/creer-la-salle-de-bains-a-aire-ouverte-parfaite\/#breadcrumb","itemListElement":[{"@type":"ListItem","position":1,"name":"Home","item":"https:\/\/csstudio.caesarstone.ca\/fr\/"},{"@type":"ListItem","position":2,"name":"Cr\u00e9er la salle de bains \u00e0 aire ouverte parfaite"}]},{"@type":"WebSite","@id":"https:\/\/csstudio.caesarstone.ca\/fr\/#website","url":"https:\/\/csstudio.caesarstone.ca\/fr\/","name":"Canada Pro","description":"Life in Stone","potentialAction":[{"@type":"SearchAction","target":{"@type":"EntryPoint","urlTemplate":"https:\/\/csstudio.caesarstone.ca\/fr\/?s={search_term_string}"},"query-input":{"@type":"PropertyValueSpecification","valueRequired":true,"valueName":"search_term_string"}}],"inLanguage":"fr-CA"}]}},"_links":{"self":[{"href":"https:\/\/csstudio.caesarstone.ca\/fr\/wp-json\/wp\/v2\/pages\/94808","targetHints":{"allow":["GET"]}}],"collection":[{"href":"https:\/\/csstudio.caesarstone.ca\/fr\/wp-json\/wp\/v2\/pages"}],"about":[{"href":"https:\/\/csstudio.caesarstone.ca\/fr\/wp-json\/wp\/v2\/types\/page"}],"author":[{"embeddable":true,"href":"https:\/\/csstudio.caesarstone.ca\/fr\/wp-json\/wp\/v2\/users\/7"}],"replies":[{"embeddable":true,"href":"https:\/\/csstudio.caesarstone.ca\/fr\/wp-json\/wp\/v2\/comments?post=94808"}],"version-history":[{"count":1,"href":"https:\/\/csstudio.caesarstone.ca\/fr\/wp-json\/wp\/v2\/pages\/94808\/revisions"}],"predecessor-version":[{"id":94811,"href":"https:\/\/csstudio.caesarstone.ca\/fr\/wp-json\/wp\/v2\/pages\/94808\/revisions\/94811"}],"wp:featuredmedia":[{"embeddable":true,"href":"https:\/\/csstudio.caesarstone.ca\/fr\/wp-json\/wp\/v2\/media\/94809"}],"wp:attachment":[{"href":"https:\/\/csstudio.caesarstone.ca\/fr\/wp-json\/wp\/v2\/media?parent=94808"}],"curies":[{"name":"wp","href":"https:\/\/api.w.org\/{rel}","templated":true}]}}