{"id":94793,"date":"2023-06-14T11:21:28","date_gmt":"2023-06-14T08:21:28","guid":{"rendered":"https:\/\/csstudio.caesarstone.ca\/?page_id=94793"},"modified":"2023-06-14T11:32:24","modified_gmt":"2023-06-14T08:32:24","slug":"7-astuces-pour-lorganisation-des-comptoirs-de-cuisine","status":"publish","type":"page","link":"https:\/\/csstudio.caesarstone.ca\/fr\/7-astuces-pour-lorganisation-des-comptoirs-de-cuisine\/","title":{"rendered":"7 astuces pour l\u2019organisation des comptoirs de cuisine\u00a0"},"content":{"rendered":"\n<p>Le comptoir de cuisine est un espace de la maison qui peut facilement devenir encombr\u00e9 et dominant.&nbsp;&nbsp;<\/p>\n\n\n\n<p>Quoi qu\u2019il en soit, de nombreux propri\u00e9taires cherchent des fa\u00e7ons cr\u00e9atives d\u2019utiliser cet espace pour entreposer des objets sans l\u2019encombrer.&nbsp;<\/p>\n\n\n\n<p>La cuisine n\u2019est pas seulement un endroit o\u00f9 cuisiner et manger des repas, mais elle peut aussi \u00eatre un lieu de divertissement et de socialisation. C\u2019est pourquoi il est important de la garder organis\u00e9e et d\u2019utiliser des mat\u00e9riaux durables. Au nombre des principaux mat\u00e9riaux durables offerts dans un nombre illimit\u00e9 de&nbsp;<a href=\"https:\/\/www.caesarstone.ca\/fr\/catalogue\/\" target=\"_blank\" rel=\"noreferrer noopener\">couleurs<\/a>, on compte les comptoirs en quartz. Les surfaces en quartz de haute qualit\u00e9 ne font pas que rehausser l\u2019\u00e9l\u00e9gance de la cuisine, elles impressionnent \u00e9galement les propri\u00e9taires par leur durabilit\u00e9 et minimalisme.&nbsp;<\/p>\n\n\n\n<p>Voici quelques bons moyens pour veiller \u00e0 ce que votre organisation de comptoir de cuisine soit fonctionnelle et sophistiqu\u00e9e, m\u00eame dans les espaces r\u00e9duits.&nbsp;<\/p>\n\n\n\n<figure class=\"wp-block-image size-large\"><img loading=\"lazy\" decoding=\"async\" width=\"1024\" height=\"682\" src=\"https:\/\/studio.caesarstoneus.com\/wp-content\/uploads\/2023\/06\/4044_Airy-Concrete_4044-Airy-Concrete_jpeg-1024x682.jpg\" alt=\"\" class=\"wp-image-94795\" srcset=\"https:\/\/studio.caesarstoneus.com\/wp-content\/uploads\/2023\/06\/4044_Airy-Concrete_4044-Airy-Concrete_jpeg-1024x682.jpg 1024w, https:\/\/studio.caesarstoneus.com\/wp-content\/uploads\/2023\/06\/4044_Airy-Concrete_4044-Airy-Concrete_jpeg-300x200.jpg 300w, https:\/\/studio.caesarstoneus.com\/wp-content\/uploads\/2023\/06\/4044_Airy-Concrete_4044-Airy-Concrete_jpeg-768x511.jpg 768w, https:\/\/studio.caesarstoneus.com\/wp-content\/uploads\/2023\/06\/4044_Airy-Concrete_4044-Airy-Concrete_jpeg.jpg 1200w\" sizes=\"auto, (max-width: 1024px) 100vw, 1024px\" \/><figcaption class=\"wp-element-caption\"><a href=\"https:\/\/www.caesarstone.ca\/fr\/catalog\/4044-airy-concrete\/\" target=\"_blank\" rel=\"noreferrer noopener\">4044 Airy Concrete<\/a><\/figcaption><\/figure>\n\n\n\n<h2 class=\"wp-block-heading\">1. Paniers et bols&nbsp;<\/h2>\n\n\n\n<p>Une fa\u00e7on d\u2019organiser le comptoir est d\u2019utiliser des paniers et des bols. Ceux-ci peuvent aider \u00e0 lib\u00e9rer de l\u2019espace et rendre plus facile de trouver les objets gr\u00e2ce \u00e0 un aspect \u00e9pur\u00e9.&nbsp;&nbsp;<\/p>\n\n\n\n<p>Les fruits et l\u00e9gumes peuvent \u00eatre servis dans un bol profond sur pi\u00e9destal pour donner une esth\u00e9tique rustique. Si on pr\u00e9f\u00e8re un style contemporain, les paniers en m\u00e9tal sont un meilleur choix.&nbsp;<\/p>\n\n\n\n<h2 class=\"wp-block-heading\">2. Planches \u00e0 d\u00e9couper&nbsp;<\/h2>\n\n\n\n<p>Rassembler toutes les planches \u00e0 d\u00e9couper et les transformer en objets d\u00e9coratifs. Pour utiliser les planches \u00e0 d\u00e9couper comme \u00e9l\u00e9ment de d\u00e9coration, il est pr\u00e9f\u00e9rable d\u2019utiliser celles en bois. Les objets en bois peuvent adoucir l\u2019apparence de la cuisine, en particulier si les couleurs dominantes sont fonc\u00e9es. Gr\u00e2ce \u00e0 l\u2019importance des contrastes, les mat\u00e9riaux ocre ajoutent de la chaleur \u00e0 l\u2019organisation du comptoir sans co\u00fbter trop cher.&nbsp;&nbsp;<\/p>\n\n\n\n<p>De nos jours, les propri\u00e9taires qui cherchent le comptoir en quartz parfait pour donner une certaine tranquillit\u00e9 \u00e0 leur cuisine peuvent visiter la page de catalogue de Caesarstone pour consulter l\u2019inspirante&nbsp;<a href=\"https:\/\/www.caesarstone.ca\/fr\/the-pebbles-collection\/\" target=\"_blank\" rel=\"noreferrer noopener\">collection Pebbles<\/a>&nbsp;et ses textures naturelles.<\/p>\n\n\n\n<h2 class=\"wp-block-heading\">3. Pr\u00e9sentoirs d\u2019\u00e9pices cr\u00e9atives&nbsp;<\/h2>\n\n\n\n<p>Pr\u00e9senter les \u00e9pices et les huiles donne un air invitant et peut aussi inspirer les propri\u00e9taires \u00e0 essayer de nouvelles recettes dans la cuisine.&nbsp;&nbsp;<\/p>\n\n\n\n<p>Pour bien organiser et d\u00e9corer le comptoir de cuisine, on peut songer \u00e0 placer ces produits sur un plateau de service rotatif. Les \u00e9pices, les huiles, le sel et le poivre peuvent \u00eatre pr\u00e9sent\u00e9s de fa\u00e7on \u00e9l\u00e9gante, ce qui permet de garder le comptoir de cuisine propre et organis\u00e9.&nbsp;<\/p>\n\n\n\n<p>Un plateau tournant en bois ou en bambou donne un aspect chaleureux au comptoir gr\u00e2ce aux tons naturels et au contraste de textures qu\u2019il cr\u00e9e, en particulier avec les surfaces dures en quartz. Laissez-vous inspirer pour avoir une meilleure id\u00e9e de la fa\u00e7on dont des comptoirs en quartz peuvent rehausser le style de la cuisine en utilisant l\u2019outil de&nbsp;<a href=\"https:\/\/www.caesarstone.ca\/fr\/visualiseur\/\" target=\"_blank\" rel=\"noreferrer noopener\">visualisation interactive de Caesarstone<\/a>.&nbsp;&nbsp;<\/p>\n\n\n\n<h2 class=\"wp-block-heading\">4. Pots et contenants&nbsp;<\/h2>\n\n\n\n<p>Les pots et les contenants sont l\u2019une des plus vieilles id\u00e9es pour l\u2019organisation des comptoirs de cuisine, mais aussi l\u2019une des meilleures.&nbsp;&nbsp;<\/p>\n\n\n\n<p>Le choix de pots et de contenants est tr\u00e8s important parce qu\u2019ils d\u00e9finissent le style de la cuisine. Par exemple, des pots et contenants transparents donnent un air minimaliste. Ils sont un choix pratique pour y entreposer des produits de premi\u00e8re n\u00e9cessit\u00e9 comme le riz, la farine ou le sucre.&nbsp;&nbsp;<\/p>\n\n\n\n<p>D\u2019autre part, les pots en porcelaine donnent un aspect r\u00e9tro et romantique \u00e0 la cuisine. Utiliser des pots et contenants comme \u00e9l\u00e9ments de d\u00e9coration sur le comptoir permet de garder la cuisine propre et organis\u00e9e. C\u2019est aussi une bonne fa\u00e7on d\u2019organiser un petit comptoir de cuisine.&nbsp;&nbsp;<\/p>\n\n\n\n<figure class=\"wp-block-image size-large\"><img loading=\"lazy\" decoding=\"async\" width=\"1024\" height=\"760\" src=\"https:\/\/studio.caesarstoneus.com\/wp-content\/uploads\/2023\/06\/5031_Statuario-Maximus_5030-Statuario-Maximus-image-2_jpeg-1024x760.jpg\" alt=\"\" class=\"wp-image-94797\" srcset=\"https:\/\/studio.caesarstoneus.com\/wp-content\/uploads\/2023\/06\/5031_Statuario-Maximus_5030-Statuario-Maximus-image-2_jpeg-1024x760.jpg 1024w, https:\/\/studio.caesarstoneus.com\/wp-content\/uploads\/2023\/06\/5031_Statuario-Maximus_5030-Statuario-Maximus-image-2_jpeg-300x223.jpg 300w, https:\/\/studio.caesarstoneus.com\/wp-content\/uploads\/2023\/06\/5031_Statuario-Maximus_5030-Statuario-Maximus-image-2_jpeg-768x570.jpg 768w, https:\/\/studio.caesarstoneus.com\/wp-content\/uploads\/2023\/06\/5031_Statuario-Maximus_5030-Statuario-Maximus-image-2_jpeg.jpg 1199w\" sizes=\"auto, (max-width: 1024px) 100vw, 1024px\" \/><figcaption class=\"wp-element-caption\"><a href=\"https:\/\/www.caesarstone.ca\/fr\/catalog\/5031-statuario-maximus\/\" target=\"_blank\" rel=\"noreferrer noopener\">5031 Statuario Maximus<\/a><\/figcaption><\/figure>\n\n\n\n<h2 class=\"wp-block-heading\">5. Porte-ustensiles&nbsp;<\/h2>\n\n\n\n<p>Une autre astuce pour l\u2019organisation des comptoirs de cuisine est l\u2019utilisation de porte-ustensiles, qui peuvent \u00eatre en m\u00e9tal, en porcelaine ou en bambou. On doit choisir le style qui convient le mieux au comptoir.&nbsp;&nbsp;<\/p>\n\n\n\n<p>Par exemple, si le but est de recr\u00e9er le style d\u2019une ferme, traditionnel et modeste, on peut choisir entre le fini poli des pierres&nbsp;<a href=\"https:\/\/www.caesarstone.ca\/fr\/catalog\/5131-calacatta-nuvo\/\" target=\"_blank\" rel=\"noreferrer noopener\">5131 Calacatta Nuvo<\/a>&nbsp;ou&nbsp;<a href=\"https:\/\/www.caesarstone.ca\/fr\/catalog\/5000-london-grey\/\" target=\"_blank\" rel=\"noreferrer noopener\">5000 London Grey<\/a>&nbsp;de Caesarstone. Harmoniser le comptoir de cuisine en quartz et des porte-ustensiles rustiques permet de cr\u00e9er un style confortable, mais polyvalent.&nbsp;<\/p>\n\n\n\n<h2 class=\"wp-block-heading\">6. Appareils \u00e9lectrom\u00e9nagers&nbsp;<\/h2>\n\n\n\n<p>Les \u00e9lectrom\u00e9nagers devraient \u00eatre harmonis\u00e9s au comptoir de cuisine. Peu importe o\u00f9 ils se trouvent dans la disposition de la cuisine, harmoniser les appareils aux comptoirs permet de donner \u00e0 l\u2019espace un aspect organis\u00e9 et esth\u00e9tique.&nbsp;<\/p>\n\n\n\n<p>Le style nordique est de plus en plus populaire, autant pour la d\u00e9coration que pour les appareils de cuisine. Pour obtenir ce style, les pierres au design minimaliste de Caesarstone, comme&nbsp;<a href=\"https:\/\/www.caesarstone.ca\/fr\/catalog\/5031-statuario-maximus\/\" target=\"_blank\" rel=\"noreferrer noopener\">5031 Statuario Maximus<\/a>&nbsp;ou la modeste surface en quartz blanc de&nbsp;<a href=\"https:\/\/www.caesarstone.ca\/fr\/catalog\/1141-pure-white\/\" target=\"_blank\" rel=\"noreferrer noopener\">1141 Pure White<\/a>, seraient un choix parfait.&nbsp;&nbsp;<\/p>\n\n\n\n<h2 class=\"wp-block-heading\">7. Coin bureau&nbsp;&nbsp;<\/h2>\n\n\n\n<p>Quand l\u2019on consid\u00e8re que la plupart des personnes travaillent encore \u00e0 distance d\u2019une fa\u00e7on ou d\u2019une autre, un petit coin bureau peut \u00eatre tr\u00e8s pratique. Pendant que l\u2019on fait \u00e0 manger dans la cuisine, un petit bout du comptoir peut servir de bureau. Une tablette, un carnet de notes et des feuillets adh\u00e9sifs plac\u00e9s dans une bo\u00eete peuvent donner \u00e0 cet espace un air fonctionnel et \u00e9l\u00e9gant tout \u00e0 la fois.&nbsp;<\/p>\n\n\n\n<h2 class=\"wp-block-heading\">7\u202f astuces pour l\u2019organisation des comptoirs de cuisine \u2014 Conclusion<\/h2>\n\n\n\n<p>Entre la nourriture, les appareils et les ustensiles, il semble toujours qu\u2019il n\u2019y a pas assez d\u2019espace pour tout ranger. Mais avec un peu de cr\u00e9ativit\u00e9 et en se servant de quelques principes d\u2019organisation, il peut \u00eatre relaxant et amusant d\u2019organiser son comptoir de cuisine.&nbsp;<\/p>\n\n\n\n<p>Alors que les paniers, bols, contenants et pots sont autant d\u2019excellentes fa\u00e7ons de minimiser le d\u00e9sordre, les planches \u00e0 d\u00e9couper, porte-ustensiles et plateaux tournants donnent une \u00e9l\u00e9gance et un style fluides au comptoir. La simplicit\u00e9 est pr\u00e9f\u00e9rable, mais une organisation de comptoir bien choisie peut compl\u00e9ter la cuisine et ajouter une touche personnelle.&nbsp;&nbsp;<\/p>\n\n\n\n<figure class=\"wp-block-image size-large is-resized\"><img loading=\"lazy\" decoding=\"async\" src=\"https:\/\/studio.caesarstoneus.com\/wp-content\/uploads\/2023\/06\/5131_Calacatta-Nuvo_5131_Calacatta_Nuvo_CloseUp_6_HERBS_jpg-1536x1305-1-1024x870.jpg\" alt=\"\" class=\"wp-image-94799\" width=\"820\" height=\"696\" srcset=\"https:\/\/studio.caesarstoneus.com\/wp-content\/uploads\/2023\/06\/5131_Calacatta-Nuvo_5131_Calacatta_Nuvo_CloseUp_6_HERBS_jpg-1536x1305-1-1024x870.jpg 1024w, https:\/\/studio.caesarstoneus.com\/wp-content\/uploads\/2023\/06\/5131_Calacatta-Nuvo_5131_Calacatta_Nuvo_CloseUp_6_HERBS_jpg-1536x1305-1-300x255.jpg 300w, https:\/\/studio.caesarstoneus.com\/wp-content\/uploads\/2023\/06\/5131_Calacatta-Nuvo_5131_Calacatta_Nuvo_CloseUp_6_HERBS_jpg-1536x1305-1-768x653.jpg 768w, https:\/\/studio.caesarstoneus.com\/wp-content\/uploads\/2023\/06\/5131_Calacatta-Nuvo_5131_Calacatta_Nuvo_CloseUp_6_HERBS_jpg-1536x1305-1.jpg 1536w\" sizes=\"auto, (max-width: 820px) 100vw, 820px\" \/><figcaption class=\"wp-element-caption\"><a href=\"https:\/\/www.caesarstone.ca\/fr\/catalog\/5131-calacatta-nuvo\/\" target=\"_blank\" rel=\"noreferrer noopener\">5131 Calacatta Nuvo<\/a><\/figcaption><\/figure>\n\n\n\n<h2 class=\"wp-block-heading\">FAQ<\/h2>\n\n\n\n<h3 class=\"wp-block-heading\">Pourquoi int\u00e9grer le quartz aux id\u00e9es d\u2019organisation pour les comptoirs de cuisine?&nbsp;<\/h3>\n\n\n\n<p>Le&nbsp;<a href=\"https:\/\/www.caesarstone.ca\/fr\/vantages-du-quartz\/\" target=\"_blank\" rel=\"noreferrer noopener\">quartz<\/a>&nbsp;est l\u2019un des min\u00e9raux les plus r\u00e9sistants au monde. En particulier lorsqu\u2019il est con\u00e7u par un chef de file de l\u2019industrie comme Caeserstone, qui se sp\u00e9cialise dans les surfaces en quartz, il est encore plus innovant.&nbsp;&nbsp;<\/p>\n\n\n\n<p>Du fait de leur nature, les surfaces en quartz sont r\u00e9sistantes (y compris \u00e0 la chaleur et aux \u00e9gratignures), s\u00e9curitaires, hygi\u00e9niques et durables. C\u2019est pourquoi le quartz de haute qualit\u00e9 devrait \u00eatre le choix privil\u00e9gi\u00e9, avec des possibilit\u00e9s infinies et sa nature relaxante.&nbsp;<\/p>\n\n\n\n<h3 class=\"wp-block-heading\">Comment les propri\u00e9taires peuvent-ils nettoyer les comptoirs en quartz?&nbsp;<\/h3>\n\n\n\n<p>Pour le nettoyage de tous les jours, de l\u2019eau ti\u00e8de et du savon ou un d\u00e9tergent doux sont suffisants pour nettoyer les surfaces en quartz.&nbsp;&nbsp;<\/p>\n\n\n\n<p>Les surfaces en quartz sont extr\u00eamement durables et r\u00e9sistantes aux taches. Nettoyer les comptoirs avec un chiffon doux, tremp\u00e9 dans de l\u2019eau savonneuse, et rincer avec de l\u2019eau avant d\u2019essuyer avec un papier essuie-tout.&nbsp;&nbsp;<\/p>\n\n\n\n<p>Il est aussi recommand\u00e9 d\u2019essuyer les liquides renvers\u00e9s imm\u00e9diatement pour emp\u00eacher que la salet\u00e9 ne s\u2019accumule.&nbsp;<\/p>\n\n\n\n<h3 class=\"wp-block-heading\">Les comptoirs en quartz sont-ils r\u00e9sistants aux \u00e9gratignures?&nbsp;<\/h3>\n\n\n\n<p>Les comptoirs en quartz de haute qualit\u00e9 sont r\u00e9sistants aux \u00e9gratignures, aux taches, aux fissures et m\u00eame aux temp\u00e9ratures extr\u00eames. Les surfaces en quartz combinent beaut\u00e9 et fonction gr\u00e2ce \u00e0 un savoir-faire intemporel.&nbsp;<\/p>\n\n\n\n<h3 class=\"wp-block-heading\">Le quartz est-il \u00e9coresponsable?&nbsp;<\/h3>\n\n\n\n<p>Les comptoirs en quartz sont \u00e9cologiques et durables. Caesarstone a re\u00e7u la stricte certification am\u00e9ricaine Greenguard, une preuve de son engagement environnemental.&nbsp;&nbsp;<\/p>\n\n\n\n<h3 class=\"wp-block-heading\">O\u00f9 est-ce que les propri\u00e9taires peuvent trouver un d\u00e9taillant Caesarstone local?&nbsp;<\/h3>\n\n\n\n<p>Les propri\u00e9taires peuvent consulter la page&nbsp;<a href=\"https:\/\/www.caesarstone.ca\/fr\/ou-acheter-nos-produits\/\" target=\"_blank\" rel=\"noreferrer noopener\">O\u00f9 acheter<\/a>&nbsp;sur le site Web de Caesarstone pour trouver une liste des salles d\u2019exposition pr\u00e8s de chez vous.&nbsp;&nbsp;<\/p>\n\n\n\n<div class=\"wp-block-buttons is-content-justification-center is-layout-flex wp-container-core-buttons-is-layout-16018d1d wp-block-buttons-is-layout-flex\">\n<div class=\"wp-block-button is-style-outline is-style-outline--1\"><a class=\"wp-block-button__link wp-element-button\" href=\"https:\/\/csstudio.caesarstone.ca\/caesarstone-samples\/\" style=\"border-radius:3px\" target=\"_blank\" rel=\"noreferrer noopener\">Commander Des \u00c9chantillons<\/a><\/div>\n<\/div>\n","protected":false},"excerpt":{"rendered":"<p>Le comptoir de cuisine est un espace de la maison qui peut facilement devenir encombr\u00e9 et dominant.&nbsp;&nbsp; Quoi qu\u2019il en soit, de nombreux propri\u00e9taires cherchent des fa\u00e7ons cr\u00e9atives d\u2019utiliser cet espace pour entreposer des objets sans l\u2019encombrer.&nbsp; La cuisine n\u2019est pas seulement un endroit o\u00f9 cuisiner et manger des repas, mais elle peut aussi \u00eatre [&hellip;]<\/p>\n","protected":false},"author":7,"featured_media":94795,"parent":0,"menu_order":0,"comment_status":"closed","ping_status":"closed","template":"","meta":{"_acf_changed":false,"footnotes":""},"class_list":["post-94793","page","type-page","status-publish","has-post-thumbnail","hentry"],"acf":[],"yoast_head":"<!-- This site is optimized with the Yoast SEO Premium plugin v26.6 (Yoast SEO v26.6) - https:\/\/yoast.com\/wordpress\/plugins\/seo\/ -->\n<title>7 astuces pour l\u2019organisation des comptoirs de cuisine\u00a0 | Canada Pro<\/title>\n<meta name=\"robots\" content=\"index, follow, max-snippet:-1, max-image-preview:large, max-video-preview:-1\" \/>\n<link rel=\"canonical\" href=\"https:\/\/www.caesarstone.ca\/fr\/blog\/7-astuces-pour-lorganisation-des-comptoirs-de-cuisine\/\" \/>\n<meta property=\"og:locale\" content=\"fr_CA\" \/>\n<meta property=\"og:type\" content=\"article\" \/>\n<meta property=\"og:title\" content=\"7 astuces pour l\u2019organisation des comptoirs de cuisine\u00a0\" \/>\n<meta property=\"og:description\" content=\"Le comptoir de cuisine est un espace de la maison qui peut facilement devenir encombr\u00e9 et dominant.&nbsp;&nbsp; Quoi qu\u2019il en soit, de nombreux propri\u00e9taires cherchent des fa\u00e7ons cr\u00e9atives d\u2019utiliser cet espace pour entreposer des objets sans l\u2019encombrer.&nbsp; La cuisine n\u2019est pas seulement un endroit o\u00f9 cuisiner et manger des repas, mais elle peut aussi \u00eatre [&hellip;]\" \/>\n<meta property=\"og:url\" content=\"https:\/\/www.caesarstone.ca\/fr\/blog\/7-astuces-pour-lorganisation-des-comptoirs-de-cuisine\/\" \/>\n<meta property=\"og:site_name\" content=\"Canada Pro\" \/>\n<meta property=\"article:modified_time\" content=\"2023-06-14T08:32:24+00:00\" \/>\n<meta property=\"og:image\" content=\"https:\/\/studio.caesarstoneus.com\/wp-content\/uploads\/2023\/06\/4044_Airy-Concrete_4044-Airy-Concrete_jpeg.jpg\" \/>\n\t<meta property=\"og:image:width\" content=\"1200\" \/>\n\t<meta property=\"og:image:height\" content=\"799\" \/>\n\t<meta property=\"og:image:type\" content=\"image\/jpeg\" \/>\n<meta name=\"twitter:card\" content=\"summary_large_image\" \/>\n<script type=\"application\/ld+json\" class=\"yoast-schema-graph\">{\"@context\":\"https:\/\/schema.org\",\"@graph\":[{\"@type\":\"WebPage\",\"@id\":\"https:\/\/csstudio.caesarstone.ca\/fr\/7-astuces-pour-lorganisation-des-comptoirs-de-cuisine\/\",\"url\":\"https:\/\/www.caesarstone.ca\/fr\/blog\/7-astuces-pour-lorganisation-des-comptoirs-de-cuisine\/\",\"name\":\"7 astuces pour l\u2019organisation des comptoirs de cuisine\u00a0 | Canada Pro\",\"isPartOf\":{\"@id\":\"https:\/\/csstudio.caesarstone.ca\/fr\/#website\"},\"primaryImageOfPage\":{\"@id\":\"https:\/\/www.caesarstone.ca\/fr\/blog\/7-astuces-pour-lorganisation-des-comptoirs-de-cuisine\/#primaryimage\"},\"image\":{\"@id\":\"https:\/\/www.caesarstone.ca\/fr\/blog\/7-astuces-pour-lorganisation-des-comptoirs-de-cuisine\/#primaryimage\"},\"thumbnailUrl\":\"https:\/\/studio.caesarstoneus.com\/wp-content\/uploads\/2023\/06\/4044_Airy-Concrete_4044-Airy-Concrete_jpeg.jpg\",\"datePublished\":\"2023-06-14T08:21:28+00:00\",\"dateModified\":\"2023-06-14T08:32:24+00:00\",\"breadcrumb\":{\"@id\":\"https:\/\/www.caesarstone.ca\/fr\/blog\/7-astuces-pour-lorganisation-des-comptoirs-de-cuisine\/#breadcrumb\"},\"inLanguage\":\"fr-CA\",\"potentialAction\":[{\"@type\":\"ReadAction\",\"target\":[\"https:\/\/www.caesarstone.ca\/fr\/blog\/7-astuces-pour-lorganisation-des-comptoirs-de-cuisine\/\"]}]},{\"@type\":\"ImageObject\",\"inLanguage\":\"fr-CA\",\"@id\":\"https:\/\/www.caesarstone.ca\/fr\/blog\/7-astuces-pour-lorganisation-des-comptoirs-de-cuisine\/#primaryimage\",\"url\":\"https:\/\/studio.caesarstoneus.com\/wp-content\/uploads\/2023\/06\/4044_Airy-Concrete_4044-Airy-Concrete_jpeg.jpg\",\"contentUrl\":\"https:\/\/studio.caesarstoneus.com\/wp-content\/uploads\/2023\/06\/4044_Airy-Concrete_4044-Airy-Concrete_jpeg.jpg\",\"width\":1200,\"height\":799},{\"@type\":\"BreadcrumbList\",\"@id\":\"https:\/\/www.caesarstone.ca\/fr\/blog\/7-astuces-pour-lorganisation-des-comptoirs-de-cuisine\/#breadcrumb\",\"itemListElement\":[{\"@type\":\"ListItem\",\"position\":1,\"name\":\"Home\",\"item\":\"https:\/\/csstudio.caesarstone.ca\/fr\/\"},{\"@type\":\"ListItem\",\"position\":2,\"name\":\"7 astuces pour l\u2019organisation des comptoirs de cuisine\u00a0\"}]},{\"@type\":\"WebSite\",\"@id\":\"https:\/\/csstudio.caesarstone.ca\/fr\/#website\",\"url\":\"https:\/\/csstudio.caesarstone.ca\/fr\/\",\"name\":\"Canada Pro\",\"description\":\"Life in Stone\",\"potentialAction\":[{\"@type\":\"SearchAction\",\"target\":{\"@type\":\"EntryPoint\",\"urlTemplate\":\"https:\/\/csstudio.caesarstone.ca\/fr\/?s={search_term_string}\"},\"query-input\":{\"@type\":\"PropertyValueSpecification\",\"valueRequired\":true,\"valueName\":\"search_term_string\"}}],\"inLanguage\":\"fr-CA\"}]}<\/script>\n<!-- \/ Yoast SEO Premium plugin. -->","yoast_head_json":{"title":"7 astuces pour l\u2019organisation des comptoirs de cuisine\u00a0 | Canada Pro","robots":{"index":"index","follow":"follow","max-snippet":"max-snippet:-1","max-image-preview":"max-image-preview:large","max-video-preview":"max-video-preview:-1"},"canonical":"https:\/\/www.caesarstone.ca\/fr\/blog\/7-astuces-pour-lorganisation-des-comptoirs-de-cuisine\/","og_locale":"fr_CA","og_type":"article","og_title":"7 astuces pour l\u2019organisation des comptoirs de cuisine\u00a0","og_description":"Le comptoir de cuisine est un espace de la maison qui peut facilement devenir encombr\u00e9 et dominant.&nbsp;&nbsp; Quoi qu\u2019il en soit, de nombreux propri\u00e9taires cherchent des fa\u00e7ons cr\u00e9atives d\u2019utiliser cet espace pour entreposer des objets sans l\u2019encombrer.&nbsp; La cuisine n\u2019est pas seulement un endroit o\u00f9 cuisiner et manger des repas, mais elle peut aussi \u00eatre [&hellip;]","og_url":"https:\/\/www.caesarstone.ca\/fr\/blog\/7-astuces-pour-lorganisation-des-comptoirs-de-cuisine\/","og_site_name":"Canada Pro","article_modified_time":"2023-06-14T08:32:24+00:00","og_image":[{"width":1200,"height":799,"url":"https:\/\/studio.caesarstoneus.com\/wp-content\/uploads\/2023\/06\/4044_Airy-Concrete_4044-Airy-Concrete_jpeg.jpg","type":"image\/jpeg"}],"twitter_card":"summary_large_image","schema":{"@context":"https:\/\/schema.org","@graph":[{"@type":"WebPage","@id":"https:\/\/csstudio.caesarstone.ca\/fr\/7-astuces-pour-lorganisation-des-comptoirs-de-cuisine\/","url":"https:\/\/www.caesarstone.ca\/fr\/blog\/7-astuces-pour-lorganisation-des-comptoirs-de-cuisine\/","name":"7 astuces pour l\u2019organisation des comptoirs de cuisine\u00a0 | Canada Pro","isPartOf":{"@id":"https:\/\/csstudio.caesarstone.ca\/fr\/#website"},"primaryImageOfPage":{"@id":"https:\/\/www.caesarstone.ca\/fr\/blog\/7-astuces-pour-lorganisation-des-comptoirs-de-cuisine\/#primaryimage"},"image":{"@id":"https:\/\/www.caesarstone.ca\/fr\/blog\/7-astuces-pour-lorganisation-des-comptoirs-de-cuisine\/#primaryimage"},"thumbnailUrl":"https:\/\/studio.caesarstoneus.com\/wp-content\/uploads\/2023\/06\/4044_Airy-Concrete_4044-Airy-Concrete_jpeg.jpg","datePublished":"2023-06-14T08:21:28+00:00","dateModified":"2023-06-14T08:32:24+00:00","breadcrumb":{"@id":"https:\/\/www.caesarstone.ca\/fr\/blog\/7-astuces-pour-lorganisation-des-comptoirs-de-cuisine\/#breadcrumb"},"inLanguage":"fr-CA","potentialAction":[{"@type":"ReadAction","target":["https:\/\/www.caesarstone.ca\/fr\/blog\/7-astuces-pour-lorganisation-des-comptoirs-de-cuisine\/"]}]},{"@type":"ImageObject","inLanguage":"fr-CA","@id":"https:\/\/www.caesarstone.ca\/fr\/blog\/7-astuces-pour-lorganisation-des-comptoirs-de-cuisine\/#primaryimage","url":"https:\/\/studio.caesarstoneus.com\/wp-content\/uploads\/2023\/06\/4044_Airy-Concrete_4044-Airy-Concrete_jpeg.jpg","contentUrl":"https:\/\/studio.caesarstoneus.com\/wp-content\/uploads\/2023\/06\/4044_Airy-Concrete_4044-Airy-Concrete_jpeg.jpg","width":1200,"height":799},{"@type":"BreadcrumbList","@id":"https:\/\/www.caesarstone.ca\/fr\/blog\/7-astuces-pour-lorganisation-des-comptoirs-de-cuisine\/#breadcrumb","itemListElement":[{"@type":"ListItem","position":1,"name":"Home","item":"https:\/\/csstudio.caesarstone.ca\/fr\/"},{"@type":"ListItem","position":2,"name":"7 astuces pour l\u2019organisation des comptoirs de cuisine\u00a0"}]},{"@type":"WebSite","@id":"https:\/\/csstudio.caesarstone.ca\/fr\/#website","url":"https:\/\/csstudio.caesarstone.ca\/fr\/","name":"Canada Pro","description":"Life in Stone","potentialAction":[{"@type":"SearchAction","target":{"@type":"EntryPoint","urlTemplate":"https:\/\/csstudio.caesarstone.ca\/fr\/?s={search_term_string}"},"query-input":{"@type":"PropertyValueSpecification","valueRequired":true,"valueName":"search_term_string"}}],"inLanguage":"fr-CA"}]}},"_links":{"self":[{"href":"https:\/\/csstudio.caesarstone.ca\/fr\/wp-json\/wp\/v2\/pages\/94793","targetHints":{"allow":["GET"]}}],"collection":[{"href":"https:\/\/csstudio.caesarstone.ca\/fr\/wp-json\/wp\/v2\/pages"}],"about":[{"href":"https:\/\/csstudio.caesarstone.ca\/fr\/wp-json\/wp\/v2\/types\/page"}],"author":[{"embeddable":true,"href":"https:\/\/csstudio.caesarstone.ca\/fr\/wp-json\/wp\/v2\/users\/7"}],"replies":[{"embeddable":true,"href":"https:\/\/csstudio.caesarstone.ca\/fr\/wp-json\/wp\/v2\/comments?post=94793"}],"version-history":[{"count":7,"href":"https:\/\/csstudio.caesarstone.ca\/fr\/wp-json\/wp\/v2\/pages\/94793\/revisions"}],"predecessor-version":[{"id":94807,"href":"https:\/\/csstudio.caesarstone.ca\/fr\/wp-json\/wp\/v2\/pages\/94793\/revisions\/94807"}],"wp:featuredmedia":[{"embeddable":true,"href":"https:\/\/csstudio.caesarstone.ca\/fr\/wp-json\/wp\/v2\/media\/94795"}],"wp:attachment":[{"href":"https:\/\/csstudio.caesarstone.ca\/fr\/wp-json\/wp\/v2\/media?parent=94793"}],"curies":[{"name":"wp","href":"https:\/\/api.w.org\/{rel}","templated":true}]}}