{"id":94566,"date":"2020-11-12T12:35:33","date_gmt":"2020-11-12T10:35:33","guid":{"rendered":"https:\/\/csstudio.caesarstone.ca\/caesarstone-samples\/"},"modified":"2024-05-21T15:59:14","modified_gmt":"2024-05-21T12:59:14","slug":"caesarstone-echantillons","status":"publish","type":"page","link":"https:\/\/csstudio.caesarstone.ca\/fr\/caesarstone-echantillons\/","title":{"rendered":"Commandez des \u00e9chantillons"},"content":{"rendered":"\n<p>La consultation et la comparaison des surfaces sont plus simples que jamais. Choisissez parmi notre collection d\u2019\u00e9chantillons et nous vous livrerons votre commande \u2013 sans frais*.<\/p>\n","protected":false},"excerpt":{"rendered":"<p>La consultation et la comparaison des surfaces sont plus simples que jamais. Choisissez parmi notre collection d\u2019\u00e9chantillons et nous vous livrerons votre commande \u2013 sans frais*.<\/p>\n","protected":false},"author":1,"featured_media":0,"parent":0,"menu_order":0,"comment_status":"closed","ping_status":"closed","template":"templates\/sample-page.php","meta":{"_acf_changed":false,"footnotes":""},"class_list":["post-94566","page","type-page","status-publish","hentry"],"acf":[],"yoast_head":"<!-- This site is optimized with the Yoast SEO Premium plugin v26.6 (Yoast SEO v26.6) - https:\/\/yoast.com\/wordpress\/plugins\/seo\/ -->\n<title>Commandez des \u00e9chantillons | Canada Pro<\/title>\n<meta name=\"description\" content=\"Caesarstone 5141 Quartz Frosty Carrina, \u00e9clat et puret\u00e9. Explorez une esth\u00e9tique lumineuse pour une \u00e9l\u00e9gance intemporelle. Cliquez ici!\" \/>\n<meta name=\"robots\" content=\"index, follow, max-snippet:-1, max-image-preview:large, max-video-preview:-1\" \/>\n<link rel=\"canonical\" href=\"https:\/\/csstudio.caesarstone.ca\/fr\/caesarstone-echantillons\/\" \/>\n<meta property=\"og:locale\" content=\"fr_CA\" \/>\n<meta property=\"og:type\" content=\"article\" \/>\n<meta property=\"og:title\" content=\"Commandez des \u00e9chantillons\" \/>\n<meta property=\"og:description\" content=\"Caesarstone 5141 Quartz Frosty Carrina, \u00e9clat et puret\u00e9. Explorez une esth\u00e9tique lumineuse pour une \u00e9l\u00e9gance intemporelle. Cliquez ici!\" \/>\n<meta property=\"og:url\" content=\"https:\/\/csstudio.caesarstone.ca\/fr\/caesarstone-echantillons\/\" \/>\n<meta property=\"og:site_name\" content=\"Canada Pro\" \/>\n<meta property=\"article:modified_time\" content=\"2024-05-21T12:59:14+00:00\" \/>\n<meta name=\"twitter:card\" content=\"summary_large_image\" \/>\n<script type=\"application\/ld+json\" class=\"yoast-schema-graph\">{\"@context\":\"https:\/\/schema.org\",\"@graph\":[{\"@type\":\"WebPage\",\"@id\":\"https:\/\/csstudio.caesarstone.ca\/fr\/caesarstone-echantillons\/\",\"url\":\"https:\/\/csstudio.caesarstone.ca\/fr\/caesarstone-echantillons\/\",\"name\":\"Commandez des \u00e9chantillons | Canada Pro\",\"isPartOf\":{\"@id\":\"https:\/\/csstudio.caesarstone.ca\/fr\/#website\"},\"datePublished\":\"2020-11-12T10:35:33+00:00\",\"dateModified\":\"2024-05-21T12:59:14+00:00\",\"description\":\"Caesarstone 5141 Quartz Frosty Carrina, \u00e9clat et puret\u00e9. Explorez une esth\u00e9tique lumineuse pour une \u00e9l\u00e9gance intemporelle. Cliquez ici!\",\"breadcrumb\":{\"@id\":\"https:\/\/csstudio.caesarstone.ca\/fr\/caesarstone-echantillons\/#breadcrumb\"},\"inLanguage\":\"fr-CA\",\"potentialAction\":[{\"@type\":\"ReadAction\",\"target\":[\"https:\/\/csstudio.caesarstone.ca\/fr\/caesarstone-echantillons\/\"]}]},{\"@type\":\"BreadcrumbList\",\"@id\":\"https:\/\/csstudio.caesarstone.ca\/fr\/caesarstone-echantillons\/#breadcrumb\",\"itemListElement\":[{\"@type\":\"ListItem\",\"position\":1,\"name\":\"Home\",\"item\":\"https:\/\/csstudio.caesarstone.ca\/fr\/\"},{\"@type\":\"ListItem\",\"position\":2,\"name\":\"Commandez des \u00e9chantillons\"}]},{\"@type\":\"WebSite\",\"@id\":\"https:\/\/csstudio.caesarstone.ca\/fr\/#website\",\"url\":\"https:\/\/csstudio.caesarstone.ca\/fr\/\",\"name\":\"Canada Pro\",\"description\":\"Life in Stone\",\"potentialAction\":[{\"@type\":\"SearchAction\",\"target\":{\"@type\":\"EntryPoint\",\"urlTemplate\":\"https:\/\/csstudio.caesarstone.ca\/fr\/?s={search_term_string}\"},\"query-input\":{\"@type\":\"PropertyValueSpecification\",\"valueRequired\":true,\"valueName\":\"search_term_string\"}}],\"inLanguage\":\"fr-CA\"}]}<\/script>\n<!-- \/ Yoast SEO Premium plugin. -->","yoast_head_json":{"title":"Commandez des \u00e9chantillons | Canada Pro","description":"Caesarstone 5141 Quartz Frosty Carrina, \u00e9clat et puret\u00e9. Explorez une esth\u00e9tique lumineuse pour une \u00e9l\u00e9gance intemporelle. Cliquez ici!","robots":{"index":"index","follow":"follow","max-snippet":"max-snippet:-1","max-image-preview":"max-image-preview:large","max-video-preview":"max-video-preview:-1"},"canonical":"https:\/\/csstudio.caesarstone.ca\/fr\/caesarstone-echantillons\/","og_locale":"fr_CA","og_type":"article","og_title":"Commandez des \u00e9chantillons","og_description":"Caesarstone 5141 Quartz Frosty Carrina, \u00e9clat et puret\u00e9. Explorez une esth\u00e9tique lumineuse pour une \u00e9l\u00e9gance intemporelle. Cliquez ici!","og_url":"https:\/\/csstudio.caesarstone.ca\/fr\/caesarstone-echantillons\/","og_site_name":"Canada Pro","article_modified_time":"2024-05-21T12:59:14+00:00","twitter_card":"summary_large_image","schema":{"@context":"https:\/\/schema.org","@graph":[{"@type":"WebPage","@id":"https:\/\/csstudio.caesarstone.ca\/fr\/caesarstone-echantillons\/","url":"https:\/\/csstudio.caesarstone.ca\/fr\/caesarstone-echantillons\/","name":"Commandez des \u00e9chantillons | Canada Pro","isPartOf":{"@id":"https:\/\/csstudio.caesarstone.ca\/fr\/#website"},"datePublished":"2020-11-12T10:35:33+00:00","dateModified":"2024-05-21T12:59:14+00:00","description":"Caesarstone 5141 Quartz Frosty Carrina, \u00e9clat et puret\u00e9. Explorez une esth\u00e9tique lumineuse pour une \u00e9l\u00e9gance intemporelle. Cliquez ici!","breadcrumb":{"@id":"https:\/\/csstudio.caesarstone.ca\/fr\/caesarstone-echantillons\/#breadcrumb"},"inLanguage":"fr-CA","potentialAction":[{"@type":"ReadAction","target":["https:\/\/csstudio.caesarstone.ca\/fr\/caesarstone-echantillons\/"]}]},{"@type":"BreadcrumbList","@id":"https:\/\/csstudio.caesarstone.ca\/fr\/caesarstone-echantillons\/#breadcrumb","itemListElement":[{"@type":"ListItem","position":1,"name":"Home","item":"https:\/\/csstudio.caesarstone.ca\/fr\/"},{"@type":"ListItem","position":2,"name":"Commandez des \u00e9chantillons"}]},{"@type":"WebSite","@id":"https:\/\/csstudio.caesarstone.ca\/fr\/#website","url":"https:\/\/csstudio.caesarstone.ca\/fr\/","name":"Canada Pro","description":"Life in Stone","potentialAction":[{"@type":"SearchAction","target":{"@type":"EntryPoint","urlTemplate":"https:\/\/csstudio.caesarstone.ca\/fr\/?s={search_term_string}"},"query-input":{"@type":"PropertyValueSpecification","valueRequired":true,"valueName":"search_term_string"}}],"inLanguage":"fr-CA"}]}},"_links":{"self":[{"href":"https:\/\/csstudio.caesarstone.ca\/fr\/wp-json\/wp\/v2\/pages\/94566","targetHints":{"allow":["GET"]}}],"collection":[{"href":"https:\/\/csstudio.caesarstone.ca\/fr\/wp-json\/wp\/v2\/pages"}],"about":[{"href":"https:\/\/csstudio.caesarstone.ca\/fr\/wp-json\/wp\/v2\/types\/page"}],"author":[{"embeddable":true,"href":"https:\/\/csstudio.caesarstone.ca\/fr\/wp-json\/wp\/v2\/users\/1"}],"replies":[{"embeddable":true,"href":"https:\/\/csstudio.caesarstone.ca\/fr\/wp-json\/wp\/v2\/comments?post=94566"}],"version-history":[{"count":13,"href":"https:\/\/csstudio.caesarstone.ca\/fr\/wp-json\/wp\/v2\/pages\/94566\/revisions"}],"predecessor-version":[{"id":97945,"href":"https:\/\/csstudio.caesarstone.ca\/fr\/wp-json\/wp\/v2\/pages\/94566\/revisions\/97945"}],"wp:attachment":[{"href":"https:\/\/csstudio.caesarstone.ca\/fr\/wp-json\/wp\/v2\/media?parent=94566"}],"curies":[{"name":"wp","href":"https:\/\/api.w.org\/{rel}","templated":true}]}}