{"id":94561,"date":"2020-12-24T07:57:08","date_gmt":"2020-12-24T05:57:08","guid":{"rendered":"https:\/\/csstudio.caesarstone.ca\/accessibility-statement\/"},"modified":"2024-01-24T18:47:38","modified_gmt":"2024-01-24T16:47:38","slug":"avis-daccessibilite","status":"publish","type":"page","link":"https:\/\/csstudio.caesarstone.ca\/fr\/avis-daccessibilite\/","title":{"rendered":"Avis d\u2019accessibilit\u00e9"},"content":{"rendered":"\n<p>Caesarstone entend offrir un contenu aussi accessible que possible au grand public sur son site, ind\u00e9pendamment de la technologie avec laquelle il a \u00e9t\u00e9 con\u00e7u. Nous nous effor\u00e7ons de le mettre \u00e0 jour et d\u2019appliquer les r\u00e8gles d\u2019accessibilit\u00e9 autant que possible, conform\u00e9ment aux normes en la mati\u00e8re.<\/p>\n\n\n\n<p>Le site est optimis\u00e9 pour le niveau&nbsp;2 (AA) d\u2019accessibilit\u00e9 selon les r\u00e8gles pour l\u2019accessibilit\u00e9 des contenus Web (WCAG) 2.1 du Consortium World Wide Web (W3C). Vous trouverez les lignes directrices d\u2019accessibilit\u00e9 du site <a href=\"http:\/\/www.w3.org\/TR\/WCAG20\/\">ici<\/a> (en anglais). Le site a \u00e9t\u00e9 con\u00e7u conform\u00e9ment aux normes CSS et HTML du W3C et optimis\u00e9 pour les navigateurs courants comme Google Chrome et Firefox.<\/p>\n\n\n\n<p><strong>Navigation facile sur le site<\/strong><\/p>\n\n\n\n<p>Vous pouvez naviguer vers l\u2019avant sur le site avec la touche Tab. Pour naviguer vers l\u2019arri\u00e8re, appuyez simultan\u00e9ment sur les touches Maj + Tab.<\/p>\n\n\n\n<p>Avant la navigation principale du site, il y a un bouton cach\u00e9 qui appara\u00eet lorsque la s\u00e9lection par clavier s\u2019y arr\u00eate. Quand on le s\u00e9lectionne, une fen\u00eatre contextuelle s\u2019ouvre et pr\u00e9sente le menu du site. Pour fermer le menu, appuyez sur la touche \u00c9chap ou cliquez sur le bouton \u00e0 cet effet dans le menu. Vous pouvez aussi y acc\u00e9der \u00e0 l\u2019aide des fl\u00e8ches du clavier (haut et bas).<\/p>\n\n\n\n<p>Vous pouvez naviguer dans le menu principal avec les touches Tab et Maj + Tab.<\/p>\n\n\n\n<p>Dans le haut du site, il y a des boutons qui permettent de changer la taille de police et les couleurs du site pour faciliter sa consultation.<\/p>\n\n\n\n<p>Un outil unique qui agrandit le texte que vous tapez dans les formulaires du site est offert pour vous aider. L\u2019outil s\u2019ouvre et se ferme automatiquement lorsque vous \u00eates dans un champ de formulaire et ne vous g\u00eane pas lorsque vous le remplissez.<\/p>\n\n\n\n<p><strong>Navigation par sections<\/strong><\/p>\n\n\n\n<p>Le site est divis\u00e9 en sections, comme celles du contenu principal et du menu polyvalent. Au d\u00e9but de chaque section, il y a un en-t\u00eate de niveau&nbsp;5 indiquant le nom de la section. Certains en-t\u00eates sont \u00e9galement des hyperliens qui vous permettent de sauter directement au contenu que vous cherchez. Vous pouvez, par exemple, sauter le menu principal.<\/p>\n\n\n\n<p><strong>Affichage de la date avec le clavier<\/strong><\/p>\n\n\n\n<p>Fl\u00e8che gauche&nbsp;: Change la s\u00e9lection du clavier pour le jour pr\u00e9c\u00e9dent. Si vous \u00eates le premier jour du mois, le dernier jour du mois pr\u00e9c\u00e9dent sera s\u00e9lectionn\u00e9.<\/p>\n\n\n\n<p>Fl\u00e8che droite&nbsp;: Change la s\u00e9lection du clavier pour le jour suivant. Si vous \u00eates le dernier jour du mois, le premier jour du mois suivant sera s\u00e9lectionn\u00e9.<\/p>\n\n\n\n<p>Fl\u00e8che vers le haut&nbsp;: Change la s\u00e9lection pour le m\u00eame jour la semaine pr\u00e9c\u00e9dente. Si vous continuez d\u2019appuyer sur la touche, vous passerez au m\u00eame jour du mois pr\u00e9c\u00e9dent.<\/p>\n\n\n\n<p>Fl\u00e8che vers le bas&nbsp;: Change la s\u00e9lection pour le m\u00eame jour la semaine suivante. Si vous continuez d\u2019appuyer sur la touche, vous passerez au m\u00eame jour du mois suivant.<\/p>\n\n\n\n<p>P. pr\u00e9c.&nbsp;: Change la s\u00e9lection pour le m\u00eame jour du mois pr\u00e9c\u00e9dent. Si la date n\u2019est pas disponible, le dernier jour du mois sera s\u00e9lectionn\u00e9.<\/p>\n\n\n\n<p>P. suiv.&nbsp;: Change la s\u00e9lection pour le m\u00eame jour du mois suivant. Si la date n\u2019est pas disponible, le dernier jour du mois sera s\u00e9lectionn\u00e9.<\/p>\n\n\n\n<p>Ctrl + P. pr\u00e9c.&nbsp;: Change la s\u00e9lection pour le m\u00eame jour de l\u2019ann\u00e9e pr\u00e9c\u00e9dente. Si la date n\u2019est pas disponible, le dernier jour du mois sera s\u00e9lectionn\u00e9.<\/p>\n\n\n\n<p>Ctrl + P. suiv.&nbsp;: Change la s\u00e9lection pour le m\u00eame jour de l\u2019ann\u00e9e suivante. Si la date n\u2019est pas disponible, le dernier jour du mois sera s\u00e9lectionn\u00e9.<\/p>\n\n\n\n<p>D\u00e9but&nbsp;: change la s\u00e9lection pour le premier jour du mois pr\u00e9c\u00e9dent.<\/p>\n\n\n\n<p>Fin&nbsp;: Change la s\u00e9lection pour le dernier jour du mois.<\/p>\n\n\n\n<p>Tab \/ Maj + Tab&nbsp;: Si l\u2019affichage de la date est en mode modl, vous pouvez naviguer en utilisant les boutons fermer\/pr\u00e9c\u00e9dent\/suivant. Sinon, allez dans les zones de texte associ\u00e9 pour choisir parmi les affichages.<\/p>\n\n\n\n<p>Entr\u00e9e \/ Espace&nbsp;: Ouvre une zone de texte o\u00f9 entrer une date.<\/p>\n\n\n\n<p><strong>R\u00e8gles ARIA<\/strong><\/p>\n\n\n\n<p>Si vous utilisez un logiciel lecteur d\u2019\u00e9cran ou une autre technologie d\u2019aide, sachez que ce site a \u00e9t\u00e9 con\u00e7u en tenant compte des r\u00e8gles Aria. Ces derni\u00e8res permettent aux technologies que vous utilisez de mieux interpr\u00e9ter le contenu du site pour que vous ayez acc\u00e8s au sens exact des \u00e9l\u00e9ments sur la page.<\/p>\n\n\n\n<p>Probl\u00e8mes d\u2019accessibilit\u00e9 du site<\/p>\n\n\n\n<p>Aucun probl\u00e8me connu.<\/p>\n\n\n\n<p>Vous avez rencontr\u00e9 un probl\u00e8me? Dites-le-nous!<\/p>\n\n\n\n<p>Sachez que nous poursuivons continuellement nos efforts et essayons de maintenir le site au plus haut niveau d\u2019accessibilit\u00e9 possible. Si vous rencontrez des probl\u00e8mes en naviguant sur le site ou remarquez certaines lacunes d\u2019accessibilit\u00e9, n\u2019h\u00e9sitez pas \u00e0 communiquer avec nous \u00e0 l\u2019aide du formulaire de contact, par t\u00e9l\u00e9phone au 1&nbsp;877&nbsp;9QUARTZ (1&nbsp;877&nbsp;978-2789) ou par la poste au 1401 W. Morehead Charlotte, NC 28208, \u00c9tats-Unis pour que nous puissions les examiner s\u00e9rieusement. Veuillez nous donner le plus de renseignements possible&nbsp;:<\/p>\n\n\n\n<ul class=\"wp-block-list\">\n<li>Description du probl\u00e8me<\/li>\n\n\n\n<li>Votre navigateur et son num\u00e9ro de version<\/li>\n\n\n\n<li>Votre syst\u00e8me d\u2019exploitation<\/li>\n\n\n\n<li>Votre technologie d\u2019aide (le cas \u00e9ch\u00e9ant)<\/li>\n\n\n\n<li>La page sur laquelle vous avez rencontr\u00e9 le probl\u00e8me<\/li>\n\n\n\n<li>Ce que vous vouliez faire<\/li>\n<\/ul>\n\n\n\n<p>Nous nous occuperons du probl\u00e8me et vous r\u00e9pondrons le plus rapidement possible.<\/p>\n","protected":false},"excerpt":{"rendered":"<p>Caesarstone entend offrir un contenu aussi accessible que possible au grand public sur son site, ind\u00e9pendamment de la technologie avec laquelle il a \u00e9t\u00e9 con\u00e7u. Nous nous effor\u00e7ons de le mettre \u00e0 jour et d\u2019appliquer les r\u00e8gles d\u2019accessibilit\u00e9 autant que possible, conform\u00e9ment aux normes en la mati\u00e8re. Le site est optimis\u00e9 pour le niveau&nbsp;2 (AA) [&hellip;]<\/p>\n","protected":false},"author":4,"featured_media":0,"parent":0,"menu_order":0,"comment_status":"closed","ping_status":"closed","template":"","meta":{"_acf_changed":false,"footnotes":""},"class_list":["post-94561","page","type-page","status-publish","hentry"],"acf":[],"yoast_head":"<!-- This site is optimized with the Yoast SEO Premium plugin v26.6 (Yoast SEO v26.6) - https:\/\/yoast.com\/wordpress\/plugins\/seo\/ -->\n<title>Avis d\u2019accessibilit\u00e9 | Canada Pro<\/title>\n<meta name=\"description\" content=\"D\u00e9couvrez l&#039;engagement de Caesarstone \u00e0 rendre le contenu de son site Web accessible, conform\u00e9ment aux normes d&#039;accessibilit\u00e9. Cliquez ici!\" \/>\n<meta name=\"robots\" content=\"index, follow, max-snippet:-1, max-image-preview:large, max-video-preview:-1\" \/>\n<link rel=\"canonical\" href=\"https:\/\/csstudio.caesarstone.ca\/fr\/avis-daccessibilite\/\" \/>\n<meta property=\"og:locale\" content=\"fr_CA\" \/>\n<meta property=\"og:type\" content=\"article\" \/>\n<meta property=\"og:title\" content=\"Avis d\u2019accessibilit\u00e9\" \/>\n<meta property=\"og:description\" content=\"D\u00e9couvrez l&#039;engagement de Caesarstone \u00e0 rendre le contenu de son site Web accessible, conform\u00e9ment aux normes d&#039;accessibilit\u00e9. Cliquez ici!\" \/>\n<meta property=\"og:url\" content=\"https:\/\/csstudio.caesarstone.ca\/fr\/avis-daccessibilite\/\" \/>\n<meta property=\"og:site_name\" content=\"Canada Pro\" \/>\n<meta property=\"article:modified_time\" content=\"2024-01-24T16:47:38+00:00\" \/>\n<meta name=\"twitter:card\" content=\"summary_large_image\" \/>\n<script type=\"application\/ld+json\" class=\"yoast-schema-graph\">{\"@context\":\"https:\/\/schema.org\",\"@graph\":[{\"@type\":\"WebPage\",\"@id\":\"https:\/\/csstudio.caesarstone.ca\/fr\/avis-daccessibilite\/\",\"url\":\"https:\/\/csstudio.caesarstone.ca\/fr\/avis-daccessibilite\/\",\"name\":\"Avis d\u2019accessibilit\u00e9 | Canada Pro\",\"isPartOf\":{\"@id\":\"https:\/\/csstudio.caesarstone.ca\/fr\/#website\"},\"datePublished\":\"2020-12-24T05:57:08+00:00\",\"dateModified\":\"2024-01-24T16:47:38+00:00\",\"description\":\"D\u00e9couvrez l'engagement de Caesarstone \u00e0 rendre le contenu de son site Web accessible, conform\u00e9ment aux normes d'accessibilit\u00e9. Cliquez ici!\",\"breadcrumb\":{\"@id\":\"https:\/\/csstudio.caesarstone.ca\/fr\/avis-daccessibilite\/#breadcrumb\"},\"inLanguage\":\"fr-CA\",\"potentialAction\":[{\"@type\":\"ReadAction\",\"target\":[\"https:\/\/csstudio.caesarstone.ca\/fr\/avis-daccessibilite\/\"]}]},{\"@type\":\"BreadcrumbList\",\"@id\":\"https:\/\/csstudio.caesarstone.ca\/fr\/avis-daccessibilite\/#breadcrumb\",\"itemListElement\":[{\"@type\":\"ListItem\",\"position\":1,\"name\":\"Home\",\"item\":\"https:\/\/csstudio.caesarstone.ca\/fr\/\"},{\"@type\":\"ListItem\",\"position\":2,\"name\":\"Avis d\u2019accessibilit\u00e9\"}]},{\"@type\":\"WebSite\",\"@id\":\"https:\/\/csstudio.caesarstone.ca\/fr\/#website\",\"url\":\"https:\/\/csstudio.caesarstone.ca\/fr\/\",\"name\":\"Canada Pro\",\"description\":\"Life in Stone\",\"potentialAction\":[{\"@type\":\"SearchAction\",\"target\":{\"@type\":\"EntryPoint\",\"urlTemplate\":\"https:\/\/csstudio.caesarstone.ca\/fr\/?s={search_term_string}\"},\"query-input\":{\"@type\":\"PropertyValueSpecification\",\"valueRequired\":true,\"valueName\":\"search_term_string\"}}],\"inLanguage\":\"fr-CA\"}]}<\/script>\n<!-- \/ Yoast SEO Premium plugin. -->","yoast_head_json":{"title":"Avis d\u2019accessibilit\u00e9 | Canada Pro","description":"D\u00e9couvrez l'engagement de Caesarstone \u00e0 rendre le contenu de son site Web accessible, conform\u00e9ment aux normes d'accessibilit\u00e9. Cliquez ici!","robots":{"index":"index","follow":"follow","max-snippet":"max-snippet:-1","max-image-preview":"max-image-preview:large","max-video-preview":"max-video-preview:-1"},"canonical":"https:\/\/csstudio.caesarstone.ca\/fr\/avis-daccessibilite\/","og_locale":"fr_CA","og_type":"article","og_title":"Avis d\u2019accessibilit\u00e9","og_description":"D\u00e9couvrez l'engagement de Caesarstone \u00e0 rendre le contenu de son site Web accessible, conform\u00e9ment aux normes d'accessibilit\u00e9. Cliquez ici!","og_url":"https:\/\/csstudio.caesarstone.ca\/fr\/avis-daccessibilite\/","og_site_name":"Canada Pro","article_modified_time":"2024-01-24T16:47:38+00:00","twitter_card":"summary_large_image","schema":{"@context":"https:\/\/schema.org","@graph":[{"@type":"WebPage","@id":"https:\/\/csstudio.caesarstone.ca\/fr\/avis-daccessibilite\/","url":"https:\/\/csstudio.caesarstone.ca\/fr\/avis-daccessibilite\/","name":"Avis d\u2019accessibilit\u00e9 | Canada Pro","isPartOf":{"@id":"https:\/\/csstudio.caesarstone.ca\/fr\/#website"},"datePublished":"2020-12-24T05:57:08+00:00","dateModified":"2024-01-24T16:47:38+00:00","description":"D\u00e9couvrez l'engagement de Caesarstone \u00e0 rendre le contenu de son site Web accessible, conform\u00e9ment aux normes d'accessibilit\u00e9. Cliquez ici!","breadcrumb":{"@id":"https:\/\/csstudio.caesarstone.ca\/fr\/avis-daccessibilite\/#breadcrumb"},"inLanguage":"fr-CA","potentialAction":[{"@type":"ReadAction","target":["https:\/\/csstudio.caesarstone.ca\/fr\/avis-daccessibilite\/"]}]},{"@type":"BreadcrumbList","@id":"https:\/\/csstudio.caesarstone.ca\/fr\/avis-daccessibilite\/#breadcrumb","itemListElement":[{"@type":"ListItem","position":1,"name":"Home","item":"https:\/\/csstudio.caesarstone.ca\/fr\/"},{"@type":"ListItem","position":2,"name":"Avis d\u2019accessibilit\u00e9"}]},{"@type":"WebSite","@id":"https:\/\/csstudio.caesarstone.ca\/fr\/#website","url":"https:\/\/csstudio.caesarstone.ca\/fr\/","name":"Canada Pro","description":"Life in Stone","potentialAction":[{"@type":"SearchAction","target":{"@type":"EntryPoint","urlTemplate":"https:\/\/csstudio.caesarstone.ca\/fr\/?s={search_term_string}"},"query-input":{"@type":"PropertyValueSpecification","valueRequired":true,"valueName":"search_term_string"}}],"inLanguage":"fr-CA"}]}},"_links":{"self":[{"href":"https:\/\/csstudio.caesarstone.ca\/fr\/wp-json\/wp\/v2\/pages\/94561","targetHints":{"allow":["GET"]}}],"collection":[{"href":"https:\/\/csstudio.caesarstone.ca\/fr\/wp-json\/wp\/v2\/pages"}],"about":[{"href":"https:\/\/csstudio.caesarstone.ca\/fr\/wp-json\/wp\/v2\/types\/page"}],"author":[{"embeddable":true,"href":"https:\/\/csstudio.caesarstone.ca\/fr\/wp-json\/wp\/v2\/users\/4"}],"replies":[{"embeddable":true,"href":"https:\/\/csstudio.caesarstone.ca\/fr\/wp-json\/wp\/v2\/comments?post=94561"}],"version-history":[{"count":1,"href":"https:\/\/csstudio.caesarstone.ca\/fr\/wp-json\/wp\/v2\/pages\/94561\/revisions"}],"predecessor-version":[{"id":95621,"href":"https:\/\/csstudio.caesarstone.ca\/fr\/wp-json\/wp\/v2\/pages\/94561\/revisions\/95621"}],"wp:attachment":[{"href":"https:\/\/csstudio.caesarstone.ca\/fr\/wp-json\/wp\/v2\/media?parent=94561"}],"curies":[{"name":"wp","href":"https:\/\/api.w.org\/{rel}","templated":true}]}}