{"id":94554,"date":"2023-05-08T17:11:21","date_gmt":"2023-05-08T14:11:21","guid":{"rendered":"https:\/\/csstudio.caesarstone.ca\/projects\/"},"modified":"2024-05-10T01:38:17","modified_gmt":"2024-05-09T22:38:17","slug":"projets","status":"publish","type":"page","link":"https:\/\/csstudio.caesarstone.ca\/fr\/projets\/","title":{"rendered":"Projects"},"content":{"rendered":"","protected":false},"excerpt":{"rendered":"","protected":false},"author":1,"featured_media":0,"parent":0,"menu_order":0,"comment_status":"closed","ping_status":"closed","template":"templates\/projects-pro.php","meta":{"_acf_changed":false,"footnotes":""},"class_list":["post-94554","page","type-page","status-publish","hentry"],"acf":[],"yoast_head":"<!-- This site is optimized with the Yoast SEO Premium plugin v26.6 (Yoast SEO v26.6) - https:\/\/yoast.com\/wordpress\/plugins\/seo\/ -->\n<title>Galerie des projets de Caesarstone | Canada Pro<\/title>\n<meta name=\"description\" content=\"Jetez un \u0153il aux projets de Caesarstone pour voir comment nous avons aid\u00e9 des propri\u00e9taires comme vous \u00e0 r\u00e9aliser les espaces de leurs r\u00eaves.\" \/>\n<meta name=\"robots\" content=\"index, follow, max-snippet:-1, max-image-preview:large, max-video-preview:-1\" \/>\n<link rel=\"canonical\" href=\"https:\/\/csstudio.caesarstone.ca\/fr\/projets\/\" \/>\n<meta property=\"og:locale\" content=\"fr_CA\" \/>\n<meta property=\"og:type\" content=\"article\" \/>\n<meta property=\"og:title\" content=\"Projects\" \/>\n<meta property=\"og:description\" content=\"Jetez un \u0153il aux projets de Caesarstone pour voir comment nous avons aid\u00e9 des propri\u00e9taires comme vous \u00e0 r\u00e9aliser les espaces de leurs r\u00eaves.\" \/>\n<meta property=\"og:url\" content=\"https:\/\/csstudio.caesarstone.ca\/fr\/projets\/\" \/>\n<meta property=\"og:site_name\" content=\"Canada Pro\" \/>\n<meta property=\"article:modified_time\" content=\"2024-05-09T22:38:17+00:00\" \/>\n<meta name=\"twitter:card\" content=\"summary_large_image\" \/>\n<script type=\"application\/ld+json\" class=\"yoast-schema-graph\">{\"@context\":\"https:\/\/schema.org\",\"@graph\":[{\"@type\":\"WebPage\",\"@id\":\"https:\/\/csstudio.caesarstone.ca\/fr\/projets\/\",\"url\":\"https:\/\/csstudio.caesarstone.ca\/fr\/projets\/\",\"name\":\"Galerie des projets de Caesarstone | Canada Pro\",\"isPartOf\":{\"@id\":\"https:\/\/csstudio.caesarstone.ca\/fr\/#website\"},\"datePublished\":\"2023-05-08T14:11:21+00:00\",\"dateModified\":\"2024-05-09T22:38:17+00:00\",\"description\":\"Jetez un \u0153il aux projets de Caesarstone pour voir comment nous avons aid\u00e9 des propri\u00e9taires comme vous \u00e0 r\u00e9aliser les espaces de leurs r\u00eaves.\",\"breadcrumb\":{\"@id\":\"https:\/\/csstudio.caesarstone.ca\/fr\/projets\/#breadcrumb\"},\"inLanguage\":\"fr-CA\",\"potentialAction\":[{\"@type\":\"ReadAction\",\"target\":[\"https:\/\/csstudio.caesarstone.ca\/fr\/projets\/\"]}]},{\"@type\":\"BreadcrumbList\",\"@id\":\"https:\/\/csstudio.caesarstone.ca\/fr\/projets\/#breadcrumb\",\"itemListElement\":[{\"@type\":\"ListItem\",\"position\":1,\"name\":\"Home\",\"item\":\"https:\/\/csstudio.caesarstone.ca\/fr\/\"},{\"@type\":\"ListItem\",\"position\":2,\"name\":\"Projects\"}]},{\"@type\":\"WebSite\",\"@id\":\"https:\/\/csstudio.caesarstone.ca\/fr\/#website\",\"url\":\"https:\/\/csstudio.caesarstone.ca\/fr\/\",\"name\":\"Canada Pro\",\"description\":\"Life in Stone\",\"potentialAction\":[{\"@type\":\"SearchAction\",\"target\":{\"@type\":\"EntryPoint\",\"urlTemplate\":\"https:\/\/csstudio.caesarstone.ca\/fr\/?s={search_term_string}\"},\"query-input\":{\"@type\":\"PropertyValueSpecification\",\"valueRequired\":true,\"valueName\":\"search_term_string\"}}],\"inLanguage\":\"fr-CA\"}]}<\/script>\n<!-- \/ Yoast SEO Premium plugin. -->","yoast_head_json":{"title":"Galerie des projets de Caesarstone | Canada Pro","description":"Jetez un \u0153il aux projets de Caesarstone pour voir comment nous avons aid\u00e9 des propri\u00e9taires comme vous \u00e0 r\u00e9aliser les espaces de leurs r\u00eaves.","robots":{"index":"index","follow":"follow","max-snippet":"max-snippet:-1","max-image-preview":"max-image-preview:large","max-video-preview":"max-video-preview:-1"},"canonical":"https:\/\/csstudio.caesarstone.ca\/fr\/projets\/","og_locale":"fr_CA","og_type":"article","og_title":"Projects","og_description":"Jetez un \u0153il aux projets de Caesarstone pour voir comment nous avons aid\u00e9 des propri\u00e9taires comme vous \u00e0 r\u00e9aliser les espaces de leurs r\u00eaves.","og_url":"https:\/\/csstudio.caesarstone.ca\/fr\/projets\/","og_site_name":"Canada Pro","article_modified_time":"2024-05-09T22:38:17+00:00","twitter_card":"summary_large_image","schema":{"@context":"https:\/\/schema.org","@graph":[{"@type":"WebPage","@id":"https:\/\/csstudio.caesarstone.ca\/fr\/projets\/","url":"https:\/\/csstudio.caesarstone.ca\/fr\/projets\/","name":"Galerie des projets de Caesarstone | Canada Pro","isPartOf":{"@id":"https:\/\/csstudio.caesarstone.ca\/fr\/#website"},"datePublished":"2023-05-08T14:11:21+00:00","dateModified":"2024-05-09T22:38:17+00:00","description":"Jetez un \u0153il aux projets de Caesarstone pour voir comment nous avons aid\u00e9 des propri\u00e9taires comme vous \u00e0 r\u00e9aliser les espaces de leurs r\u00eaves.","breadcrumb":{"@id":"https:\/\/csstudio.caesarstone.ca\/fr\/projets\/#breadcrumb"},"inLanguage":"fr-CA","potentialAction":[{"@type":"ReadAction","target":["https:\/\/csstudio.caesarstone.ca\/fr\/projets\/"]}]},{"@type":"BreadcrumbList","@id":"https:\/\/csstudio.caesarstone.ca\/fr\/projets\/#breadcrumb","itemListElement":[{"@type":"ListItem","position":1,"name":"Home","item":"https:\/\/csstudio.caesarstone.ca\/fr\/"},{"@type":"ListItem","position":2,"name":"Projects"}]},{"@type":"WebSite","@id":"https:\/\/csstudio.caesarstone.ca\/fr\/#website","url":"https:\/\/csstudio.caesarstone.ca\/fr\/","name":"Canada Pro","description":"Life in Stone","potentialAction":[{"@type":"SearchAction","target":{"@type":"EntryPoint","urlTemplate":"https:\/\/csstudio.caesarstone.ca\/fr\/?s={search_term_string}"},"query-input":{"@type":"PropertyValueSpecification","valueRequired":true,"valueName":"search_term_string"}}],"inLanguage":"fr-CA"}]}},"_links":{"self":[{"href":"https:\/\/csstudio.caesarstone.ca\/fr\/wp-json\/wp\/v2\/pages\/94554","targetHints":{"allow":["GET"]}}],"collection":[{"href":"https:\/\/csstudio.caesarstone.ca\/fr\/wp-json\/wp\/v2\/pages"}],"about":[{"href":"https:\/\/csstudio.caesarstone.ca\/fr\/wp-json\/wp\/v2\/types\/page"}],"author":[{"embeddable":true,"href":"https:\/\/csstudio.caesarstone.ca\/fr\/wp-json\/wp\/v2\/users\/1"}],"replies":[{"embeddable":true,"href":"https:\/\/csstudio.caesarstone.ca\/fr\/wp-json\/wp\/v2\/comments?post=94554"}],"version-history":[{"count":5,"href":"https:\/\/csstudio.caesarstone.ca\/fr\/wp-json\/wp\/v2\/pages\/94554\/revisions"}],"predecessor-version":[{"id":97914,"href":"https:\/\/csstudio.caesarstone.ca\/fr\/wp-json\/wp\/v2\/pages\/94554\/revisions\/97914"}],"wp:attachment":[{"href":"https:\/\/csstudio.caesarstone.ca\/fr\/wp-json\/wp\/v2\/media?parent=94554"}],"curies":[{"name":"wp","href":"https:\/\/api.w.org\/{rel}","templated":true}]}}