{"id":102080,"date":"2025-11-07T00:28:58","date_gmt":"2025-11-06T22:28:58","guid":{"rendered":"https:\/\/csstudio.caesarstone.ca\/?page_id=102080"},"modified":"2025-11-07T00:28:59","modified_gmt":"2025-11-06T22:28:59","slug":"voici-lioli-ouvrir-la-voie-a-une-nouvelle-ere-dans-le-domaine-des-surfaces","status":"publish","type":"page","link":"https:\/\/csstudio.caesarstone.ca\/fr\/voici-lioli-ouvrir-la-voie-a-une-nouvelle-ere-dans-le-domaine-des-surfaces\/","title":{"rendered":"Voici Lioli\u00a0: ouvrir la voie \u00e0 une nouvelle \u00e8re dans le domaine des surfaces"},"content":{"rendered":"\n<p>Chaque projet commence par une vision de cr\u00e9er des espaces inspirants et durables. Pour les sp\u00e9cialistes du design, le d\u00e9fi consiste souvent \u00e0 trouver le juste \u00e9quilibre entre esth\u00e9tique saisissante et pr\u00e9cision technique. Chaque surface doit allier beaut\u00e9 et fiabilit\u00e9&nbsp;: les rev\u00eatements de sols doivent r\u00e9sister \u00e0 une circulation intense et les murs doivent avoir du caract\u00e8re.<\/p>\n\n\n\n<p>Chez Caesarstone, nous partageons cette ambition et continuons \u00e0 \u00e9largir les possibilit\u00e9s qui vous sont offertes. Avec l\u2019arriv\u00e9e de Lioli Porcelain de Caesarstone, nous sommes ravis de vous inviter dans une nouvelle \u00e8re de notre portefeuille.<\/p>\n\n\n\n<p>Laissez ces designs en porcelaine grand format vous inspirer avec des surfaces qui stimulent votre ambition cr\u00e9ative, tout en respectant les normes les plus \u00e9lev\u00e9es en mati\u00e8re de savoir-faire et de durabilit\u00e9.<\/p>\n\n\n<div class=\"wp-block-image\">\n<figure class=\"aligncenter size-full\"><img loading=\"lazy\" decoding=\"async\" width=\"1024\" height=\"576\" src=\"https:\/\/studio.caesarstoneus.com\/wp-content\/uploads\/2025\/11\/544_Auralux_550_Silvax_Render1_1920X1080_RGB_191224-copy-1024x576-1.webp\" alt=\"\" class=\"wp-image-102081\" srcset=\"https:\/\/studio.caesarstoneus.com\/wp-content\/uploads\/2025\/11\/544_Auralux_550_Silvax_Render1_1920X1080_RGB_191224-copy-1024x576-1.webp 1024w, https:\/\/studio.caesarstoneus.com\/wp-content\/uploads\/2025\/11\/544_Auralux_550_Silvax_Render1_1920X1080_RGB_191224-copy-1024x576-1-300x169.webp 300w, https:\/\/studio.caesarstoneus.com\/wp-content\/uploads\/2025\/11\/544_Auralux_550_Silvax_Render1_1920X1080_RGB_191224-copy-1024x576-1-768x432.webp 768w\" sizes=\"auto, (max-width: 1024px) 100vw, 1024px\" \/><\/figure>\n<\/div>\n\n\n<h2 class=\"wp-block-heading\" id=\"h-le-leadership-en-matiere-de-design-maintenant-en-grand-format\"><strong>Le leadership en mati\u00e8re de design, maintenant en grand format<\/strong><\/h2>\n\n\n\n<p>Caesarstone est fi\u00e8re d\u2019annoncer le lancement de Lioli Porcelain de Caesarstone, qui pr\u00e9sente une surface de porcelaine \u00e0 la fine pointe de la technologie forg\u00e9e par des synergies inspirantes entre Caesarstone et Lioli Ceramica. Comme pionni\u00e8re, Lioli Ceramica est depuis longtemps \u00e0 l\u2019avant-garde des dalles de porcelaine grand format et produit des dalles qui mesurent jusqu\u2019\u00e0 124,5&nbsp;po sur 61,5&nbsp;po qui red\u00e9finissent ce que la grandeur peut accomplir. Comme elle fait maintenant part de la famille Caesarstone, cette expertise s\u2019unit \u00e0 son h\u00e9ritage mondial en mati\u00e8re d\u2019innovation dans le domaine du design et \u00e0 nos normes de fabrication \u00e9prouv\u00e9es.<\/p>\n\n\n\n<p>Ensemble, nous vous pr\u00e9sentons <a href=\"https:\/\/www.caesarstone.ca\/fr\/lioli-lp\/\"><strong>Lioli Porcelain de Caesarstone<\/strong><\/a>: une collection de porcelaine con\u00e7ue pour de multiples applications, des rev\u00eatements de sol spacieux aux rev\u00eatements muraux int\u00e9rieurs et ext\u00e9rieurs remarquables.&nbsp;&nbsp;<\/p>\n\n\n\n<p>Chaque pi\u00e8ce refl\u00e8te notre engagement commun envers la durabilit\u00e9, l\u2019\u00e9l\u00e9gance et le leadership, ce qui \u00e9largit les possibilit\u00e9s cr\u00e9atives et techniques offertes aux sp\u00e9cialistes du monde entier.<\/p>\n\n\n\n<h2 class=\"wp-block-heading\" id=\"h-voyez-grand-et-profitez-des-avantages-des-grandes-dalles\"><strong>Voyez grand et profitez des avantages des grandes dalles<\/strong><\/h2>\n\n\n\n<p>La grandeur est la caract\u00e9ristique d\u00e9terminante de Lioli Porcelain. Chaque dalle mesure jusqu\u2019\u00e0 124,5&nbsp;po sur 61,5&nbsp;po, ce qui offre de vastes surfaces et une nouvelle libert\u00e9 de conception.<\/p>\n\n\n\n<p>Avec des dalles de cette taille, les joints sont consid\u00e9rablement r\u00e9duits. L\u2019effet va plus loin que la propret\u00e9 visuelle&nbsp;: les surfaces paraissent comme un seul plan ininterrompu, ce qui amplifie l\u2019impact des veinures continues ou la pr\u00e9cision des designs avec appareillage retourn\u00e9. Dans les espaces vastes, cet aspect ininterrompu permet de cr\u00e9er un r\u00e9cit conceptuel fluide, sans ruptures inutiles.<\/p>\n\n\n\n<h2 class=\"wp-block-heading\" id=\"h-revetements-de-sol-lioli-porcelain-style-et-resistance-pour-les-espaces-occupes\"><strong>Rev\u00eatements de sol Lioli Porcelain\u00a0: style et r\u00e9sistance pour les espaces occup\u00e9s<\/strong><\/h2>\n\n\n\n<p>Tout espace occup\u00e9 n\u00e9cessite une surface capable de r\u00e9sister \u00e0 une utilisation constante sans compromettre l\u2019intention du design. Lioli Porcelain satisfait et d\u00e9passe ces exigences gr\u00e2ce \u00e0 sa r\u00e9sistance et \u00e0 son raffinement.<\/p>\n\n\n\n<p>Con\u00e7ue pour les environnements exigeants, elle r\u00e9siste aux \u00e9gratignures, aux taches et aux rayons UV tout en n\u00e9cessitant peu d\u2019entretien, parce que sa surface est non poreuse et qu\u2019elle ne n\u00e9cessite pas de scellement. Une r\u00e9sistance au glissement Safe-Grip apporte une tranquillit\u00e9 d\u2019esprit autant pour les projets r\u00e9sidentiels que commerciaux.<\/p>\n\n\n\n<p>Au bout du compte, les rev\u00eatements de sol offrent une fluidit\u00e9 sans faille qui renforce la grandeur et l\u2019impact gr\u00e2ce \u00e0 leurs dimensions g\u00e9n\u00e9reuses. Laissez Lioli transformer votre projet de rev\u00eatement de sol en une toile d\u2019une \u00e9l\u00e9gance durable.<\/p>\n\n\n\n<h2 class=\"wp-block-heading\" id=\"h-revetements-muraux-lioli-porcelain-des-murs-qui-en-disent-long\"><strong>Rev\u00eatements muraux Lioli Porcelain\u00a0: des murs qui en disent long<\/strong><\/h2>\n\n\n\n<p>Les murs ne sont pas que de simples limites. Ils donnent le ton \u00e0 n\u2019importe quelle pi\u00e8ce et peuvent devenir des \u00e9l\u00e9ments architecturaux d\u00e9terminants.<\/p>\n\n\n\n<p>Avec Lioli Porcelain, vous disposez d\u2019un mat\u00e9riau qui vous aide \u00e0 r\u00e9aliser cette transformation. Des finitions comme la finition mate, soyeuse, brillante et ultra rugueuse conf\u00e8rent profondeur et tactilit\u00e9 et vous permettent de cr\u00e9er des surfaces qui invitent au toucher tout en attirant l\u2019attention. Mieux encore, leur polyvalence les rend adapt\u00e9es aux murs-d\u00e9cors int\u00e9rieurs, aux fa\u00e7ades ext\u00e9rieures ou aux installations \u00e0 grande \u00e9chelle qui exigent une certaine pr\u00e9sence. La technologie Lioli Sensorial Tech\u2122 est habilement mise \u00e0 profit pour cr\u00e9er des textures craquel\u00e9es, fossilis\u00e9es et grain\u00e9es qui reproduisent les effets de la topographie de la pierre naturelle.<\/p>\n\n\n\n<p>Il est temps de sortir de l\u2019ordinaire. Ne vous contentez pas d\u2019encadrer les espaces; transformez les murs en \u00e9l\u00e9ments de design gr\u00e2ce au rev\u00eatement mural Lioli.<\/p>\n\n\n\n<h2 class=\"wp-block-heading\" id=\"h-decouvrez-les-couleurs-de-lioli-porcelain\"><strong>D\u00e9couvrez les couleurs de Lioli Porcelain<\/strong><\/h2>\n\n\n\n<p>Les couleurs et les motifs influencent autant l\u2019ambiance d\u2019un espace que sa forme et ses dimensions. Avec Lioli Porcelain, la palette devient un outil de conception \u00e0 part enti\u00e8re&nbsp;: une collection de surfaces qui capturent toute la beaut\u00e9 spectaculaire de la pierre naturelle.<\/p>\n\n\n\n<p>Des blancs lumineux qui amplifient la lumi\u00e8re aux tons fonc\u00e9s audacieux qui ancrent un design avec pr\u00e9sence, la collection Lioli Porcelain offre un large \u00e9ventail de possibilit\u00e9s pour les rev\u00eatements de sol et muraux.<\/p>\n\n\n\n<ul class=\"wp-block-list\">\n<li><a href=\"https:\/\/csstudio.caesarstone.ca\/fr\/catalogue\/502-sleet\/\"><strong>Sleet<\/strong><\/a> pr\u00e9sente des bandes de blanc et de blanc cass\u00e9 qui interagissent sur une base de graphite embrum\u00e9, entrecrois\u00e9es de fines stries brun dor\u00e9. La simplicit\u00e9 stratifi\u00e9e cr\u00e9e une surface raffin\u00e9e qui conf\u00e8re une \u00e9l\u00e9gance discr\u00e8te aux int\u00e9rieurs minimalistes et aux vastes projets de rev\u00eatements de sol.<\/li>\n\n\n\n<li><a href=\"https:\/\/csstudio.caesarstone.ca\/fr\/catalogue\/504-lumena\/\"><strong>Lumena<\/strong><\/a> pr\u00e9sente un fond blanc nacre anim\u00e9 par des veinures grises audacieuses et adouci par de subtiles nuances ros\u00e9es. Cette composition dynamique conf\u00e8re de la lumi\u00e8re et de l\u2019\u00e9nergie aux cuisines contemporaines, aux halls d\u2019entr\u00e9e ou aux murs-d\u00e9cors o\u00f9 la grandeur et la luminosit\u00e9 sont essentielles.<\/li>\n\n\n\n<li><a href=\"https:\/\/csstudio.caesarstone.ca\/fr\/catalogue\/507-marbannova\/\"><strong>Marbannova<\/strong><\/a> pr\u00e9sente une surface d\u2019un blanc chaud soyeux anim\u00e9e par des lignes dor\u00e9es, taupe et grises \u00e9touff\u00e9es qui se dissolvent dans des couches translucides. Sa luminosit\u00e9 convient parfaitement aux environnements d\u2019accueil, aux \u00eelots d\u00e9coratifs ou aux espaces qui requi\u00e8rent un luxe discret.<\/li>\n\n\n\n<li><a href=\"https:\/\/csstudio.caesarstone.ca\/fr\/catalogue\/513-striata\/\"><strong>Striata<\/strong><\/a> repr\u00e9sente une force g\u00e9ologique avec une base gris fum\u00e9 enrichie par des veines semblables \u00e0 des fossiles, des taches de patine et des accents rouill\u00e9s. Ce caract\u00e8re complexe cr\u00e9e une pr\u00e9sence dramatique qui convient aux rev\u00eatements muraux ou aux espaces commerciaux o\u00f9 la mat\u00e9rialit\u00e9 occupe une place centrale.<\/li>\n\n\n\n<li><a href=\"https:\/\/csstudio.caesarstone.ca\/fr\/catalogue\/510-impermia\/\"><strong>Impermia<\/strong><\/a> pr\u00e9sente une surface noire saisissante anim\u00e9e par des \u00e9clats de lignes fines qui frappent comme l\u2019\u00e9clair. Il en r\u00e9sulte un design \u00e9tonnamment moderne qui ajoute du drame aux int\u00e9rieurs monochromes ou aux fa\u00e7ades architecturales audacieuses.<\/li>\n\n\n\n<li><a href=\"https:\/\/csstudio.caesarstone.ca\/fr\/catalogue\/516-locura\/\"><strong>Locura<\/strong><\/a> combine des couches de gris fonc\u00e9 \u00e0 des nuances de fond d\u2019un brun chaud, anim\u00e9 par des veinures organiques blanches qui parcourent la surface. Cette composition terreuse conf\u00e8re profondeur et authenticit\u00e9, ce qui en fait un choix polyvalent pour les cuisines ext\u00e9rieures ou les murs-d\u00e9cors textur\u00e9s.<\/li>\n\n\n\n<li><a href=\"https:\/\/csstudio.caesarstone.ca\/fr\/catalogue\/581-lucillia\/\"><strong>Lucillia<\/strong><\/a> d\u00e9gage un calme avec une base d\u2019un blanc chaud entrecrois\u00e9e de veinures glac\u00e9es et d\u2019accents caramel. Douce, mais raffin\u00e9e, elle cr\u00e9e une atmosph\u00e8re de s\u00e9r\u00e9nit\u00e9 qui convient particuli\u00e8rement bien aux salles de bain inspir\u00e9es des spas ou aux espaces bien-\u00eatre.<\/li>\n\n\n\n<li><a href=\"https:\/\/csstudio.caesarstone.ca\/fr\/catalogue\/506-mirabel\/\"><strong>Mirabel<\/strong><\/a> combine une base ivoire avec des nuances d\u2019argile travers\u00e9es par de larges veinures charbon aux accents de cuivre. Cela rappelle la richesse du marbre et cr\u00e9e une surface qui allie force et chaleur.<\/li>\n\n\n\n<li><a href=\"https:\/\/csstudio.caesarstone.ca\/fr\/catalogue\/511-smokestone\/\"><strong>Smokestone<\/strong><\/a> introduit une surface noir minuit anim\u00e9e par des lignes blanches crayeuses et des textures cristallines. C\u2019est un design spectaculaire qui s\u2019int\u00e8gre \u00e0 merveille aux fa\u00e7ades ou qui sert de toile de fond pour les espaces int\u00e9rieurs qui n\u00e9cessitent du poids visuel et du contraste.<\/li>\n\n\n\n<li><a href=\"https:\/\/csstudio.caesarstone.ca\/fr\/catalogue\/536-antikella\/\"><strong>Antikella<\/strong><\/a>, notre tout nouveau design, compl\u00e8te la palette avec une surface lumineuse d\u2019un blanc osseux parcourue de veines gris clair et dor\u00e9es d\u00e9licates. Son attrait intemporel se pr\u00eate tout aussi bien \u00e0 l\u2019\u00e9l\u00e9gance traditionnelle qu\u2019au minimalisme contemporain.<\/li>\n<\/ul>\n\n\n\n<p>Pour les projets qui doivent se d\u00e9marquer, Lioli Porcelain offre la palette, la grandeur et la pr\u00e9cision n\u00e9cessaires pour donner vie \u00e0 des concepts audacieux ayant un impact durable.<\/p>\n\n\n\n<h2 class=\"wp-block-heading\" id=\"h-realisez-vos-idees-ambitieuses-avec-lioli-porcelain-de-caesarstone\"><strong>R\u00e9alisez vos id\u00e9es ambitieuses avec Lioli Porcelain de Caesarstone<\/strong><\/h2>\n\n\n\n<p>Chez Caesarstone, la pr\u00e9cision et l\u2019innovation guident toutes nos actions. Avec Lioli Porcelain, cet engagement prend de nouvelles dimensions et offre un mat\u00e9riau qui allie grandeur et savoir-faire pour une vaste gamme d\u2019applications en mati\u00e8re de design.&nbsp;<\/p>\n\n\n\n<p>Plus qu\u2019une simple solution pour les comptoirs, Lioli ouvre des possibilit\u00e9s pour les rev\u00eatements de sol et muraux qui exigent pr\u00e9sence et continuit\u00e9. Chaque dalle repr\u00e9sente une occasion de repousser les limites de la cr\u00e9ativit\u00e9 tout en s\u2019appuyant sur la fiabilit\u00e9 qui caract\u00e9rise Caesarstone.<\/p>\n\n\n\n<p>Lioli Porcelain de Caesarstone, c\u2019est plus qu\u2019une nouvelle surface; c\u2019est une invitation \u00e0 concevoir avec une plus grande libert\u00e9. Int\u00e9grez cette collection \u00e0 vos projets pour donner vie \u00e0 vos id\u00e9es audacieuses.&nbsp; Caesarstone propose d\u00e9sormais une gamme de plus de 100&nbsp;couleurs pour inspirer la cr\u00e9ativit\u00e9 et l\u2019expression personnelle gr\u00e2ce \u00e0 de multiples mat\u00e9riaux et applications pour la vie dedans comme dehors.<\/p>\n","protected":false},"excerpt":{"rendered":"<p>Chaque projet commence par une vision de cr\u00e9er des espaces inspirants et durables. Pour les sp\u00e9cialistes du design, le d\u00e9fi consiste souvent \u00e0 trouver le juste \u00e9quilibre entre esth\u00e9tique saisissante et pr\u00e9cision technique. Chaque surface doit allier beaut\u00e9 et fiabilit\u00e9&nbsp;: les rev\u00eatements de sols doivent r\u00e9sister \u00e0 une circulation intense et les murs doivent avoir [&hellip;]<\/p>\n","protected":false},"author":11170,"featured_media":101322,"parent":0,"menu_order":0,"comment_status":"closed","ping_status":"closed","template":"","meta":{"_acf_changed":false,"footnotes":""},"class_list":["post-102080","page","type-page","status-publish","has-post-thumbnail","hentry"],"acf":[],"yoast_head":"<!-- This site is optimized with the Yoast SEO Premium plugin v26.6 (Yoast SEO v26.6) - https:\/\/yoast.com\/wordpress\/plugins\/seo\/ -->\n<title>Voici Lioli\u00a0: ouvrir la voie \u00e0 une nouvelle \u00e8re dans le domaine des surfaces | Canada Pro<\/title>\n<meta name=\"robots\" content=\"index, follow, max-snippet:-1, max-image-preview:large, max-video-preview:-1\" \/>\n<link rel=\"canonical\" href=\"https:\/\/csstudio.caesarstone.ca\/fr\/voici-lioli-ouvrir-la-voie-a-une-nouvelle-ere-dans-le-domaine-des-surfaces\/\" \/>\n<meta property=\"og:locale\" content=\"fr_CA\" \/>\n<meta property=\"og:type\" content=\"article\" \/>\n<meta property=\"og:title\" content=\"Voici Lioli\u00a0: ouvrir la voie \u00e0 une nouvelle \u00e8re dans le domaine des surfaces\" \/>\n<meta property=\"og:description\" content=\"Chaque projet commence par une vision de cr\u00e9er des espaces inspirants et durables. Pour les sp\u00e9cialistes du design, le d\u00e9fi consiste souvent \u00e0 trouver le juste \u00e9quilibre entre esth\u00e9tique saisissante et pr\u00e9cision technique. Chaque surface doit allier beaut\u00e9 et fiabilit\u00e9&nbsp;: les rev\u00eatements de sols doivent r\u00e9sister \u00e0 une circulation intense et les murs doivent avoir [&hellip;]\" \/>\n<meta property=\"og:url\" content=\"https:\/\/csstudio.caesarstone.ca\/fr\/voici-lioli-ouvrir-la-voie-a-une-nouvelle-ere-dans-le-domaine-des-surfaces\/\" \/>\n<meta property=\"og:site_name\" content=\"Canada Pro\" \/>\n<meta property=\"article:modified_time\" content=\"2025-11-06T22:28:59+00:00\" \/>\n<meta property=\"og:image\" content=\"https:\/\/studio.caesarstoneus.com\/wp-content\/uploads\/2025\/08\/544_Auralux_550_Silvax_Render1_1920X1080_RGB_191224-copy.webp\" \/>\n\t<meta property=\"og:image:width\" content=\"1920\" \/>\n\t<meta property=\"og:image:height\" content=\"1080\" \/>\n\t<meta property=\"og:image:type\" content=\"image\/webp\" \/>\n<meta name=\"twitter:card\" content=\"summary_large_image\" \/>\n<script type=\"application\/ld+json\" class=\"yoast-schema-graph\">{\"@context\":\"https:\/\/schema.org\",\"@graph\":[{\"@type\":\"WebPage\",\"@id\":\"https:\/\/csstudio.caesarstone.ca\/fr\/voici-lioli-ouvrir-la-voie-a-une-nouvelle-ere-dans-le-domaine-des-surfaces\/\",\"url\":\"https:\/\/csstudio.caesarstone.ca\/fr\/voici-lioli-ouvrir-la-voie-a-une-nouvelle-ere-dans-le-domaine-des-surfaces\/\",\"name\":\"Voici Lioli\u00a0: ouvrir la voie \u00e0 une nouvelle \u00e8re dans le domaine des surfaces | Canada Pro\",\"isPartOf\":{\"@id\":\"https:\/\/csstudio.caesarstone.ca\/fr\/#website\"},\"primaryImageOfPage\":{\"@id\":\"https:\/\/csstudio.caesarstone.ca\/fr\/voici-lioli-ouvrir-la-voie-a-une-nouvelle-ere-dans-le-domaine-des-surfaces\/#primaryimage\"},\"image\":{\"@id\":\"https:\/\/csstudio.caesarstone.ca\/fr\/voici-lioli-ouvrir-la-voie-a-une-nouvelle-ere-dans-le-domaine-des-surfaces\/#primaryimage\"},\"thumbnailUrl\":\"https:\/\/studio.caesarstoneus.com\/wp-content\/uploads\/2025\/08\/544_Auralux_550_Silvax_Render1_1920X1080_RGB_191224-copy.webp\",\"datePublished\":\"2025-11-06T22:28:58+00:00\",\"dateModified\":\"2025-11-06T22:28:59+00:00\",\"breadcrumb\":{\"@id\":\"https:\/\/csstudio.caesarstone.ca\/fr\/voici-lioli-ouvrir-la-voie-a-une-nouvelle-ere-dans-le-domaine-des-surfaces\/#breadcrumb\"},\"inLanguage\":\"fr-CA\",\"potentialAction\":[{\"@type\":\"ReadAction\",\"target\":[\"https:\/\/csstudio.caesarstone.ca\/fr\/voici-lioli-ouvrir-la-voie-a-une-nouvelle-ere-dans-le-domaine-des-surfaces\/\"]}]},{\"@type\":\"ImageObject\",\"inLanguage\":\"fr-CA\",\"@id\":\"https:\/\/csstudio.caesarstone.ca\/fr\/voici-lioli-ouvrir-la-voie-a-une-nouvelle-ere-dans-le-domaine-des-surfaces\/#primaryimage\",\"url\":\"https:\/\/studio.caesarstoneus.com\/wp-content\/uploads\/2025\/08\/544_Auralux_550_Silvax_Render1_1920X1080_RGB_191224-copy.webp\",\"contentUrl\":\"https:\/\/studio.caesarstoneus.com\/wp-content\/uploads\/2025\/08\/544_Auralux_550_Silvax_Render1_1920X1080_RGB_191224-copy.webp\",\"width\":1920,\"height\":1080,\"caption\":\"Lioli LP\"},{\"@type\":\"BreadcrumbList\",\"@id\":\"https:\/\/csstudio.caesarstone.ca\/fr\/voici-lioli-ouvrir-la-voie-a-une-nouvelle-ere-dans-le-domaine-des-surfaces\/#breadcrumb\",\"itemListElement\":[{\"@type\":\"ListItem\",\"position\":1,\"name\":\"Home\",\"item\":\"https:\/\/csstudio.caesarstone.ca\/fr\/\"},{\"@type\":\"ListItem\",\"position\":2,\"name\":\"Voici Lioli\u00a0: ouvrir la voie \u00e0 une nouvelle \u00e8re dans le domaine des surfaces\"}]},{\"@type\":\"WebSite\",\"@id\":\"https:\/\/csstudio.caesarstone.ca\/fr\/#website\",\"url\":\"https:\/\/csstudio.caesarstone.ca\/fr\/\",\"name\":\"Canada Pro\",\"description\":\"Life in Stone\",\"potentialAction\":[{\"@type\":\"SearchAction\",\"target\":{\"@type\":\"EntryPoint\",\"urlTemplate\":\"https:\/\/csstudio.caesarstone.ca\/fr\/?s={search_term_string}\"},\"query-input\":{\"@type\":\"PropertyValueSpecification\",\"valueRequired\":true,\"valueName\":\"search_term_string\"}}],\"inLanguage\":\"fr-CA\"}]}<\/script>\n<!-- \/ Yoast SEO Premium plugin. -->","yoast_head_json":{"title":"Voici Lioli\u00a0: ouvrir la voie \u00e0 une nouvelle \u00e8re dans le domaine des surfaces | Canada Pro","robots":{"index":"index","follow":"follow","max-snippet":"max-snippet:-1","max-image-preview":"max-image-preview:large","max-video-preview":"max-video-preview:-1"},"canonical":"https:\/\/csstudio.caesarstone.ca\/fr\/voici-lioli-ouvrir-la-voie-a-une-nouvelle-ere-dans-le-domaine-des-surfaces\/","og_locale":"fr_CA","og_type":"article","og_title":"Voici Lioli\u00a0: ouvrir la voie \u00e0 une nouvelle \u00e8re dans le domaine des surfaces","og_description":"Chaque projet commence par une vision de cr\u00e9er des espaces inspirants et durables. Pour les sp\u00e9cialistes du design, le d\u00e9fi consiste souvent \u00e0 trouver le juste \u00e9quilibre entre esth\u00e9tique saisissante et pr\u00e9cision technique. Chaque surface doit allier beaut\u00e9 et fiabilit\u00e9&nbsp;: les rev\u00eatements de sols doivent r\u00e9sister \u00e0 une circulation intense et les murs doivent avoir [&hellip;]","og_url":"https:\/\/csstudio.caesarstone.ca\/fr\/voici-lioli-ouvrir-la-voie-a-une-nouvelle-ere-dans-le-domaine-des-surfaces\/","og_site_name":"Canada Pro","article_modified_time":"2025-11-06T22:28:59+00:00","og_image":[{"width":1920,"height":1080,"url":"https:\/\/studio.caesarstoneus.com\/wp-content\/uploads\/2025\/08\/544_Auralux_550_Silvax_Render1_1920X1080_RGB_191224-copy.webp","type":"image\/webp"}],"twitter_card":"summary_large_image","schema":{"@context":"https:\/\/schema.org","@graph":[{"@type":"WebPage","@id":"https:\/\/csstudio.caesarstone.ca\/fr\/voici-lioli-ouvrir-la-voie-a-une-nouvelle-ere-dans-le-domaine-des-surfaces\/","url":"https:\/\/csstudio.caesarstone.ca\/fr\/voici-lioli-ouvrir-la-voie-a-une-nouvelle-ere-dans-le-domaine-des-surfaces\/","name":"Voici Lioli\u00a0: ouvrir la voie \u00e0 une nouvelle \u00e8re dans le domaine des surfaces | Canada Pro","isPartOf":{"@id":"https:\/\/csstudio.caesarstone.ca\/fr\/#website"},"primaryImageOfPage":{"@id":"https:\/\/csstudio.caesarstone.ca\/fr\/voici-lioli-ouvrir-la-voie-a-une-nouvelle-ere-dans-le-domaine-des-surfaces\/#primaryimage"},"image":{"@id":"https:\/\/csstudio.caesarstone.ca\/fr\/voici-lioli-ouvrir-la-voie-a-une-nouvelle-ere-dans-le-domaine-des-surfaces\/#primaryimage"},"thumbnailUrl":"https:\/\/studio.caesarstoneus.com\/wp-content\/uploads\/2025\/08\/544_Auralux_550_Silvax_Render1_1920X1080_RGB_191224-copy.webp","datePublished":"2025-11-06T22:28:58+00:00","dateModified":"2025-11-06T22:28:59+00:00","breadcrumb":{"@id":"https:\/\/csstudio.caesarstone.ca\/fr\/voici-lioli-ouvrir-la-voie-a-une-nouvelle-ere-dans-le-domaine-des-surfaces\/#breadcrumb"},"inLanguage":"fr-CA","potentialAction":[{"@type":"ReadAction","target":["https:\/\/csstudio.caesarstone.ca\/fr\/voici-lioli-ouvrir-la-voie-a-une-nouvelle-ere-dans-le-domaine-des-surfaces\/"]}]},{"@type":"ImageObject","inLanguage":"fr-CA","@id":"https:\/\/csstudio.caesarstone.ca\/fr\/voici-lioli-ouvrir-la-voie-a-une-nouvelle-ere-dans-le-domaine-des-surfaces\/#primaryimage","url":"https:\/\/studio.caesarstoneus.com\/wp-content\/uploads\/2025\/08\/544_Auralux_550_Silvax_Render1_1920X1080_RGB_191224-copy.webp","contentUrl":"https:\/\/studio.caesarstoneus.com\/wp-content\/uploads\/2025\/08\/544_Auralux_550_Silvax_Render1_1920X1080_RGB_191224-copy.webp","width":1920,"height":1080,"caption":"Lioli LP"},{"@type":"BreadcrumbList","@id":"https:\/\/csstudio.caesarstone.ca\/fr\/voici-lioli-ouvrir-la-voie-a-une-nouvelle-ere-dans-le-domaine-des-surfaces\/#breadcrumb","itemListElement":[{"@type":"ListItem","position":1,"name":"Home","item":"https:\/\/csstudio.caesarstone.ca\/fr\/"},{"@type":"ListItem","position":2,"name":"Voici Lioli\u00a0: ouvrir la voie \u00e0 une nouvelle \u00e8re dans le domaine des surfaces"}]},{"@type":"WebSite","@id":"https:\/\/csstudio.caesarstone.ca\/fr\/#website","url":"https:\/\/csstudio.caesarstone.ca\/fr\/","name":"Canada Pro","description":"Life in Stone","potentialAction":[{"@type":"SearchAction","target":{"@type":"EntryPoint","urlTemplate":"https:\/\/csstudio.caesarstone.ca\/fr\/?s={search_term_string}"},"query-input":{"@type":"PropertyValueSpecification","valueRequired":true,"valueName":"search_term_string"}}],"inLanguage":"fr-CA"}]}},"_links":{"self":[{"href":"https:\/\/csstudio.caesarstone.ca\/fr\/wp-json\/wp\/v2\/pages\/102080","targetHints":{"allow":["GET"]}}],"collection":[{"href":"https:\/\/csstudio.caesarstone.ca\/fr\/wp-json\/wp\/v2\/pages"}],"about":[{"href":"https:\/\/csstudio.caesarstone.ca\/fr\/wp-json\/wp\/v2\/types\/page"}],"author":[{"embeddable":true,"href":"https:\/\/csstudio.caesarstone.ca\/fr\/wp-json\/wp\/v2\/users\/11170"}],"replies":[{"embeddable":true,"href":"https:\/\/csstudio.caesarstone.ca\/fr\/wp-json\/wp\/v2\/comments?post=102080"}],"version-history":[{"count":1,"href":"https:\/\/csstudio.caesarstone.ca\/fr\/wp-json\/wp\/v2\/pages\/102080\/revisions"}],"predecessor-version":[{"id":102083,"href":"https:\/\/csstudio.caesarstone.ca\/fr\/wp-json\/wp\/v2\/pages\/102080\/revisions\/102083"}],"wp:featuredmedia":[{"embeddable":true,"href":"https:\/\/csstudio.caesarstone.ca\/fr\/wp-json\/wp\/v2\/media\/101322"}],"wp:attachment":[{"href":"https:\/\/csstudio.caesarstone.ca\/fr\/wp-json\/wp\/v2\/media?parent=102080"}],"curies":[{"name":"wp","href":"https:\/\/api.w.org\/{rel}","templated":true}]}}