{"id":101738,"date":"2025-09-05T00:23:40","date_gmt":"2025-09-04T21:23:40","guid":{"rendered":"https:\/\/csstudio.caesarstone.ca\/?page_id=101738"},"modified":"2025-12-17T00:00:05","modified_gmt":"2025-12-16T22:00:05","slug":"solution-revetements-de-sol","status":"publish","type":"page","link":"https:\/\/csstudio.caesarstone.ca\/fr\/solution-revetements-de-sol\/","title":{"rendered":"Solution Rev\u00eatements de sol"},"content":{"rendered":"","protected":false},"excerpt":{"rendered":"","protected":false},"author":11170,"featured_media":0,"parent":0,"menu_order":0,"comment_status":"closed","ping_status":"closed","template":"templates\/solution.php","meta":{"_acf_changed":false,"footnotes":""},"class_list":["post-101738","page","type-page","status-publish","hentry"],"acf":[],"yoast_head":"<!-- This site is optimized with the Yoast SEO Premium plugin v26.6 (Yoast SEO v26.6) - https:\/\/yoast.com\/wordpress\/plugins\/seo\/ -->\n<title>Solution Rev\u00eatements de sol | Canada Pro<\/title>\n<meta name=\"description\" content=\"Rev\u00eatement de plancher Lioli Porcelain de Caesarstone \u2013 des surfaces antid\u00e9rapantes, robustes et raffin\u00e9es pour dedans et dehors. Il r\u00e9siste aux rayures, aux taches, aux rayons UV; il est respectueux de l\u2019environnement et son entretien est sans effort.\" \/>\n<meta name=\"robots\" content=\"index, follow, max-snippet:-1, max-image-preview:large, max-video-preview:-1\" \/>\n<link rel=\"canonical\" href=\"https:\/\/csstudio.caesarstone.ca\/fr\/solution-revetements-de-sol\/\" \/>\n<meta property=\"og:locale\" content=\"fr_CA\" \/>\n<meta property=\"og:type\" content=\"article\" \/>\n<meta property=\"og:title\" content=\"Solution Rev\u00eatements de sol\" \/>\n<meta property=\"og:description\" content=\"Rev\u00eatement de plancher Lioli Porcelain de Caesarstone \u2013 des surfaces antid\u00e9rapantes, robustes et raffin\u00e9es pour dedans et dehors. Il r\u00e9siste aux rayures, aux taches, aux rayons UV; il est respectueux de l\u2019environnement et son entretien est sans effort.\" \/>\n<meta property=\"og:url\" content=\"https:\/\/csstudio.caesarstone.ca\/fr\/solution-revetements-de-sol\/\" \/>\n<meta property=\"og:site_name\" content=\"Canada Pro\" \/>\n<meta property=\"article:modified_time\" content=\"2025-12-16T22:00:05+00:00\" \/>\n<meta name=\"twitter:card\" content=\"summary_large_image\" \/>\n<script type=\"application\/ld+json\" class=\"yoast-schema-graph\">{\"@context\":\"https:\/\/schema.org\",\"@graph\":[{\"@type\":\"WebPage\",\"@id\":\"https:\/\/csstudio.caesarstone.ca\/fr\/solution-revetements-de-sol\/\",\"url\":\"https:\/\/csstudio.caesarstone.ca\/fr\/solution-revetements-de-sol\/\",\"name\":\"Solution Rev\u00eatements de sol | Canada Pro\",\"isPartOf\":{\"@id\":\"https:\/\/csstudio.caesarstone.ca\/fr\/#website\"},\"datePublished\":\"2025-09-04T21:23:40+00:00\",\"dateModified\":\"2025-12-16T22:00:05+00:00\",\"description\":\"Rev\u00eatement de plancher Lioli Porcelain de Caesarstone \u2013 des surfaces antid\u00e9rapantes, robustes et raffin\u00e9es pour dedans et dehors. Il r\u00e9siste aux rayures, aux taches, aux rayons UV; il est respectueux de l\u2019environnement et son entretien est sans effort.\",\"breadcrumb\":{\"@id\":\"https:\/\/csstudio.caesarstone.ca\/fr\/solution-revetements-de-sol\/#breadcrumb\"},\"inLanguage\":\"fr-CA\",\"potentialAction\":[{\"@type\":\"ReadAction\",\"target\":[\"https:\/\/csstudio.caesarstone.ca\/fr\/solution-revetements-de-sol\/\"]}]},{\"@type\":\"BreadcrumbList\",\"@id\":\"https:\/\/csstudio.caesarstone.ca\/fr\/solution-revetements-de-sol\/#breadcrumb\",\"itemListElement\":[{\"@type\":\"ListItem\",\"position\":1,\"name\":\"Home\",\"item\":\"https:\/\/csstudio.caesarstone.ca\/fr\/\"},{\"@type\":\"ListItem\",\"position\":2,\"name\":\"Solution Rev\u00eatements de sol\"}]},{\"@type\":\"WebSite\",\"@id\":\"https:\/\/csstudio.caesarstone.ca\/fr\/#website\",\"url\":\"https:\/\/csstudio.caesarstone.ca\/fr\/\",\"name\":\"Canada Pro\",\"description\":\"Life in Stone\",\"potentialAction\":[{\"@type\":\"SearchAction\",\"target\":{\"@type\":\"EntryPoint\",\"urlTemplate\":\"https:\/\/csstudio.caesarstone.ca\/fr\/?s={search_term_string}\"},\"query-input\":{\"@type\":\"PropertyValueSpecification\",\"valueRequired\":true,\"valueName\":\"search_term_string\"}}],\"inLanguage\":\"fr-CA\"}]}<\/script>\n<!-- \/ Yoast SEO Premium plugin. -->","yoast_head_json":{"title":"Solution Rev\u00eatements de sol | Canada Pro","description":"Rev\u00eatement de plancher Lioli Porcelain de Caesarstone \u2013 des surfaces antid\u00e9rapantes, robustes et raffin\u00e9es pour dedans et dehors. Il r\u00e9siste aux rayures, aux taches, aux rayons UV; il est respectueux de l\u2019environnement et son entretien est sans effort.","robots":{"index":"index","follow":"follow","max-snippet":"max-snippet:-1","max-image-preview":"max-image-preview:large","max-video-preview":"max-video-preview:-1"},"canonical":"https:\/\/csstudio.caesarstone.ca\/fr\/solution-revetements-de-sol\/","og_locale":"fr_CA","og_type":"article","og_title":"Solution Rev\u00eatements de sol","og_description":"Rev\u00eatement de plancher Lioli Porcelain de Caesarstone \u2013 des surfaces antid\u00e9rapantes, robustes et raffin\u00e9es pour dedans et dehors. Il r\u00e9siste aux rayures, aux taches, aux rayons UV; il est respectueux de l\u2019environnement et son entretien est sans effort.","og_url":"https:\/\/csstudio.caesarstone.ca\/fr\/solution-revetements-de-sol\/","og_site_name":"Canada Pro","article_modified_time":"2025-12-16T22:00:05+00:00","twitter_card":"summary_large_image","schema":{"@context":"https:\/\/schema.org","@graph":[{"@type":"WebPage","@id":"https:\/\/csstudio.caesarstone.ca\/fr\/solution-revetements-de-sol\/","url":"https:\/\/csstudio.caesarstone.ca\/fr\/solution-revetements-de-sol\/","name":"Solution Rev\u00eatements de sol | Canada Pro","isPartOf":{"@id":"https:\/\/csstudio.caesarstone.ca\/fr\/#website"},"datePublished":"2025-09-04T21:23:40+00:00","dateModified":"2025-12-16T22:00:05+00:00","description":"Rev\u00eatement de plancher Lioli Porcelain de Caesarstone \u2013 des surfaces antid\u00e9rapantes, robustes et raffin\u00e9es pour dedans et dehors. Il r\u00e9siste aux rayures, aux taches, aux rayons UV; il est respectueux de l\u2019environnement et son entretien est sans effort.","breadcrumb":{"@id":"https:\/\/csstudio.caesarstone.ca\/fr\/solution-revetements-de-sol\/#breadcrumb"},"inLanguage":"fr-CA","potentialAction":[{"@type":"ReadAction","target":["https:\/\/csstudio.caesarstone.ca\/fr\/solution-revetements-de-sol\/"]}]},{"@type":"BreadcrumbList","@id":"https:\/\/csstudio.caesarstone.ca\/fr\/solution-revetements-de-sol\/#breadcrumb","itemListElement":[{"@type":"ListItem","position":1,"name":"Home","item":"https:\/\/csstudio.caesarstone.ca\/fr\/"},{"@type":"ListItem","position":2,"name":"Solution Rev\u00eatements de sol"}]},{"@type":"WebSite","@id":"https:\/\/csstudio.caesarstone.ca\/fr\/#website","url":"https:\/\/csstudio.caesarstone.ca\/fr\/","name":"Canada Pro","description":"Life in Stone","potentialAction":[{"@type":"SearchAction","target":{"@type":"EntryPoint","urlTemplate":"https:\/\/csstudio.caesarstone.ca\/fr\/?s={search_term_string}"},"query-input":{"@type":"PropertyValueSpecification","valueRequired":true,"valueName":"search_term_string"}}],"inLanguage":"fr-CA"}]}},"_links":{"self":[{"href":"https:\/\/csstudio.caesarstone.ca\/fr\/wp-json\/wp\/v2\/pages\/101738","targetHints":{"allow":["GET"]}}],"collection":[{"href":"https:\/\/csstudio.caesarstone.ca\/fr\/wp-json\/wp\/v2\/pages"}],"about":[{"href":"https:\/\/csstudio.caesarstone.ca\/fr\/wp-json\/wp\/v2\/types\/page"}],"author":[{"embeddable":true,"href":"https:\/\/csstudio.caesarstone.ca\/fr\/wp-json\/wp\/v2\/users\/11170"}],"replies":[{"embeddable":true,"href":"https:\/\/csstudio.caesarstone.ca\/fr\/wp-json\/wp\/v2\/comments?post=101738"}],"version-history":[{"count":11,"href":"https:\/\/csstudio.caesarstone.ca\/fr\/wp-json\/wp\/v2\/pages\/101738\/revisions"}],"predecessor-version":[{"id":102308,"href":"https:\/\/csstudio.caesarstone.ca\/fr\/wp-json\/wp\/v2\/pages\/101738\/revisions\/102308"}],"wp:attachment":[{"href":"https:\/\/csstudio.caesarstone.ca\/fr\/wp-json\/wp\/v2\/media?parent=101738"}],"curies":[{"name":"wp","href":"https:\/\/api.w.org\/{rel}","templated":true}]}}