{"id":101725,"date":"2025-09-04T23:47:07","date_gmt":"2025-09-04T20:47:07","guid":{"rendered":"https:\/\/csstudio.caesarstone.ca\/?page_id=101725"},"modified":"2025-09-11T04:57:40","modified_gmt":"2025-09-11T01:57:40","slug":"solution-comptoirs","status":"publish","type":"page","link":"https:\/\/csstudio.caesarstone.ca\/fr\/solution-comptoirs\/","title":{"rendered":"Solution comptoirs"},"content":{"rendered":"","protected":false},"excerpt":{"rendered":"","protected":false},"author":11170,"featured_media":0,"parent":0,"menu_order":0,"comment_status":"closed","ping_status":"closed","template":"templates\/solution.php","meta":{"_acf_changed":false,"footnotes":""},"class_list":["post-101725","page","type-page","status-publish","hentry"],"acf":[],"yoast_head":"<!-- This site is optimized with the Yoast SEO Premium plugin v26.6 (Yoast SEO v26.6) - https:\/\/yoast.com\/wordpress\/plugins\/seo\/ -->\n<title>Solution comptoirs | Canada Pro<\/title>\n<meta name=\"description\" content=\"Caesarstone \u2013 des comptoirs en porcelaine de premi\u00e8re qualit\u00e9 avec des dalles de tr\u00e8s grande taille, des textures tridimensionnelles luxueuses et une durabilit\u00e9 sup\u00e9rieure. Ils r\u00e9sistent \u00e0 la chaleur, aux rayures et aux taches; usage dedans comme dehors.\" \/>\n<meta name=\"robots\" content=\"index, follow, max-snippet:-1, max-image-preview:large, max-video-preview:-1\" \/>\n<link rel=\"canonical\" href=\"https:\/\/csstudio.caesarstone.ca\/fr\/solution-comptoirs\/\" \/>\n<meta property=\"og:locale\" content=\"fr_CA\" \/>\n<meta property=\"og:type\" content=\"article\" \/>\n<meta property=\"og:title\" content=\"Solution comptoirs\" \/>\n<meta property=\"og:description\" content=\"Caesarstone \u2013 des comptoirs en porcelaine de premi\u00e8re qualit\u00e9 avec des dalles de tr\u00e8s grande taille, des textures tridimensionnelles luxueuses et une durabilit\u00e9 sup\u00e9rieure. Ils r\u00e9sistent \u00e0 la chaleur, aux rayures et aux taches; usage dedans comme dehors.\" \/>\n<meta property=\"og:url\" content=\"https:\/\/csstudio.caesarstone.ca\/fr\/solution-comptoirs\/\" \/>\n<meta property=\"og:site_name\" content=\"Canada Pro\" \/>\n<meta property=\"article:modified_time\" content=\"2025-09-11T01:57:40+00:00\" \/>\n<meta name=\"twitter:card\" content=\"summary_large_image\" \/>\n<script type=\"application\/ld+json\" class=\"yoast-schema-graph\">{\"@context\":\"https:\/\/schema.org\",\"@graph\":[{\"@type\":\"WebPage\",\"@id\":\"https:\/\/csstudio.caesarstone.ca\/fr\/solution-comptoirs\/\",\"url\":\"https:\/\/csstudio.caesarstone.ca\/fr\/solution-comptoirs\/\",\"name\":\"Solution comptoirs | Canada Pro\",\"isPartOf\":{\"@id\":\"https:\/\/csstudio.caesarstone.ca\/fr\/#website\"},\"datePublished\":\"2025-09-04T20:47:07+00:00\",\"dateModified\":\"2025-09-11T01:57:40+00:00\",\"description\":\"Caesarstone \u2013 des comptoirs en porcelaine de premi\u00e8re qualit\u00e9 avec des dalles de tr\u00e8s grande taille, des textures tridimensionnelles luxueuses et une durabilit\u00e9 sup\u00e9rieure. Ils r\u00e9sistent \u00e0 la chaleur, aux rayures et aux taches; usage dedans comme dehors.\",\"breadcrumb\":{\"@id\":\"https:\/\/csstudio.caesarstone.ca\/fr\/solution-comptoirs\/#breadcrumb\"},\"inLanguage\":\"fr-CA\",\"potentialAction\":[{\"@type\":\"ReadAction\",\"target\":[\"https:\/\/csstudio.caesarstone.ca\/fr\/solution-comptoirs\/\"]}]},{\"@type\":\"BreadcrumbList\",\"@id\":\"https:\/\/csstudio.caesarstone.ca\/fr\/solution-comptoirs\/#breadcrumb\",\"itemListElement\":[{\"@type\":\"ListItem\",\"position\":1,\"name\":\"Home\",\"item\":\"https:\/\/csstudio.caesarstone.ca\/fr\/\"},{\"@type\":\"ListItem\",\"position\":2,\"name\":\"Solution comptoirs\"}]},{\"@type\":\"WebSite\",\"@id\":\"https:\/\/csstudio.caesarstone.ca\/fr\/#website\",\"url\":\"https:\/\/csstudio.caesarstone.ca\/fr\/\",\"name\":\"Canada Pro\",\"description\":\"Life in Stone\",\"potentialAction\":[{\"@type\":\"SearchAction\",\"target\":{\"@type\":\"EntryPoint\",\"urlTemplate\":\"https:\/\/csstudio.caesarstone.ca\/fr\/?s={search_term_string}\"},\"query-input\":{\"@type\":\"PropertyValueSpecification\",\"valueRequired\":true,\"valueName\":\"search_term_string\"}}],\"inLanguage\":\"fr-CA\"}]}<\/script>\n<!-- \/ Yoast SEO Premium plugin. -->","yoast_head_json":{"title":"Solution comptoirs | Canada Pro","description":"Caesarstone \u2013 des comptoirs en porcelaine de premi\u00e8re qualit\u00e9 avec des dalles de tr\u00e8s grande taille, des textures tridimensionnelles luxueuses et une durabilit\u00e9 sup\u00e9rieure. Ils r\u00e9sistent \u00e0 la chaleur, aux rayures et aux taches; usage dedans comme dehors.","robots":{"index":"index","follow":"follow","max-snippet":"max-snippet:-1","max-image-preview":"max-image-preview:large","max-video-preview":"max-video-preview:-1"},"canonical":"https:\/\/csstudio.caesarstone.ca\/fr\/solution-comptoirs\/","og_locale":"fr_CA","og_type":"article","og_title":"Solution comptoirs","og_description":"Caesarstone \u2013 des comptoirs en porcelaine de premi\u00e8re qualit\u00e9 avec des dalles de tr\u00e8s grande taille, des textures tridimensionnelles luxueuses et une durabilit\u00e9 sup\u00e9rieure. Ils r\u00e9sistent \u00e0 la chaleur, aux rayures et aux taches; usage dedans comme dehors.","og_url":"https:\/\/csstudio.caesarstone.ca\/fr\/solution-comptoirs\/","og_site_name":"Canada Pro","article_modified_time":"2025-09-11T01:57:40+00:00","twitter_card":"summary_large_image","schema":{"@context":"https:\/\/schema.org","@graph":[{"@type":"WebPage","@id":"https:\/\/csstudio.caesarstone.ca\/fr\/solution-comptoirs\/","url":"https:\/\/csstudio.caesarstone.ca\/fr\/solution-comptoirs\/","name":"Solution comptoirs | Canada Pro","isPartOf":{"@id":"https:\/\/csstudio.caesarstone.ca\/fr\/#website"},"datePublished":"2025-09-04T20:47:07+00:00","dateModified":"2025-09-11T01:57:40+00:00","description":"Caesarstone \u2013 des comptoirs en porcelaine de premi\u00e8re qualit\u00e9 avec des dalles de tr\u00e8s grande taille, des textures tridimensionnelles luxueuses et une durabilit\u00e9 sup\u00e9rieure. Ils r\u00e9sistent \u00e0 la chaleur, aux rayures et aux taches; usage dedans comme dehors.","breadcrumb":{"@id":"https:\/\/csstudio.caesarstone.ca\/fr\/solution-comptoirs\/#breadcrumb"},"inLanguage":"fr-CA","potentialAction":[{"@type":"ReadAction","target":["https:\/\/csstudio.caesarstone.ca\/fr\/solution-comptoirs\/"]}]},{"@type":"BreadcrumbList","@id":"https:\/\/csstudio.caesarstone.ca\/fr\/solution-comptoirs\/#breadcrumb","itemListElement":[{"@type":"ListItem","position":1,"name":"Home","item":"https:\/\/csstudio.caesarstone.ca\/fr\/"},{"@type":"ListItem","position":2,"name":"Solution comptoirs"}]},{"@type":"WebSite","@id":"https:\/\/csstudio.caesarstone.ca\/fr\/#website","url":"https:\/\/csstudio.caesarstone.ca\/fr\/","name":"Canada Pro","description":"Life in Stone","potentialAction":[{"@type":"SearchAction","target":{"@type":"EntryPoint","urlTemplate":"https:\/\/csstudio.caesarstone.ca\/fr\/?s={search_term_string}"},"query-input":{"@type":"PropertyValueSpecification","valueRequired":true,"valueName":"search_term_string"}}],"inLanguage":"fr-CA"}]}},"_links":{"self":[{"href":"https:\/\/csstudio.caesarstone.ca\/fr\/wp-json\/wp\/v2\/pages\/101725","targetHints":{"allow":["GET"]}}],"collection":[{"href":"https:\/\/csstudio.caesarstone.ca\/fr\/wp-json\/wp\/v2\/pages"}],"about":[{"href":"https:\/\/csstudio.caesarstone.ca\/fr\/wp-json\/wp\/v2\/types\/page"}],"author":[{"embeddable":true,"href":"https:\/\/csstudio.caesarstone.ca\/fr\/wp-json\/wp\/v2\/users\/11170"}],"replies":[{"embeddable":true,"href":"https:\/\/csstudio.caesarstone.ca\/fr\/wp-json\/wp\/v2\/comments?post=101725"}],"version-history":[{"count":14,"href":"https:\/\/csstudio.caesarstone.ca\/fr\/wp-json\/wp\/v2\/pages\/101725\/revisions"}],"predecessor-version":[{"id":101821,"href":"https:\/\/csstudio.caesarstone.ca\/fr\/wp-json\/wp\/v2\/pages\/101725\/revisions\/101821"}],"wp:attachment":[{"href":"https:\/\/csstudio.caesarstone.ca\/fr\/wp-json\/wp\/v2\/media?parent=101725"}],"curies":[{"name":"wp","href":"https:\/\/api.w.org\/{rel}","templated":true}]}}