{"id":101661,"date":"2025-09-04T22:05:00","date_gmt":"2025-09-04T19:05:00","guid":{"rendered":"https:\/\/csstudio.caesarstone.ca\/?page_id=101661"},"modified":"2026-01-05T17:15:50","modified_gmt":"2026-01-05T15:15:50","slug":"lioli-lp","status":"publish","type":"page","link":"https:\/\/csstudio.caesarstone.ca\/fr\/lioli-lp\/","title":{"rendered":"Lioli LP"},"content":{"rendered":"","protected":false},"excerpt":{"rendered":"","protected":false},"author":11170,"featured_media":0,"parent":0,"menu_order":0,"comment_status":"closed","ping_status":"closed","template":"templates\/geniq-lp.php","meta":{"_acf_changed":false,"footnotes":""},"class_list":["post-101661","page","type-page","status-publish","hentry"],"acf":[],"yoast_head":"<!-- This site is optimized with the Yoast SEO Premium plugin v26.6 (Yoast SEO v26.6) - https:\/\/yoast.com\/wordpress\/plugins\/seo\/ -->\n<title>Lioli LP | Canada Pro<\/title>\n<meta name=\"description\" content=\"Liolio \u2013 Porcelain de Caesarstone. Lioli est une gamme de surfaces sophistiqu\u00e9es en porcelaine qui permet de concr\u00e9tiser parfaitement votre vision cr\u00e9ative, dedans comme dehors.\" \/>\n<meta name=\"robots\" content=\"index, follow, max-snippet:-1, max-image-preview:large, max-video-preview:-1\" \/>\n<link rel=\"canonical\" href=\"https:\/\/csstudio.caesarstone.ca\/fr\/lioli-lp\/\" \/>\n<meta property=\"og:locale\" content=\"fr_CA\" \/>\n<meta property=\"og:type\" content=\"article\" \/>\n<meta property=\"og:title\" content=\"Lioli LP\" \/>\n<meta property=\"og:description\" content=\"Liolio \u2013 Porcelain de Caesarstone. Lioli est une gamme de surfaces sophistiqu\u00e9es en porcelaine qui permet de concr\u00e9tiser parfaitement votre vision cr\u00e9ative, dedans comme dehors.\" \/>\n<meta property=\"og:url\" content=\"https:\/\/csstudio.caesarstone.ca\/fr\/lioli-lp\/\" \/>\n<meta property=\"og:site_name\" content=\"Canada Pro\" \/>\n<meta property=\"article:modified_time\" content=\"2026-01-05T15:15:50+00:00\" \/>\n<meta name=\"twitter:card\" content=\"summary_large_image\" \/>\n<script type=\"application\/ld+json\" class=\"yoast-schema-graph\">{\"@context\":\"https:\/\/schema.org\",\"@graph\":[{\"@type\":\"WebPage\",\"@id\":\"https:\/\/csstudio.caesarstone.ca\/fr\/lioli-lp\/\",\"url\":\"https:\/\/csstudio.caesarstone.ca\/fr\/lioli-lp\/\",\"name\":\"Lioli LP | Canada Pro\",\"isPartOf\":{\"@id\":\"https:\/\/csstudio.caesarstone.ca\/fr\/#website\"},\"datePublished\":\"2025-09-04T19:05:00+00:00\",\"dateModified\":\"2026-01-05T15:15:50+00:00\",\"description\":\"Liolio \u2013 Porcelain de Caesarstone. Lioli est une gamme de surfaces sophistiqu\u00e9es en porcelaine qui permet de concr\u00e9tiser parfaitement votre vision cr\u00e9ative, dedans comme dehors.\",\"breadcrumb\":{\"@id\":\"https:\/\/csstudio.caesarstone.ca\/fr\/lioli-lp\/#breadcrumb\"},\"inLanguage\":\"fr-CA\",\"potentialAction\":[{\"@type\":\"ReadAction\",\"target\":[\"https:\/\/csstudio.caesarstone.ca\/fr\/lioli-lp\/\"]}]},{\"@type\":\"BreadcrumbList\",\"@id\":\"https:\/\/csstudio.caesarstone.ca\/fr\/lioli-lp\/#breadcrumb\",\"itemListElement\":[{\"@type\":\"ListItem\",\"position\":1,\"name\":\"Home\",\"item\":\"https:\/\/csstudio.caesarstone.ca\/fr\/\"},{\"@type\":\"ListItem\",\"position\":2,\"name\":\"Lioli LP\"}]},{\"@type\":\"WebSite\",\"@id\":\"https:\/\/csstudio.caesarstone.ca\/fr\/#website\",\"url\":\"https:\/\/csstudio.caesarstone.ca\/fr\/\",\"name\":\"Canada Pro\",\"description\":\"Life in Stone\",\"potentialAction\":[{\"@type\":\"SearchAction\",\"target\":{\"@type\":\"EntryPoint\",\"urlTemplate\":\"https:\/\/csstudio.caesarstone.ca\/fr\/?s={search_term_string}\"},\"query-input\":{\"@type\":\"PropertyValueSpecification\",\"valueRequired\":true,\"valueName\":\"search_term_string\"}}],\"inLanguage\":\"fr-CA\"}]}<\/script>\n<!-- \/ Yoast SEO Premium plugin. -->","yoast_head_json":{"title":"Lioli LP | Canada Pro","description":"Liolio \u2013 Porcelain de Caesarstone. Lioli est une gamme de surfaces sophistiqu\u00e9es en porcelaine qui permet de concr\u00e9tiser parfaitement votre vision cr\u00e9ative, dedans comme dehors.","robots":{"index":"index","follow":"follow","max-snippet":"max-snippet:-1","max-image-preview":"max-image-preview:large","max-video-preview":"max-video-preview:-1"},"canonical":"https:\/\/csstudio.caesarstone.ca\/fr\/lioli-lp\/","og_locale":"fr_CA","og_type":"article","og_title":"Lioli LP","og_description":"Liolio \u2013 Porcelain de Caesarstone. Lioli est une gamme de surfaces sophistiqu\u00e9es en porcelaine qui permet de concr\u00e9tiser parfaitement votre vision cr\u00e9ative, dedans comme dehors.","og_url":"https:\/\/csstudio.caesarstone.ca\/fr\/lioli-lp\/","og_site_name":"Canada Pro","article_modified_time":"2026-01-05T15:15:50+00:00","twitter_card":"summary_large_image","schema":{"@context":"https:\/\/schema.org","@graph":[{"@type":"WebPage","@id":"https:\/\/csstudio.caesarstone.ca\/fr\/lioli-lp\/","url":"https:\/\/csstudio.caesarstone.ca\/fr\/lioli-lp\/","name":"Lioli LP | Canada Pro","isPartOf":{"@id":"https:\/\/csstudio.caesarstone.ca\/fr\/#website"},"datePublished":"2025-09-04T19:05:00+00:00","dateModified":"2026-01-05T15:15:50+00:00","description":"Liolio \u2013 Porcelain de Caesarstone. Lioli est une gamme de surfaces sophistiqu\u00e9es en porcelaine qui permet de concr\u00e9tiser parfaitement votre vision cr\u00e9ative, dedans comme dehors.","breadcrumb":{"@id":"https:\/\/csstudio.caesarstone.ca\/fr\/lioli-lp\/#breadcrumb"},"inLanguage":"fr-CA","potentialAction":[{"@type":"ReadAction","target":["https:\/\/csstudio.caesarstone.ca\/fr\/lioli-lp\/"]}]},{"@type":"BreadcrumbList","@id":"https:\/\/csstudio.caesarstone.ca\/fr\/lioli-lp\/#breadcrumb","itemListElement":[{"@type":"ListItem","position":1,"name":"Home","item":"https:\/\/csstudio.caesarstone.ca\/fr\/"},{"@type":"ListItem","position":2,"name":"Lioli LP"}]},{"@type":"WebSite","@id":"https:\/\/csstudio.caesarstone.ca\/fr\/#website","url":"https:\/\/csstudio.caesarstone.ca\/fr\/","name":"Canada Pro","description":"Life in Stone","potentialAction":[{"@type":"SearchAction","target":{"@type":"EntryPoint","urlTemplate":"https:\/\/csstudio.caesarstone.ca\/fr\/?s={search_term_string}"},"query-input":{"@type":"PropertyValueSpecification","valueRequired":true,"valueName":"search_term_string"}}],"inLanguage":"fr-CA"}]}},"_links":{"self":[{"href":"https:\/\/csstudio.caesarstone.ca\/fr\/wp-json\/wp\/v2\/pages\/101661","targetHints":{"allow":["GET"]}}],"collection":[{"href":"https:\/\/csstudio.caesarstone.ca\/fr\/wp-json\/wp\/v2\/pages"}],"about":[{"href":"https:\/\/csstudio.caesarstone.ca\/fr\/wp-json\/wp\/v2\/types\/page"}],"author":[{"embeddable":true,"href":"https:\/\/csstudio.caesarstone.ca\/fr\/wp-json\/wp\/v2\/users\/11170"}],"replies":[{"embeddable":true,"href":"https:\/\/csstudio.caesarstone.ca\/fr\/wp-json\/wp\/v2\/comments?post=101661"}],"version-history":[{"count":11,"href":"https:\/\/csstudio.caesarstone.ca\/fr\/wp-json\/wp\/v2\/pages\/101661\/revisions"}],"predecessor-version":[{"id":102365,"href":"https:\/\/csstudio.caesarstone.ca\/fr\/wp-json\/wp\/v2\/pages\/101661\/revisions\/102365"}],"wp:attachment":[{"href":"https:\/\/csstudio.caesarstone.ca\/fr\/wp-json\/wp\/v2\/media?parent=101661"}],"curies":[{"name":"wp","href":"https:\/\/api.w.org\/{rel}","templated":true}]}}