{"id":101165,"date":"2025-11-28T23:03:00","date_gmt":"2025-11-28T21:03:00","guid":{"rendered":"https:\/\/csstudio.caesarstone.ca\/?page_id=101165"},"modified":"2026-03-17T23:26:04","modified_gmt":"2026-03-17T21:26:04","slug":"programme-dincitatifs-caesarstone","status":"publish","type":"page","link":"https:\/\/csstudio.caesarstone.ca\/fr\/programme-dincitatifs-caesarstone\/","title":{"rendered":"Programme d\u2019incitatifs Caesarstone"},"content":{"rendered":"\n<section id=\"block_a3ff0585267698c9228772115f73cb40\" class=\"editor-widgets__studio-paragraph\">\n    \n<section class=\"paragraph\">\n    <div class=\"container has-title\">\n                    <h2 class=\"paragraph-title\" data-aos-duration=\"1000\" data-aos-once=\"true\" data-aos=\"fade-up\" id=\"paragraph-aos-1\">F\u00e9licitations et bienvenue au programme d\u2019incitatifs de vente Caesarstone!<\/h2>\n        \n                    <div class=\"content-wrapper \">\n                                <div class=\"content-container\">\n                    <div class=\"content\"\n                            data-aos=\"fade-up\"\n                        data-aos-delay=\"250\" data-aos-once=\"true\" data-aos-duration=\"1150\" data-aos=\"fade-up\"\n                        data-aos-anchor=\"#paragraph-aos-1\"                    >\n                        <p class=\"\">Nous nous r\u00e9jouissons de vous accueillir au sein de notre communaut\u00e9 de designers les plus performants. Comme partenaire privil\u00e9gi\u00e9, vous aurez d\u00e9sormais acc\u00e8s \u00e0 des avantages exclusifs et \u00e0 des r\u00e9compenses int\u00e9ressantes.<\/p>\n                    <\/div>\n\n                                            <a href=\"https:\/\/caesarstone-web.formtitan.com\/ftproject\/sales_incentive_form?country=Canada&amp;org_label=CA&amp;lang=fr\"\n                                target=\"\"\n                                onclick=\"GTMHandler.handleEvent('Programme d\u2019incitatifs Caesarstone', 'Paragraph', 'R\u00e9clamer votre r\u00e9compense')\"\n                                class=\"btn btn-framed\"\n                                data-aos=\"fade-up\"\n                                data-aos-once=\"true\"\n                                data-aos-duration=\"1350\"\n                                data-aos-delay=\"450\"\n                                data-aos-anchor=\"#paragraph-aos-1\"\n                        >\n                            R\u00e9clamer votre r\u00e9compense                            <span class=\"arrow\" aria-hidden=\"true\"><svg><use xlink:href=\"#svg-arrow-right\"><\/use><\/svg><\/span>\n                        <\/a>\n                                    <\/div>\n            <\/div>\n\n            <\/div>\n<\/section>\n<\/section>\n\n\n\n<section id=\"block_eb9f634d4b07dedba6574c9e23a79135\" class=\"editor-widgets__full-image-paragraph reversed is-black\"\n        style=\"--background-color:#F5F5F5;--color:black;--flex-direction:row-reverse\">\n            <div class=\"image-wrapper\">\n            <picture >\n<source media=\"(min-width: 700px)\" data-srcset=\"https:\/\/studio.caesarstoneus.com\/wp-content\/uploads\/2025\/12\/SIPChart-Image-Option-FR2.jpg\">\n<source media=\"(min-width: 300px)\" data-srcset=\"https:\/\/studio.caesarstoneus.com\/wp-content\/uploads\/2025\/12\/SIPChart-Image-Option-FR2.jpg\">\n<source media=\"(min-width: 150px)\" data-srcset=\"https:\/\/studio.caesarstoneus.com\/wp-content\/uploads\/2025\/12\/SIPChart-Image-Option-FR2-300x171.jpg\">\n<img data-src=\"https:\/\/studio.caesarstoneus.com\/wp-content\/uploads\/2025\/12\/SIPChart-Image-Option-FR2-150x150.jpg\"  alt=\"\"  class=\" lazy thumb-img\" ><\/picture>        <\/div>\n        <div class=\"content-wrapper container\">\n                    <h2 class=\"title\" data-aos-duration=\"1000\" data-aos-once=\"true\" data-aos=\"fade-up\" id=\"paragraph-aos-2\">Fonctionnement du programme<\/h2>\n        \n                    <p class=\"content\" data-aos=\"fade-up\" data-aos-delay=\"250\" data-aos-once=\"true\" data-aos-duration=\"1150\" data-aos=\"fade-up\"\n                        data-aos-anchor=\"#paragraph-aos-2\">Les r\u00e9compenses que vous recevrez seront bas\u00e9es sur la superficie de vos projets. Plus vous vendez de produits Caesarstone, plus vos r\u00e9compenses seront importantes!<br \/>\r\n<br \/>\r\nPour r\u00e9clamer votre r\u00e9compense, il vous suffit de remplir le formulaire avec tous les d\u00e9tails requis et de vous assurer que votre facture est pr\u00eate \u00e0 \u00eatre t\u00e9l\u00e9vers\u00e9e.<br \/>\r\nApr\u00e8s qu\u2019elle aura \u00e9t\u00e9 soumise, votre demande sera trait\u00e9e dans un d\u00e9lai de 30 jours. Vous recevrez votre carte cadeau Amazon par courriel.<br \/>\r\n<\/p>\n        \n        <div class=\"actions-wrapper\">\n                            <a href=\"https:\/\/caesarstone-web.formtitan.com\/ftproject\/sales_incentive_form?country=Canada&amp;org_label=CA&amp;lang=fr\"\n                        target=\"\"\n                        class=\"btn btn-framed\"\n                        onclick=\"GTMHandler.handleEvent('Programme d\u2019incitatifs Caesarstone_click', 'Full Image Paragraph', 'Remplir le formulaire')\"\n\n                        data-aos-delay=\"250\" data-aos-once=\"true\" data-aos-duration=\"1150\" data-aos=\"fade-up\"\n                        data-aos-anchor=\"#paragraph-aos-2\"                >\n                    Remplir le formulaire                    <span class=\"arrow\" aria-hidden=\"true\"><svg><use xlink:href=\"#svg-arrow-right\"><\/use><\/svg><\/span>\n                <\/a>\n            \n            \n        <\/div>\n            <\/div>\n<\/section>\n\n\n<section id=\"block_2cee91a6424583c696de2c6681b0f38f\" class=\"editor-widgets__studio-paragraph\">\n    \n<section class=\"paragraph\">\n    <div class=\"container has-title\">\n                    <h2 class=\"paragraph-title\" data-aos-duration=\"1000\" data-aos-once=\"true\" data-aos=\"fade-up\" id=\"paragraph-aos-3\">Avez-vous des questions?<\/h2>\n        \n                    <div class=\"content-wrapper \">\n                                <div class=\"content-container\">\n                    <div class=\"content\"\n                            data-aos=\"fade-up\"\n                        data-aos-delay=\"250\" data-aos-once=\"true\" data-aos-duration=\"1150\" data-aos=\"fade-up\"\n                        data-aos-anchor=\"#paragraph-aos-3\"                    >\n                        <p class=\"\">Nous sommes l\u00e0 pour vous aider \u2013 envoyez-nous un courriel \u00e0 salesincentive@caesarstone.ca.<\/p>\n                    <\/div>\n\n                                            <a href=\"mailto:salesincentive@caesarstone.ca\"\n                                target=\"\"\n                                onclick=\"GTMHandler.handleEvent('Programme d\u2019incitatifs Caesarstone', 'Paragraph', ' Contactez-nous')\"\n                                class=\"btn btn-framed\"\n                                data-aos=\"fade-up\"\n                                data-aos-once=\"true\"\n                                data-aos-duration=\"1350\"\n                                data-aos-delay=\"450\"\n                                data-aos-anchor=\"#paragraph-aos-3\"\n                        >\n                             Contactez-nous                            <span class=\"arrow\" aria-hidden=\"true\"><svg><use xlink:href=\"#svg-arrow-right\"><\/use><\/svg><\/span>\n                        <\/a>\n                                    <\/div>\n            <\/div>\n\n            <\/div>\n<\/section>\n<\/section>\n","protected":false},"excerpt":{"rendered":"","protected":false},"author":11170,"featured_media":0,"parent":0,"menu_order":0,"comment_status":"closed","ping_status":"closed","template":"templates\/flexible-template.php","meta":{"_acf_changed":false,"footnotes":""},"class_list":["post-101165","page","type-page","status-publish","hentry"],"acf":[],"yoast_head":"<!-- This site is optimized with the Yoast SEO Premium plugin v26.6 (Yoast SEO v26.6) - https:\/\/yoast.com\/wordpress\/plugins\/seo\/ -->\n<title>Programme d\u2019incitatifs Caesarstone | Canada Pro<\/title>\n<meta name=\"robots\" content=\"index, follow, max-snippet:-1, max-image-preview:large, max-video-preview:-1\" \/>\n<link rel=\"canonical\" href=\"https:\/\/csstudio.caesarstone.ca\/fr\/programme-dincitatifs-caesarstone\/\" \/>\n<meta property=\"og:locale\" content=\"fr_CA\" \/>\n<meta property=\"og:type\" content=\"article\" \/>\n<meta property=\"og:title\" content=\"Programme d\u2019incitatifs Caesarstone\" \/>\n<meta property=\"og:url\" content=\"https:\/\/csstudio.caesarstone.ca\/fr\/programme-dincitatifs-caesarstone\/\" \/>\n<meta property=\"og:site_name\" content=\"Canada Pro\" \/>\n<meta property=\"article:modified_time\" content=\"2026-03-17T21:26:04+00:00\" \/>\n<meta name=\"twitter:card\" content=\"summary_large_image\" \/>\n<script type=\"application\/ld+json\" class=\"yoast-schema-graph\">{\"@context\":\"https:\/\/schema.org\",\"@graph\":[{\"@type\":\"WebPage\",\"@id\":\"https:\/\/csstudio.caesarstone.ca\/fr\/programme-dincitatifs-caesarstone\/\",\"url\":\"https:\/\/csstudio.caesarstone.ca\/fr\/programme-dincitatifs-caesarstone\/\",\"name\":\"Programme d\u2019incitatifs Caesarstone | Canada Pro\",\"isPartOf\":{\"@id\":\"https:\/\/csstudio.caesarstone.ca\/fr\/#website\"},\"datePublished\":\"2025-11-28T21:03:00+00:00\",\"dateModified\":\"2026-03-17T21:26:04+00:00\",\"breadcrumb\":{\"@id\":\"https:\/\/csstudio.caesarstone.ca\/fr\/programme-dincitatifs-caesarstone\/#breadcrumb\"},\"inLanguage\":\"fr-CA\",\"potentialAction\":[{\"@type\":\"ReadAction\",\"target\":[\"https:\/\/csstudio.caesarstone.ca\/fr\/programme-dincitatifs-caesarstone\/\"]}]},{\"@type\":\"BreadcrumbList\",\"@id\":\"https:\/\/csstudio.caesarstone.ca\/fr\/programme-dincitatifs-caesarstone\/#breadcrumb\",\"itemListElement\":[{\"@type\":\"ListItem\",\"position\":1,\"name\":\"Home\",\"item\":\"https:\/\/csstudio.caesarstone.ca\/fr\/\"},{\"@type\":\"ListItem\",\"position\":2,\"name\":\"Programme d\u2019incitatifs Caesarstone\"}]},{\"@type\":\"WebSite\",\"@id\":\"https:\/\/csstudio.caesarstone.ca\/fr\/#website\",\"url\":\"https:\/\/csstudio.caesarstone.ca\/fr\/\",\"name\":\"Canada Pro\",\"description\":\"Life in Stone\",\"potentialAction\":[{\"@type\":\"SearchAction\",\"target\":{\"@type\":\"EntryPoint\",\"urlTemplate\":\"https:\/\/csstudio.caesarstone.ca\/fr\/?s={search_term_string}\"},\"query-input\":{\"@type\":\"PropertyValueSpecification\",\"valueRequired\":true,\"valueName\":\"search_term_string\"}}],\"inLanguage\":\"fr-CA\"}]}<\/script>\n<!-- \/ Yoast SEO Premium plugin. -->","yoast_head_json":{"title":"Programme d\u2019incitatifs Caesarstone | Canada Pro","robots":{"index":"index","follow":"follow","max-snippet":"max-snippet:-1","max-image-preview":"max-image-preview:large","max-video-preview":"max-video-preview:-1"},"canonical":"https:\/\/csstudio.caesarstone.ca\/fr\/programme-dincitatifs-caesarstone\/","og_locale":"fr_CA","og_type":"article","og_title":"Programme d\u2019incitatifs Caesarstone","og_url":"https:\/\/csstudio.caesarstone.ca\/fr\/programme-dincitatifs-caesarstone\/","og_site_name":"Canada Pro","article_modified_time":"2026-03-17T21:26:04+00:00","twitter_card":"summary_large_image","schema":{"@context":"https:\/\/schema.org","@graph":[{"@type":"WebPage","@id":"https:\/\/csstudio.caesarstone.ca\/fr\/programme-dincitatifs-caesarstone\/","url":"https:\/\/csstudio.caesarstone.ca\/fr\/programme-dincitatifs-caesarstone\/","name":"Programme d\u2019incitatifs Caesarstone | Canada Pro","isPartOf":{"@id":"https:\/\/csstudio.caesarstone.ca\/fr\/#website"},"datePublished":"2025-11-28T21:03:00+00:00","dateModified":"2026-03-17T21:26:04+00:00","breadcrumb":{"@id":"https:\/\/csstudio.caesarstone.ca\/fr\/programme-dincitatifs-caesarstone\/#breadcrumb"},"inLanguage":"fr-CA","potentialAction":[{"@type":"ReadAction","target":["https:\/\/csstudio.caesarstone.ca\/fr\/programme-dincitatifs-caesarstone\/"]}]},{"@type":"BreadcrumbList","@id":"https:\/\/csstudio.caesarstone.ca\/fr\/programme-dincitatifs-caesarstone\/#breadcrumb","itemListElement":[{"@type":"ListItem","position":1,"name":"Home","item":"https:\/\/csstudio.caesarstone.ca\/fr\/"},{"@type":"ListItem","position":2,"name":"Programme d\u2019incitatifs Caesarstone"}]},{"@type":"WebSite","@id":"https:\/\/csstudio.caesarstone.ca\/fr\/#website","url":"https:\/\/csstudio.caesarstone.ca\/fr\/","name":"Canada Pro","description":"Life in Stone","potentialAction":[{"@type":"SearchAction","target":{"@type":"EntryPoint","urlTemplate":"https:\/\/csstudio.caesarstone.ca\/fr\/?s={search_term_string}"},"query-input":{"@type":"PropertyValueSpecification","valueRequired":true,"valueName":"search_term_string"}}],"inLanguage":"fr-CA"}]}},"_links":{"self":[{"href":"https:\/\/csstudio.caesarstone.ca\/fr\/wp-json\/wp\/v2\/pages\/101165","targetHints":{"allow":["GET"]}}],"collection":[{"href":"https:\/\/csstudio.caesarstone.ca\/fr\/wp-json\/wp\/v2\/pages"}],"about":[{"href":"https:\/\/csstudio.caesarstone.ca\/fr\/wp-json\/wp\/v2\/types\/page"}],"author":[{"embeddable":true,"href":"https:\/\/csstudio.caesarstone.ca\/fr\/wp-json\/wp\/v2\/users\/11170"}],"replies":[{"embeddable":true,"href":"https:\/\/csstudio.caesarstone.ca\/fr\/wp-json\/wp\/v2\/comments?post=101165"}],"version-history":[{"count":13,"href":"https:\/\/csstudio.caesarstone.ca\/fr\/wp-json\/wp\/v2\/pages\/101165\/revisions"}],"predecessor-version":[{"id":102700,"href":"https:\/\/csstudio.caesarstone.ca\/fr\/wp-json\/wp\/v2\/pages\/101165\/revisions\/102700"}],"wp:attachment":[{"href":"https:\/\/csstudio.caesarstone.ca\/fr\/wp-json\/wp\/v2\/media?parent=101165"}],"curies":[{"name":"wp","href":"https:\/\/api.w.org\/{rel}","templated":true}]}}