{"id":100612,"date":"2025-06-03T00:29:20","date_gmt":"2025-06-02T21:29:20","guid":{"rendered":"https:\/\/csstudio.caesarstone.ca\/?page_id=100612"},"modified":"2025-06-05T01:09:58","modified_gmt":"2025-06-04T22:09:58","slug":"voici-les-surfaces-icontm-de-caesarstone-le-prochain-chapitre-en-matiere-dinnovation-de-surfaces","status":"publish","type":"page","link":"https:\/\/csstudio.caesarstone.ca\/fr\/voici-les-surfaces-icontm-de-caesarstone-le-prochain-chapitre-en-matiere-dinnovation-de-surfaces\/","title":{"rendered":"Voici les surfaces ICON de Caesarstone Le prochain chapitre en mati\u00e8re d\u2019innovation de surfaces"},"content":{"rendered":"\n<p>Depuis 1987, Caesarstone est \u00e0 l\u2019avant-garde de l\u2019industrie de la conception de surfaces et offre des mat\u00e9riaux de qualit\u00e9 sup\u00e9rieure qui am\u00e9liorent les int\u00e9rieurs et facilitent le travail des sp\u00e9cialistes qui les mettent en valeur.<\/p>\n\n\n\n<p>Au fil des d\u00e9cennies, la marque Caesarstone s\u2019est forg\u00e9e une r\u00e9putation de pionni\u00e8re dans le domaine des surfaces d\u2019ing\u00e9nierie. Les architectes, les designers et les fabricants du Canada et du monde entier font confiance \u00e0 ses collections pour leur qualit\u00e9 sans compromis et leur esth\u00e9tique intemporelle. Des surfaces en quartz \u00e0 celles en porcelaine, ses produits se distinguent par leur innovation, la polyvalence des mod\u00e8les et leur conception soign\u00e9e qui r\u00e9siste \u00e0 l\u2019\u00e9preuve du temps.<\/p>\n\n\n\n<p>Cet engagement en faveur de l\u2019excellence se poursuit avec <a href=\"https:\/\/csstudio.caesarstone.ca\/fr\/icon\/\"><strong>ICON\u2122 de Caesarstone<\/strong><\/a>, une collection pionni\u00e8re qui \u00e9tablit une nouvelle r\u00e9f\u00e9rence en mati\u00e8re d\u2019innovation et de durabilit\u00e9 des surfaces.<\/p>\n\n\n\n<p>La collection ICON\u2122 de Caesarstone est la nouvelle g\u00e9n\u00e9ration de surfaces sophistiqu\u00e9es de mat\u00e9riaux fusionn\u00e9s, con\u00e7ues \u00e0 l\u2019aide d\u2019une science des mat\u00e9riaux \u00e0 la fine pointe de la technologie et inspir\u00e9es par notre vision de l\u2019avenir de l\u2019industrie. Fabriqu\u00e9es \u00e0 partir d\u2019un m\u00e9lange unique de mati\u00e8res premi\u00e8res de haute qualit\u00e9, de min\u00e9raux naturels et d\u2019un contenu recycl\u00e9 jusqu\u2019\u00e0 80&nbsp;%, dont du verre postindustriel de haute qualit\u00e9, nos surfaces de mat\u00e9riaux fusionn\u00e9s illustrent le nouveau chapitre de notre mission qui vise \u00e0 innover consciencieusement. Elles t\u00e9moignent de notre engagement de longue date en faveur de la durabilit\u00e9 et de la conception sans limites.<\/p>\n\n\n\n<p>Joignez-vous \u00e0 nous pour red\u00e9finir l\u2019excellence et ouvrir la voie dans le domaine des surfaces durables avec <a href=\"https:\/\/www.caesarstone.ca\/fr\/icon\/\"><strong>ICON\u2122 <\/strong><\/a><strong><a href=\"https:\/\/csstudio.caesarstone.ca\/fr\/icon\/\">de <\/a><\/strong><a href=\"https:\/\/www.caesarstone.ca\/fr\/icon\/\"><strong>Caesarstone<\/strong><\/a>.<\/p>\n\n\n\n<figure class=\"wp-block-table aligncenter\"><table class=\"has-fixed-layout\"><tbody><tr><td class=\"has-text-align-center\" data-align=\"center\"><img loading=\"lazy\" decoding=\"async\" src=\"https:\/\/lh7-rt.googleusercontent.com\/docsz\/AD_4nXfxS5p3_mNLs7B3URN6lbZVP4ovXbiJGVpT2YJ1y2SzJYbyeXcjh7JiluxDn2cI9VrVhUMyPCdmyDJLhF1o92rT8Y0imEw-BayzwQ8Tby-b8xfB6_kqGqt6YAFD4drVvhhpco-Y?key=2vgAj9oH8aE7lxsFIc7SwQ\" width=\"298\" height=\"424\"><\/td><td class=\"has-text-align-center\" data-align=\"center\"><img loading=\"lazy\" decoding=\"async\" src=\"https:\/\/lh7-rt.googleusercontent.com\/docsz\/AD_4nXdqL6g2fCeO41xFA2ISkCUNbIZ4XfurEePtCqZg-fRptSU-lBpoIiVTTVud6XpUGqJs84f2SbyUEiP4cXgv5kI_ntviHRS7zaB4HFbFcpYHx1u0aUtPouZhi6GYwRzM2PHIJq4?key=2vgAj9oH8aE7lxsFIc7SwQ\" width=\"298\" height=\"424\"><\/td><\/tr><\/tbody><\/table><\/figure>\n\n\n\n<h2 class=\"wp-block-heading\"><strong>Une conception d\u2019ing\u00e9nierie pour les sp\u00e9cialistes avant-gardistes<\/strong><\/h2>\n\n\n\n<p>La collection ICON\u2122 de Caesarstone est parmi les collections de surfaces les plus respectueuses de l\u2019environnement offertes aujourd\u2019hui sur le march\u00e9, ce qui renforce l\u2019engagement de Caesarstone en mati\u00e8re de responsabilit\u00e9 environnementale. Comme pionni\u00e8re des surfaces durables r\u00e9volutionnaires, Caesarstone a pr\u00e9cis\u00e9ment con\u00e7u ICON\u2122 dans ce but.<\/p>\n\n\n\n<p>Cette nouvelle cat\u00e9gorie de surfaces de mat\u00e9riaux fusionn\u00e9s offre une r\u00e9sistance, une maniabilit\u00e9 et une pr\u00e9cision esth\u00e9tique identiques \u00e0 celles qui caract\u00e9risent Caesarstone depuis des ann\u00e9es.<\/p>\n\n\n\n<h2 class=\"wp-block-heading\"><strong>De conception durable<\/strong><\/h2>\n\n\n\n<p>La collection ICON\u2122 de Caesarstone nous propulse vers l\u2019avenir. Toutes les conceptions de la collection sont fabriqu\u00e9es sans silice cristalline et respectent ainsi les normes de fabrication les plus strictes, et ce, sans compromettre leur r\u00e9sistance ou leur apparence.<\/p>\n\n\n\n<p>La durabilit\u00e9 est au c\u0153ur de ce mat\u00e9riau. Les surfaces sophistiqu\u00e9es de mat\u00e9riaux fusionn\u00e9s de Caesarstone t\u00e9moignent de l\u2019engagement de la marque en faveur de la pr\u00e9cision et d\u2019une esth\u00e9tique intemporelle. Gr\u00e2ce \u00e0 leurs caract\u00e9ristiques innovantes de transparence et de profondeur accrues, ces surfaces donnent l\u2019impression d\u2019une dimension et d\u2019une texture accrues.<\/p>\n\n\n\n<h2 class=\"wp-block-heading\"><strong>Performances et fiabilit\u00e9 in\u00e9gal\u00e9es<\/strong><\/h2>\n\n\n\n<p>Nous avons con\u00e7u la collection ICON\u2122 de Caesarstone pour \u00e9galer et surpasser les performances de nos produits en quartz sur le plan de la durabilit\u00e9, de la r\u00e9sistance, de la polyvalence et de l\u2019esth\u00e9tique.<\/p>\n\n\n\n<p>Chaque surface est con\u00e7ue pour refl\u00e9ter l\u2019engagement de la marque \u00e0 l\u2019\u00e9gard de la pr\u00e9cision et de l\u2019esth\u00e9tique intemporelle. Vous b\u00e9n\u00e9ficiez ainsi de surfaces non poreuses, r\u00e9sistantes aux taches, durables et qui conviennent \u00e0 diverses applications r\u00e9sidentielles et commerciales.<\/p>\n\n\n\n<p>La collection ICON<a>\u2122<\/a>&nbsp; de Caesarstone propose de nouveaux mod\u00e8les et de nouvelles couleurs qui pr\u00e9sentent une transparence et de la profondeur, ce qui donne l\u2019impression d\u2019une dimension et d\u2019une texture accrues. Ces surfaces sont \u00e9galement accompagn\u00e9es de la m\u00eame garantie \u00e0 vie que les autres produits Caesarstone.<\/p>\n\n\n<div class=\"wp-block-image\">\n<figure class=\"aligncenter size-large\"><img loading=\"lazy\" decoding=\"async\" width=\"1024\" height=\"768\" src=\"https:\/\/studio.caesarstoneus.com\/wp-content\/uploads\/2025\/06\/AD_4nXcLB5AuLWJiGIZzhq2WrfqRK_TLJ5RFWfBKXlpf3XICRsbtI3Wv4R3_DR5PxVTxhA9SmBb7idETe1saOg8KGh2CtBNV0zg8RnAc34UiFtUr3X_5H0NEZ6p298qs6dXXYPGrQvzy-1024x768.jpg\" alt=\"\" class=\"wp-image-100607\" srcset=\"https:\/\/studio.caesarstoneus.com\/wp-content\/uploads\/2025\/06\/AD_4nXcLB5AuLWJiGIZzhq2WrfqRK_TLJ5RFWfBKXlpf3XICRsbtI3Wv4R3_DR5PxVTxhA9SmBb7idETe1saOg8KGh2CtBNV0zg8RnAc34UiFtUr3X_5H0NEZ6p298qs6dXXYPGrQvzy-1024x768.jpg 1024w, https:\/\/studio.caesarstoneus.com\/wp-content\/uploads\/2025\/06\/AD_4nXcLB5AuLWJiGIZzhq2WrfqRK_TLJ5RFWfBKXlpf3XICRsbtI3Wv4R3_DR5PxVTxhA9SmBb7idETe1saOg8KGh2CtBNV0zg8RnAc34UiFtUr3X_5H0NEZ6p298qs6dXXYPGrQvzy-300x225.jpg 300w, https:\/\/studio.caesarstoneus.com\/wp-content\/uploads\/2025\/06\/AD_4nXcLB5AuLWJiGIZzhq2WrfqRK_TLJ5RFWfBKXlpf3XICRsbtI3Wv4R3_DR5PxVTxhA9SmBb7idETe1saOg8KGh2CtBNV0zg8RnAc34UiFtUr3X_5H0NEZ6p298qs6dXXYPGrQvzy-768x576.jpg 768w, https:\/\/studio.caesarstoneus.com\/wp-content\/uploads\/2025\/06\/AD_4nXcLB5AuLWJiGIZzhq2WrfqRK_TLJ5RFWfBKXlpf3XICRsbtI3Wv4R3_DR5PxVTxhA9SmBb7idETe1saOg8KGh2CtBNV0zg8RnAc34UiFtUr3X_5H0NEZ6p298qs6dXXYPGrQvzy-1536x1152.jpg 1536w, https:\/\/studio.caesarstoneus.com\/wp-content\/uploads\/2025\/06\/AD_4nXcLB5AuLWJiGIZzhq2WrfqRK_TLJ5RFWfBKXlpf3XICRsbtI3Wv4R3_DR5PxVTxhA9SmBb7idETe1saOg8KGh2CtBNV0zg8RnAc34UiFtUr3X_5H0NEZ6p298qs6dXXYPGrQvzy.jpg 1600w\" sizes=\"auto, (max-width: 1024px) 100vw, 1024px\" \/><\/figure>\n<\/div>\n\n\n<p><a id=\"_msocom_1\"><\/a><\/p>\n\n\n\n<h2 class=\"wp-block-heading\"><strong>Pr\u00e9cision, profondeur et dimension<\/strong><\/h2>\n\n\n\n<p>Une excellente conception requiert plus qu\u2019une simple beaut\u00e9 superficielle. Elle n\u00e9cessite des mat\u00e9riaux qui interagissent avec leur environnement, y compris pour refl\u00e9ter la lumi\u00e8re, mettre en valeur les textures et donner une impression de mouvement subtil. Les techniques innovantes de superposition accentuent une profondeur visuelle et un toucher raffin\u00e9. Les compositions min\u00e9rales translucides et le verre recycl\u00e9 incrust\u00e9 conf\u00e8rent \u00e0 chaque mod\u00e8le une richesse qui semble aussi intentionnelle que naturelle.<\/p>\n\n\n\n<p><a>ICON<\/a>&nbsp;de Caesarstone permet de r\u00e9inventer un d\u00e9cor d\u2019\u00e9tablissement h\u00f4telier riche en contrastes ou encore celui d\u2019une cuisine r\u00e9sidentielle sereine et minutieusement am\u00e9nag\u00e9e. Ces surfaces pr\u00e9sentent un rythme visuel qui convient \u00e0 tous les int\u00e9rieurs. Leur qualit\u00e9 am\u00e9liore non seulement l\u2019apparence, mais aussi l\u2019exp\u00e9rience tactile, car leur profondeur et leur transparence donnent une sensation de dimension et de texture.<\/p>\n\n\n\n<h2 class=\"wp-block-heading\"><strong>Optez pour une solution iconique pour r\u00e9aliser des projets \u00e0 l\u2019\u00e9preuve du temps<\/strong><\/h2>\n\n\n\n<p>Une personne comme vous, qui concr\u00e9tise des id\u00e9es \u00e0 partir de mat\u00e9riaux et de formes, est toujours \u00e0 l\u2019aff\u00fbt des nouvelles tendances et les anticipe, en plus de rechercher des surfaces qui refl\u00e8tent autant ses valeurs que sa vision.<\/p>\n\n\n\n<p>La collection ICON\u2122 de Caesarstone ouvre de nouvelles perspectives qui vous permettent d\u2019innover sans compromis. Elle satisfait \u00e0 l\u2019int\u00e9r\u00eat croissant de votre client\u00e8le envers des mat\u00e9riaux durables, en plus de vous permettre d\u2019offrir toute la beaut\u00e9 et le style qui font votre r\u00e9putation.<\/p>\n\n\n\n<p>Ce n\u2019est que le d\u00e9but de ce que Caesarstone a \u00e0 offrir. Nous avons h\u00e2te de fa\u00e7onner l\u2019avenir des surfaces avec vous, un mod\u00e8le <em>iconique<\/em> \u00e0 la fois.<\/p>\n\n\n\n<div class=\"wp-block-buttons is-content-justification-center is-layout-flex wp-container-core-buttons-is-layout-16018d1d wp-block-buttons-is-layout-flex\">\n<div class=\"wp-block-button\"><a class=\"wp-block-button__link wp-element-button\" href=\"https:\/\/csstudio.caesarstone.ca\/fr\/icon\/\">Visitez ICON\u2122 de Caesarstone <\/a><\/div>\n<\/div>\n\n\n\n<p><\/p>\n","protected":false},"excerpt":{"rendered":"<p>Depuis 1987, Caesarstone est \u00e0 l\u2019avant-garde de l\u2019industrie de la conception de surfaces et offre des mat\u00e9riaux de qualit\u00e9 sup\u00e9rieure qui am\u00e9liorent les int\u00e9rieurs et facilitent le travail des sp\u00e9cialistes qui les mettent en valeur. Au fil des d\u00e9cennies, la marque Caesarstone s\u2019est forg\u00e9e une r\u00e9putation de pionni\u00e8re dans le domaine des surfaces d\u2019ing\u00e9nierie. Les [&hellip;]<\/p>\n","protected":false},"author":11170,"featured_media":100607,"parent":0,"menu_order":0,"comment_status":"closed","ping_status":"closed","template":"","meta":{"_acf_changed":false,"footnotes":""},"class_list":["post-100612","page","type-page","status-publish","has-post-thumbnail","hentry"],"acf":[],"yoast_head":"<!-- This site is optimized with the Yoast SEO Premium plugin v26.6 (Yoast SEO v26.6) - https:\/\/yoast.com\/wordpress\/plugins\/seo\/ -->\n<title>Voici les surfaces ICON de Caesarstone Le prochain chapitre en mati\u00e8re d\u2019innovation de surfaces | Canada Pro<\/title>\n<meta name=\"robots\" content=\"index, follow, max-snippet:-1, max-image-preview:large, max-video-preview:-1\" \/>\n<link rel=\"canonical\" href=\"https:\/\/csstudio.caesarstone.ca\/fr\/voici-les-surfaces-icontm-de-caesarstone-le-prochain-chapitre-en-matiere-dinnovation-de-surfaces\/\" \/>\n<meta property=\"og:locale\" content=\"fr_CA\" \/>\n<meta property=\"og:type\" content=\"article\" \/>\n<meta property=\"og:title\" content=\"Voici les surfaces ICON de Caesarstone Le prochain chapitre en mati\u00e8re d\u2019innovation de surfaces\" \/>\n<meta property=\"og:description\" content=\"Depuis 1987, Caesarstone est \u00e0 l\u2019avant-garde de l\u2019industrie de la conception de surfaces et offre des mat\u00e9riaux de qualit\u00e9 sup\u00e9rieure qui am\u00e9liorent les int\u00e9rieurs et facilitent le travail des sp\u00e9cialistes qui les mettent en valeur. Au fil des d\u00e9cennies, la marque Caesarstone s\u2019est forg\u00e9e une r\u00e9putation de pionni\u00e8re dans le domaine des surfaces d\u2019ing\u00e9nierie. Les [&hellip;]\" \/>\n<meta property=\"og:url\" content=\"https:\/\/csstudio.caesarstone.ca\/fr\/voici-les-surfaces-icontm-de-caesarstone-le-prochain-chapitre-en-matiere-dinnovation-de-surfaces\/\" \/>\n<meta property=\"og:site_name\" content=\"Canada Pro\" \/>\n<meta property=\"article:modified_time\" content=\"2025-06-04T22:09:58+00:00\" \/>\n<meta property=\"og:image\" content=\"https:\/\/studio.caesarstoneus.com\/wp-content\/uploads\/2025\/06\/AD_4nXcLB5AuLWJiGIZzhq2WrfqRK_TLJ5RFWfBKXlpf3XICRsbtI3Wv4R3_DR5PxVTxhA9SmBb7idETe1saOg8KGh2CtBNV0zg8RnAc34UiFtUr3X_5H0NEZ6p298qs6dXXYPGrQvzy.jpg\" \/>\n\t<meta property=\"og:image:width\" content=\"1600\" \/>\n\t<meta property=\"og:image:height\" content=\"1200\" \/>\n\t<meta property=\"og:image:type\" content=\"image\/jpeg\" \/>\n<meta name=\"twitter:card\" content=\"summary_large_image\" \/>\n<script type=\"application\/ld+json\" class=\"yoast-schema-graph\">{\"@context\":\"https:\/\/schema.org\",\"@graph\":[{\"@type\":\"WebPage\",\"@id\":\"https:\/\/csstudio.caesarstone.ca\/fr\/voici-les-surfaces-icontm-de-caesarstone-le-prochain-chapitre-en-matiere-dinnovation-de-surfaces\/\",\"url\":\"https:\/\/csstudio.caesarstone.ca\/fr\/voici-les-surfaces-icontm-de-caesarstone-le-prochain-chapitre-en-matiere-dinnovation-de-surfaces\/\",\"name\":\"Voici les surfaces ICON de Caesarstone Le prochain chapitre en mati\u00e8re d\u2019innovation de surfaces | Canada Pro\",\"isPartOf\":{\"@id\":\"https:\/\/csstudio.caesarstone.ca\/fr\/#website\"},\"primaryImageOfPage\":{\"@id\":\"https:\/\/csstudio.caesarstone.ca\/fr\/voici-les-surfaces-icontm-de-caesarstone-le-prochain-chapitre-en-matiere-dinnovation-de-surfaces\/#primaryimage\"},\"image\":{\"@id\":\"https:\/\/csstudio.caesarstone.ca\/fr\/voici-les-surfaces-icontm-de-caesarstone-le-prochain-chapitre-en-matiere-dinnovation-de-surfaces\/#primaryimage\"},\"thumbnailUrl\":\"https:\/\/studio.caesarstoneus.com\/wp-content\/uploads\/2025\/06\/AD_4nXcLB5AuLWJiGIZzhq2WrfqRK_TLJ5RFWfBKXlpf3XICRsbtI3Wv4R3_DR5PxVTxhA9SmBb7idETe1saOg8KGh2CtBNV0zg8RnAc34UiFtUr3X_5H0NEZ6p298qs6dXXYPGrQvzy.jpg\",\"datePublished\":\"2025-06-02T21:29:20+00:00\",\"dateModified\":\"2025-06-04T22:09:58+00:00\",\"breadcrumb\":{\"@id\":\"https:\/\/csstudio.caesarstone.ca\/fr\/voici-les-surfaces-icontm-de-caesarstone-le-prochain-chapitre-en-matiere-dinnovation-de-surfaces\/#breadcrumb\"},\"inLanguage\":\"fr-CA\",\"potentialAction\":[{\"@type\":\"ReadAction\",\"target\":[\"https:\/\/csstudio.caesarstone.ca\/fr\/voici-les-surfaces-icontm-de-caesarstone-le-prochain-chapitre-en-matiere-dinnovation-de-surfaces\/\"]}]},{\"@type\":\"ImageObject\",\"inLanguage\":\"fr-CA\",\"@id\":\"https:\/\/csstudio.caesarstone.ca\/fr\/voici-les-surfaces-icontm-de-caesarstone-le-prochain-chapitre-en-matiere-dinnovation-de-surfaces\/#primaryimage\",\"url\":\"https:\/\/studio.caesarstoneus.com\/wp-content\/uploads\/2025\/06\/AD_4nXcLB5AuLWJiGIZzhq2WrfqRK_TLJ5RFWfBKXlpf3XICRsbtI3Wv4R3_DR5PxVTxhA9SmBb7idETe1saOg8KGh2CtBNV0zg8RnAc34UiFtUr3X_5H0NEZ6p298qs6dXXYPGrQvzy.jpg\",\"contentUrl\":\"https:\/\/studio.caesarstoneus.com\/wp-content\/uploads\/2025\/06\/AD_4nXcLB5AuLWJiGIZzhq2WrfqRK_TLJ5RFWfBKXlpf3XICRsbtI3Wv4R3_DR5PxVTxhA9SmBb7idETe1saOg8KGh2CtBNV0zg8RnAc34UiFtUr3X_5H0NEZ6p298qs6dXXYPGrQvzy.jpg\",\"width\":1600,\"height\":1200},{\"@type\":\"BreadcrumbList\",\"@id\":\"https:\/\/csstudio.caesarstone.ca\/fr\/voici-les-surfaces-icontm-de-caesarstone-le-prochain-chapitre-en-matiere-dinnovation-de-surfaces\/#breadcrumb\",\"itemListElement\":[{\"@type\":\"ListItem\",\"position\":1,\"name\":\"Home\",\"item\":\"https:\/\/csstudio.caesarstone.ca\/fr\/\"},{\"@type\":\"ListItem\",\"position\":2,\"name\":\"Voici les surfaces ICON de Caesarstone Le prochain chapitre en mati\u00e8re d\u2019innovation de surfaces\"}]},{\"@type\":\"WebSite\",\"@id\":\"https:\/\/csstudio.caesarstone.ca\/fr\/#website\",\"url\":\"https:\/\/csstudio.caesarstone.ca\/fr\/\",\"name\":\"Canada Pro\",\"description\":\"Life in Stone\",\"potentialAction\":[{\"@type\":\"SearchAction\",\"target\":{\"@type\":\"EntryPoint\",\"urlTemplate\":\"https:\/\/csstudio.caesarstone.ca\/fr\/?s={search_term_string}\"},\"query-input\":{\"@type\":\"PropertyValueSpecification\",\"valueRequired\":true,\"valueName\":\"search_term_string\"}}],\"inLanguage\":\"fr-CA\"}]}<\/script>\n<!-- \/ Yoast SEO Premium plugin. -->","yoast_head_json":{"title":"Voici les surfaces ICON de Caesarstone Le prochain chapitre en mati\u00e8re d\u2019innovation de surfaces | Canada Pro","robots":{"index":"index","follow":"follow","max-snippet":"max-snippet:-1","max-image-preview":"max-image-preview:large","max-video-preview":"max-video-preview:-1"},"canonical":"https:\/\/csstudio.caesarstone.ca\/fr\/voici-les-surfaces-icontm-de-caesarstone-le-prochain-chapitre-en-matiere-dinnovation-de-surfaces\/","og_locale":"fr_CA","og_type":"article","og_title":"Voici les surfaces ICON de Caesarstone Le prochain chapitre en mati\u00e8re d\u2019innovation de surfaces","og_description":"Depuis 1987, Caesarstone est \u00e0 l\u2019avant-garde de l\u2019industrie de la conception de surfaces et offre des mat\u00e9riaux de qualit\u00e9 sup\u00e9rieure qui am\u00e9liorent les int\u00e9rieurs et facilitent le travail des sp\u00e9cialistes qui les mettent en valeur. Au fil des d\u00e9cennies, la marque Caesarstone s\u2019est forg\u00e9e une r\u00e9putation de pionni\u00e8re dans le domaine des surfaces d\u2019ing\u00e9nierie. Les [&hellip;]","og_url":"https:\/\/csstudio.caesarstone.ca\/fr\/voici-les-surfaces-icontm-de-caesarstone-le-prochain-chapitre-en-matiere-dinnovation-de-surfaces\/","og_site_name":"Canada Pro","article_modified_time":"2025-06-04T22:09:58+00:00","og_image":[{"width":1600,"height":1200,"url":"https:\/\/studio.caesarstoneus.com\/wp-content\/uploads\/2025\/06\/AD_4nXcLB5AuLWJiGIZzhq2WrfqRK_TLJ5RFWfBKXlpf3XICRsbtI3Wv4R3_DR5PxVTxhA9SmBb7idETe1saOg8KGh2CtBNV0zg8RnAc34UiFtUr3X_5H0NEZ6p298qs6dXXYPGrQvzy.jpg","type":"image\/jpeg"}],"twitter_card":"summary_large_image","schema":{"@context":"https:\/\/schema.org","@graph":[{"@type":"WebPage","@id":"https:\/\/csstudio.caesarstone.ca\/fr\/voici-les-surfaces-icontm-de-caesarstone-le-prochain-chapitre-en-matiere-dinnovation-de-surfaces\/","url":"https:\/\/csstudio.caesarstone.ca\/fr\/voici-les-surfaces-icontm-de-caesarstone-le-prochain-chapitre-en-matiere-dinnovation-de-surfaces\/","name":"Voici les surfaces ICON de Caesarstone Le prochain chapitre en mati\u00e8re d\u2019innovation de surfaces | Canada Pro","isPartOf":{"@id":"https:\/\/csstudio.caesarstone.ca\/fr\/#website"},"primaryImageOfPage":{"@id":"https:\/\/csstudio.caesarstone.ca\/fr\/voici-les-surfaces-icontm-de-caesarstone-le-prochain-chapitre-en-matiere-dinnovation-de-surfaces\/#primaryimage"},"image":{"@id":"https:\/\/csstudio.caesarstone.ca\/fr\/voici-les-surfaces-icontm-de-caesarstone-le-prochain-chapitre-en-matiere-dinnovation-de-surfaces\/#primaryimage"},"thumbnailUrl":"https:\/\/studio.caesarstoneus.com\/wp-content\/uploads\/2025\/06\/AD_4nXcLB5AuLWJiGIZzhq2WrfqRK_TLJ5RFWfBKXlpf3XICRsbtI3Wv4R3_DR5PxVTxhA9SmBb7idETe1saOg8KGh2CtBNV0zg8RnAc34UiFtUr3X_5H0NEZ6p298qs6dXXYPGrQvzy.jpg","datePublished":"2025-06-02T21:29:20+00:00","dateModified":"2025-06-04T22:09:58+00:00","breadcrumb":{"@id":"https:\/\/csstudio.caesarstone.ca\/fr\/voici-les-surfaces-icontm-de-caesarstone-le-prochain-chapitre-en-matiere-dinnovation-de-surfaces\/#breadcrumb"},"inLanguage":"fr-CA","potentialAction":[{"@type":"ReadAction","target":["https:\/\/csstudio.caesarstone.ca\/fr\/voici-les-surfaces-icontm-de-caesarstone-le-prochain-chapitre-en-matiere-dinnovation-de-surfaces\/"]}]},{"@type":"ImageObject","inLanguage":"fr-CA","@id":"https:\/\/csstudio.caesarstone.ca\/fr\/voici-les-surfaces-icontm-de-caesarstone-le-prochain-chapitre-en-matiere-dinnovation-de-surfaces\/#primaryimage","url":"https:\/\/studio.caesarstoneus.com\/wp-content\/uploads\/2025\/06\/AD_4nXcLB5AuLWJiGIZzhq2WrfqRK_TLJ5RFWfBKXlpf3XICRsbtI3Wv4R3_DR5PxVTxhA9SmBb7idETe1saOg8KGh2CtBNV0zg8RnAc34UiFtUr3X_5H0NEZ6p298qs6dXXYPGrQvzy.jpg","contentUrl":"https:\/\/studio.caesarstoneus.com\/wp-content\/uploads\/2025\/06\/AD_4nXcLB5AuLWJiGIZzhq2WrfqRK_TLJ5RFWfBKXlpf3XICRsbtI3Wv4R3_DR5PxVTxhA9SmBb7idETe1saOg8KGh2CtBNV0zg8RnAc34UiFtUr3X_5H0NEZ6p298qs6dXXYPGrQvzy.jpg","width":1600,"height":1200},{"@type":"BreadcrumbList","@id":"https:\/\/csstudio.caesarstone.ca\/fr\/voici-les-surfaces-icontm-de-caesarstone-le-prochain-chapitre-en-matiere-dinnovation-de-surfaces\/#breadcrumb","itemListElement":[{"@type":"ListItem","position":1,"name":"Home","item":"https:\/\/csstudio.caesarstone.ca\/fr\/"},{"@type":"ListItem","position":2,"name":"Voici les surfaces ICON de Caesarstone Le prochain chapitre en mati\u00e8re d\u2019innovation de surfaces"}]},{"@type":"WebSite","@id":"https:\/\/csstudio.caesarstone.ca\/fr\/#website","url":"https:\/\/csstudio.caesarstone.ca\/fr\/","name":"Canada Pro","description":"Life in Stone","potentialAction":[{"@type":"SearchAction","target":{"@type":"EntryPoint","urlTemplate":"https:\/\/csstudio.caesarstone.ca\/fr\/?s={search_term_string}"},"query-input":{"@type":"PropertyValueSpecification","valueRequired":true,"valueName":"search_term_string"}}],"inLanguage":"fr-CA"}]}},"_links":{"self":[{"href":"https:\/\/csstudio.caesarstone.ca\/fr\/wp-json\/wp\/v2\/pages\/100612","targetHints":{"allow":["GET"]}}],"collection":[{"href":"https:\/\/csstudio.caesarstone.ca\/fr\/wp-json\/wp\/v2\/pages"}],"about":[{"href":"https:\/\/csstudio.caesarstone.ca\/fr\/wp-json\/wp\/v2\/types\/page"}],"author":[{"embeddable":true,"href":"https:\/\/csstudio.caesarstone.ca\/fr\/wp-json\/wp\/v2\/users\/11170"}],"replies":[{"embeddable":true,"href":"https:\/\/csstudio.caesarstone.ca\/fr\/wp-json\/wp\/v2\/comments?post=100612"}],"version-history":[{"count":5,"href":"https:\/\/csstudio.caesarstone.ca\/fr\/wp-json\/wp\/v2\/pages\/100612\/revisions"}],"predecessor-version":[{"id":100625,"href":"https:\/\/csstudio.caesarstone.ca\/fr\/wp-json\/wp\/v2\/pages\/100612\/revisions\/100625"}],"wp:featuredmedia":[{"embeddable":true,"href":"https:\/\/csstudio.caesarstone.ca\/fr\/wp-json\/wp\/v2\/media\/100607"}],"wp:attachment":[{"href":"https:\/\/csstudio.caesarstone.ca\/fr\/wp-json\/wp\/v2\/media?parent=100612"}],"curies":[{"name":"wp","href":"https:\/\/api.w.org\/{rel}","templated":true}]}}