{"id":100295,"date":"2025-03-14T03:26:09","date_gmt":"2025-03-14T01:26:09","guid":{"rendered":"https:\/\/csstudio.caesarstone.ca\/?page_id=100295"},"modified":"2025-04-04T21:47:08","modified_gmt":"2025-04-04T18:47:08","slug":"ad-survey-2025","status":"publish","type":"page","link":"https:\/\/csstudio.caesarstone.ca\/fr\/ad-survey-2025\/","title":{"rendered":"A&amp;D Survey 2025"},"content":{"rendered":"\n<section id=\"block_a1159547a62dd2e4d2b2c99b71630f68\" class=\"editor-widgets__studio-paragraph\">\n    \n<section class=\"paragraph\">\n    <div class=\"container \">\n        \n                    <div class=\"content-wrapper \">\n                                <div class=\"content-container\">\n                    <div class=\"content\"\n                            data-aos=\"fade-up\"\n                        data-aos-duration=\"1000\" data-aos-once=\"true\" data-aos=\"fade-up\" id=\"paragraph-aos-1\"                    >\n                        <p class=\"\">Bonjour partenaire,<br \/>\r\n<br \/>\r\nNous vous remercions pour votre partenariat et de votre soutien continus tandis que nous nous effor\u00e7ons de fournir des produits novateurs de haute qualit\u00e9 qui satisfont aux besoins en constante \u00e9volution de la communaut\u00e9 des architectes et des designers. Votre expertise est essentielle pour nous aider \u00e0 red\u00e9finir notre offre et nous appr\u00e9cions grandement les points de vue que vous avez communiqu\u00e9s pour fa\u00e7onner nos designs.<br \/>\r\n<br \/>\r\nTandis que nous pr\u00e9parons pour l\u2019avenir, nous vous invitons \u00e0 participer \u00e0 un court sondage pour nous faire part de vos r\u00e9flexions sur les tendances en mati\u00e8re de design, les pr\u00e9f\u00e9rences en mati\u00e8re de produits et les domaines d\u2019innovation dans nos collections. Il vous faudra entre environ 5 minutes pour le remplir. Caesarstone veillera \u00e0 l\u2019anonymat de vos r\u00e9ponses et ne les utilisera qu\u2019\u00e0 l\u2019interne.<br \/>\r\n<br \/>\r\nApr\u00e8s avoir r\u00e9pondu au sondage, vous pourrez participer \u00e0 un tirage au sort pour gagner une carte-cadeau d\u2019une valeur de 150 $.<br \/>\r\nNous vous sommes grandement reconnaissantes et reconnaissants de votre temps et de vos commentaires et nous nous r\u00e9jouissons \u00e0 l\u2019id\u00e9e d\u2019accro\u00eetre notre collaboration en 2025 et par la suite.<br \/>\r\n<br \/>\r\nVeuillez accepter nos meilleures salutations.<br \/>\r\nL\u2019\u00e9quipe de Caesarstone<\/p>\n                    <\/div>\n\n                                            <a href=\"https:\/\/www.surveymonkey.com\/r\/sonage-architectes-et-designers\"\n                                target=\"_blank\"\n                                onclick=\"GTMHandler.handleEvent('A&amp;D Survey 2025', 'Paragraph', 'R\u00e9pondez au sondage')\"\n                                class=\"btn btn-framed\"\n                                data-aos=\"fade-up\"\n                                data-aos-once=\"true\"\n                                data-aos-duration=\"1150\"\n                                data-aos-delay=\"250\"\n                                data-aos-anchor=\"#paragraph-aos-1\"\n                        >\n                            R\u00e9pondez au sondage                            <span class=\"arrow\" aria-hidden=\"true\"><svg><use xlink:href=\"#svg-arrow-right\"><\/use><\/svg><\/span>\n                        <\/a>\n                                    <\/div>\n            <\/div>\n\n            <\/div>\n<\/section>\n<\/section>\n","protected":false},"excerpt":{"rendered":"","protected":false},"author":11170,"featured_media":0,"parent":0,"menu_order":0,"comment_status":"closed","ping_status":"closed","template":"templates\/flexible-template.php","meta":{"_acf_changed":false,"footnotes":""},"class_list":["post-100295","page","type-page","status-publish","hentry"],"acf":[],"yoast_head":"<!-- This site is optimized with the Yoast SEO Premium plugin v26.6 (Yoast SEO v26.6) - https:\/\/yoast.com\/wordpress\/plugins\/seo\/ -->\n<title>A&amp;D Survey 2025 | Canada Pro<\/title>\n<meta name=\"robots\" content=\"index, follow, max-snippet:-1, max-image-preview:large, max-video-preview:-1\" \/>\n<link rel=\"canonical\" href=\"https:\/\/csstudio.caesarstone.ca\/fr\/ad-survey-2025\/\" \/>\n<meta property=\"og:locale\" content=\"fr_CA\" \/>\n<meta property=\"og:type\" content=\"article\" \/>\n<meta property=\"og:title\" content=\"A&amp;D Survey 2025\" \/>\n<meta property=\"og:url\" content=\"https:\/\/csstudio.caesarstone.ca\/fr\/ad-survey-2025\/\" \/>\n<meta property=\"og:site_name\" content=\"Canada Pro\" \/>\n<meta property=\"article:modified_time\" content=\"2025-04-04T18:47:08+00:00\" \/>\n<meta name=\"twitter:card\" content=\"summary_large_image\" \/>\n<script type=\"application\/ld+json\" class=\"yoast-schema-graph\">{\"@context\":\"https:\/\/schema.org\",\"@graph\":[{\"@type\":\"WebPage\",\"@id\":\"https:\/\/csstudio.caesarstone.ca\/fr\/ad-survey-2025\/\",\"url\":\"https:\/\/csstudio.caesarstone.ca\/fr\/ad-survey-2025\/\",\"name\":\"A&amp;D Survey 2025 | Canada Pro\",\"isPartOf\":{\"@id\":\"https:\/\/csstudio.caesarstone.ca\/fr\/#website\"},\"datePublished\":\"2025-03-14T01:26:09+00:00\",\"dateModified\":\"2025-04-04T18:47:08+00:00\",\"breadcrumb\":{\"@id\":\"https:\/\/csstudio.caesarstone.ca\/fr\/ad-survey-2025\/#breadcrumb\"},\"inLanguage\":\"fr-CA\",\"potentialAction\":[{\"@type\":\"ReadAction\",\"target\":[\"https:\/\/csstudio.caesarstone.ca\/fr\/ad-survey-2025\/\"]}]},{\"@type\":\"BreadcrumbList\",\"@id\":\"https:\/\/csstudio.caesarstone.ca\/fr\/ad-survey-2025\/#breadcrumb\",\"itemListElement\":[{\"@type\":\"ListItem\",\"position\":1,\"name\":\"Home\",\"item\":\"https:\/\/csstudio.caesarstone.ca\/fr\/\"},{\"@type\":\"ListItem\",\"position\":2,\"name\":\"A&amp;D Survey 2025\"}]},{\"@type\":\"WebSite\",\"@id\":\"https:\/\/csstudio.caesarstone.ca\/fr\/#website\",\"url\":\"https:\/\/csstudio.caesarstone.ca\/fr\/\",\"name\":\"Canada Pro\",\"description\":\"Life in Stone\",\"potentialAction\":[{\"@type\":\"SearchAction\",\"target\":{\"@type\":\"EntryPoint\",\"urlTemplate\":\"https:\/\/csstudio.caesarstone.ca\/fr\/?s={search_term_string}\"},\"query-input\":{\"@type\":\"PropertyValueSpecification\",\"valueRequired\":true,\"valueName\":\"search_term_string\"}}],\"inLanguage\":\"fr-CA\"}]}<\/script>\n<!-- \/ Yoast SEO Premium plugin. -->","yoast_head_json":{"title":"A&amp;D Survey 2025 | Canada Pro","robots":{"index":"index","follow":"follow","max-snippet":"max-snippet:-1","max-image-preview":"max-image-preview:large","max-video-preview":"max-video-preview:-1"},"canonical":"https:\/\/csstudio.caesarstone.ca\/fr\/ad-survey-2025\/","og_locale":"fr_CA","og_type":"article","og_title":"A&amp;D Survey 2025","og_url":"https:\/\/csstudio.caesarstone.ca\/fr\/ad-survey-2025\/","og_site_name":"Canada Pro","article_modified_time":"2025-04-04T18:47:08+00:00","twitter_card":"summary_large_image","schema":{"@context":"https:\/\/schema.org","@graph":[{"@type":"WebPage","@id":"https:\/\/csstudio.caesarstone.ca\/fr\/ad-survey-2025\/","url":"https:\/\/csstudio.caesarstone.ca\/fr\/ad-survey-2025\/","name":"A&amp;D Survey 2025 | Canada Pro","isPartOf":{"@id":"https:\/\/csstudio.caesarstone.ca\/fr\/#website"},"datePublished":"2025-03-14T01:26:09+00:00","dateModified":"2025-04-04T18:47:08+00:00","breadcrumb":{"@id":"https:\/\/csstudio.caesarstone.ca\/fr\/ad-survey-2025\/#breadcrumb"},"inLanguage":"fr-CA","potentialAction":[{"@type":"ReadAction","target":["https:\/\/csstudio.caesarstone.ca\/fr\/ad-survey-2025\/"]}]},{"@type":"BreadcrumbList","@id":"https:\/\/csstudio.caesarstone.ca\/fr\/ad-survey-2025\/#breadcrumb","itemListElement":[{"@type":"ListItem","position":1,"name":"Home","item":"https:\/\/csstudio.caesarstone.ca\/fr\/"},{"@type":"ListItem","position":2,"name":"A&amp;D Survey 2025"}]},{"@type":"WebSite","@id":"https:\/\/csstudio.caesarstone.ca\/fr\/#website","url":"https:\/\/csstudio.caesarstone.ca\/fr\/","name":"Canada Pro","description":"Life in Stone","potentialAction":[{"@type":"SearchAction","target":{"@type":"EntryPoint","urlTemplate":"https:\/\/csstudio.caesarstone.ca\/fr\/?s={search_term_string}"},"query-input":{"@type":"PropertyValueSpecification","valueRequired":true,"valueName":"search_term_string"}}],"inLanguage":"fr-CA"}]}},"_links":{"self":[{"href":"https:\/\/csstudio.caesarstone.ca\/fr\/wp-json\/wp\/v2\/pages\/100295","targetHints":{"allow":["GET"]}}],"collection":[{"href":"https:\/\/csstudio.caesarstone.ca\/fr\/wp-json\/wp\/v2\/pages"}],"about":[{"href":"https:\/\/csstudio.caesarstone.ca\/fr\/wp-json\/wp\/v2\/types\/page"}],"author":[{"embeddable":true,"href":"https:\/\/csstudio.caesarstone.ca\/fr\/wp-json\/wp\/v2\/users\/11170"}],"replies":[{"embeddable":true,"href":"https:\/\/csstudio.caesarstone.ca\/fr\/wp-json\/wp\/v2\/comments?post=100295"}],"version-history":[{"count":16,"href":"https:\/\/csstudio.caesarstone.ca\/fr\/wp-json\/wp\/v2\/pages\/100295\/revisions"}],"predecessor-version":[{"id":100397,"href":"https:\/\/csstudio.caesarstone.ca\/fr\/wp-json\/wp\/v2\/pages\/100295\/revisions\/100397"}],"wp:attachment":[{"href":"https:\/\/csstudio.caesarstone.ca\/fr\/wp-json\/wp\/v2\/media?parent=100295"}],"curies":[{"name":"wp","href":"https:\/\/api.w.org\/{rel}","templated":true}]}}