{"id":100283,"date":"2025-03-13T19:24:56","date_gmt":"2025-03-13T17:24:56","guid":{"rendered":"https:\/\/csstudio.caesarstone.ca\/?page_id=100283"},"modified":"2025-04-03T18:59:08","modified_gmt":"2025-04-03T15:59:08","slug":"sondage-a-lintention-des-fabricants","status":"publish","type":"page","link":"https:\/\/csstudio.caesarstone.ca\/fr\/sondage-a-lintention-des-fabricants\/","title":{"rendered":"Sondage \u00e0 l\u2019intention des fabricants 2025"},"content":{"rendered":"\n<section id=\"block_71464984d6f05bac3d76a1ab8bcee45d\" class=\"editor-widgets__studio-paragraph\">\n    \n<section class=\"paragraph\">\n    <div class=\"container \">\n        \n                    <div class=\"content-wrapper \">\n                                <div class=\"content-container\">\n                    <div class=\"content\"\n                            data-aos=\"fade-up\"\n                        data-aos-duration=\"1000\" data-aos-once=\"true\" data-aos=\"fade-up\" id=\"paragraph-aos-1\"                    >\n                        <p class=\"\">Bonjour partenaire,<br \/>\r\n<br \/>\r\nNous tenons \u00e0 vous remercier pour votre fid\u00e9lit\u00e9 et votre appui continus, tandis que nous nous effor\u00e7ons sans cesse de vous offrir des produits et des services de la plus haute qualit\u00e9. Votre avis nous aide \u00e9norm\u00e9ment \u00e0 nous am\u00e9liorer et nous vous remercions des nombreuses fa\u00e7ons dont vous avez contribu\u00e9 \u00e0 l\u2019am\u00e9lioration de nos offres et de nos activit\u00e9s.<br \/>\r\n<br \/>\r\nDans la perspective de la poursuite de notre partenariat fructueux en 2025 et pendant les ann\u00e9es \u00e0 venir, nous vous invitons \u00e0 r\u00e9pondre \u00e0 un court sondage. Il vous faudra entre environ 4 minutes pour le remplir. Caesarstone veillera \u00e0 l\u2019anonymat de vos r\u00e9ponses et ne les utilisera qu\u2019\u00e0 l\u2019interne. Apr\u00e8s avoir r\u00e9pondu au sondage, vous pourrez participer \u00e0 un tirage au sort pour gagner une carte-cadeau d\u2019une valeur de 150 $.<br \/>\r\n<br \/>\r\nNous vous remercions une fois de plus pour votre fid\u00e8le partenariat. Nous avons h\u00e2te de recevoir vos commentaires et de collaborer \u00e0 une croissance commune.<br \/>\r\n<br \/>\r\nVeuillez accepter nos meilleures salutations.<br \/>\r\nL\u2019\u00e9quipe de Caesarstone<br \/>\r\n<\/p>\n                    <\/div>\n\n                                            <a href=\"https:\/\/www.surveymonkey.com\/r\/sondage-fabricants-caesarstone-fr\"\n                                target=\"_blank\"\n                                onclick=\"GTMHandler.handleEvent('Sondage \u00e0 l\u2019intention des fabricants 2025', 'Paragraph', 'R\u00e9pondez au sondage')\"\n                                class=\"btn btn-framed\"\n                                data-aos=\"fade-up\"\n                                data-aos-once=\"true\"\n                                data-aos-duration=\"1150\"\n                                data-aos-delay=\"250\"\n                                data-aos-anchor=\"#paragraph-aos-1\"\n                        >\n                            R\u00e9pondez au sondage                            <span class=\"arrow\" aria-hidden=\"true\"><svg><use xlink:href=\"#svg-arrow-right\"><\/use><\/svg><\/span>\n                        <\/a>\n                                    <\/div>\n            <\/div>\n\n            <\/div>\n<\/section>\n<\/section>\n","protected":false},"excerpt":{"rendered":"","protected":false},"author":11170,"featured_media":0,"parent":0,"menu_order":0,"comment_status":"closed","ping_status":"closed","template":"templates\/flexible-template.php","meta":{"_acf_changed":false,"footnotes":""},"class_list":["post-100283","page","type-page","status-publish","hentry"],"acf":[],"yoast_head":"<!-- This site is optimized with the Yoast SEO Premium plugin v26.6 (Yoast SEO v26.6) - https:\/\/yoast.com\/wordpress\/plugins\/seo\/ -->\n<title>Sondage \u00e0 l\u2019intention des fabricants 2025 | Canada Pro<\/title>\n<meta name=\"robots\" content=\"index, follow, max-snippet:-1, max-image-preview:large, max-video-preview:-1\" \/>\n<link rel=\"canonical\" href=\"https:\/\/csstudio.caesarstone.ca\/fr\/sondage-a-lintention-des-fabricants\/\" \/>\n<meta property=\"og:locale\" content=\"fr_CA\" \/>\n<meta property=\"og:type\" content=\"article\" \/>\n<meta property=\"og:title\" content=\"Sondage \u00e0 l\u2019intention des fabricants 2025\" \/>\n<meta property=\"og:url\" content=\"https:\/\/csstudio.caesarstone.ca\/fr\/sondage-a-lintention-des-fabricants\/\" \/>\n<meta property=\"og:site_name\" content=\"Canada Pro\" \/>\n<meta property=\"article:modified_time\" content=\"2025-04-03T15:59:08+00:00\" \/>\n<meta name=\"twitter:card\" content=\"summary_large_image\" \/>\n<script type=\"application\/ld+json\" class=\"yoast-schema-graph\">{\"@context\":\"https:\/\/schema.org\",\"@graph\":[{\"@type\":\"WebPage\",\"@id\":\"https:\/\/csstudio.caesarstone.ca\/fr\/sondage-a-lintention-des-fabricants\/\",\"url\":\"https:\/\/csstudio.caesarstone.ca\/fr\/sondage-a-lintention-des-fabricants\/\",\"name\":\"Sondage \u00e0 l\u2019intention des fabricants 2025 | Canada Pro\",\"isPartOf\":{\"@id\":\"https:\/\/csstudio.caesarstone.ca\/fr\/#website\"},\"datePublished\":\"2025-03-13T17:24:56+00:00\",\"dateModified\":\"2025-04-03T15:59:08+00:00\",\"breadcrumb\":{\"@id\":\"https:\/\/csstudio.caesarstone.ca\/fr\/sondage-a-lintention-des-fabricants\/#breadcrumb\"},\"inLanguage\":\"fr-CA\",\"potentialAction\":[{\"@type\":\"ReadAction\",\"target\":[\"https:\/\/csstudio.caesarstone.ca\/fr\/sondage-a-lintention-des-fabricants\/\"]}]},{\"@type\":\"BreadcrumbList\",\"@id\":\"https:\/\/csstudio.caesarstone.ca\/fr\/sondage-a-lintention-des-fabricants\/#breadcrumb\",\"itemListElement\":[{\"@type\":\"ListItem\",\"position\":1,\"name\":\"Home\",\"item\":\"https:\/\/csstudio.caesarstone.ca\/fr\/\"},{\"@type\":\"ListItem\",\"position\":2,\"name\":\"Sondage \u00e0 l\u2019intention des fabricants 2025\"}]},{\"@type\":\"WebSite\",\"@id\":\"https:\/\/csstudio.caesarstone.ca\/fr\/#website\",\"url\":\"https:\/\/csstudio.caesarstone.ca\/fr\/\",\"name\":\"Canada Pro\",\"description\":\"Life in Stone\",\"potentialAction\":[{\"@type\":\"SearchAction\",\"target\":{\"@type\":\"EntryPoint\",\"urlTemplate\":\"https:\/\/csstudio.caesarstone.ca\/fr\/?s={search_term_string}\"},\"query-input\":{\"@type\":\"PropertyValueSpecification\",\"valueRequired\":true,\"valueName\":\"search_term_string\"}}],\"inLanguage\":\"fr-CA\"}]}<\/script>\n<!-- \/ Yoast SEO Premium plugin. -->","yoast_head_json":{"title":"Sondage \u00e0 l\u2019intention des fabricants 2025 | Canada Pro","robots":{"index":"index","follow":"follow","max-snippet":"max-snippet:-1","max-image-preview":"max-image-preview:large","max-video-preview":"max-video-preview:-1"},"canonical":"https:\/\/csstudio.caesarstone.ca\/fr\/sondage-a-lintention-des-fabricants\/","og_locale":"fr_CA","og_type":"article","og_title":"Sondage \u00e0 l\u2019intention des fabricants 2025","og_url":"https:\/\/csstudio.caesarstone.ca\/fr\/sondage-a-lintention-des-fabricants\/","og_site_name":"Canada Pro","article_modified_time":"2025-04-03T15:59:08+00:00","twitter_card":"summary_large_image","schema":{"@context":"https:\/\/schema.org","@graph":[{"@type":"WebPage","@id":"https:\/\/csstudio.caesarstone.ca\/fr\/sondage-a-lintention-des-fabricants\/","url":"https:\/\/csstudio.caesarstone.ca\/fr\/sondage-a-lintention-des-fabricants\/","name":"Sondage \u00e0 l\u2019intention des fabricants 2025 | Canada Pro","isPartOf":{"@id":"https:\/\/csstudio.caesarstone.ca\/fr\/#website"},"datePublished":"2025-03-13T17:24:56+00:00","dateModified":"2025-04-03T15:59:08+00:00","breadcrumb":{"@id":"https:\/\/csstudio.caesarstone.ca\/fr\/sondage-a-lintention-des-fabricants\/#breadcrumb"},"inLanguage":"fr-CA","potentialAction":[{"@type":"ReadAction","target":["https:\/\/csstudio.caesarstone.ca\/fr\/sondage-a-lintention-des-fabricants\/"]}]},{"@type":"BreadcrumbList","@id":"https:\/\/csstudio.caesarstone.ca\/fr\/sondage-a-lintention-des-fabricants\/#breadcrumb","itemListElement":[{"@type":"ListItem","position":1,"name":"Home","item":"https:\/\/csstudio.caesarstone.ca\/fr\/"},{"@type":"ListItem","position":2,"name":"Sondage \u00e0 l\u2019intention des fabricants 2025"}]},{"@type":"WebSite","@id":"https:\/\/csstudio.caesarstone.ca\/fr\/#website","url":"https:\/\/csstudio.caesarstone.ca\/fr\/","name":"Canada Pro","description":"Life in Stone","potentialAction":[{"@type":"SearchAction","target":{"@type":"EntryPoint","urlTemplate":"https:\/\/csstudio.caesarstone.ca\/fr\/?s={search_term_string}"},"query-input":{"@type":"PropertyValueSpecification","valueRequired":true,"valueName":"search_term_string"}}],"inLanguage":"fr-CA"}]}},"_links":{"self":[{"href":"https:\/\/csstudio.caesarstone.ca\/fr\/wp-json\/wp\/v2\/pages\/100283","targetHints":{"allow":["GET"]}}],"collection":[{"href":"https:\/\/csstudio.caesarstone.ca\/fr\/wp-json\/wp\/v2\/pages"}],"about":[{"href":"https:\/\/csstudio.caesarstone.ca\/fr\/wp-json\/wp\/v2\/types\/page"}],"author":[{"embeddable":true,"href":"https:\/\/csstudio.caesarstone.ca\/fr\/wp-json\/wp\/v2\/users\/11170"}],"replies":[{"embeddable":true,"href":"https:\/\/csstudio.caesarstone.ca\/fr\/wp-json\/wp\/v2\/comments?post=100283"}],"version-history":[{"count":9,"href":"https:\/\/csstudio.caesarstone.ca\/fr\/wp-json\/wp\/v2\/pages\/100283\/revisions"}],"predecessor-version":[{"id":100392,"href":"https:\/\/csstudio.caesarstone.ca\/fr\/wp-json\/wp\/v2\/pages\/100283\/revisions\/100392"}],"wp:attachment":[{"href":"https:\/\/csstudio.caesarstone.ca\/fr\/wp-json\/wp\/v2\/media?parent=100283"}],"curies":[{"name":"wp","href":"https:\/\/api.w.org\/{rel}","templated":true}]}}